{"id":111303,"date":"2024-03-13T10:58:45","date_gmt":"2024-03-13T09:58:45","guid":{"rendered":"https:\/\/boutique.desangosse.mywebstrategies.com\/?page_id=111303"},"modified":"2026-03-11T11:03:58","modified_gmt":"2026-03-11T10:03:58","slug":"docs-techniques","status":"publish","type":"page","link":"https:\/\/www.liphatech.fr\/boutique\/docs-techniques\/","title":{"rendered":"Docs techniques"},"content":{"rendered":"<p>[et_pb_section fb_built=\u00a0\u00bb1&Prime; _builder_version=\u00a0\u00bb4.27.2&Prime; _module_preset=\u00a0\u00bbdefault\u00a0\u00bb custom_margin=\u00a0\u00bb0px||0px||false|false\u00a0\u00bb custom_padding=\u00a0\u00bb0px||0px||false|false\u00a0\u00bb global_module=\u00a0\u00bb107098&Prime; locked=\u00a0\u00bboff\u00a0\u00bb global_colors_info=\u00a0\u00bb{}\u00a0\u00bb][et_pb_row admin_label=\u00a0\u00bbLigne\u00a0\u00bb _builder_version=\u00a0\u00bb4.27.0&Prime; _module_preset=\u00a0\u00bbdefault\u00a0\u00bb width=\u00a0\u00bb100%\u00a0\u00bb max_width=\u00a0\u00bb80%\u00a0\u00bb max_width_tablet=\u00a0\u00bb85%\u00a0\u00bb max_width_phone=\u00a0\u00bb90%\u00a0\u00bb max_width_last_edited=\u00a0\u00bbon|tablet\u00a0\u00bb module_alignment=\u00a0\u00bbcenter\u00a0\u00bb custom_padding=\u00a0\u00bb1%||1%||true|false\u00a0\u00bb global_colors_info=\u00a0\u00bb{}\u00a0\u00bb][et_pb_column type=\u00a0\u00bb4_4&Prime; _builder_version=\u00a0\u00bb4.16&Prime; _module_preset=\u00a0\u00bbdefault\u00a0\u00bb global_colors_info=\u00a0\u00bb{}\u00a0\u00bb][dipl_breadcrumb breadcrumb_layout=\u00a0\u00bblayout2&Prime; separator_text=\u00a0\u00bb\/\u00a0\u00bb separator_size=\u00a0\u00bb19px\u00a0\u00bb separator_color=\u00a0\u00bb#333333&Prime; use_home_link_custom_text=\u00a0\u00bbon\u00a0\u00bb home_link_text=\u00a0\u00bbAccueil\u00a0\u00bb module_class=\u00a0\u00bbfil_ariane\u00a0\u00bb _builder_version=\u00a0\u00bb4.27.4&Prime; _module_preset=\u00a0\u00bbdefault\u00a0\u00bb global_text_settings_font_size=\u00a0\u00bb1rem\u00a0\u00bb text_font=\u00a0\u00bbRoboto||||||||\u00a0\u00bb text_text_color=\u00a0\u00bb#333333&Prime; link_font=\u00a0\u00bbRoboto||||||||\u00a0\u00bb link_text_color=\u00a0\u00bb#333333&Prime; custom_margin=\u00a0\u00bb0px||0px||true|false\u00a0\u00bb custom_padding=\u00a0\u00bb0px||0px||true|false\u00a0\u00bb locked=\u00a0\u00bboff\u00a0\u00bb global_colors_info=\u00a0\u00bb{}\u00a0\u00bb][\/dipl_breadcrumb][\/et_pb_column][\/et_pb_row][et_pb_row _builder_version=\u00a0\u00bb4.22.2&Prime; _module_preset=\u00a0\u00bbdefault\u00a0\u00bb width=\u00a0\u00bb100%\u00a0\u00bb max_width=\u00a0\u00bb70%\u00a0\u00bb max_width_tablet=\u00a0\u00bb80%\u00a0\u00bb max_width_phone=\u00a0\u00bb92%\u00a0\u00bb max_width_last_edited=\u00a0\u00bbon|phone\u00a0\u00bb module_alignment=\u00a0\u00bbcenter\u00a0\u00bb custom_margin=\u00a0\u00bb|235px||auto||\u00a0\u00bb global_colors_info=\u00a0\u00bb{}\u00a0\u00bb][et_pb_column type=\u00a0\u00bb4_4&Prime; _builder_version=\u00a0\u00bb4.22.1&Prime; _module_preset=\u00a0\u00bbdefault\u00a0\u00bb global_colors_info=\u00a0\u00bb{}\u00a0\u00bb][\/et_pb_column][\/et_pb_row][\/et_pb_section][et_pb_section fb_built=\u00a0\u00bb1&Prime; disabled_on=\u00a0\u00bboff|off|off\u00a0\u00bb module_class=\u00a0\u00bbfaq\u00a0\u00bb _builder_version=\u00a0\u00bb4.25.2&Prime; _module_preset=\u00a0\u00bbdefault\u00a0\u00bb custom_margin=\u00a0\u00bb0px||0px||true|false\u00a0\u00bb custom_padding=\u00a0\u00bb0px||0px||true|false\u00a0\u00bb global_colors_info=\u00a0\u00bb{}\u00a0\u00bb][et_pb_row _builder_version=\u00a0\u00bb4.25.2&Prime; _module_preset=\u00a0\u00bbdefault\u00a0\u00bb width=\u00a0\u00bb100%\u00a0\u00bb max_width=\u00a0\u00bb90%\u00a0\u00bb max_width_tablet=\u00a0\u00bb90%\u00a0\u00bb max_width_phone=\u00a0\u00bb100%\u00a0\u00bb max_width_last_edited=\u00a0\u00bbon|phone\u00a0\u00bb module_alignment=\u00a0\u00bbcenter\u00a0\u00bb global_colors_info=\u00a0\u00bb{}\u00a0\u00bb][et_pb_column type=\u00a0\u00bb4_4&Prime; _builder_version=\u00a0\u00bb4.22.2&Prime; _module_preset=\u00a0\u00bbdefault\u00a0\u00bb global_colors_info=\u00a0\u00bb{}\u00a0\u00bb][dipl_tabs tab_trigger=\u00a0\u00bbclick\u00a0\u00bb tab_orientation=\u00a0\u00bbvertical\u00a0\u00bb active_tab_background_color=\u00a0\u00bb#e94e1b\u00a0\u00bb tab_background_color=\u00a0\u00bb#333333&Prime; tab_max_width=\u00a0\u00bb320px\u00a0\u00bb admin_label=\u00a0\u00bbOnglets *5&Prime; _builder_version=\u00a0\u00bb4.27.4&Prime; _module_preset=\u00a0\u00bbdefault\u00a0\u00bb active_title_text_color=\u00a0\u00bb#FFFFFF\u00a0\u00bb title_text_color=\u00a0\u00bb#FFFFFF\u00a0\u00bb title_font=\u00a0\u00bbMontserrat|700||on|||||\u00a0\u00bb title_font_size=\u00a0\u00bb1.3rem\u00a0\u00bb title_line_height=\u00a0\u00bb1.6em\u00a0\u00bb active_title_font=\u00a0\u00bbMontserrat|700||on|||||\u00a0\u00bb active_title_font_size=\u00a0\u00bb1.3rem\u00a0\u00bb active_title_line_height=\u00a0\u00bb1.6em\u00a0\u00bb body_text_text_color=\u00a0\u00bb#000000&Prime; body_text_link_text_color=\u00a0\u00bb#000000&Prime; module_alignment=\u00a0\u00bbcenter\u00a0\u00bb custom_margin=\u00a0\u00bb0px||0px||true|false\u00a0\u00bb custom_padding=\u00a0\u00bb0px||0px||true|false\u00a0\u00bb global_colors_info=\u00a0\u00bb{}\u00a0\u00bb][dipl_tabs_item content_type=\u00a0\u00bbdipl_content_layout\u00a0\u00bb select_content_layout=\u00a0\u00bb112012&Prime; title=\u00a0\u00bbFiches de s\u00e9curit\u00e9\u00a0\u00bb _builder_version=\u00a0\u00bb4.25.2&Prime; _module_preset=\u00a0\u00bbdefault\u00a0\u00bb global_colors_info=\u00a0\u00bb{}\u00a0\u00bb][\/dipl_tabs_item][dipl_tabs_item content_type=\u00a0\u00bbdipl_content_layout\u00a0\u00bb select_content_layout=\u00a0\u00bb112024&Prime; title=\u00a0\u00bbFiches techniques \u00a0\u00bb _builder_version=\u00a0\u00bb4.25.2&Prime; _module_preset=\u00a0\u00bbdefault\u00a0\u00bb global_colors_info=\u00a0\u00bb{}\u00a0\u00bb][\/dipl_tabs_item][dipl_tabs_item content_type=\u00a0\u00bbdipl_content_layout\u00a0\u00bb select_content_layout=\u00a0\u00bb114503&Prime; title=\u00a0\u00bbFiches produits \u00a0\u00bb _builder_version=\u00a0\u00bb4.27.4&Prime; _module_preset=\u00a0\u00bbdefault\u00a0\u00bb global_colors_info=\u00a0\u00bb{}\u00a0\u00bb][\/dipl_tabs_item][dipl_tabs_item content_type=\u00a0\u00bbdipl_content_layout\u00a0\u00bb select_content_layout=\u00a0\u00bb113286&Prime; title=\u00a0\u00bbEtiquettes postes d&rsquo;appatage\u00a0\u00bb _builder_version=\u00a0\u00bb4.27.3&Prime; _module_preset=\u00a0\u00bbdefault\u00a0\u00bb global_colors_info=\u00a0\u00bb{}\u00a0\u00bb][\/dipl_tabs_item][dipl_tabs_item content_type=\u00a0\u00bbdipl_content_layout\u00a0\u00bb select_content_layout=\u00a0\u00bb112170&Prime; title=\u00a0\u00bbGuide des pros\u00a0\u00bb _builder_version=\u00a0\u00bb4.25.2&Prime; _module_preset=\u00a0\u00bbdefault\u00a0\u00bb global_colors_info=\u00a0\u00bb{}\u00a0\u00bb]<\/p>\n<p>\u25ba <a href=\"https:\/\/www.calameo.com\/books\/00674899403b20111af6a\" target=\"_blank\" rel=\"noopener\"> Guide des pros<\/a><\/p>\n<p>[\/dipl_tabs_item][dipl_tabs_item content_type=\u00a0\u00bbdipl_content_layout\u00a0\u00bb select_content_layout=\u00a0\u00bb112167&Prime; title=\u00a0\u00bbDIAGNOSTIC\u00a0\u00bb _builder_version=\u00a0\u00bb4.27.2&Prime; _module_preset=\u00a0\u00bbdefault\u00a0\u00bb global_colors_info=\u00a0\u00bb{}\u00a0\u00bb][\/dipl_tabs_item][\/dipl_tabs][\/et_pb_column][\/et_pb_row][\/et_pb_section]<\/p>\n","protected":false},"excerpt":{"rendered":"<p><div class=\"et_pb_module dipl_breadcrumb dipl_breadcrumb_0 fil_ariane\">\n\t\t\t\t\n\t\t\t\t\n\t\t\t\t\n\t\t\t\t\n\t\t\t\t\n\t\t\t\t\n\t\t\t\t<div class=\"et_pb_module_inner\">\n\t\t\t\t\t<div class=\"dipl-breadcrumb-wrapper layout2\">\n\t\t\t\t<ol class=\"dipl-breadcrumb-inner\" vocab=\"https:\/\/schema.org\/\" typeof=\"BreadcrumbList\">\n\t\t\t\t\t<li property=\"itemListElement\" typeof=\"ListItem\" data-icon=\"&#x24;\">\n\t\t\t\t\t\t\t\t<a class=\"breadcrumb-item dipl-home-page\" href=\"https:\/\/www.liphatech.fr\/boutique\" property=\"item\" typeof=\"WebPage\" >\n\t\t\t\t\t\t\t\t\t<span class=\"breadcrumb-page\" property=\"name\">Accueil<\/span>\n\t\t\t\t\t\t\t\t<\/a>\n\t\t\t\t\t\t\t\t<meta property=\"position\" content=\"1\" \/>\n\t\t\t\t\t\t\t<\/li>\n\t\t\t\t<\/ol>\n\t\t\t<\/div>\n\t\t\t\t<\/div>\n\t\t\t<\/div><div class=\"et_pb_module dipl_tabs dipl_tabs_0\">\n\t\t\t\t\n\t\t\t\t\n\t\t\t\t\n\t\t\t\t\n\t\t\t\t\n\t\t\t\t\n\t\t\t\t<div class=\"et_pb_module_inner\">\n\t\t\t\t\t<div class=\"dipl_tab_wrapper\" data-trigger=\"click\">\t\t\t\t\r\n\t\t\t\t<div class=\"dipl_tabs_controls\">\r\n\t\t\t\t\t\r\n\t\t\t\t<\/div>\r\n\t\t\t\t<div class=\"dipl_tabs_content\">\r\n\t\t\t\t\t\r\n\t\t\t\t<\/div>\r\n\t\t\t<\/div>\n\t\t\t\t<\/div>\n\t\t\t<\/div><div class=\"et_pb_module dipl_tabs_item dipl_tabs_item_0 dipl_active_tab_content\">\n\t\t\t\t\n\t\t\t\t\n\t\t\t\t\n\t\t\t\t\n\t\t\t\t\n\t\t\t\t\n\t\t\t\t<div class=\"et_pb_module_inner\">\n\t\t\t\t\t<div class=\"dipl_single_tab_content\">\r\n\t\t\t\t\t<div class=\"et_pb_section et_pb_section_0 et_section_regular\" >\n\t\t\t\t\n\t\t\t\t\n\t\t\t\t\n\t\t\t\t\n\t\t\t\t\n\t\t\t\t\n\t\t\t\t<div class=\"et_pb_row et_pb_row_0\">\n\t\t\t\t<div class=\"et_pb_column et_pb_column_4_4 et_pb_column_0  et_pb_css_mix_blend_mode_passthrough et-last-child\">\n\t\t\t\t\n\t\t\t\t\n\t\t\t\t\n\t\t\t\t\n\t\t\t\t<div class=\"et_pb_module et_pb_text et_pb_text_0  et_pb_text_align_left et_pb_bg_layout_light\">\n\t\t\t\t\n\t\t\t\t\n\t\t\t\t\n\t\t\t\t\n\t\t\t\t<div class=\"et_pb_text_inner\"><p>T\u00e9l\u00e9charger ici les FDS ou connectez-vous directement sur <a href=\"https:\/\/www.quickfds.com\/fr\/\" target=\"_blank\" rel=\"noopener\"><img loading=\"lazy\" decoding=\"async\" class=\"wp-image-113447 alignnone size-full\" src=\"https:\/\/www.liphatech.fr\/boutique\/wp-content\/uploads\/2024\/06\/quick-fds.jpg\" alt=\"\" width=\"127\" height=\"16\" \/><\/a>, en cr\u00e9ant votre compte (coordonn\u00e9es et adresse mail), ainsi apr\u00e8s avoir t\u00e9l\u00e9charg\u00e9 les Fiches de Donn\u00e9es de S\u00e9curit\u00e9, Quick-FDS vous enverra automatiquement une notification pour obtenir la version actualis\u00e9e vous assurant ainsi d\u2019avoir toujours la version la plus r\u00e9cente.<\/p><\/div>\n\t\t\t<\/div>\n\t\t\t<\/div>\n\t\t\t\t\n\t\t\t\t\n\t\t\t\t\n\t\t\t\t\n\t\t\t<\/div><div class=\"et_pb_row et_pb_row_1\">\n\t\t\t\t<div class=\"et_pb_column et_pb_column_1_3 et_pb_column_1  et_pb_css_mix_blend_mode_passthrough\">\n\t\t\t\t\n\t\t\t\t\n\t\t\t\t\n\t\t\t\t\n\t\t\t\t<div class=\"et_pb_module et_pb_toggle et_pb_toggle_0 et_pb_toggle_item  et_pb_toggle_close\">\n\t\t\t\t\n\t\t\t\t\n\t\t\t\t\n\t\t\t\t\n\t\t\t\t<h5 class=\"et_pb_toggle_title\">GENERATION<\/h5>\n\t\t\t\t<div class=\"et_pb_toggle_content clearfix\"><p>\u25ba <a href=\"https:\/\/www.quickfds.com\/cmt_bin\/wfds-view?NFou=OS746_PI.FR&amp;CPro=generationpat\" target=\"_blank\" rel=\"noopener\"> GENERATION PAT'<\/a><\/p>\n<p>\u25ba <a href=\"https:\/\/www.quickfds.com\/cmt_bin\/wfds-view?NFou=OS746_PI.FR&amp;CPro=generationblock\" target=\"_blank\" rel=\"noopener\"> GENERATION BLOCK<\/a><\/p>\n<p>\u25ba <a href=\"https:\/\/www.quickfds.com\/cmt_bin\/wfds-view?NFou=OS746_PI.FR&amp;CPro=gb\" target=\"_blank\" rel=\"noopener\">GENERATION BLOCK 2026<\/a><\/p>\n<p>\u25ba <a href=\"https:\/\/www.quickfds.com\/cmt_bin\/wfds-view?NFou=OS746_PI.FR&amp;CPro=generationgrain\" target=\"_blank\" rel=\"noopener\">GENERATION GRAIN'TECH<\/a><\/p>\n<p>\u25ba <a href=\"https:\/\/www.quickfds.com\/cmt_bin\/wfds-view?NFou=OS746_PI.FR&amp;CPro=genemix\" target=\"_blank\" rel=\"noopener\">GENERATION MIX<\/a><\/p><\/div>\n\t\t\t<\/div><div class=\"et_pb_module et_pb_toggle et_pb_toggle_1 et_pb_toggle_item  et_pb_toggle_close\">\n\t\t\t\t\n\t\t\t\t\n\t\t\t\t\n\t\t\t\t\n\t\t\t\t<h5 class=\"et_pb_toggle_title\">FRAP<\/h5>\n\t\t\t\t<div class=\"et_pb_toggle_content clearfix\"><p>\u25ba <a href=\"https:\/\/www.quickfds.com\/cmt_bin\/wfds-view?NFou=OS746_PI.FR&amp;CPro=frappat\" target=\"_blank\" rel=\"noopener\">FRAP\u00ae PAT<\/a><\/p>\n<p>\u25ba <a href=\"https:\/\/www.quickfds.com\/cmt_bin\/wfds-view?NFou=OS746_PI.FR&amp;CPro=frapgrain%92tech\" target=\"_blank\" rel=\"noopener\">FRAP\u00ae GRAINTECH\u00ae<\/a><\/p>\n<p>\u25ba <a href=\"https:\/\/www.quickfds.com\/cmt_bin\/wfds-view?NFou=OS746_PI.FR&amp;CPro=frapblock\" target=\"_blank\" rel=\"noopener\">FRAP\u00aeBLOCK<\/a><\/p><\/div>\n\t\t\t<\/div><div class=\"et_pb_module et_pb_toggle et_pb_toggle_2 et_pb_toggle_item  et_pb_toggle_close\">\n\t\t\t\t\n\t\t\t\t\n\t\t\t\t\n\t\t\t\t\n\t\t\t\t<h5 class=\"et_pb_toggle_title\">ERADEX<\/h5>\n\t\t\t\t<div class=\"et_pb_toggle_content clearfix\"><p>\u25ba <a href=\"https:\/\/www.quickfds.com\/cmt_bin\/wfds-view?NFou=OS746_PI.FR&amp;CPro=eradexbb\" target=\"_blank\" rel=\"noopener\">ERADEX BB<\/a><\/p><\/div>\n\t\t\t<\/div>\n\t\t\t<\/div><div class=\"et_pb_column et_pb_column_1_3 et_pb_column_2  et_pb_css_mix_blend_mode_passthrough\">\n\t\t\t\t\n\t\t\t\t\n\t\t\t\t\n\t\t\t\t\n\t\t\t\t<div class=\"et_pb_module et_pb_toggle et_pb_toggle_3 et_pb_toggle_item  et_pb_toggle_close\">\n\t\t\t\t\n\t\t\t\t\n\t\t\t\t\n\t\t\t\t\n\t\t\t\t<h5 class=\"et_pb_toggle_title\">MAKI<\/h5>\n\t\t\t\t<div class=\"et_pb_toggle_content clearfix\"><p>\u25ba <a href=\"https:\/\/www.quickfds.com\/cmt_bin\/wfds-view?NFou=OS746_PI.FR&amp;CPro=makiblock\" target=\"_blank\" rel=\"noopener\">MAKI BLOCK<\/a><\/p><\/div>\n\t\t\t<\/div><div class=\"et_pb_module et_pb_toggle et_pb_toggle_4 et_pb_toggle_item  et_pb_toggle_close\">\n\t\t\t\t\n\t\t\t\t\n\t\t\t\t\n\t\t\t\t\n\t\t\t\t<h5 class=\"et_pb_toggle_title\">BERNATOM<\/h5>\n\t\t\t\t<div class=\"et_pb_toggle_content clearfix\"><p>\u25ba <a href=\"https:\/\/www.quickfds.com\/cmt_bin\/wfds-view?NFou=LIPHATECH_PI.FR&amp;CPro=coversol-fs20-resine\" target=\"_blank\" rel=\"noopener\">BERNATOM COVERSOL\u00ae<\/a><\/p>\n<p>\u25ba <a href=\"https:\/\/www.quickfds.com\/cmt_bin\/wfds-view?NFou=LIPHATECH_PI.FR&amp;CPro=mastisol\" target=\"_blank\" rel=\"noopener\">BERNATOM MASTISOL\u00ae<\/a><\/p><\/div>\n\t\t\t<\/div><div class=\"et_pb_module et_pb_toggle et_pb_toggle_5 et_pb_toggle_item  et_pb_toggle_close\">\n\t\t\t\t\n\t\t\t\t\n\t\t\t\t\n\t\t\t\t\n\t\t\t\t<h5 class=\"et_pb_toggle_title\">LT NOTOX<\/h5>\n\t\t\t\t<div class=\"et_pb_toggle_content clearfix\"><p>\u25ba<a href=\"https:\/\/www.quickfds.com\/cmt_bin\/wfds-view?NFou=OS746_PI.FR&amp;CPro=60001641\" target=\"_blank\" rel=\"noopener\"> LT NOTOX\u00aeBLOCK<\/a><\/p>\n<p>\u25ba <a href=\"https:\/\/www.quickfds.com\/cmt_bin\/wfds-view?NFou=OS746_PI.FR&amp;CPro=60000066\" target=\"_blank\" rel=\"noopener\">LT NOTOX\u00aePAT<\/a><\/p><\/div>\n\t\t\t<\/div>\n\t\t\t<\/div><div class=\"et_pb_column et_pb_column_1_3 et_pb_column_3  et_pb_css_mix_blend_mode_passthrough et-last-child\">\n\t\t\t\t\n\t\t\t\t\n\t\t\t\t\n\t\t\t\t\n\t\t\t\t<div class=\"et_pb_module et_pb_toggle et_pb_toggle_6 et_pb_toggle_item  et_pb_toggle_close\">\n\t\t\t\t\n\t\t\t\t\n\t\t\t\t\n\t\t\t\t\n\t\t\t\t<h5 class=\"et_pb_toggle_title\">AEGIS<\/h5>\n\t\t\t\t<div class=\"et_pb_toggle_content clearfix\"><p>\u25ba <a href=\"https:\/\/www.quickfds.com\/cmt_bin\/wfds-view?NFou=LIPHATECH_PI.FR&amp;CPro=piegesaglu\" target=\"_blank\" rel=\"noopener\">Pi\u00e8ge \u00e0 glu Rat 48RB<\/a><\/p>\n<p>\u25ba <a href=\"https:\/\/www.quickfds.com\/cmt_bin\/wfds-view?NFou=LIPHATECH_PI.FR&amp;CPro=piegesaglu\" target=\"_blank\" rel=\"noopener\">Pi\u00e8ge \u00e0 glu Souris 96M<\/a><\/p>\n<p>\u25ba <a href=\"https:\/\/www.quickfds.com\/cmt_bin\/wfds-view?NFou=LIPHATECH_PI.FR&amp;CPro=piegesaglu\" target=\"_blank\" rel=\"noopener\">Pi\u00e8ge \u00e0 glu g\u00e9ant 24GRB<\/a><\/p>\n<p>\u25ba <a href=\"https:\/\/www.quickfds.com\/cmt_bin\/wfds-view?NFou=LIPHATECH_PI.FR&amp;CPro=piegesaglu\" target=\"_blank\" rel=\"noopener\">Pi\u00e8ge \u00e0 glu 72TC<\/a><\/p><\/div>\n\t\t\t<\/div><div class=\"et_pb_module et_pb_toggle et_pb_toggle_7 et_pb_toggle_item  et_pb_toggle_close\">\n\t\t\t\t\n\t\t\t\t\n\t\t\t\t\n\t\t\t\t\n\t\t\t\t<h5 class=\"et_pb_toggle_title\">ADVION<\/h5>\n\t\t\t\t<div class=\"et_pb_toggle_content clearfix\"><p>\u25ba <a href=\"https:\/\/www.quickfds.com\/cmt_bin\/wfds-view?NFou=LIPHATECH_PI.FR&amp;CPro=adviongelappatblattes\" target=\"_blank\" rel=\"noopener\">ADVION GEL Blattes<\/a><\/p>\n<p>\u25ba <a href=\"https:\/\/www.quickfds.com\/cmt_bin\/wfds-view?NFou=LIPHATECH_PI.FR&amp;CPro=adviongelappatfourmis\" target=\"_blank\" rel=\"noopener\">ADVION GEL Fourmis<\/a><\/p><\/div>\n\t\t\t<\/div><div class=\"et_pb_module et_pb_toggle et_pb_toggle_8 et_pb_toggle_item  et_pb_toggle_close\">\n\t\t\t\t\n\t\t\t\t\n\t\t\t\t\n\t\t\t\t\n\t\t\t\t<h5 class=\"et_pb_toggle_title\">ADVION<\/h5>\n\t\t\t\t<div class=\"et_pb_toggle_content clearfix\"><p>\u25ba <a href=\"https:\/\/www.liphatech.fr\/boutique\/wp-content\/uploads\/2024\/06\/FDS-Cartouche-CO2-Aurotrap.pdf\" target=\"_blank\" rel=\"attachment noopener wp-att-114988\">Cartouche CO2 Aurotrap<\/a><\/p>\n<p>\u25ba<a href=\"https:\/\/www.liphatech.fr\/boutique\/wp-content\/uploads\/2024\/06\/FDS-Batterie-Aurotrap.pdf\" target=\"_blank\" rel=\"attachment noopener wp-att-114989\">Batterie Aurotrap<\/a><\/p><\/div>\n\t\t\t<\/div>\n\t\t\t<\/div>\n\t\t\t\t\n\t\t\t\t\n\t\t\t\t\n\t\t\t\t\n\t\t\t<\/div>\n\t\t\t\t\n\t\t\t\t\n\t\t\t<\/div>\r\n\t\t\t<\/div>\n\t\t\t\t<\/div>\n\t\t\t<\/div><div class=\"et_pb_module dipl_tabs_item dipl_tabs_item_1\">\n\t\t\t\t\n\t\t\t\t\n\t\t\t\t\n\t\t\t\t\n\t\t\t\t\n\t\t\t\t\n\t\t\t\t<div class=\"et_pb_module_inner\">\n\t\t\t\t\t<div class=\"dipl_single_tab_content\">\r\n\t\t\t\t\t\r\n\t\t\t<\/div>\n\t\t\t\t<\/div>\n\t\t\t<\/div><\/p>\n","protected":false},"author":1,"featured_media":0,"parent":0,"menu_order":0,"comment_status":"closed","ping_status":"closed","template":"","meta":{"_acf_changed":false,"_et_pb_use_builder":"on","_et_pb_old_content":"","_et_gb_content_width":"","footnotes":""},"class_list":["post-111303","page","type-page","status-publish","hentry"],"acf":[],"yoast_head":"<!-- This site is optimized with the Yoast SEO plugin v26.5 - https:\/\/yoast.com\/wordpress\/plugins\/seo\/ -->\n<title>Documentation Compl\u00e8te pour Professionnels | Ressources Techniques et S\u00e9curitaires<\/title>\n<meta name=\"description\" content=\"Acc\u00e9dez \u00e0 une documentation compl\u00e8te pour les professionnels. Ressources techniques, fiches de s\u00e9curit\u00e9 et autres informations essentielles pour vos besoins.\" \/>\n<meta name=\"robots\" content=\"index, follow, max-snippet:-1, max-image-preview:large, max-video-preview:-1\" \/>\n<link rel=\"canonical\" href=\"https:\/\/www.liphatech.fr\/boutique\/docs-techniques\/\" \/>\n<meta property=\"og:locale\" content=\"fr_FR\" \/>\n<meta property=\"og:type\" content=\"article\" \/>\n<meta property=\"og:title\" content=\"Documentation Compl\u00e8te pour Professionnels | Ressources Techniques et S\u00e9curitaires\" \/>\n<meta property=\"og:description\" content=\"Acc\u00e9dez \u00e0 une documentation compl\u00e8te pour les professionnels. Ressources techniques, fiches de s\u00e9curit\u00e9 et autres informations essentielles pour vos besoins.\" \/>\n<meta property=\"og:url\" content=\"https:\/\/www.liphatech.fr\/boutique\/docs-techniques\/\" \/>\n<meta property=\"og:site_name\" content=\"La Boutique LIPHATECH\" \/>\n<meta property=\"article:modified_time\" content=\"2026-03-11T10:03:58+00:00\" \/>\n<meta name=\"twitter:card\" content=\"summary_large_image\" \/>\n<meta name=\"twitter:label1\" content=\"Dur\u00e9e de lecture estim\u00e9e\" \/>\n\t<meta name=\"twitter:data1\" content=\"4 minutes\" \/>\n<script type=\"application\/ld+json\" class=\"yoast-schema-graph\">{\"@context\":\"https:\/\/schema.org\",\"@graph\":[{\"@type\":\"WebPage\",\"@id\":\"https:\/\/www.liphatech.fr\/boutique\/docs-techniques\/\",\"url\":\"https:\/\/www.liphatech.fr\/boutique\/docs-techniques\/\",\"name\":\"Documentation Compl\u00e8te pour Professionnels | Ressources Techniques et S\u00e9curitaires\",\"isPartOf\":{\"@id\":\"https:\/\/www.liphatech.fr\/boutique\/#website\"},\"datePublished\":\"2024-03-13T09:58:45+00:00\",\"dateModified\":\"2026-03-11T10:03:58+00:00\",\"description\":\"Acc\u00e9dez \u00e0 une documentation compl\u00e8te pour les professionnels. Ressources techniques, fiches de s\u00e9curit\u00e9 et autres informations essentielles pour vos besoins.\",\"breadcrumb\":{\"@id\":\"https:\/\/www.liphatech.fr\/boutique\/docs-techniques\/#breadcrumb\"},\"inLanguage\":\"fr-FR\",\"potentialAction\":[{\"@type\":\"ReadAction\",\"target\":[\"https:\/\/www.liphatech.fr\/boutique\/docs-techniques\/\"]}]},{\"@type\":\"BreadcrumbList\",\"@id\":\"https:\/\/www.liphatech.fr\/boutique\/docs-techniques\/#breadcrumb\",\"itemListElement\":[{\"@type\":\"ListItem\",\"position\":1,\"name\":\"Accueil\",\"item\":\"https:\/\/www.liphatech.fr\/boutique\/\"},{\"@type\":\"ListItem\",\"position\":2,\"name\":\"Docs techniques\"}]},{\"@type\":\"WebSite\",\"@id\":\"https:\/\/www.liphatech.fr\/boutique\/#website\",\"url\":\"https:\/\/www.liphatech.fr\/boutique\/\",\"name\":\"La Boutique LIPHATECH\",\"description\":\"\",\"potentialAction\":[{\"@type\":\"SearchAction\",\"target\":{\"@type\":\"EntryPoint\",\"urlTemplate\":\"https:\/\/www.liphatech.fr\/boutique\/?s={search_term_string}\"},\"query-input\":{\"@type\":\"PropertyValueSpecification\",\"valueRequired\":true,\"valueName\":\"search_term_string\"}}],\"inLanguage\":\"fr-FR\"}]}<\/script>\n<!-- \/ Yoast SEO plugin. -->","yoast_head_json":{"title":"Documentation Compl\u00e8te pour Professionnels | Ressources Techniques et S\u00e9curitaires","description":"Acc\u00e9dez \u00e0 une documentation compl\u00e8te pour les professionnels. Ressources techniques, fiches de s\u00e9curit\u00e9 et autres informations essentielles pour vos besoins.","robots":{"index":"index","follow":"follow","max-snippet":"max-snippet:-1","max-image-preview":"max-image-preview:large","max-video-preview":"max-video-preview:-1"},"canonical":"https:\/\/www.liphatech.fr\/boutique\/docs-techniques\/","og_locale":"fr_FR","og_type":"article","og_title":"Documentation Compl\u00e8te pour Professionnels | Ressources Techniques et S\u00e9curitaires","og_description":"Acc\u00e9dez \u00e0 une documentation compl\u00e8te pour les professionnels. Ressources techniques, fiches de s\u00e9curit\u00e9 et autres informations essentielles pour vos besoins.","og_url":"https:\/\/www.liphatech.fr\/boutique\/docs-techniques\/","og_site_name":"La Boutique LIPHATECH","article_modified_time":"2026-03-11T10:03:58+00:00","twitter_card":"summary_large_image","twitter_misc":{"Dur\u00e9e de lecture estim\u00e9e":"4 minutes"},"schema":{"@context":"https:\/\/schema.org","@graph":[{"@type":"WebPage","@id":"https:\/\/www.liphatech.fr\/boutique\/docs-techniques\/","url":"https:\/\/www.liphatech.fr\/boutique\/docs-techniques\/","name":"Documentation Compl\u00e8te pour Professionnels | Ressources Techniques et S\u00e9curitaires","isPartOf":{"@id":"https:\/\/www.liphatech.fr\/boutique\/#website"},"datePublished":"2024-03-13T09:58:45+00:00","dateModified":"2026-03-11T10:03:58+00:00","description":"Acc\u00e9dez \u00e0 une documentation compl\u00e8te pour les professionnels. Ressources techniques, fiches de s\u00e9curit\u00e9 et autres informations essentielles pour vos besoins.","breadcrumb":{"@id":"https:\/\/www.liphatech.fr\/boutique\/docs-techniques\/#breadcrumb"},"inLanguage":"fr-FR","potentialAction":[{"@type":"ReadAction","target":["https:\/\/www.liphatech.fr\/boutique\/docs-techniques\/"]}]},{"@type":"BreadcrumbList","@id":"https:\/\/www.liphatech.fr\/boutique\/docs-techniques\/#breadcrumb","itemListElement":[{"@type":"ListItem","position":1,"name":"Accueil","item":"https:\/\/www.liphatech.fr\/boutique\/"},{"@type":"ListItem","position":2,"name":"Docs techniques"}]},{"@type":"WebSite","@id":"https:\/\/www.liphatech.fr\/boutique\/#website","url":"https:\/\/www.liphatech.fr\/boutique\/","name":"La Boutique LIPHATECH","description":"","potentialAction":[{"@type":"SearchAction","target":{"@type":"EntryPoint","urlTemplate":"https:\/\/www.liphatech.fr\/boutique\/?s={search_term_string}"},"query-input":{"@type":"PropertyValueSpecification","valueRequired":true,"valueName":"search_term_string"}}],"inLanguage":"fr-FR"}]}},"_links":{"self":[{"href":"https:\/\/www.liphatech.fr\/boutique\/wp-json\/wp\/v2\/pages\/111303","targetHints":{"allow":["GET"]}}],"collection":[{"href":"https:\/\/www.liphatech.fr\/boutique\/wp-json\/wp\/v2\/pages"}],"about":[{"href":"https:\/\/www.liphatech.fr\/boutique\/wp-json\/wp\/v2\/types\/page"}],"author":[{"embeddable":true,"href":"https:\/\/www.liphatech.fr\/boutique\/wp-json\/wp\/v2\/users\/1"}],"replies":[{"embeddable":true,"href":"https:\/\/www.liphatech.fr\/boutique\/wp-json\/wp\/v2\/comments?post=111303"}],"version-history":[{"count":58,"href":"https:\/\/www.liphatech.fr\/boutique\/wp-json\/wp\/v2\/pages\/111303\/revisions"}],"predecessor-version":[{"id":115345,"href":"https:\/\/www.liphatech.fr\/boutique\/wp-json\/wp\/v2\/pages\/111303\/revisions\/115345"}],"wp:attachment":[{"href":"https:\/\/www.liphatech.fr\/boutique\/wp-json\/wp\/v2\/media?parent=111303"}],"curies":[{"name":"wp","href":"https:\/\/api.w.org\/{rel}","templated":true}]}}