{"id":112312,"date":"2024-07-17T08:03:20","date_gmt":"2024-07-17T06:03:20","guid":{"rendered":"https:\/\/boutique.desangosse.mywebstrategies.com\/?page_id=112312"},"modified":"2025-09-11T12:56:53","modified_gmt":"2025-09-11T10:56:53","slug":"mentions-legales","status":"publish","type":"page","link":"https:\/\/www.liphatech.fr\/boutique\/mentions-legales\/","title":{"rendered":"Mentions L\u00e9gales et CGU"},"content":{"rendered":"<p>[et_pb_section fb_built=\u00a0\u00bb1&Prime; admin_label=\u00a0\u00bbsection\u00a0\u00bb _builder_version=\u00a0\u00bb4.16&Prime; global_colors_info=\u00a0\u00bb{}\u00a0\u00bb][et_pb_row admin_label=\u00a0\u00bbrow\u00a0\u00bb _builder_version=\u00a0\u00bb4.26.0&Prime; background_size=\u00a0\u00bbinitial\u00a0\u00bb background_position=\u00a0\u00bbtop_left\u00a0\u00bb background_repeat=\u00a0\u00bbrepeat\u00a0\u00bb width=\u00a0\u00bb100%\u00a0\u00bb max_width=\u00a0\u00bb80%\u00a0\u00bb module_alignment=\u00a0\u00bbcenter\u00a0\u00bb global_colors_info=\u00a0\u00bb{}\u00a0\u00bb][et_pb_column type=\u00a0\u00bb4_4&Prime; _builder_version=\u00a0\u00bb4.16&Prime; custom_padding=\u00a0\u00bb|||\u00a0\u00bb global_colors_info=\u00a0\u00bb{}\u00a0\u00bb custom_padding__hover=\u00a0\u00bb|||\u00a0\u00bb][et_pb_text _builder_version=\u00a0\u00bb4.27.4&Prime; _module_preset=\u00a0\u00bbdefault\u00a0\u00bb text_font=\u00a0\u00bbRoboto||||||||\u00a0\u00bb text_font_size=\u00a0\u00bb16px\u00a0\u00bb header_font=\u00a0\u00bbMontserrat|700|||||||\u00a0\u00bb header_2_font=\u00a0\u00bbMontserrat|700|||||||\u00a0\u00bb header_2_font_size=\u00a0\u00bb25px\u00a0\u00bb header_3_font=\u00a0\u00bbMontserrat|700|||||||\u00a0\u00bb hover_enabled=\u00a0\u00bb0&Prime; global_colors_info=\u00a0\u00bb{}\u00a0\u00bb sticky_enabled=\u00a0\u00bb0&Prime;]<\/p>\n<h1>Mentions L\u00e9gales et CGU<\/h1>\n<p><strong>Les informations contenues dans le site sont communiqu\u00e9es par :<\/strong><br \/>LIPHATECH<br \/>SAS au capital de 2.800.000\u20ac<br \/>\u00ab Bonnel \u00bb \u2013 CS10005 \u2013 47480 PONT DU CASSE \u2013 FRANCE<br \/>442 688 206 R.C.S. AGEN<br \/>TVA intracommunautaire : FR91 442 688 206 00014<br \/>T\u00e9l. : 05.53.69.35.70<br \/>Mail :contact@liphatech.fr<\/p>\n<p><strong>Directeur de la publication<\/strong> : Nicolas FILLON, Repr\u00e9sentant permanent de \u00ab DE SANGOSSE \u00bb, Pr\u00e9sident de LIPHATECH.<\/p>\n<p><strong>Concepteur et r\u00e9alisateur du Site<\/strong> : Impact Evolution<\/p>\n<p><strong>Fournisseur d\u2019h\u00e9bergement<\/strong><br \/>My Web Strategies<br \/>SASU au capital de 1000.00 \u20ac<br \/>SIRET. 821 671 427 00028<br \/>19 rue Desgroux \u2013 60000 Beauvais<br \/>T\u00e9l : +333.65.97.03.69<br \/>contact@mywebstrategies.com<\/p>\n<h2>CONDITIONS G\u00c9N\u00c9RALES D\u2019UTILISATION<\/h2>\n<h3>PREAMBULE<\/h3>\n<p>Les pr\u00e9sentes Conditions G\u00e9n\u00e9rales d\u2019Utilisation (ci-apr\u00e8s les \u00ab CGU \u00bb) d\u00e9terminent les r\u00e8gles d\u2019acc\u00e8s et les modalit\u00e9s d\u2019utilisation du site www.liphatech.fr\/boutique (ci-apr\u00e8s le \u00ab Site\u00bb), mis \u00e0 disposition du public par Liphatech (ci-apr\u00e8s le \u00abSite\u00bb), mis \u00e0 disposition des professionnels de la lutte contre les nuisibles, aussi nomm\u00e9s PCO, (ci-apr\u00e8s, \u00ab\u00a0l&rsquo;Utilisateur\u00a0\u00bb) par Liphatech (ci-apr\u00e8s \u00ab\u00a0l&rsquo;Editeur\u00a0\u00bb).<br \/>L\u2019utilisation du Site par l\u2019Utilisateur c\u2019est-\u00e0-dire, sa connexion et\/ou sa navigation sur le Site implique acceptation, sans condition ni r\u00e9serve, de l\u2019int\u00e9gralit\u00e9 des pr\u00e9sentes CGU, lesquelles sont susceptibles de modification \u00e0 tout moment. L\u2019Utilisateur refusant d\u2019adh\u00e9rer auxdites conditions g\u00e9n\u00e9rales se doit de cesser imm\u00e9diatement la consultation du Site.<\/p>\n<h3>ARTICLE 1 : OBJET DU SITE<\/h3>\n<p>Le Site a pour objet de proposer aux PCO des informations concernant des produits de contr\u00f4le des nuisibles (d\u00e9ratisation, d\u00e9sinsectisation et proofing), des conseils \u00e0 l\u2019application, de l\u2019aide au choix des produits et aux bonnes pratiques d\u2019utilisation, et de permettre aux PCO de pr\u00e9-commander les produits.<\/p>\n<h3>ARTICLE 2 : ACCES AU SITE<\/h3>\n<p>Le pr\u00e9sent Site a vocation \u00e0 s\u2019adresser \u00e0 des professionnels;<br \/>L\u2019acc\u00e8s au Site se fait par l\u2019interm\u00e9diaire d\u2019une connexion internet \u00e0 partir de l\u2019adresse suivante : www.liphatech.fr\/boutique<\/p>\n<p>Certains contenus du Site concernant les produits et services de LIPHATECH ne sont disponibles que sur inscription de l&rsquo;utilisateur.<\/p>\n<h3>ARTICLE 3 : ABSENCE DE GARANTIE \u2013 LIMITATION DE RESPONSABILIT\u00c9<\/h3>\n<p>3.1 \u2013 Le Site a un but exclusivement informatif et refl\u00e8te la vision d\u2019une lutte responsable contre les rongeurs nuisibles de l\u2019Editeur.<br \/>Les informations fournies dans le Site ne le sont que dans le but de pr\u00e9senter l&rsquo;offre produits et services de LIPHATECH relatifs \u00e0 la lutte contre les nuisibles afin de p\u00e9renniser un environnement sain tout en limitant au maximum les impacts environnementaux.<br \/>3.2 \u2013 L\u2019Editeur s\u2019efforce de mettre r\u00e9guli\u00e8rement \u00e0 jour les donn\u00e9es figurant sur le Site. Cependant, sa responsabilit\u00e9 ne saurait \u00eatre engag\u00e9e dans l\u2019hypoth\u00e8se o\u00f9 une information figurant dans le Site ne serait plus \u00e0 jour. Il est ainsi recommand\u00e9 \u00e0 chaque Utilisateur de v\u00e9rifier les informations obtenues dans le Site avant de les utiliser de quelque fa\u00e7on que ce soit. Les conseils qui y sont fournis n\u2019excluent pas l\u2019Utilisateur de mener ses propres v\u00e9rifications quant au fait de la conformit\u00e9 des informations mise \u00e0 disposition et de l&rsquo;assurance que les produits conseill\u00e9s soient adapt\u00e9s aux utilisations et finalit\u00e9s envisag\u00e9es.<br \/>L&rsquo;Utilisateur, en sa qualit\u00e9 de professionnel, reste ma\u00eetre de ses choix de produits. Il ne pourra en aucun cas engager la responsabilit\u00e9 de LIPHATECH quant \u00e0 la mauvaise utilisation des produits qu&rsquo;il aura choisis, au regard des informations techniques figurant sur les \u00e9tiquettes produits.<br \/>De la m\u00eame mani\u00e8re, aucune information du Site ne constitue une pr\u00e9conisation, une recommandation ou un conseil d&rsquo;utilisation d&rsquo;un quelconque produit mentionn\u00e9 sur le Site. Tout Utilisateur souhaitant obtenir des pr\u00e9cisions quant aux conditions d&#8217;emploi d&rsquo;un produit pr\u00e9sent sur le Site devra s&rsquo;adresser aux services comp\u00e9tents de LIPHATECH.<br \/>L\u2019Editeur d\u00e9cline toute responsabilit\u00e9 au titre du contenu du Site, ainsi que de l\u2019interpr\u00e9tation et de l\u2019exploitation qui pourraient en \u00eatre faites.<br \/>3.3 \u2013 Le Site peut contenir des liens\/r\u00e9f\u00e9rences \u00e0 des sites internet tiers. L\u2019insertion de ces liens ne signifie aucunement que l\u2019Editeur en approuve le contenu, ni qu\u2019il accepte une quelconque responsabilit\u00e9 quant \u00e0 la disponibilit\u00e9 ou au contenu de ces sites, ni qu\u2019il peut \u00eatre tenu responsable de dommages r\u00e9sultant de l\u2019utilisation de ces contenus. Les liens vers d\u2019autres sites sont uniquement propos\u00e9s \u00e0 titre informatif aux utilisateurs qui y acc\u00e8dent en toute connaissance de cause.<br \/>Le cas \u00e9ch\u00e9ant, en aucun cas, l&rsquo;Editeur ne pourra \u00eatre tenu responsable des contenus publi\u00e9s par l&rsquo;Utilisateur. L&rsquo;Utilisateur s&rsquo;engage \u00e0 utiliser le Site dans le respect des r\u00e8glementations et lois en vigueur et de ne pas publier de contenus contraires \u00e0 l&rsquo;ordre public et aux bonnes moeurs.<br \/>3.4 \u2013 Le Site est contr\u00f4l\u00e9, g\u00e9r\u00e9 et mis \u00e0 jour par l\u2019Editeur en France. Il est exclusivement con\u00e7u pour \u00eatre utilis\u00e9 en France. A ce titre, l\u2019Editeur ne garantit aucunement que les informations qu\u2019il contient soient \u00e9galement valables en dehors de la France.<\/p>\n<h3>ARTICLE 4 : PROPRIETE INTELLECTUELLE<\/h3>\n<p>L\u2019Utilisateur dispose d\u2019un droit d\u2019utilisation du Site \u00e0 titre priv\u00e9, non collectif, non exclusif et non commercial.<br \/>La structure g\u00e9n\u00e9rale du Site ainsi que son contenu sont la propri\u00e9t\u00e9 exclusive de l\u2019Editeur. Toute reproduction et\/ou repr\u00e9sentation de l\u2019un ou plusieurs de ces contenus sont strictement interdites sous quelques supports et sous quelques formes que ce soient, sauf autorisation pr\u00e9alable \u00e9crite de l\u2019Editeur.<br \/>Les logos, slogans, marques et signes distinctifs qui pourraient \u00eatre mentionn\u00e9s dans le Site ou dans les sites auxquels il renvoie sont \u00e9galement prot\u00e9g\u00e9s par des droits de propri\u00e9t\u00e9 intellectuelle. L\u2019accord pr\u00e9alable de leur titulaire est requis en vue de l\u2019octroi d\u2019une licence d\u2019utilisation.<br \/>Ce Site contient \u00e9galement des photographies et illustrations prot\u00e9g\u00e9es par des droits d\u2019auteur.<br \/>Toute reproduction, diffusion n\u00e9cessite l\u2019accord pr\u00e9alable \u00e9crit du titulaire de ces droits.<br \/>L\u2019ensemble des fonds documentaires, des donn\u00e9es et des informations mis \u00e0 la disposition de l\u2019Utilisateur par l\u2019Editeur via le Site est prot\u00e9g\u00e9 par le droit d\u2019auteur, conform\u00e9ment aux dispositions du code de la propri\u00e9t\u00e9 intellectuelle.<\/p>\n<h3>ARTICLE 5 : DONNEES PERSONNELLES \u2013 COOKIES \u2013 CORRESPONDANCE<\/h3>\n<p>5.1 Donn\u00e9es personnelles<br \/>Dans la mesure o\u00f9 ce Site recueille des informations personnelles concernant l\u2019Utilisateur, l\u2019utilisation de ces informations par l\u2019Editeur est soumise \u00e0 la Politique de confidentialit\u00e9 consultable sur le Site.<br \/>Pour toute question relative aux pratiques de l\u2019Editeur en mati\u00e8re de protection des donn\u00e9es personnelles, l\u2019Utilisateur peut adresser un courrier postal \u00e0 l\u2019adresse LIPHATECH \u2013 Service Juridique \u2013 Bonnel CS10005 \u2013 47480 Pont-du-Casse, ou un email \u00e0 l\u2019adresse data-privacy@desangosse.com.<br \/>5.2 Cookies<br \/>Lors de la consultation du Site, des cookies sont d\u00e9pos\u00e9s sur l\u2019ordinateur, le smartphone ou la tablette de l\u2019Utilisateur. L\u2019utilisation des cookies par l\u2019Editeur est r\u00e9gie par la Politique relative aux Cookies consultable sur le Site ainsi que par les dispositions de la Politique de confidentialit\u00e9.<br \/>5.3 Correspondance<br \/>Toute correspondance et\/ou question laiss\u00e9e par l\u2019Utilisateur sur le Site doit se rapporter aux sujets trait\u00e9s dans le Site et \u00eatre respectueuse de l\u2019Ordre Public et des bonnes m\u0153urs.<\/p>\n<h3>ARTICLE 6 : DROIT APPLICABLE \u2013 JURIDICTION COMP\u00c9TENTE<\/h3>\n<p>Les pr\u00e9sentes CGU sont soumises \u00e0 la seule loi fran\u00e7aise. Tout diff\u00e9rend, de quelque nature que ce soit relatif au Site sera de la comp\u00e9tence exclusive des juridictions du si\u00e8ge social de Liphatech.<\/p>\n<p><strong>Num\u00e9ros d\u2019identifiant unique :<\/strong><\/p>\n<p>CITEO : FR217490_01VQLM<br \/>ECODDS : FR217863_07KDCJ<br \/>ECOSYSTEM : FR217490_05SOFA<\/p>\n<p>[\/et_pb_text][\/et_pb_column][\/et_pb_row][\/et_pb_section]<\/p>\n","protected":false},"excerpt":{"rendered":"<p>Mentions L\u00e9gales et CGU Les informations contenues dans le site sont communiqu\u00e9es par :LIPHATECHSAS au capital de 2.800.000\u20ac\u00ab Bonnel \u00bb \u2013 CS10005 \u2013 47480 PONT DU CASSE \u2013 FRANCE442 688 206 R.C.S. AGENTVA intracommunautaire : FR91 442 688 206 00014T\u00e9l. : 05.53.69.35.70Mail :contact@liphatech.fr Directeur de la publication : Nicolas FILLON, Repr\u00e9sentant permanent de \u00ab DE [&hellip;]<\/p>\n","protected":false},"author":1,"featured_media":0,"parent":0,"menu_order":0,"comment_status":"closed","ping_status":"closed","template":"","meta":{"_acf_changed":false,"_et_pb_use_builder":"on","_et_pb_old_content":"","_et_gb_content_width":"","footnotes":""},"class_list":["post-112312","page","type-page","status-publish","hentry"],"acf":[],"yoast_head":"<!-- This site is optimized with the Yoast SEO plugin v26.5 - https:\/\/yoast.com\/wordpress\/plugins\/seo\/ -->\n<title>Mentions L\u00e9gales et CGU - La Boutique LIPHATECH<\/title>\n<meta name=\"robots\" content=\"noindex, nofollow\" \/>\n<meta property=\"og:locale\" content=\"fr_FR\" \/>\n<meta property=\"og:type\" content=\"article\" \/>\n<meta property=\"og:title\" content=\"Mentions L\u00e9gales et CGU - La Boutique LIPHATECH\" \/>\n<meta property=\"og:url\" content=\"https:\/\/www.liphatech.fr\/boutique\/mentions-legales\/\" \/>\n<meta property=\"og:site_name\" content=\"La Boutique LIPHATECH\" \/>\n<meta property=\"article:modified_time\" content=\"2025-09-11T10:56:53+00:00\" \/>\n<meta name=\"twitter:card\" content=\"summary_large_image\" \/>\n<meta name=\"twitter:description\" content=\"[dipl_breadcrumb breadcrumb_layout=&quot;layout2&quot; separator_text=&quot;\/&quot; separator_size=&quot;19px&quot; separator_color=&quot;#333333&quot; use_home_link_custom_text=&quot;on&quot; home_link_text=&quot;Accueil&quot; module_class=&quot;fil_ariane&quot; _builder_version=&quot;4.27.4&quot; _module_preset=&quot;default&quot; global_text_settings_font_size=&quot;1rem&quot; text_font=&quot;Roboto||||||||&quot; text_text_color=&quot;#333333&quot; link_font=&quot;Roboto||||||||&quot; link_text_color=&quot;#333333&quot; custom_margin=&quot;0px||0px||true|false&quot; custom_padding=&quot;0px||0px||true|false&quot; locked=&quot;off&quot; global_colors_info=&quot;{}&quot;][\/dipl_breadcrumb]\" \/>\n<meta name=\"twitter:label1\" content=\"Dur\u00e9e de lecture estim\u00e9e\" \/>\n\t<meta name=\"twitter:data1\" content=\"6 minutes\" \/>\n<script type=\"application\/ld+json\" class=\"yoast-schema-graph\">{\"@context\":\"https:\/\/schema.org\",\"@graph\":[{\"@type\":\"WebPage\",\"@id\":\"https:\/\/www.liphatech.fr\/boutique\/mentions-legales\/\",\"url\":\"https:\/\/www.liphatech.fr\/boutique\/mentions-legales\/\",\"name\":\"Mentions L\u00e9gales et CGU - La Boutique LIPHATECH\",\"isPartOf\":{\"@id\":\"https:\/\/www.liphatech.fr\/boutique\/#website\"},\"datePublished\":\"2024-07-17T06:03:20+00:00\",\"dateModified\":\"2025-09-11T10:56:53+00:00\",\"breadcrumb\":{\"@id\":\"https:\/\/www.liphatech.fr\/boutique\/mentions-legales\/#breadcrumb\"},\"inLanguage\":\"fr-FR\",\"potentialAction\":[{\"@type\":\"ReadAction\",\"target\":[\"https:\/\/www.liphatech.fr\/boutique\/mentions-legales\/\"]}]},{\"@type\":\"BreadcrumbList\",\"@id\":\"https:\/\/www.liphatech.fr\/boutique\/mentions-legales\/#breadcrumb\",\"itemListElement\":[{\"@type\":\"ListItem\",\"position\":1,\"name\":\"Accueil\",\"item\":\"https:\/\/www.liphatech.fr\/boutique\/\"},{\"@type\":\"ListItem\",\"position\":2,\"name\":\"Mentions L\u00e9gales et CGU\"}]},{\"@type\":\"WebSite\",\"@id\":\"https:\/\/www.liphatech.fr\/boutique\/#website\",\"url\":\"https:\/\/www.liphatech.fr\/boutique\/\",\"name\":\"La Boutique LIPHATECH\",\"description\":\"\",\"potentialAction\":[{\"@type\":\"SearchAction\",\"target\":{\"@type\":\"EntryPoint\",\"urlTemplate\":\"https:\/\/www.liphatech.fr\/boutique\/?s={search_term_string}\"},\"query-input\":{\"@type\":\"PropertyValueSpecification\",\"valueRequired\":true,\"valueName\":\"search_term_string\"}}],\"inLanguage\":\"fr-FR\"}]}<\/script>\n<!-- \/ Yoast SEO plugin. -->","yoast_head_json":{"title":"Mentions L\u00e9gales et CGU - La Boutique LIPHATECH","robots":{"index":"noindex","follow":"nofollow"},"og_locale":"fr_FR","og_type":"article","og_title":"Mentions L\u00e9gales et CGU - La Boutique LIPHATECH","og_url":"https:\/\/www.liphatech.fr\/boutique\/mentions-legales\/","og_site_name":"La Boutique LIPHATECH","article_modified_time":"2025-09-11T10:56:53+00:00","twitter_card":"summary_large_image","twitter_description":"[dipl_breadcrumb breadcrumb_layout=\"layout2\" separator_text=\"\/\" separator_size=\"19px\" separator_color=\"#333333\" use_home_link_custom_text=\"on\" home_link_text=\"Accueil\" module_class=\"fil_ariane\" _builder_version=\"4.27.4\" _module_preset=\"default\" global_text_settings_font_size=\"1rem\" text_font=\"Roboto||||||||\" text_text_color=\"#333333\" link_font=\"Roboto||||||||\" link_text_color=\"#333333\" custom_margin=\"0px||0px||true|false\" custom_padding=\"0px||0px||true|false\" locked=\"off\" global_colors_info=\"{}\"][\/dipl_breadcrumb]","twitter_misc":{"Dur\u00e9e de lecture estim\u00e9e":"6 minutes"},"schema":{"@context":"https:\/\/schema.org","@graph":[{"@type":"WebPage","@id":"https:\/\/www.liphatech.fr\/boutique\/mentions-legales\/","url":"https:\/\/www.liphatech.fr\/boutique\/mentions-legales\/","name":"Mentions L\u00e9gales et CGU - La Boutique LIPHATECH","isPartOf":{"@id":"https:\/\/www.liphatech.fr\/boutique\/#website"},"datePublished":"2024-07-17T06:03:20+00:00","dateModified":"2025-09-11T10:56:53+00:00","breadcrumb":{"@id":"https:\/\/www.liphatech.fr\/boutique\/mentions-legales\/#breadcrumb"},"inLanguage":"fr-FR","potentialAction":[{"@type":"ReadAction","target":["https:\/\/www.liphatech.fr\/boutique\/mentions-legales\/"]}]},{"@type":"BreadcrumbList","@id":"https:\/\/www.liphatech.fr\/boutique\/mentions-legales\/#breadcrumb","itemListElement":[{"@type":"ListItem","position":1,"name":"Accueil","item":"https:\/\/www.liphatech.fr\/boutique\/"},{"@type":"ListItem","position":2,"name":"Mentions L\u00e9gales et CGU"}]},{"@type":"WebSite","@id":"https:\/\/www.liphatech.fr\/boutique\/#website","url":"https:\/\/www.liphatech.fr\/boutique\/","name":"La Boutique LIPHATECH","description":"","potentialAction":[{"@type":"SearchAction","target":{"@type":"EntryPoint","urlTemplate":"https:\/\/www.liphatech.fr\/boutique\/?s={search_term_string}"},"query-input":{"@type":"PropertyValueSpecification","valueRequired":true,"valueName":"search_term_string"}}],"inLanguage":"fr-FR"}]}},"_links":{"self":[{"href":"https:\/\/www.liphatech.fr\/boutique\/wp-json\/wp\/v2\/pages\/112312","targetHints":{"allow":["GET"]}}],"collection":[{"href":"https:\/\/www.liphatech.fr\/boutique\/wp-json\/wp\/v2\/pages"}],"about":[{"href":"https:\/\/www.liphatech.fr\/boutique\/wp-json\/wp\/v2\/types\/page"}],"author":[{"embeddable":true,"href":"https:\/\/www.liphatech.fr\/boutique\/wp-json\/wp\/v2\/users\/1"}],"replies":[{"embeddable":true,"href":"https:\/\/www.liphatech.fr\/boutique\/wp-json\/wp\/v2\/comments?post=112312"}],"version-history":[{"count":8,"href":"https:\/\/www.liphatech.fr\/boutique\/wp-json\/wp\/v2\/pages\/112312\/revisions"}],"predecessor-version":[{"id":114779,"href":"https:\/\/www.liphatech.fr\/boutique\/wp-json\/wp\/v2\/pages\/112312\/revisions\/114779"}],"wp:attachment":[{"href":"https:\/\/www.liphatech.fr\/boutique\/wp-json\/wp\/v2\/media?parent=112312"}],"curies":[{"name":"wp","href":"https:\/\/api.w.org\/{rel}","templated":true}]}}