{"id":112327,"date":"2024-07-17T08:44:18","date_gmt":"2024-07-17T06:44:18","guid":{"rendered":"https:\/\/boutique.desangosse.mywebstrategies.com\/?page_id=112327"},"modified":"2025-06-30T17:44:55","modified_gmt":"2025-06-30T15:44:55","slug":"politique-de-cookies","status":"publish","type":"page","link":"https:\/\/www.liphatech.fr\/boutique\/politique-de-cookies\/","title":{"rendered":"Politique de cookies"},"content":{"rendered":"<p>[et_pb_section fb_built=\u00a0\u00bb1&Prime; admin_label=\u00a0\u00bbsection\u00a0\u00bb _builder_version=\u00a0\u00bb4.16&Prime; global_colors_info=\u00a0\u00bb{}\u00a0\u00bb][et_pb_row admin_label=\u00a0\u00bbrow\u00a0\u00bb _builder_version=\u00a0\u00bb4.26.0&Prime; background_size=\u00a0\u00bbinitial\u00a0\u00bb background_position=\u00a0\u00bbtop_left\u00a0\u00bb background_repeat=\u00a0\u00bbrepeat\u00a0\u00bb width=\u00a0\u00bb100%\u00a0\u00bb max_width=\u00a0\u00bb80%\u00a0\u00bb module_alignment=\u00a0\u00bbcenter\u00a0\u00bb global_colors_info=\u00a0\u00bb{}\u00a0\u00bb][et_pb_column type=\u00a0\u00bb4_4&Prime; _builder_version=\u00a0\u00bb4.16&Prime; custom_padding=\u00a0\u00bb|||\u00a0\u00bb global_colors_info=\u00a0\u00bb{}\u00a0\u00bb custom_padding__hover=\u00a0\u00bb|||\u00a0\u00bb][et_pb_text _builder_version=\u00a0\u00bb4.27.4&Prime; _module_preset=\u00a0\u00bbdefault\u00a0\u00bb text_font=\u00a0\u00bbRoboto||||||||\u00a0\u00bb text_font_size=\u00a0\u00bb16px\u00a0\u00bb header_font=\u00a0\u00bbMontserrat|700|||||||\u00a0\u00bb header_line_height=\u00a0\u00bb1.7em\u00a0\u00bb header_2_font=\u00a0\u00bbMontserrat|700|||||||\u00a0\u00bb header_2_font_size=\u00a0\u00bb25px\u00a0\u00bb header_3_font=\u00a0\u00bbMontserrat|700|||||||\u00a0\u00bb header_3_line_height=\u00a0\u00bb1.7em\u00a0\u00bb hover_enabled=\u00a0\u00bb0&Prime; global_colors_info=\u00a0\u00bb{}\u00a0\u00bb sticky_enabled=\u00a0\u00bb0&Prime;]<\/p>\n<h1>Politique de cookies<\/h1>\n<h3><strong>1. Introduction<\/strong><\/h3>\n<p>Notre Site utilise des cookies et autres technologies li\u00e9es (ci-apr\u00e8s conjointement les \u00ab Cookies \u00bb). Dans le document ci-dessous, nous vous informons de l\u2019utilisation des Cookies sur notre Site.<\/p>\n<h3><strong>2. Qu\u2019est-ce qu\u2019un cookie ?<\/strong><\/h3>\n<p>Un cookie est un petit fichier simple envoy\u00e9 avec les pages de ce Site et stock\u00e9 par votre navigateur sur le disque dur de votre ordinateur ou d\u2019un autre appareil. Les informations qui y sont stock\u00e9es peuvent \u00eatre renvoy\u00e9es \u00e0 nos serveurs ou aux serveurs des tiers concern\u00e9s lors d\u2019une visite ult\u00e9rieure.<\/p>\n<h3><strong>3. Qu\u2019est-ce qu\u2019un script ?<\/strong><\/h3>\n<p>Un script est un bout de code de programme utilis\u00e9 afin de faire fonctionner notre Site correctement et de mani\u00e8re interactive. Ce code est ex\u00e9cut\u00e9 sur notre serveur ou votre appareil.<\/p>\n<h3><strong>4. Qu\u2019est-ce qu\u2019un pixel espion ?<\/strong><\/h3>\n<p>Un pixel espion (ou balise web) est un petit morceau de texte ou d\u2019image invisible sur un site web, utilis\u00e9 pour suivre le trafic sur un site web. Pour ce faire, diverses donn\u00e9es vous concernant sont stock\u00e9es \u00e0 l\u2019aide de pixels espions.<\/p>\n<h3><strong>5. Consentement<\/strong><\/h3>\n<p>Lorsque vous visitez notre Site pour la premi\u00e8re fois, nous vous afficherons une fen\u00eatre contextuelle avec une explication sur les cookies. D\u00e8s que vous cliquez sur \u00ab Tous les cookies \u00bb, vous consentez \u00e0 notre utilisation de tous les cookies et extensions, comme d\u00e9crit dans la fen\u00eatre contextuelle et cette Politique de Cookies. Vous pouvez d\u00e9sactiver l\u2019utilisation de cookies sur votre navigateur, mais veuillez noter que notre Site risque de ne plus fonctionner correctement.<\/p>\n<h3><strong>6. Cookies<\/strong><\/h3>\n<p>6.1 Cookies techniques ou fonctionnels<br \/>Certains Cookies assurent le fonctionnement correct de certaines parties du Site et la prise en compte de vos pr\u00e9f\u00e9rences en tant qu\u2019utilisateur. En pla\u00e7ant des Cookies fonctionnels, nous vous facilitons la visite de notre Site. Ainsi, vous n\u2019avez pas besoin de saisir \u00e0 plusieurs reprises les m\u00eames informations lors de la visite de notre Site. Nous pouvons placer ces Cookies sans votre consentement.<\/p>\n<p>6.2 Cookies analytiques<br \/>Nous utilisons des Cookies analytiques afin d\u2019optimiser l\u2019exp\u00e9rience des utilisateurs sur notre Site. Avec ces Cookies analytiques, nous obtenons des informations sur l\u2019utilisation de notre Site. Nous demandons votre permission pour placer des Cookies analytiques.<\/p>\n<p>6.3 Boutons de r\u00e9seaux sociaux\u00a0<br \/>Nous avons inclus sur notre site web des boutons pour que les Facebook, Twitter, LinkedIn et Instagram puissent promouvoir des pages web (par ex. \u00ab\u00a0J\u2019aime\u00a0\u00bb, \u00ab\u00a0Enregistrer\u00a0\u00bb) ou partager (par ex. \u00ab\u00a0Tweeter\u00a0\u00bb) sur des r\u00e9seaux sociaux tels que Facebook, Twitter, LinkedIn et Instagram. Ces boutons fonctionnent avec des morceaux de code provenant des Facebook, Twitter, LinkedIn et Instagram eux-m\u00eames. Ce code place des cookies. Ces boutons de r\u00e9seaux sociaux peuvent \u00e9galement stocker et traiter certaines informations afin de vous montrer des publicit\u00e9s personnalis\u00e9es.<\/p>\n<p>Veuillez lire la d\u00e9claration de confidentialit\u00e9 de ces r\u00e9seaux sociaux (qui peut \u00eatre modifi\u00e9e r\u00e9guli\u00e8rement) afin de savoir ce qu\u2019ils font de vos donn\u00e9es (personnelles) trait\u00e9es en utilisant ces cookies. Les donn\u00e9es r\u00e9cup\u00e9r\u00e9es sont anonymis\u00e9es autant que possible. Facebook, Twitter, LinkedIn et Instagram se trouvent aux \u00c9tats-Unis.<\/p>\n<h3><strong>7. Cookies plac\u00e9s<\/strong><\/h3>\n<p>PHP Session ID<br \/>Objectif : Stockage des donn\u00e9es des utilisateurs \u00e0 travers les pages \u00e0 des fins fonctionnelles<br \/>Dur\u00e9e de conservation : Stockage des donn\u00e9es afin que les utilisateurs puissent les utiliser dans l\u2019application web.<br \/>Description : Les sessions sont un moyen simple de stocker les donn\u00e9es d\u2019utilisateurs individuels avec un ID de session unique. Les ID de session sont envoy\u00e9s au navigateur par des cookies de session et l\u2019ID est utilis\u00e9 pour r\u00e9cup\u00e9rer les donn\u00e9es de sessions existantes<br \/>Noms utilis\u00e9s<\/p>\n<p>PHPSESSID<\/p>\n<h3><strong>Partage<\/strong><\/h3>\n<p><a href=\"https:\/\/liphatech.fr\/politique-de-confidentialite\/\">D\u00e9claration de confidentialit\u00e9<\/a><\/p>\n<p>Google Analytics<br \/>Objectif : Performance.<br \/>Dur\u00e9e de conservation : D\u2019une session jusqu\u2019\u00e0 deux ans.<br \/>Description : Nous utilisons Google Analytics, un service de statistiques web fourni par Google. Google Analytics utilise des cookies qui nous permettent d\u2019analyser l\u2019utilisation de notre site web et de compiler des rapports sur l\u2019activit\u00e9 du site web et l\u2019utilisation d\u2019Internet.<br \/>Noms utilis\u00e9s<\/p>\n<table width=\"100%\">\n<thead>\n<tr>\n<td width=\"147\"><strong>Nom du cookie<\/strong><\/td>\n<td width=\"286\"><strong>Finalit\u00e9<\/strong><\/td>\n<td width=\"133\"><strong>dur\u00e9e de conservation<\/strong><\/td>\n<\/tr>\n<\/thead>\n<tbody>\n<tr>\n<td>Cnil_normes_panier<\/td>\n<td>Permet de s\u00e9lectionner des normes en vue d\u2019une d\u00e9claration simplifi\u00e9e<\/td>\n<td>1 mois<\/td>\n<\/tr>\n<tr>\n<td>Tarteaucitron<\/td>\n<td>Sauvegarde vos\u00a0choix en mati\u00e8re de\u00a0 consentement des cookies<\/td>\n<td>12 mois<\/td>\n<\/tr>\n<tr>\n<td>has_js<\/td>\n<td>Permet de d\u00e9terminer si votre navigateur accepte javascript ou non<\/td>\n<td>Session<\/td>\n<\/tr>\n<tr>\n<td>Stockage web local<\/td>\n<td>Permet de retenir vos pr\u00e9f\u00e9rences (particulier ou professionnel)<\/td>\n<td>\u00a0<\/td>\n<\/tr>\n<tr>\n<td>piwik_ignore<\/td>\n<td>Permet d\u2019ignorer la mesure d\u2019audience Piwik<\/td>\n<td>\u00a0<\/td>\n<\/tr>\n<tr>\n<td>_pk_id.nnnnn<\/td>\n<td>Permet de stocker votre identifiant unique de visite (si la mesure d\u2019audience piwik est active)<\/td>\n<td>13 mois<\/td>\n<\/tr>\n<tr>\n<td>_pk_ses.nnnnn<\/td>\n<td>Permet le stockage temporaire de vos donn\u00e9es de visite (si la mesure d\u2019audience piwik est active)<\/td>\n<td>30 minutes<\/td>\n<\/tr>\n<\/tbody>\n<\/table>\n<p>&nbsp;<\/p>\n<p>Partage<br \/><a href=\"https:\/\/www.liphatech.fr\/politique-de-confidentialite\/\">D\u00e9claration de confidentialit\u00e9<\/a><\/p>\n<h3><strong>8. Vos droits concernant les donn\u00e9es personnelles<\/strong><\/h3>\n<p>Vous avez les droits suivants concernant vos donn\u00e9es personnelles :<br \/>\u2022 Vous avez le droit de savoir pourquoi vos donn\u00e9es personnelles sont n\u00e9cessaires, ce qui leur arrivera, et combien de temps elles seront conserv\u00e9es.<br \/>\u2022 Droit d\u2019acc\u00e8s : vous avez le droit d\u2019acc\u00e9der \u00e0 vos donn\u00e9es personnelles dont nous avons connaissance.<br \/>\u2022 Droit de rectification : vous avez le droit de compl\u00e9ter, corriger, faire supprimer ou bloquer vos donn\u00e9es personnelles \u00e0 tout moment.<br \/>\u2022 Si vous nous donnez votre consentement pour le traitement de vos donn\u00e9es, vous avez le droit de r\u00e9voquer ce consentement et de faire supprimer vos donn\u00e9es personnelles.<br \/>\u2022 Droit de transf\u00e9rer vos donn\u00e9es : vous avez le droit de demander toutes vos donn\u00e9es personnelles au responsable et de les transf\u00e9rer dans leur int\u00e9gralit\u00e9 \u00e0 un autre responsable.<br \/>\u2022 Droit d\u2019opposition : vous pouvez vous opposer au traitement de vos donn\u00e9es. Nous obtemp\u00e9rerons, \u00e0 moins que certaines raisons ne justifient ce traitement.<\/p>\n<p>Pour exercer ces droits, veuillez nous contacter en vous r\u00e9f\u00e9rant aux coordonn\u00e9es en bas de cette Politique de Cookies.<br \/>Si vous avez une r\u00e9clamation concernant la fa\u00e7on dont nous traitons vos donn\u00e9es, nous aimerions en \u00eatre inform\u00e9s. Vous pouvez \u00e9galement envoyer une r\u00e9clamation aux autorit\u00e9s de contr\u00f4le comp\u00e9tentes.<\/p>\n<h3><strong>9. Activer\/d\u00e9sactiver et supprimer les Cookies<\/strong><\/h3>\n<p>Vous pouvez utiliser votre navigateur Internet pour supprimer automatiquement ou manuellement les Cookies. Vous pouvez \u00e9galement sp\u00e9cifier que certains Cookies ne peuvent pas \u00eatre plac\u00e9s. Une autre option consiste \u00e0 modifier les param\u00e8tres de votre navigateur Internet afin que vous receviez un message \u00e0 chaque fois qu\u2019un Cookie est plac\u00e9. Pour plus d\u2019informations sur ces options, reportez-vous aux instructions de la section Aide de votre navigateur.<br \/>Veuillez noter que notre Site peut ne pas marcher correctement si tous les Cookies sont d\u00e9sactiv\u00e9s. Si vous supprimez les Cookies dans votre navigateur, ils seront de nouveau plac\u00e9s apr\u00e8s votre consentement lorsque vous revisiterez notre Site.<\/p>\n<h3><strong>10. Coordonn\u00e9es<\/strong><\/h3>\n<p>Pour toute question et\/ou tout commentaire sur notre Politique de Cookies, veuillez nous contacter en utilisant les coordonn\u00e9es suivantes :<br \/>LIPHATECH<br \/>\u00ab\u00a0Bonnel\u00a0\u00bb \u2013 CS 10005 \u2013 47480 PONT DU CASSE \u2013 France<br \/>Site web : https:\/\/www.liphatech.fr<br \/>E-mail : data-privacy@desangosse.com.<br \/>Num\u00e9ro de t\u00e9l\u00e9phone : +33 (0) 5 53 69 36 30<\/p>\n<p>[\/et_pb_text][\/et_pb_column][\/et_pb_row][\/et_pb_section]<\/p>\n","protected":false},"excerpt":{"rendered":"<p>Politique de cookies 1. Introduction Notre Site utilise des cookies et autres technologies li\u00e9es (ci-apr\u00e8s conjointement les \u00ab Cookies \u00bb). Dans le document ci-dessous, nous vous informons de l\u2019utilisation des Cookies sur notre Site. 2. Qu\u2019est-ce qu\u2019un cookie ? Un cookie est un petit fichier simple envoy\u00e9 avec les pages de ce Site et stock\u00e9 [&hellip;]<\/p>\n","protected":false},"author":1,"featured_media":0,"parent":0,"menu_order":0,"comment_status":"closed","ping_status":"closed","template":"","meta":{"_acf_changed":false,"_et_pb_use_builder":"on","_et_pb_old_content":"","_et_gb_content_width":"","footnotes":""},"class_list":["post-112327","page","type-page","status-publish","hentry"],"acf":[],"yoast_head":"<!-- This site is optimized with the Yoast SEO plugin v26.5 - https:\/\/yoast.com\/wordpress\/plugins\/seo\/ -->\n<title>Politique de cookies - La Boutique LIPHATECH<\/title>\n<meta name=\"robots\" content=\"noindex, nofollow\" \/>\n<meta property=\"og:locale\" content=\"fr_FR\" \/>\n<meta property=\"og:type\" content=\"article\" \/>\n<meta property=\"og:title\" content=\"Politique de cookies - La Boutique LIPHATECH\" \/>\n<meta property=\"og:url\" content=\"https:\/\/www.liphatech.fr\/boutique\/politique-de-cookies\/\" \/>\n<meta property=\"og:site_name\" content=\"La Boutique LIPHATECH\" \/>\n<meta property=\"article:modified_time\" content=\"2025-06-30T15:44:55+00:00\" \/>\n<meta name=\"twitter:card\" content=\"summary_large_image\" \/>\n<meta name=\"twitter:description\" content=\"[dipl_breadcrumb breadcrumb_layout=&quot;layout2&quot; separator_text=&quot;\/&quot; separator_size=&quot;19px&quot; separator_color=&quot;#333333&quot; use_home_link_custom_text=&quot;on&quot; home_link_text=&quot;Accueil&quot; module_class=&quot;fil_ariane&quot; _builder_version=&quot;4.27.4&quot; _module_preset=&quot;default&quot; global_text_settings_font_size=&quot;1rem&quot; text_font=&quot;Roboto||||||||&quot; text_text_color=&quot;#333333&quot; link_font=&quot;Roboto||||||||&quot; link_text_color=&quot;#333333&quot; custom_margin=&quot;0px||0px||true|false&quot; custom_padding=&quot;0px||0px||true|false&quot; locked=&quot;off&quot; global_colors_info=&quot;{}&quot;][\/dipl_breadcrumb]\" \/>\n<meta name=\"twitter:label1\" content=\"Dur\u00e9e de lecture estim\u00e9e\" \/>\n\t<meta name=\"twitter:data1\" content=\"6 minutes\" \/>\n<script type=\"application\/ld+json\" class=\"yoast-schema-graph\">{\"@context\":\"https:\/\/schema.org\",\"@graph\":[{\"@type\":\"WebPage\",\"@id\":\"https:\/\/www.liphatech.fr\/boutique\/politique-de-cookies\/\",\"url\":\"https:\/\/www.liphatech.fr\/boutique\/politique-de-cookies\/\",\"name\":\"Politique de cookies - La Boutique LIPHATECH\",\"isPartOf\":{\"@id\":\"https:\/\/www.liphatech.fr\/boutique\/#website\"},\"datePublished\":\"2024-07-17T06:44:18+00:00\",\"dateModified\":\"2025-06-30T15:44:55+00:00\",\"breadcrumb\":{\"@id\":\"https:\/\/www.liphatech.fr\/boutique\/politique-de-cookies\/#breadcrumb\"},\"inLanguage\":\"fr-FR\",\"potentialAction\":[{\"@type\":\"ReadAction\",\"target\":[\"https:\/\/www.liphatech.fr\/boutique\/politique-de-cookies\/\"]}]},{\"@type\":\"BreadcrumbList\",\"@id\":\"https:\/\/www.liphatech.fr\/boutique\/politique-de-cookies\/#breadcrumb\",\"itemListElement\":[{\"@type\":\"ListItem\",\"position\":1,\"name\":\"Accueil\",\"item\":\"https:\/\/www.liphatech.fr\/boutique\/\"},{\"@type\":\"ListItem\",\"position\":2,\"name\":\"Politique de cookies\"}]},{\"@type\":\"WebSite\",\"@id\":\"https:\/\/www.liphatech.fr\/boutique\/#website\",\"url\":\"https:\/\/www.liphatech.fr\/boutique\/\",\"name\":\"La Boutique LIPHATECH\",\"description\":\"\",\"potentialAction\":[{\"@type\":\"SearchAction\",\"target\":{\"@type\":\"EntryPoint\",\"urlTemplate\":\"https:\/\/www.liphatech.fr\/boutique\/?s={search_term_string}\"},\"query-input\":{\"@type\":\"PropertyValueSpecification\",\"valueRequired\":true,\"valueName\":\"search_term_string\"}}],\"inLanguage\":\"fr-FR\"}]}<\/script>\n<!-- \/ Yoast SEO plugin. -->","yoast_head_json":{"title":"Politique de cookies - La Boutique LIPHATECH","robots":{"index":"noindex","follow":"nofollow"},"og_locale":"fr_FR","og_type":"article","og_title":"Politique de cookies - La Boutique LIPHATECH","og_url":"https:\/\/www.liphatech.fr\/boutique\/politique-de-cookies\/","og_site_name":"La Boutique LIPHATECH","article_modified_time":"2025-06-30T15:44:55+00:00","twitter_card":"summary_large_image","twitter_description":"[dipl_breadcrumb breadcrumb_layout=\"layout2\" separator_text=\"\/\" separator_size=\"19px\" separator_color=\"#333333\" use_home_link_custom_text=\"on\" home_link_text=\"Accueil\" module_class=\"fil_ariane\" _builder_version=\"4.27.4\" _module_preset=\"default\" global_text_settings_font_size=\"1rem\" text_font=\"Roboto||||||||\" text_text_color=\"#333333\" link_font=\"Roboto||||||||\" link_text_color=\"#333333\" custom_margin=\"0px||0px||true|false\" custom_padding=\"0px||0px||true|false\" locked=\"off\" global_colors_info=\"{}\"][\/dipl_breadcrumb]","twitter_misc":{"Dur\u00e9e de lecture estim\u00e9e":"6 minutes"},"schema":{"@context":"https:\/\/schema.org","@graph":[{"@type":"WebPage","@id":"https:\/\/www.liphatech.fr\/boutique\/politique-de-cookies\/","url":"https:\/\/www.liphatech.fr\/boutique\/politique-de-cookies\/","name":"Politique de cookies - La Boutique LIPHATECH","isPartOf":{"@id":"https:\/\/www.liphatech.fr\/boutique\/#website"},"datePublished":"2024-07-17T06:44:18+00:00","dateModified":"2025-06-30T15:44:55+00:00","breadcrumb":{"@id":"https:\/\/www.liphatech.fr\/boutique\/politique-de-cookies\/#breadcrumb"},"inLanguage":"fr-FR","potentialAction":[{"@type":"ReadAction","target":["https:\/\/www.liphatech.fr\/boutique\/politique-de-cookies\/"]}]},{"@type":"BreadcrumbList","@id":"https:\/\/www.liphatech.fr\/boutique\/politique-de-cookies\/#breadcrumb","itemListElement":[{"@type":"ListItem","position":1,"name":"Accueil","item":"https:\/\/www.liphatech.fr\/boutique\/"},{"@type":"ListItem","position":2,"name":"Politique de cookies"}]},{"@type":"WebSite","@id":"https:\/\/www.liphatech.fr\/boutique\/#website","url":"https:\/\/www.liphatech.fr\/boutique\/","name":"La Boutique LIPHATECH","description":"","potentialAction":[{"@type":"SearchAction","target":{"@type":"EntryPoint","urlTemplate":"https:\/\/www.liphatech.fr\/boutique\/?s={search_term_string}"},"query-input":{"@type":"PropertyValueSpecification","valueRequired":true,"valueName":"search_term_string"}}],"inLanguage":"fr-FR"}]}},"_links":{"self":[{"href":"https:\/\/www.liphatech.fr\/boutique\/wp-json\/wp\/v2\/pages\/112327","targetHints":{"allow":["GET"]}}],"collection":[{"href":"https:\/\/www.liphatech.fr\/boutique\/wp-json\/wp\/v2\/pages"}],"about":[{"href":"https:\/\/www.liphatech.fr\/boutique\/wp-json\/wp\/v2\/types\/page"}],"author":[{"embeddable":true,"href":"https:\/\/www.liphatech.fr\/boutique\/wp-json\/wp\/v2\/users\/1"}],"replies":[{"embeddable":true,"href":"https:\/\/www.liphatech.fr\/boutique\/wp-json\/wp\/v2\/comments?post=112327"}],"version-history":[{"count":4,"href":"https:\/\/www.liphatech.fr\/boutique\/wp-json\/wp\/v2\/pages\/112327\/revisions"}],"predecessor-version":[{"id":114443,"href":"https:\/\/www.liphatech.fr\/boutique\/wp-json\/wp\/v2\/pages\/112327\/revisions\/114443"}],"wp:attachment":[{"href":"https:\/\/www.liphatech.fr\/boutique\/wp-json\/wp\/v2\/media?parent=112327"}],"curies":[{"name":"wp","href":"https:\/\/api.w.org\/{rel}","templated":true}]}}