{"id":110697,"date":"2025-08-24T11:49:59","date_gmt":"2025-08-24T09:49:59","guid":{"rendered":"https:\/\/boutique.desangosse.mywebstrategies.com\/?post_type=product&#038;p=110697"},"modified":"2026-03-20T12:02:35","modified_gmt":"2026-03-20T11:02:35","slug":"generation-pat","status":"publish","type":"product","link":"https:\/\/www.liphatech.fr\/boutique\/produit\/generation-pat\/","title":{"rendered":"GENERATION\u00ae PAT&rsquo;"},"content":{"rendered":"<p><u>SEAU DE 5 Kg &#8211; Sachet de 10g :<\/u><\/p>\n<ul>\n<li>Dimensions seau\u00a0: 29,6 x 19,7 x 26,5 cm \u2013 Poids Brut Seau\u00a0: 5,291 kg<\/li>\n<li>Demi palette : 40 seaux<\/li>\n<li>Palette de\u00a0: 80 seaux \u2013 Dimensions Pal\u00a0: 120 x 80 x 164 \u2013 Poids Pal Brut : 441,28 kg<\/li>\n<\/ul>\n<p><u>CARTON DE 15 Kg &#8211; Sachet de 10g :<\/u><\/p>\n<ul>\n<li>Dimensions carton\u00a0: 38 x 29 x 28,3 cm \u2013 Poids Brut Seau\u00a0: 15,792 kg<\/li>\n<li>Demi palette : 20 cartons<\/li>\n<li>Palette de\u00a0: 40 cartons \u2013 Dimensions Pal\u00a0: 120 x 80 x 159,5 \u2013 Poids Pal Brut : 649,68 kg<\/li>\n<\/ul>\n","protected":false},"excerpt":{"rendered":"<p>P\u00e2te d\u2019une qualit\u00e9 unique pour une efficacit\u00e9 garantie. App\u00e9tence maximale gr\u00e2ce au turbo p\u00e9trissage : process de fabrication exclusif Liphatech<br \/>\nGr\u00e2ce \u00e0 un dosage pr\u00e9cis des ingr\u00e9dients, la p\u00e2te est fra\u00eeche et non collante.<\/p>\n<div id=\"row-process\"><img decoding=\"async\" src=\"https:\/\/www.liphatech.fr\/boutique\/\/\/wp-content\/uploads\/2024\/09\/picto-youtube.png\" alt=\"\" \/><br \/>\n<a class=\"cta_process\" href=\"https:\/\/youtu.be\/Wj-q3U4KcTs?si=o_bku91H4KTHPpHq \" target=\"_blank\" rel=\"noopener\">Voir le Process de fabrication<\/a><\/div>\n<div id=\"picto-produit\"><img decoding=\"async\" src=\"https:\/\/www.liphatech.fr\/boutique\/\/\/wp-content\/uploads\/2024\/08\/turbo-petrissage-logo.png\" alt=\"\" \/><br \/>\n<img decoding=\"async\" src=\"https:\/\/www.liphatech.fr\/boutique\/\/\/wp-content\/uploads\/2024\/08\/Fabrique-en-france-logo.webp\" alt=\"\" \/><\/div>\n<p>Recommand\u00e9 pour lutter en situations difficiles : forte comp\u00e9tition alimentaire, fortes infestations<\/p>\n<div id=\"col2\">\n<p><img decoding=\"async\" src=\"https:\/\/www.liphatech.fr\/boutique\/\/\/wp-content\/uploads\/2024\/08\/logo-25ppm.png\" alt=\"\" \/><\/p>\n<div id=\"mentions-obligatoires\">Nom homologu\u00e9 : GENERATION PAT\u2019 AMM N\u00b0FR-2012-0500<br \/>\nComposition : Dif\u00e9thialone 0,0025%<br \/>\nUsage : Rats, Souris.<br \/>\nClassement : Toxicit\u00e9 sp\u00e9cifique pour certains organes cibles \u2013 Exposition r\u00e9p\u00e9t\u00e9e (cat\u00e9gorie 2), Danger pour le milieu aquatique \u2013 toxicit\u00e9 chronique (cat\u00e9gorie 3)<br \/>\nUtilisation : lieux secs ou prot\u00e9g\u00e9s. Traitement curatif.<\/div>\n<div><\/div>\n<\/div>\n\n","protected":false},"featured_media":111065,"comment_status":"open","ping_status":"closed","template":"","meta":{"_acf_changed":false,"_et_pb_use_builder":"","_et_pb_old_content":"","_et_gb_content_width":""},"product_brand":[],"product_cat":[127,119,165,151,142],"product_tag":[],"class_list":{"0":"post-110697","1":"product","2":"type-product","3":"status-publish","4":"has-post-thumbnail","6":"product_cat-difethialone","7":"product_cat-generation","8":"product_cat-je-traite-curatif","9":"product_cat-pate","10":"product_cat-rats-souris","12":"first","13":"instock","14":"featured","15":"taxable","16":"shipping-taxable","17":"purchasable","18":"product-type-variable"},"acf":[],"yoast_head":"<!-- This site is optimized with the Yoast SEO plugin v26.5 - https:\/\/yoast.com\/wordpress\/plugins\/seo\/ -->\n<title>GENERATION\u00ae PAT&#039; - La Boutique LIPHATECH<\/title>\n<meta name=\"robots\" content=\"index, follow, max-snippet:-1, max-image-preview:large, max-video-preview:-1\" \/>\n<link rel=\"canonical\" href=\"https:\/\/www.liphatech.fr\/boutique\/produit\/generation-pat\/\" \/>\n<meta property=\"og:locale\" content=\"fr_FR\" \/>\n<meta property=\"og:type\" content=\"article\" \/>\n<meta property=\"og:title\" content=\"GENERATION\u00ae PAT&#039; - La Boutique LIPHATECH\" \/>\n<meta property=\"og:description\" content=\"P\u00e2te d\u2019une qualit\u00e9 unique pour une efficacit\u00e9 garantie. App\u00e9tence maximale gr\u00e2ce au turbo p\u00e9trissage : process de fabrication exclusif Liphatech Gr\u00e2ce \u00e0 un dosage pr\u00e9cis des ingr\u00e9dients, la p\u00e2te est fra\u00eeche et non collante.  Voir le Process de fabrication   Recommand\u00e9 pour lutter en situations difficiles : forte comp\u00e9tition alimentaire, fortes infestations    Nom homologu\u00e9 : GENERATION PAT\u2019 AMM N\u00b0FR-2012-0500 Composition : Dif\u00e9thialone 0,0025% Usage : Rats, Souris. Classement : Toxicit\u00e9 sp\u00e9cifique pour certains organes cibles \u2013 Exposition r\u00e9p\u00e9t\u00e9e (cat\u00e9gorie 2), Danger pour le milieu aquatique \u2013 toxicit\u00e9 chronique (cat\u00e9gorie 3) Utilisation : lieux secs ou prot\u00e9g\u00e9s. Traitement curatif.\" \/>\n<meta property=\"og:url\" content=\"https:\/\/www.liphatech.fr\/boutique\/produit\/generation-pat\/\" \/>\n<meta property=\"og:site_name\" content=\"La Boutique LIPHATECH\" \/>\n<meta property=\"article:modified_time\" content=\"2026-03-20T11:02:35+00:00\" \/>\n<meta property=\"og:image\" content=\"https:\/\/www.liphatech.fr\/boutique\/wp-content\/uploads\/2023\/09\/80000455-GENERATION-PAT-5KG-FACE.webp\" \/>\n\t<meta property=\"og:image:width\" content=\"500\" \/>\n\t<meta property=\"og:image:height\" content=\"500\" \/>\n\t<meta property=\"og:image:type\" content=\"image\/webp\" \/>\n<meta name=\"twitter:card\" content=\"summary_large_image\" \/>\n<meta name=\"twitter:label1\" content=\"Dur\u00e9e de lecture estim\u00e9e\" \/>\n\t<meta name=\"twitter:data1\" content=\"1 minute\" \/>\n<script type=\"application\/ld+json\" class=\"yoast-schema-graph\">{\"@context\":\"https:\/\/schema.org\",\"@graph\":[{\"@type\":\"WebPage\",\"@id\":\"https:\/\/www.liphatech.fr\/boutique\/produit\/generation-pat\/\",\"url\":\"https:\/\/www.liphatech.fr\/boutique\/produit\/generation-pat\/\",\"name\":\"GENERATION\u00ae PAT' - La Boutique LIPHATECH\",\"isPartOf\":{\"@id\":\"https:\/\/www.liphatech.fr\/boutique\/#website\"},\"primaryImageOfPage\":{\"@id\":\"https:\/\/www.liphatech.fr\/boutique\/produit\/generation-pat\/#primaryimage\"},\"image\":{\"@id\":\"https:\/\/www.liphatech.fr\/boutique\/produit\/generation-pat\/#primaryimage\"},\"thumbnailUrl\":\"https:\/\/www.liphatech.fr\/boutique\/wp-content\/uploads\/2023\/09\/80000455-GENERATION-PAT-5KG-FACE.webp\",\"datePublished\":\"2025-08-24T09:49:59+00:00\",\"dateModified\":\"2026-03-20T11:02:35+00:00\",\"breadcrumb\":{\"@id\":\"https:\/\/www.liphatech.fr\/boutique\/produit\/generation-pat\/#breadcrumb\"},\"inLanguage\":\"fr-FR\",\"potentialAction\":[{\"@type\":\"ReadAction\",\"target\":[\"https:\/\/www.liphatech.fr\/boutique\/produit\/generation-pat\/\"]}]},{\"@type\":\"ImageObject\",\"inLanguage\":\"fr-FR\",\"@id\":\"https:\/\/www.liphatech.fr\/boutique\/produit\/generation-pat\/#primaryimage\",\"url\":\"https:\/\/www.liphatech.fr\/boutique\/wp-content\/uploads\/2023\/09\/80000455-GENERATION-PAT-5KG-FACE.webp\",\"contentUrl\":\"https:\/\/www.liphatech.fr\/boutique\/wp-content\/uploads\/2023\/09\/80000455-GENERATION-PAT-5KG-FACE.webp\",\"width\":500,\"height\":500},{\"@type\":\"BreadcrumbList\",\"@id\":\"https:\/\/www.liphatech.fr\/boutique\/produit\/generation-pat\/#breadcrumb\",\"itemListElement\":[{\"@type\":\"ListItem\",\"position\":1,\"name\":\"Accueil\",\"item\":\"https:\/\/www.liphatech.fr\/boutique\/\"},{\"@type\":\"ListItem\",\"position\":2,\"name\":\"Boutique\",\"item\":\"https:\/\/www.liphatech.fr\/boutique\/boutique\/\"},{\"@type\":\"ListItem\",\"position\":3,\"name\":\"GENERATION\u00ae PAT&rsquo;\"}]},{\"@type\":\"WebSite\",\"@id\":\"https:\/\/www.liphatech.fr\/boutique\/#website\",\"url\":\"https:\/\/www.liphatech.fr\/boutique\/\",\"name\":\"La Boutique LIPHATECH\",\"description\":\"\",\"potentialAction\":[{\"@type\":\"SearchAction\",\"target\":{\"@type\":\"EntryPoint\",\"urlTemplate\":\"https:\/\/www.liphatech.fr\/boutique\/?s={search_term_string}\"},\"query-input\":{\"@type\":\"PropertyValueSpecification\",\"valueRequired\":true,\"valueName\":\"search_term_string\"}}],\"inLanguage\":\"fr-FR\"}]}<\/script>\n<!-- \/ Yoast SEO plugin. -->","yoast_head_json":{"title":"GENERATION\u00ae PAT' - La Boutique LIPHATECH","robots":{"index":"index","follow":"follow","max-snippet":"max-snippet:-1","max-image-preview":"max-image-preview:large","max-video-preview":"max-video-preview:-1"},"canonical":"https:\/\/www.liphatech.fr\/boutique\/produit\/generation-pat\/","og_locale":"fr_FR","og_type":"article","og_title":"GENERATION\u00ae PAT' - La Boutique LIPHATECH","og_description":"P\u00e2te d\u2019une qualit\u00e9 unique pour une efficacit\u00e9 garantie. App\u00e9tence maximale gr\u00e2ce au turbo p\u00e9trissage : process de fabrication exclusif Liphatech Gr\u00e2ce \u00e0 un dosage pr\u00e9cis des ingr\u00e9dients, la p\u00e2te est fra\u00eeche et non collante.  Voir le Process de fabrication   Recommand\u00e9 pour lutter en situations difficiles : forte comp\u00e9tition alimentaire, fortes infestations    Nom homologu\u00e9 : GENERATION PAT\u2019 AMM N\u00b0FR-2012-0500 Composition : Dif\u00e9thialone 0,0025% Usage : Rats, Souris. Classement : Toxicit\u00e9 sp\u00e9cifique pour certains organes cibles \u2013 Exposition r\u00e9p\u00e9t\u00e9e (cat\u00e9gorie 2), Danger pour le milieu aquatique \u2013 toxicit\u00e9 chronique (cat\u00e9gorie 3) Utilisation : lieux secs ou prot\u00e9g\u00e9s. Traitement curatif.","og_url":"https:\/\/www.liphatech.fr\/boutique\/produit\/generation-pat\/","og_site_name":"La Boutique LIPHATECH","article_modified_time":"2026-03-20T11:02:35+00:00","og_image":[{"width":500,"height":500,"url":"https:\/\/www.liphatech.fr\/boutique\/wp-content\/uploads\/2023\/09\/80000455-GENERATION-PAT-5KG-FACE.webp","type":"image\/webp"}],"twitter_card":"summary_large_image","twitter_misc":{"Dur\u00e9e de lecture estim\u00e9e":"1 minute"},"schema":{"@context":"https:\/\/schema.org","@graph":[{"@type":"WebPage","@id":"https:\/\/www.liphatech.fr\/boutique\/produit\/generation-pat\/","url":"https:\/\/www.liphatech.fr\/boutique\/produit\/generation-pat\/","name":"GENERATION\u00ae PAT' - La Boutique LIPHATECH","isPartOf":{"@id":"https:\/\/www.liphatech.fr\/boutique\/#website"},"primaryImageOfPage":{"@id":"https:\/\/www.liphatech.fr\/boutique\/produit\/generation-pat\/#primaryimage"},"image":{"@id":"https:\/\/www.liphatech.fr\/boutique\/produit\/generation-pat\/#primaryimage"},"thumbnailUrl":"https:\/\/www.liphatech.fr\/boutique\/wp-content\/uploads\/2023\/09\/80000455-GENERATION-PAT-5KG-FACE.webp","datePublished":"2025-08-24T09:49:59+00:00","dateModified":"2026-03-20T11:02:35+00:00","breadcrumb":{"@id":"https:\/\/www.liphatech.fr\/boutique\/produit\/generation-pat\/#breadcrumb"},"inLanguage":"fr-FR","potentialAction":[{"@type":"ReadAction","target":["https:\/\/www.liphatech.fr\/boutique\/produit\/generation-pat\/"]}]},{"@type":"ImageObject","inLanguage":"fr-FR","@id":"https:\/\/www.liphatech.fr\/boutique\/produit\/generation-pat\/#primaryimage","url":"https:\/\/www.liphatech.fr\/boutique\/wp-content\/uploads\/2023\/09\/80000455-GENERATION-PAT-5KG-FACE.webp","contentUrl":"https:\/\/www.liphatech.fr\/boutique\/wp-content\/uploads\/2023\/09\/80000455-GENERATION-PAT-5KG-FACE.webp","width":500,"height":500},{"@type":"BreadcrumbList","@id":"https:\/\/www.liphatech.fr\/boutique\/produit\/generation-pat\/#breadcrumb","itemListElement":[{"@type":"ListItem","position":1,"name":"Accueil","item":"https:\/\/www.liphatech.fr\/boutique\/"},{"@type":"ListItem","position":2,"name":"Boutique","item":"https:\/\/www.liphatech.fr\/boutique\/boutique\/"},{"@type":"ListItem","position":3,"name":"GENERATION\u00ae PAT&rsquo;"}]},{"@type":"WebSite","@id":"https:\/\/www.liphatech.fr\/boutique\/#website","url":"https:\/\/www.liphatech.fr\/boutique\/","name":"La Boutique LIPHATECH","description":"","potentialAction":[{"@type":"SearchAction","target":{"@type":"EntryPoint","urlTemplate":"https:\/\/www.liphatech.fr\/boutique\/?s={search_term_string}"},"query-input":{"@type":"PropertyValueSpecification","valueRequired":true,"valueName":"search_term_string"}}],"inLanguage":"fr-FR"}]}},"_links":{"self":[{"href":"https:\/\/www.liphatech.fr\/boutique\/wp-json\/wp\/v2\/product\/110697","targetHints":{"allow":["GET"]}}],"collection":[{"href":"https:\/\/www.liphatech.fr\/boutique\/wp-json\/wp\/v2\/product"}],"about":[{"href":"https:\/\/www.liphatech.fr\/boutique\/wp-json\/wp\/v2\/types\/product"}],"replies":[{"embeddable":true,"href":"https:\/\/www.liphatech.fr\/boutique\/wp-json\/wp\/v2\/comments?post=110697"}],"wp:featuredmedia":[{"embeddable":true,"href":"https:\/\/www.liphatech.fr\/boutique\/wp-json\/wp\/v2\/media\/111065"}],"wp:attachment":[{"href":"https:\/\/www.liphatech.fr\/boutique\/wp-json\/wp\/v2\/media?parent=110697"}],"wp:term":[{"taxonomy":"product_brand","embeddable":true,"href":"https:\/\/www.liphatech.fr\/boutique\/wp-json\/wp\/v2\/product_brand?post=110697"},{"taxonomy":"product_cat","embeddable":true,"href":"https:\/\/www.liphatech.fr\/boutique\/wp-json\/wp\/v2\/product_cat?post=110697"},{"taxonomy":"product_tag","embeddable":true,"href":"https:\/\/www.liphatech.fr\/boutique\/wp-json\/wp\/v2\/product_tag?post=110697"}],"curies":[{"name":"wp","href":"https:\/\/api.w.org\/{rel}","templated":true}]}}