{"id":111009,"date":"2024-09-22T12:07:22","date_gmt":"2024-09-22T10:07:22","guid":{"rendered":"https:\/\/boutique.desangosse.mywebstrategies.com\/?post_type=product&#038;p=111009"},"modified":"2026-03-20T12:03:28","modified_gmt":"2026-03-20T11:03:28","slug":"generation-block","status":"publish","type":"product","link":"https:\/\/www.liphatech.fr\/boutique\/produit\/generation-block\/","title":{"rendered":"GENERATION\u00ae BLOCK"},"content":{"rendered":"<p>REF 80035204 \/ Seau de 5 kg \u2013 Bloc 25 g perc\u00e9<\/p>\n<ul>\n<li>Dimensions Seau\u00a0: 38,7&#215;23,9&#215;27,6 cm \u2013 Poids Brut CDT\u00a0: 5.632kg<\/li>\n<li>Demi palette : 25 seaux<\/li>\n<li>Palette de\u00a0: 50 seaux \u2013 Dimensions Pal\u00a0: 120 x 80 x 156 \u2013 Poids Pal Brut\u00a0: 299 kg<\/li>\n<\/ul>\n<p>REF 80035209 \/ Carton de 9 KG \u2013 Bloc 25 g perc\u00e9 emball\u00e9<\/p>\n<ul>\n<li>Dimensions Carton\u00a0: 29,7x38x28,3 cm \u2013 Poids Brut CDT\u00a0: 9.800kg<\/li>\n<li>Demi palette : 20 cartons<\/li>\n<li>Palette de\u00a0: 40 cartons \u2013 Dimensions Pal\u00a0: 120 x 80x 159.5 \u2013 Poids Pal Brut\u00a0: 411 kg<\/li>\n<\/ul>\n<p>REF 80035205 \/ CARTON DE 10 KG \u2013 Bloc 25 g perc\u00e9<\/p>\n<ul>\n<li>Dimensions Carton : 29,7x38x28,3 cm \u2013 Poids Brut CDT : 9.800kg<\/li>\n<li>Demi palette : 20 cartons<\/li>\n<li>Palette de\u00a0: 40 cartons \u2013 Dimensions Pal\u00a0: 120 x 80x 159.5 \u2013 Poids Pal Brut\u00a0:455 kg<\/li>\n<\/ul>\n","protected":false},"excerpt":{"rendered":"<p>Bloc, une efficacit\u00e9 \u00e0 toute \u00e9preuve pour une protection longue dur\u00e9e gr\u00e2ce \u00e0 la turbo extrusion : process de fabrication exclusif Liphatech. Sa forme originale et brevet\u00e9e (plusieurs angles d\u2019attaque) favorise sa consommation par les rongeurs.<\/p>\n<div id=\"row-process\"><img decoding=\"async\" src=\"https:\/\/www.liphatech.fr\/boutique\/\/\/wp-content\/uploads\/2024\/09\/picto-youtube.png\" alt=\"\" \/><br \/>\n<a class=\"cta_process\" href=\"https:\/\/youtu.be\/5bcNTRjUZ4Q?si=h3CddfsNzFRauOZs\" target=\"_blank\" rel=\"noopener\">Voir le Process de fabrication<\/a><\/div>\n<div id=\"picto-produit\"><img decoding=\"async\" src=\"https:\/\/www.liphatech.fr\/boutique\/\/\/wp-content\/uploads\/2024\/08\/turbo-extrusion-logo.png\" alt=\"\" \/><br \/>\n<img decoding=\"async\" src=\"https:\/\/www.liphatech.fr\/boutique\/\/\/wp-content\/uploads\/2024\/08\/Fabrique-en-france-logo.webp\" alt=\"\" \/><\/div>\n<p>Recommand\u00e9 en cas de forte infestation et dans les lieux humides<\/p>\n<div id=\"col2\"><img decoding=\"async\" src=\"https:\/\/www.liphatech.fr\/boutique\/\/\/wp-content\/uploads\/2024\/08\/logo-25ppm.png\" alt=\"\" \/><\/div>\n<div id=\"mentions-obligatoires\">Nom homologu\u00e9 : GENERATION BLOCK AMM N\u00b0FR-2012-0499<br \/>\nComposition : Dif\u00e9thialone 0,0025%<br \/>\nUsage : Rats et Souris<br \/>\nClassement : Toxicit\u00e9 sp\u00e9cifique pour certains organes cibles \u2013 Exposition r\u00e9p\u00e9t\u00e9e (cat\u00e9gorie 2), Danger pour le milieu aquatique \u2013 toxicit\u00e9 chronique (cat\u00e9gorie 3)<br \/>\nUtilisation : id\u00e9al en lieux humides. Traitement curatif.<\/div>\n\n","protected":false},"featured_media":115489,"comment_status":"open","ping_status":"closed","template":"","meta":{"_acf_changed":false,"_et_pb_use_builder":"off","_et_pb_old_content":"REF 80035204 \/ Seau de 5 kg \u2013 Bloc 25 g perc\u00e9\r\n<ul>\r\n \t<li>Dimensions Seau\u00a0: 38,7x23,9x27,6 cm \u2013 Poids Brut CDT\u00a0: 5.632kg<\/li>\r\n \t<li>Palette de\u00a0: 50 seaux \u2013 Dimensions Pal\u00a0: 120 x 80 x 156 \u2013 Poids Pal Brut\u00a0: 299 kg<\/li>\r\n<\/ul>\r\nREF 80035209 \/ Carton de 9 KG \u2013 Bloc 25 g perc\u00e9 emball\u00e9\r\n<ul>\r\n \t<li>Dimensions Carton\u00a0: 29,7x38x28,3 cm \u2013 Poids Brut CDT\u00a0: 9.800kg<\/li>\r\n \t<li>Palette de\u00a0: 40 cartons \u2013 Dimensions Pal\u00a0: 120 x 80x 159.5 \u2013 Poids Pal Brut\u00a0: 411 kg<\/li>\r\n<\/ul>\r\nREF 80035205 \/ CARTON DE 10 KG \u2013 Bloc 25 g perc\u00e9\r\n<ul>\r\n \t<li>Dimensions Carton : 29,7x38x28,3 cm \u2013 Poids Brut CDT : 9.800kg<\/li>\r\n \t<li>Palette de\u00a0: 40 cartons \u2013 Dimensions Pal\u00a0: 120 x 80x 159.5 \u2013 Poids Pal Brut\u00a0:455 kg<\/li>\r\n<\/ul>","_et_gb_content_width":""},"product_brand":[],"product_cat":[149,127,119,165,143,142],"product_tag":[],"class_list":{"0":"post-111009","1":"product","2":"type-product","3":"status-publish","4":"has-post-thumbnail","6":"product_cat-bloc-rats-souris","7":"product_cat-difethialone","8":"product_cat-generation","9":"product_cat-je-traite-curatif","10":"product_cat-rats","11":"product_cat-rats-souris","13":"first","14":"instock","15":"featured","16":"taxable","17":"shipping-taxable","18":"purchasable","19":"product-type-variable"},"acf":[],"yoast_head":"<!-- This site is optimized with the Yoast SEO plugin v26.5 - https:\/\/yoast.com\/wordpress\/plugins\/seo\/ -->\n<title>GENERATION\u00ae BLOCK - La Boutique LIPHATECH<\/title>\n<meta name=\"robots\" content=\"index, follow, max-snippet:-1, max-image-preview:large, max-video-preview:-1\" \/>\n<link rel=\"canonical\" href=\"https:\/\/www.liphatech.fr\/boutique\/produit\/generation-block\/\" \/>\n<meta property=\"og:locale\" content=\"fr_FR\" \/>\n<meta property=\"og:type\" content=\"article\" \/>\n<meta property=\"og:title\" content=\"GENERATION\u00ae BLOCK - La Boutique LIPHATECH\" \/>\n<meta property=\"og:description\" content=\"Bloc, une efficacit\u00e9 \u00e0 toute \u00e9preuve pour une protection longue dur\u00e9e gr\u00e2ce \u00e0 la turbo extrusion : process de fabrication exclusif Liphatech. Sa forme originale et brevet\u00e9e (plusieurs angles d\u2019attaque) favorise sa consommation par les rongeurs.  Voir le Process de fabrication   Recommand\u00e9 en cas de forte infestation et dans les lieux humides  Nom homologu\u00e9 : GENERATION BLOCK AMM N\u00b0FR-2012-0499 Composition : Dif\u00e9thialone 0,0025% Usage : Rats et Souris Classement : Toxicit\u00e9 sp\u00e9cifique pour certains organes cibles \u2013 Exposition r\u00e9p\u00e9t\u00e9e (cat\u00e9gorie 2), Danger pour le milieu aquatique \u2013 toxicit\u00e9 chronique (cat\u00e9gorie 3) Utilisation : id\u00e9al en lieux humides. Traitement curatif.\" \/>\n<meta property=\"og:url\" content=\"https:\/\/www.liphatech.fr\/boutique\/produit\/generation-block\/\" \/>\n<meta property=\"og:site_name\" content=\"La Boutique LIPHATECH\" \/>\n<meta property=\"article:modified_time\" content=\"2026-03-20T11:03:28+00:00\" \/>\n<meta property=\"og:image\" content=\"https:\/\/www.liphatech.fr\/boutique\/wp-content\/uploads\/2026\/03\/generation-block-5-kg-souris.jpg\" \/>\n\t<meta property=\"og:image:width\" content=\"500\" \/>\n\t<meta property=\"og:image:height\" content=\"500\" \/>\n\t<meta property=\"og:image:type\" content=\"image\/jpeg\" \/>\n<meta name=\"twitter:card\" content=\"summary_large_image\" \/>\n<meta name=\"twitter:label1\" content=\"Dur\u00e9e de lecture estim\u00e9e\" \/>\n\t<meta name=\"twitter:data1\" content=\"1 minute\" \/>\n<script type=\"application\/ld+json\" class=\"yoast-schema-graph\">{\"@context\":\"https:\/\/schema.org\",\"@graph\":[{\"@type\":\"WebPage\",\"@id\":\"https:\/\/www.liphatech.fr\/boutique\/produit\/generation-block\/\",\"url\":\"https:\/\/www.liphatech.fr\/boutique\/produit\/generation-block\/\",\"name\":\"GENERATION\u00ae BLOCK - La Boutique LIPHATECH\",\"isPartOf\":{\"@id\":\"https:\/\/www.liphatech.fr\/boutique\/#website\"},\"primaryImageOfPage\":{\"@id\":\"https:\/\/www.liphatech.fr\/boutique\/produit\/generation-block\/#primaryimage\"},\"image\":{\"@id\":\"https:\/\/www.liphatech.fr\/boutique\/produit\/generation-block\/#primaryimage\"},\"thumbnailUrl\":\"https:\/\/www.liphatech.fr\/boutique\/wp-content\/uploads\/2026\/03\/generation-block-5-kg-souris.jpg\",\"datePublished\":\"2024-09-22T10:07:22+00:00\",\"dateModified\":\"2026-03-20T11:03:28+00:00\",\"breadcrumb\":{\"@id\":\"https:\/\/www.liphatech.fr\/boutique\/produit\/generation-block\/#breadcrumb\"},\"inLanguage\":\"fr-FR\",\"potentialAction\":[{\"@type\":\"ReadAction\",\"target\":[\"https:\/\/www.liphatech.fr\/boutique\/produit\/generation-block\/\"]}]},{\"@type\":\"ImageObject\",\"inLanguage\":\"fr-FR\",\"@id\":\"https:\/\/www.liphatech.fr\/boutique\/produit\/generation-block\/#primaryimage\",\"url\":\"https:\/\/www.liphatech.fr\/boutique\/wp-content\/uploads\/2026\/03\/generation-block-5-kg-souris.jpg\",\"contentUrl\":\"https:\/\/www.liphatech.fr\/boutique\/wp-content\/uploads\/2026\/03\/generation-block-5-kg-souris.jpg\",\"width\":500,\"height\":500},{\"@type\":\"BreadcrumbList\",\"@id\":\"https:\/\/www.liphatech.fr\/boutique\/produit\/generation-block\/#breadcrumb\",\"itemListElement\":[{\"@type\":\"ListItem\",\"position\":1,\"name\":\"Accueil\",\"item\":\"https:\/\/www.liphatech.fr\/boutique\/\"},{\"@type\":\"ListItem\",\"position\":2,\"name\":\"Boutique\",\"item\":\"https:\/\/www.liphatech.fr\/boutique\/boutique\/\"},{\"@type\":\"ListItem\",\"position\":3,\"name\":\"GENERATION\u00ae BLOCK\"}]},{\"@type\":\"WebSite\",\"@id\":\"https:\/\/www.liphatech.fr\/boutique\/#website\",\"url\":\"https:\/\/www.liphatech.fr\/boutique\/\",\"name\":\"La Boutique LIPHATECH\",\"description\":\"\",\"potentialAction\":[{\"@type\":\"SearchAction\",\"target\":{\"@type\":\"EntryPoint\",\"urlTemplate\":\"https:\/\/www.liphatech.fr\/boutique\/?s={search_term_string}\"},\"query-input\":{\"@type\":\"PropertyValueSpecification\",\"valueRequired\":true,\"valueName\":\"search_term_string\"}}],\"inLanguage\":\"fr-FR\"}]}<\/script>\n<!-- \/ Yoast SEO plugin. -->","yoast_head_json":{"title":"GENERATION\u00ae BLOCK - La Boutique LIPHATECH","robots":{"index":"index","follow":"follow","max-snippet":"max-snippet:-1","max-image-preview":"max-image-preview:large","max-video-preview":"max-video-preview:-1"},"canonical":"https:\/\/www.liphatech.fr\/boutique\/produit\/generation-block\/","og_locale":"fr_FR","og_type":"article","og_title":"GENERATION\u00ae BLOCK - La Boutique LIPHATECH","og_description":"Bloc, une efficacit\u00e9 \u00e0 toute \u00e9preuve pour une protection longue dur\u00e9e gr\u00e2ce \u00e0 la turbo extrusion : process de fabrication exclusif Liphatech. Sa forme originale et brevet\u00e9e (plusieurs angles d\u2019attaque) favorise sa consommation par les rongeurs.  Voir le Process de fabrication   Recommand\u00e9 en cas de forte infestation et dans les lieux humides  Nom homologu\u00e9 : GENERATION BLOCK AMM N\u00b0FR-2012-0499 Composition : Dif\u00e9thialone 0,0025% Usage : Rats et Souris Classement : Toxicit\u00e9 sp\u00e9cifique pour certains organes cibles \u2013 Exposition r\u00e9p\u00e9t\u00e9e (cat\u00e9gorie 2), Danger pour le milieu aquatique \u2013 toxicit\u00e9 chronique (cat\u00e9gorie 3) Utilisation : id\u00e9al en lieux humides. Traitement curatif.","og_url":"https:\/\/www.liphatech.fr\/boutique\/produit\/generation-block\/","og_site_name":"La Boutique LIPHATECH","article_modified_time":"2026-03-20T11:03:28+00:00","og_image":[{"width":500,"height":500,"url":"https:\/\/www.liphatech.fr\/boutique\/wp-content\/uploads\/2026\/03\/generation-block-5-kg-souris.jpg","type":"image\/jpeg"}],"twitter_card":"summary_large_image","twitter_misc":{"Dur\u00e9e de lecture estim\u00e9e":"1 minute"},"schema":{"@context":"https:\/\/schema.org","@graph":[{"@type":"WebPage","@id":"https:\/\/www.liphatech.fr\/boutique\/produit\/generation-block\/","url":"https:\/\/www.liphatech.fr\/boutique\/produit\/generation-block\/","name":"GENERATION\u00ae BLOCK - La Boutique LIPHATECH","isPartOf":{"@id":"https:\/\/www.liphatech.fr\/boutique\/#website"},"primaryImageOfPage":{"@id":"https:\/\/www.liphatech.fr\/boutique\/produit\/generation-block\/#primaryimage"},"image":{"@id":"https:\/\/www.liphatech.fr\/boutique\/produit\/generation-block\/#primaryimage"},"thumbnailUrl":"https:\/\/www.liphatech.fr\/boutique\/wp-content\/uploads\/2026\/03\/generation-block-5-kg-souris.jpg","datePublished":"2024-09-22T10:07:22+00:00","dateModified":"2026-03-20T11:03:28+00:00","breadcrumb":{"@id":"https:\/\/www.liphatech.fr\/boutique\/produit\/generation-block\/#breadcrumb"},"inLanguage":"fr-FR","potentialAction":[{"@type":"ReadAction","target":["https:\/\/www.liphatech.fr\/boutique\/produit\/generation-block\/"]}]},{"@type":"ImageObject","inLanguage":"fr-FR","@id":"https:\/\/www.liphatech.fr\/boutique\/produit\/generation-block\/#primaryimage","url":"https:\/\/www.liphatech.fr\/boutique\/wp-content\/uploads\/2026\/03\/generation-block-5-kg-souris.jpg","contentUrl":"https:\/\/www.liphatech.fr\/boutique\/wp-content\/uploads\/2026\/03\/generation-block-5-kg-souris.jpg","width":500,"height":500},{"@type":"BreadcrumbList","@id":"https:\/\/www.liphatech.fr\/boutique\/produit\/generation-block\/#breadcrumb","itemListElement":[{"@type":"ListItem","position":1,"name":"Accueil","item":"https:\/\/www.liphatech.fr\/boutique\/"},{"@type":"ListItem","position":2,"name":"Boutique","item":"https:\/\/www.liphatech.fr\/boutique\/boutique\/"},{"@type":"ListItem","position":3,"name":"GENERATION\u00ae BLOCK"}]},{"@type":"WebSite","@id":"https:\/\/www.liphatech.fr\/boutique\/#website","url":"https:\/\/www.liphatech.fr\/boutique\/","name":"La Boutique LIPHATECH","description":"","potentialAction":[{"@type":"SearchAction","target":{"@type":"EntryPoint","urlTemplate":"https:\/\/www.liphatech.fr\/boutique\/?s={search_term_string}"},"query-input":{"@type":"PropertyValueSpecification","valueRequired":true,"valueName":"search_term_string"}}],"inLanguage":"fr-FR"}]}},"_links":{"self":[{"href":"https:\/\/www.liphatech.fr\/boutique\/wp-json\/wp\/v2\/product\/111009","targetHints":{"allow":["GET"]}}],"collection":[{"href":"https:\/\/www.liphatech.fr\/boutique\/wp-json\/wp\/v2\/product"}],"about":[{"href":"https:\/\/www.liphatech.fr\/boutique\/wp-json\/wp\/v2\/types\/product"}],"replies":[{"embeddable":true,"href":"https:\/\/www.liphatech.fr\/boutique\/wp-json\/wp\/v2\/comments?post=111009"}],"wp:featuredmedia":[{"embeddable":true,"href":"https:\/\/www.liphatech.fr\/boutique\/wp-json\/wp\/v2\/media\/115489"}],"wp:attachment":[{"href":"https:\/\/www.liphatech.fr\/boutique\/wp-json\/wp\/v2\/media?parent=111009"}],"wp:term":[{"taxonomy":"product_brand","embeddable":true,"href":"https:\/\/www.liphatech.fr\/boutique\/wp-json\/wp\/v2\/product_brand?post=111009"},{"taxonomy":"product_cat","embeddable":true,"href":"https:\/\/www.liphatech.fr\/boutique\/wp-json\/wp\/v2\/product_cat?post=111009"},{"taxonomy":"product_tag","embeddable":true,"href":"https:\/\/www.liphatech.fr\/boutique\/wp-json\/wp\/v2\/product_tag?post=111009"}],"curies":[{"name":"wp","href":"https:\/\/api.w.org\/{rel}","templated":true}]}}