{"id":111015,"date":"2025-08-23T12:30:26","date_gmt":"2025-08-23T10:30:26","guid":{"rendered":"https:\/\/boutique.desangosse.mywebstrategies.com\/?post_type=product&#038;p=111015"},"modified":"2026-03-18T16:54:57","modified_gmt":"2026-03-18T15:54:57","slug":"generation-graintech","status":"publish","type":"product","link":"https:\/\/www.liphatech.fr\/boutique\/produit\/generation-graintech\/","title":{"rendered":"GENERATION\u00ae GRAIN&rsquo;TECH"},"content":{"rendered":"<p><u>SEAU DE 6 kg &#8211; Vrac :<\/u><\/p>\n<ul>\n<li>Dimensions Seau : 29,6 x 19,7 x 26,5 cm \u2013 Poids Brut CDT\u00a0: 6,35 kg<\/li>\n<li>Demi palette : 40 seaux<\/li>\n<li>Palette de\u00a0: 80 seaux \u2013 Dimensions Pal\u00a0: 120 x 80 x 150 \u2013 Poids Pal Brut : 526 kg<\/li>\n<\/ul>\n<p><u>SAC DE 10KG &#8211; Vrac :<\/u><\/p>\n<ul>\n<li>Dimensions sac : 40 x 28 x 12 cm \u2013 Poids Brut CDT\u00a0: 15,792 kg<\/li>\n<li>Demi palette : 28 sacs<\/li>\n<li>Palette de : 56 sacs \u2013 Dimensions Pal : 120 x 100 x 147 \u2013 Poids Pal Brut : 1029,8 kg<\/li>\n<\/ul>\n<p><u>CARTON DE 15KG &#8211; Sachet T&rsquo;PLEX 25g :<\/u><\/p>\n<ul>\n<li>Dimensions carton : 29,7 x 38 x 28,3 cm \u2013 Poids Brut CDT\u00a0: 15,792 kg<\/li>\n<li>Demi palette : 20 cartons<\/li>\n<li>Palette de\u00a0: 40 cartons \u2013 Dimensions Pal\u00a0: 120 x 80 x 159,5 \u2013 Poids Pal Brut : 649,68 kg<\/li>\n<\/ul>\n","protected":false},"excerpt":{"rendered":"<p>Bl\u00e9 s\u00e9lectionn\u00e9 de qualit\u00e9 biscuiti\u00e8re. Formulation innovante et unique sur le march\u00e9 gr\u00e2ce \u00e0 la turbo impr\u00e9gnation\u00a0: process de fabrication exclusif Liphatech<\/p>\n<div id=\"row-process\"><img decoding=\"async\" src=\"https:\/\/www.liphatech.fr\/boutique\/\/\/wp-content\/uploads\/2024\/09\/picto-youtube.png\" alt=\"\" \/><br \/>\n<a class=\"cta_process\" href=\"https:\/\/youtu.be\/_HxwyVxWp3o?si=8bJV9Txraxsm-H6E\" target=\"_blank\" rel=\"noopener\">Voir le Process de fabrication<\/a><\/div>\n<div id=\"picto-produit\"><img decoding=\"async\" src=\"https:\/\/www.liphatech.fr\/boutique\/\/\/wp-content\/uploads\/2024\/08\/turbo-impregnation-logo.png\" alt=\"\" \/><br \/>\n<img decoding=\"async\" src=\"https:\/\/www.liphatech.fr\/boutique\/\/\/wp-content\/uploads\/2024\/08\/Fabrique-en-france-logo.webp\" alt=\"\" \/><\/div>\n<p>Recommand\u00e9 pour lutter en situations difficiles : forte comp\u00e9tition, fortes infestations<\/p>\n<div id=\"col2\">\n<p><img decoding=\"async\" src=\"https:\/\/www.liphatech.fr\/boutique\/\/\/wp-content\/uploads\/2024\/08\/logo-25ppm.png\" alt=\"\" \/><\/p>\n<div id=\"mentions-obligatoires\">Nom homologu\u00e9 : GENERATION\u00ae GRAIN&rsquo;TECH AMM N\u00b0FR-2012-0504<br \/>\nComposition : Dif\u00e9thialone 0,0025%<br \/>\nUsage : Rats et Souris<br \/>\nClassement : Toxicit\u00e9 sp\u00e9cifique pour certains organes cibles \u2013 Exposition r\u00e9p\u00e9t\u00e9e (cat\u00e9gorie 2), Danger pour le milieu aquatique \u2013 toxicit\u00e9 chronique (cat\u00e9gorie 3)<br \/>\nUtilisation : Lieux secs ou prot\u00e9g\u00e9s, traitement curatif.<\/div>\n<\/div>\n\n","protected":false},"featured_media":111067,"comment_status":"open","ping_status":"closed","template":"","meta":{"_acf_changed":false,"_et_pb_use_builder":"off","_et_pb_old_content":"<u>Conditionnement en seau de 6 kg :<\/u>\r\n\r\nCarton en cm : 29,6 x 19,7 x 26,5\r\nPalette en cm : 120 x 80 x 150\r\nPoids carton en kg : 6,35\r\nPoids palette en kg : 526\r\n\r\n<u>Conditionnement en sac de 10 kg :<\/u>\r\n\r\nCarton en cm : 40 x 28 x 12\r\nPalette en cm : 120 x 100 x 147\r\nPoids carton en kg : 10,2\r\nPoids palette en kg : 1029,8\r\n\r\n<u>Conditionnement en carton de 15 kg :<\/u>\r\n\r\nCarton en cm : 29,7 x 38 x 28,3\r\nPalette en cm : 120 x 80 x 159,5\r\nPoids carton en kg : 15,792\r\nPoids palette en kg : 649,68","_et_gb_content_width":""},"product_brand":[],"product_cat":[150,127,119,165,142],"product_tag":[],"class_list":{"0":"post-111015","1":"product","2":"type-product","3":"status-publish","4":"has-post-thumbnail","6":"product_cat-cereales","7":"product_cat-difethialone","8":"product_cat-generation","9":"product_cat-je-traite-curatif","10":"product_cat-rats-souris","12":"first","13":"instock","14":"featured","15":"taxable","16":"shipping-taxable","17":"purchasable","18":"product-type-variable"},"acf":[],"yoast_head":"<!-- This site is optimized with the Yoast SEO plugin v26.5 - https:\/\/yoast.com\/wordpress\/plugins\/seo\/ -->\n<title>GENERATION\u00ae GRAIN&#039;TECH - La Boutique LIPHATECH<\/title>\n<meta name=\"robots\" content=\"index, follow, max-snippet:-1, max-image-preview:large, max-video-preview:-1\" \/>\n<link rel=\"canonical\" href=\"https:\/\/www.liphatech.fr\/boutique\/produit\/generation-graintech\/\" \/>\n<meta property=\"og:locale\" content=\"fr_FR\" \/>\n<meta property=\"og:type\" content=\"article\" \/>\n<meta property=\"og:title\" content=\"GENERATION\u00ae GRAIN&#039;TECH - La Boutique LIPHATECH\" \/>\n<meta property=\"og:description\" content=\"Bl\u00e9 s\u00e9lectionn\u00e9 de qualit\u00e9 biscuiti\u00e8re. Formulation innovante et unique sur le march\u00e9 gr\u00e2ce \u00e0 la turbo impr\u00e9gnation\u00a0: process de fabrication exclusif Liphatech  Voir le Process de fabrication   Recommand\u00e9 pour lutter en situations difficiles : forte comp\u00e9tition, fortes infestations    Nom homologu\u00e9 : GENERATION\u00ae GRAIN&#039;TECH AMM N\u00b0FR-2012-0504 Composition : Dif\u00e9thialone 0,0025% Usage : Rats et Souris Classement : Toxicit\u00e9 sp\u00e9cifique pour certains organes cibles \u2013 Exposition r\u00e9p\u00e9t\u00e9e (cat\u00e9gorie 2), Danger pour le milieu aquatique \u2013 toxicit\u00e9 chronique (cat\u00e9gorie 3) Utilisation : Lieux secs ou prot\u00e9g\u00e9s, traitement curatif.\" \/>\n<meta property=\"og:url\" content=\"https:\/\/www.liphatech.fr\/boutique\/produit\/generation-graintech\/\" \/>\n<meta property=\"og:site_name\" content=\"La Boutique LIPHATECH\" \/>\n<meta property=\"article:modified_time\" content=\"2026-03-18T15:54:57+00:00\" \/>\n<meta property=\"og:image\" content=\"https:\/\/www.liphatech.fr\/boutique\/wp-content\/uploads\/2023\/12\/80000454-GENERATION-GRAINTECH-SEAU-6KG-FACE.webp\" \/>\n\t<meta property=\"og:image:width\" content=\"500\" \/>\n\t<meta property=\"og:image:height\" content=\"500\" \/>\n\t<meta property=\"og:image:type\" content=\"image\/webp\" \/>\n<meta name=\"twitter:card\" content=\"summary_large_image\" \/>\n<meta name=\"twitter:label1\" content=\"Dur\u00e9e de lecture estim\u00e9e\" \/>\n\t<meta name=\"twitter:data1\" content=\"1 minute\" \/>\n<script type=\"application\/ld+json\" class=\"yoast-schema-graph\">{\"@context\":\"https:\/\/schema.org\",\"@graph\":[{\"@type\":\"WebPage\",\"@id\":\"https:\/\/www.liphatech.fr\/boutique\/produit\/generation-graintech\/\",\"url\":\"https:\/\/www.liphatech.fr\/boutique\/produit\/generation-graintech\/\",\"name\":\"GENERATION\u00ae GRAIN'TECH - La Boutique LIPHATECH\",\"isPartOf\":{\"@id\":\"https:\/\/www.liphatech.fr\/boutique\/#website\"},\"primaryImageOfPage\":{\"@id\":\"https:\/\/www.liphatech.fr\/boutique\/produit\/generation-graintech\/#primaryimage\"},\"image\":{\"@id\":\"https:\/\/www.liphatech.fr\/boutique\/produit\/generation-graintech\/#primaryimage\"},\"thumbnailUrl\":\"https:\/\/www.liphatech.fr\/boutique\/wp-content\/uploads\/2023\/12\/80000454-GENERATION-GRAINTECH-SEAU-6KG-FACE.webp\",\"datePublished\":\"2025-08-23T10:30:26+00:00\",\"dateModified\":\"2026-03-18T15:54:57+00:00\",\"breadcrumb\":{\"@id\":\"https:\/\/www.liphatech.fr\/boutique\/produit\/generation-graintech\/#breadcrumb\"},\"inLanguage\":\"fr-FR\",\"potentialAction\":[{\"@type\":\"ReadAction\",\"target\":[\"https:\/\/www.liphatech.fr\/boutique\/produit\/generation-graintech\/\"]}]},{\"@type\":\"ImageObject\",\"inLanguage\":\"fr-FR\",\"@id\":\"https:\/\/www.liphatech.fr\/boutique\/produit\/generation-graintech\/#primaryimage\",\"url\":\"https:\/\/www.liphatech.fr\/boutique\/wp-content\/uploads\/2023\/12\/80000454-GENERATION-GRAINTECH-SEAU-6KG-FACE.webp\",\"contentUrl\":\"https:\/\/www.liphatech.fr\/boutique\/wp-content\/uploads\/2023\/12\/80000454-GENERATION-GRAINTECH-SEAU-6KG-FACE.webp\",\"width\":500,\"height\":500,\"caption\":\"80000454 - GENERATION GRAIN'TECH' - SEAU 6KG FACE\"},{\"@type\":\"BreadcrumbList\",\"@id\":\"https:\/\/www.liphatech.fr\/boutique\/produit\/generation-graintech\/#breadcrumb\",\"itemListElement\":[{\"@type\":\"ListItem\",\"position\":1,\"name\":\"Accueil\",\"item\":\"https:\/\/www.liphatech.fr\/boutique\/\"},{\"@type\":\"ListItem\",\"position\":2,\"name\":\"Boutique\",\"item\":\"https:\/\/www.liphatech.fr\/boutique\/boutique\/\"},{\"@type\":\"ListItem\",\"position\":3,\"name\":\"GENERATION\u00ae GRAIN&rsquo;TECH\"}]},{\"@type\":\"WebSite\",\"@id\":\"https:\/\/www.liphatech.fr\/boutique\/#website\",\"url\":\"https:\/\/www.liphatech.fr\/boutique\/\",\"name\":\"La Boutique LIPHATECH\",\"description\":\"\",\"potentialAction\":[{\"@type\":\"SearchAction\",\"target\":{\"@type\":\"EntryPoint\",\"urlTemplate\":\"https:\/\/www.liphatech.fr\/boutique\/?s={search_term_string}\"},\"query-input\":{\"@type\":\"PropertyValueSpecification\",\"valueRequired\":true,\"valueName\":\"search_term_string\"}}],\"inLanguage\":\"fr-FR\"}]}<\/script>\n<!-- \/ Yoast SEO plugin. -->","yoast_head_json":{"title":"GENERATION\u00ae GRAIN'TECH - La Boutique LIPHATECH","robots":{"index":"index","follow":"follow","max-snippet":"max-snippet:-1","max-image-preview":"max-image-preview:large","max-video-preview":"max-video-preview:-1"},"canonical":"https:\/\/www.liphatech.fr\/boutique\/produit\/generation-graintech\/","og_locale":"fr_FR","og_type":"article","og_title":"GENERATION\u00ae GRAIN'TECH - La Boutique LIPHATECH","og_description":"Bl\u00e9 s\u00e9lectionn\u00e9 de qualit\u00e9 biscuiti\u00e8re. Formulation innovante et unique sur le march\u00e9 gr\u00e2ce \u00e0 la turbo impr\u00e9gnation\u00a0: process de fabrication exclusif Liphatech  Voir le Process de fabrication   Recommand\u00e9 pour lutter en situations difficiles : forte comp\u00e9tition, fortes infestations    Nom homologu\u00e9 : GENERATION\u00ae GRAIN'TECH AMM N\u00b0FR-2012-0504 Composition : Dif\u00e9thialone 0,0025% Usage : Rats et Souris Classement : Toxicit\u00e9 sp\u00e9cifique pour certains organes cibles \u2013 Exposition r\u00e9p\u00e9t\u00e9e (cat\u00e9gorie 2), Danger pour le milieu aquatique \u2013 toxicit\u00e9 chronique (cat\u00e9gorie 3) Utilisation : Lieux secs ou prot\u00e9g\u00e9s, traitement curatif.","og_url":"https:\/\/www.liphatech.fr\/boutique\/produit\/generation-graintech\/","og_site_name":"La Boutique LIPHATECH","article_modified_time":"2026-03-18T15:54:57+00:00","og_image":[{"width":500,"height":500,"url":"https:\/\/www.liphatech.fr\/boutique\/wp-content\/uploads\/2023\/12\/80000454-GENERATION-GRAINTECH-SEAU-6KG-FACE.webp","type":"image\/webp"}],"twitter_card":"summary_large_image","twitter_misc":{"Dur\u00e9e de lecture estim\u00e9e":"1 minute"},"schema":{"@context":"https:\/\/schema.org","@graph":[{"@type":"WebPage","@id":"https:\/\/www.liphatech.fr\/boutique\/produit\/generation-graintech\/","url":"https:\/\/www.liphatech.fr\/boutique\/produit\/generation-graintech\/","name":"GENERATION\u00ae GRAIN'TECH - La Boutique LIPHATECH","isPartOf":{"@id":"https:\/\/www.liphatech.fr\/boutique\/#website"},"primaryImageOfPage":{"@id":"https:\/\/www.liphatech.fr\/boutique\/produit\/generation-graintech\/#primaryimage"},"image":{"@id":"https:\/\/www.liphatech.fr\/boutique\/produit\/generation-graintech\/#primaryimage"},"thumbnailUrl":"https:\/\/www.liphatech.fr\/boutique\/wp-content\/uploads\/2023\/12\/80000454-GENERATION-GRAINTECH-SEAU-6KG-FACE.webp","datePublished":"2025-08-23T10:30:26+00:00","dateModified":"2026-03-18T15:54:57+00:00","breadcrumb":{"@id":"https:\/\/www.liphatech.fr\/boutique\/produit\/generation-graintech\/#breadcrumb"},"inLanguage":"fr-FR","potentialAction":[{"@type":"ReadAction","target":["https:\/\/www.liphatech.fr\/boutique\/produit\/generation-graintech\/"]}]},{"@type":"ImageObject","inLanguage":"fr-FR","@id":"https:\/\/www.liphatech.fr\/boutique\/produit\/generation-graintech\/#primaryimage","url":"https:\/\/www.liphatech.fr\/boutique\/wp-content\/uploads\/2023\/12\/80000454-GENERATION-GRAINTECH-SEAU-6KG-FACE.webp","contentUrl":"https:\/\/www.liphatech.fr\/boutique\/wp-content\/uploads\/2023\/12\/80000454-GENERATION-GRAINTECH-SEAU-6KG-FACE.webp","width":500,"height":500,"caption":"80000454 - GENERATION GRAIN'TECH' - SEAU 6KG FACE"},{"@type":"BreadcrumbList","@id":"https:\/\/www.liphatech.fr\/boutique\/produit\/generation-graintech\/#breadcrumb","itemListElement":[{"@type":"ListItem","position":1,"name":"Accueil","item":"https:\/\/www.liphatech.fr\/boutique\/"},{"@type":"ListItem","position":2,"name":"Boutique","item":"https:\/\/www.liphatech.fr\/boutique\/boutique\/"},{"@type":"ListItem","position":3,"name":"GENERATION\u00ae GRAIN&rsquo;TECH"}]},{"@type":"WebSite","@id":"https:\/\/www.liphatech.fr\/boutique\/#website","url":"https:\/\/www.liphatech.fr\/boutique\/","name":"La Boutique LIPHATECH","description":"","potentialAction":[{"@type":"SearchAction","target":{"@type":"EntryPoint","urlTemplate":"https:\/\/www.liphatech.fr\/boutique\/?s={search_term_string}"},"query-input":{"@type":"PropertyValueSpecification","valueRequired":true,"valueName":"search_term_string"}}],"inLanguage":"fr-FR"}]}},"_links":{"self":[{"href":"https:\/\/www.liphatech.fr\/boutique\/wp-json\/wp\/v2\/product\/111015","targetHints":{"allow":["GET"]}}],"collection":[{"href":"https:\/\/www.liphatech.fr\/boutique\/wp-json\/wp\/v2\/product"}],"about":[{"href":"https:\/\/www.liphatech.fr\/boutique\/wp-json\/wp\/v2\/types\/product"}],"replies":[{"embeddable":true,"href":"https:\/\/www.liphatech.fr\/boutique\/wp-json\/wp\/v2\/comments?post=111015"}],"wp:featuredmedia":[{"embeddable":true,"href":"https:\/\/www.liphatech.fr\/boutique\/wp-json\/wp\/v2\/media\/111067"}],"wp:attachment":[{"href":"https:\/\/www.liphatech.fr\/boutique\/wp-json\/wp\/v2\/media?parent=111015"}],"wp:term":[{"taxonomy":"product_brand","embeddable":true,"href":"https:\/\/www.liphatech.fr\/boutique\/wp-json\/wp\/v2\/product_brand?post=111015"},{"taxonomy":"product_cat","embeddable":true,"href":"https:\/\/www.liphatech.fr\/boutique\/wp-json\/wp\/v2\/product_cat?post=111015"},{"taxonomy":"product_tag","embeddable":true,"href":"https:\/\/www.liphatech.fr\/boutique\/wp-json\/wp\/v2\/product_tag?post=111015"}],"curies":[{"name":"wp","href":"https:\/\/api.w.org\/{rel}","templated":true}]}}