{"id":111023,"date":"2025-08-21T10:46:06","date_gmt":"2025-08-21T08:46:06","guid":{"rendered":"https:\/\/boutique.desangosse.mywebstrategies.com\/?post_type=product&#038;p=111023"},"modified":"2026-03-20T12:03:16","modified_gmt":"2026-03-20T11:03:16","slug":"generation-mix","status":"publish","type":"product","link":"https:\/\/www.liphatech.fr\/boutique\/produit\/generation-mix\/","title":{"rendered":"GENERATION\u00ae MIX"},"content":{"rendered":"<p><u>SEAU DE 5 kg &#8211; Vrac :<\/u><\/p>\n<ul>\n<li>Dimensions Seau : 29,6 x 19,7 x 26,5 cm \u2013 Poids Brut CDT\u00a0: 5,291 kg<\/li>\n<li>Demi palette : 40 seaux<\/li>\n<li>Palette de\u00a0: 80 seaux \u2013 Dimensions Pal\u00a0: 120 x 80 x 150,5 \u2013 Poids Pal Brut : 441,8 kg<\/li>\n<\/ul>\n<p><u>SAC DE 10 kg &#8211; Vrac :<\/u><\/p>\n<ul>\n<li>Dimensions sac : 40 x 28 x 12 cm \u2013 Poids Brut CDT\u00a0: 10,2 kg<\/li>\n<li>Demi palette : 28 sacs<\/li>\n<li>Palette de : 56 sacs \u2013 Dimensions Pal : 120 x 100 x 114 \u2013 Poids Pal Brut : 1009,8 kg<\/li>\n<\/ul>\n","protected":false},"excerpt":{"rendered":"<p>Multi Mix, formulation originale et innovante. M\u00e9lange \u00e0 base de flocons d\u2019avoine Extra enrichis de ma\u00efs et de tournesol. App\u00e9tence maximale gr\u00e2ce \u00e0 la turbo impr\u00e9gnation : process de fabrication exclusif Liphatech.<\/p>\n<div id=\"row-process\"><img decoding=\"async\" src=\"https:\/\/www.liphatech.fr\/boutique\/\/\/wp-content\/uploads\/2024\/09\/picto-youtube.png\" alt=\"\" \/><br \/>\n<a class=\"cta_process\" href=\"https:\/\/youtu.be\/_HxwyVxWp3o?si=8bJV9Txraxsm-H6E\" target=\"_blank\" rel=\"noopener\">Voir le Process de fabrication<\/a><\/div>\n<div id=\"picto-produit\">\n<p><img decoding=\"async\" src=\"https:\/\/www.liphatech.fr\/boutique\/\/\/wp-content\/uploads\/2024\/08\/turbo-impregnation-logo.png\" alt=\"\" \/><img decoding=\"async\" src=\"https:\/\/www.liphatech.fr\/boutique\/\/\/wp-content\/uploads\/2024\/08\/Fabrique-en-france-logo.webp\" alt=\"\" \/><\/p>\n<\/div>\n<p>Recommand\u00e9 sur des sites avec une forte comp\u00e9tition alimentaire multi c\u00e9r\u00e9ales : \u00e9levages, stockage de grains<\/p>\n<div id=\"col2\">\n<p><img decoding=\"async\" src=\"https:\/\/www.liphatech.fr\/boutique\/\/\/wp-content\/uploads\/2024\/08\/logo-25ppm.png\" alt=\"\" \/><\/p>\n<div id=\"mentions-obligatoires\">Nom homologu\u00e9 : GENERATION\u00ae MIX AMM N\u00b0FR-2016-0008<br \/>\nComposition : Dif\u00e9thialone 0,0025%<br \/>\nUsage : Rats et Souris<br \/>\nClassement : Toxicit\u00e9 sp\u00e9cifique pour certains organes cibles \u2013 Exposition r\u00e9p\u00e9t\u00e9e (cat\u00e9gorie 2) , Danger pour le milieu aquatique \u2013 toxicit\u00e9 chronique (cat\u00e9gorie 3)<br \/>\nUtilisation : Lieux secs ou prot\u00e9g\u00e9s, traitement curatif.<\/div>\n<\/div>\n\n","protected":false},"featured_media":112877,"comment_status":"closed","ping_status":"closed","template":"","meta":{"_acf_changed":false,"_et_pb_use_builder":"off","_et_pb_old_content":"<u>SEAU DE 5 kg - Vrac :<\/u>\r\n<ul>\r\n \t<li>Dimensions Seau : 29,6 x 19,7 x 26,5 cm \u2013 Poids Brut CDT\u00a0: 5,291 kg<\/li>\r\n \t<li>Palette de\u00a0: 80 seaux \u2013 Dimensions Pal\u00a0: 120 x 80 x 150,5 \u2013 Poids Pal Brut : 441,8 kg<\/li>\r\n<\/ul>\r\n<u>SAC DE 10 kg - Vrac :<\/u>\r\n<ul>\r\n \t<li>Dimensions sac : 40 x 28 x 12 cm \u2013 Poids Brut CDT\u00a0: 10,2 kg<\/li>\r\n \t<li>Palette de\u00a0: 99 cartons \u2013 Dimensions Pal\u00a0: 120 x 100 x 114 \u2013 Poids Pal Brut : 1009,8 kg<\/li>\r\n<\/ul>","_et_gb_content_width":""},"product_brand":[],"product_cat":[150,127,119,165,142],"product_tag":[],"class_list":{"0":"post-111023","1":"product","2":"type-product","3":"status-publish","4":"has-post-thumbnail","6":"product_cat-cereales","7":"product_cat-difethialone","8":"product_cat-generation","9":"product_cat-je-traite-curatif","10":"product_cat-rats-souris","12":"first","13":"instock","14":"featured","15":"taxable","16":"shipping-taxable","17":"purchasable","18":"product-type-variable"},"acf":[],"yoast_head":"<!-- This site is optimized with the Yoast SEO plugin v26.5 - https:\/\/yoast.com\/wordpress\/plugins\/seo\/ -->\n<title>GENERATION\u00ae MIX - La Boutique LIPHATECH<\/title>\n<meta name=\"robots\" content=\"index, follow, max-snippet:-1, max-image-preview:large, max-video-preview:-1\" \/>\n<link rel=\"canonical\" href=\"https:\/\/www.liphatech.fr\/boutique\/produit\/generation-mix\/\" \/>\n<meta property=\"og:locale\" content=\"fr_FR\" \/>\n<meta property=\"og:type\" content=\"article\" \/>\n<meta property=\"og:title\" content=\"GENERATION\u00ae MIX - La Boutique LIPHATECH\" \/>\n<meta property=\"og:description\" content=\"Multi Mix, formulation originale et innovante. M\u00e9lange \u00e0 base de flocons d\u2019avoine Extra enrichis de ma\u00efs et de tournesol. App\u00e9tence maximale gr\u00e2ce \u00e0 la turbo impr\u00e9gnation : process de fabrication exclusif Liphatech.  Voir le Process de fabrication      Recommand\u00e9 sur des sites avec une forte comp\u00e9tition alimentaire multi c\u00e9r\u00e9ales : \u00e9levages, stockage de grains    Nom homologu\u00e9 : GENERATION\u00ae MIX AMM N\u00b0FR-2016-0008 Composition : Dif\u00e9thialone 0,0025% Usage : Rats et Souris Classement : Toxicit\u00e9 sp\u00e9cifique pour certains organes cibles \u2013 Exposition r\u00e9p\u00e9t\u00e9e (cat\u00e9gorie 2) , Danger pour le milieu aquatique \u2013 toxicit\u00e9 chronique (cat\u00e9gorie 3) Utilisation : Lieux secs ou prot\u00e9g\u00e9s, traitement curatif.\" \/>\n<meta property=\"og:url\" content=\"https:\/\/www.liphatech.fr\/boutique\/produit\/generation-mix\/\" \/>\n<meta property=\"og:site_name\" content=\"La Boutique LIPHATECH\" \/>\n<meta property=\"article:modified_time\" content=\"2026-03-20T11:03:16+00:00\" \/>\n<meta property=\"og:image\" content=\"https:\/\/www.liphatech.fr\/boutique\/wp-content\/uploads\/2024\/07\/generation-mix-Bec-verseur.webp\" \/>\n\t<meta property=\"og:image:width\" content=\"500\" \/>\n\t<meta property=\"og:image:height\" content=\"500\" \/>\n\t<meta property=\"og:image:type\" content=\"image\/webp\" \/>\n<meta name=\"twitter:card\" content=\"summary_large_image\" \/>\n<meta name=\"twitter:label1\" content=\"Dur\u00e9e de lecture estim\u00e9e\" \/>\n\t<meta name=\"twitter:data1\" content=\"1 minute\" \/>\n<script type=\"application\/ld+json\" class=\"yoast-schema-graph\">{\"@context\":\"https:\/\/schema.org\",\"@graph\":[{\"@type\":\"WebPage\",\"@id\":\"https:\/\/www.liphatech.fr\/boutique\/produit\/generation-mix\/\",\"url\":\"https:\/\/www.liphatech.fr\/boutique\/produit\/generation-mix\/\",\"name\":\"GENERATION\u00ae MIX - La Boutique LIPHATECH\",\"isPartOf\":{\"@id\":\"https:\/\/www.liphatech.fr\/boutique\/#website\"},\"primaryImageOfPage\":{\"@id\":\"https:\/\/www.liphatech.fr\/boutique\/produit\/generation-mix\/#primaryimage\"},\"image\":{\"@id\":\"https:\/\/www.liphatech.fr\/boutique\/produit\/generation-mix\/#primaryimage\"},\"thumbnailUrl\":\"https:\/\/www.liphatech.fr\/boutique\/wp-content\/uploads\/2024\/07\/generation-mix-Bec-verseur.webp\",\"datePublished\":\"2025-08-21T08:46:06+00:00\",\"dateModified\":\"2026-03-20T11:03:16+00:00\",\"breadcrumb\":{\"@id\":\"https:\/\/www.liphatech.fr\/boutique\/produit\/generation-mix\/#breadcrumb\"},\"inLanguage\":\"fr-FR\",\"potentialAction\":[{\"@type\":\"ReadAction\",\"target\":[\"https:\/\/www.liphatech.fr\/boutique\/produit\/generation-mix\/\"]}]},{\"@type\":\"ImageObject\",\"inLanguage\":\"fr-FR\",\"@id\":\"https:\/\/www.liphatech.fr\/boutique\/produit\/generation-mix\/#primaryimage\",\"url\":\"https:\/\/www.liphatech.fr\/boutique\/wp-content\/uploads\/2024\/07\/generation-mix-Bec-verseur.webp\",\"contentUrl\":\"https:\/\/www.liphatech.fr\/boutique\/wp-content\/uploads\/2024\/07\/generation-mix-Bec-verseur.webp\",\"width\":500,\"height\":500},{\"@type\":\"BreadcrumbList\",\"@id\":\"https:\/\/www.liphatech.fr\/boutique\/produit\/generation-mix\/#breadcrumb\",\"itemListElement\":[{\"@type\":\"ListItem\",\"position\":1,\"name\":\"Accueil\",\"item\":\"https:\/\/www.liphatech.fr\/boutique\/\"},{\"@type\":\"ListItem\",\"position\":2,\"name\":\"Boutique\",\"item\":\"https:\/\/www.liphatech.fr\/boutique\/boutique\/\"},{\"@type\":\"ListItem\",\"position\":3,\"name\":\"GENERATION\u00ae MIX\"}]},{\"@type\":\"WebSite\",\"@id\":\"https:\/\/www.liphatech.fr\/boutique\/#website\",\"url\":\"https:\/\/www.liphatech.fr\/boutique\/\",\"name\":\"La Boutique LIPHATECH\",\"description\":\"\",\"potentialAction\":[{\"@type\":\"SearchAction\",\"target\":{\"@type\":\"EntryPoint\",\"urlTemplate\":\"https:\/\/www.liphatech.fr\/boutique\/?s={search_term_string}\"},\"query-input\":{\"@type\":\"PropertyValueSpecification\",\"valueRequired\":true,\"valueName\":\"search_term_string\"}}],\"inLanguage\":\"fr-FR\"}]}<\/script>\n<!-- \/ Yoast SEO plugin. -->","yoast_head_json":{"title":"GENERATION\u00ae MIX - La Boutique LIPHATECH","robots":{"index":"index","follow":"follow","max-snippet":"max-snippet:-1","max-image-preview":"max-image-preview:large","max-video-preview":"max-video-preview:-1"},"canonical":"https:\/\/www.liphatech.fr\/boutique\/produit\/generation-mix\/","og_locale":"fr_FR","og_type":"article","og_title":"GENERATION\u00ae MIX - La Boutique LIPHATECH","og_description":"Multi Mix, formulation originale et innovante. M\u00e9lange \u00e0 base de flocons d\u2019avoine Extra enrichis de ma\u00efs et de tournesol. App\u00e9tence maximale gr\u00e2ce \u00e0 la turbo impr\u00e9gnation : process de fabrication exclusif Liphatech.  Voir le Process de fabrication      Recommand\u00e9 sur des sites avec une forte comp\u00e9tition alimentaire multi c\u00e9r\u00e9ales : \u00e9levages, stockage de grains    Nom homologu\u00e9 : GENERATION\u00ae MIX AMM N\u00b0FR-2016-0008 Composition : Dif\u00e9thialone 0,0025% Usage : Rats et Souris Classement : Toxicit\u00e9 sp\u00e9cifique pour certains organes cibles \u2013 Exposition r\u00e9p\u00e9t\u00e9e (cat\u00e9gorie 2) , Danger pour le milieu aquatique \u2013 toxicit\u00e9 chronique (cat\u00e9gorie 3) Utilisation : Lieux secs ou prot\u00e9g\u00e9s, traitement curatif.","og_url":"https:\/\/www.liphatech.fr\/boutique\/produit\/generation-mix\/","og_site_name":"La Boutique LIPHATECH","article_modified_time":"2026-03-20T11:03:16+00:00","og_image":[{"width":500,"height":500,"url":"https:\/\/www.liphatech.fr\/boutique\/wp-content\/uploads\/2024\/07\/generation-mix-Bec-verseur.webp","type":"image\/webp"}],"twitter_card":"summary_large_image","twitter_misc":{"Dur\u00e9e de lecture estim\u00e9e":"1 minute"},"schema":{"@context":"https:\/\/schema.org","@graph":[{"@type":"WebPage","@id":"https:\/\/www.liphatech.fr\/boutique\/produit\/generation-mix\/","url":"https:\/\/www.liphatech.fr\/boutique\/produit\/generation-mix\/","name":"GENERATION\u00ae MIX - La Boutique LIPHATECH","isPartOf":{"@id":"https:\/\/www.liphatech.fr\/boutique\/#website"},"primaryImageOfPage":{"@id":"https:\/\/www.liphatech.fr\/boutique\/produit\/generation-mix\/#primaryimage"},"image":{"@id":"https:\/\/www.liphatech.fr\/boutique\/produit\/generation-mix\/#primaryimage"},"thumbnailUrl":"https:\/\/www.liphatech.fr\/boutique\/wp-content\/uploads\/2024\/07\/generation-mix-Bec-verseur.webp","datePublished":"2025-08-21T08:46:06+00:00","dateModified":"2026-03-20T11:03:16+00:00","breadcrumb":{"@id":"https:\/\/www.liphatech.fr\/boutique\/produit\/generation-mix\/#breadcrumb"},"inLanguage":"fr-FR","potentialAction":[{"@type":"ReadAction","target":["https:\/\/www.liphatech.fr\/boutique\/produit\/generation-mix\/"]}]},{"@type":"ImageObject","inLanguage":"fr-FR","@id":"https:\/\/www.liphatech.fr\/boutique\/produit\/generation-mix\/#primaryimage","url":"https:\/\/www.liphatech.fr\/boutique\/wp-content\/uploads\/2024\/07\/generation-mix-Bec-verseur.webp","contentUrl":"https:\/\/www.liphatech.fr\/boutique\/wp-content\/uploads\/2024\/07\/generation-mix-Bec-verseur.webp","width":500,"height":500},{"@type":"BreadcrumbList","@id":"https:\/\/www.liphatech.fr\/boutique\/produit\/generation-mix\/#breadcrumb","itemListElement":[{"@type":"ListItem","position":1,"name":"Accueil","item":"https:\/\/www.liphatech.fr\/boutique\/"},{"@type":"ListItem","position":2,"name":"Boutique","item":"https:\/\/www.liphatech.fr\/boutique\/boutique\/"},{"@type":"ListItem","position":3,"name":"GENERATION\u00ae MIX"}]},{"@type":"WebSite","@id":"https:\/\/www.liphatech.fr\/boutique\/#website","url":"https:\/\/www.liphatech.fr\/boutique\/","name":"La Boutique LIPHATECH","description":"","potentialAction":[{"@type":"SearchAction","target":{"@type":"EntryPoint","urlTemplate":"https:\/\/www.liphatech.fr\/boutique\/?s={search_term_string}"},"query-input":{"@type":"PropertyValueSpecification","valueRequired":true,"valueName":"search_term_string"}}],"inLanguage":"fr-FR"}]}},"_links":{"self":[{"href":"https:\/\/www.liphatech.fr\/boutique\/wp-json\/wp\/v2\/product\/111023","targetHints":{"allow":["GET"]}}],"collection":[{"href":"https:\/\/www.liphatech.fr\/boutique\/wp-json\/wp\/v2\/product"}],"about":[{"href":"https:\/\/www.liphatech.fr\/boutique\/wp-json\/wp\/v2\/types\/product"}],"replies":[{"embeddable":true,"href":"https:\/\/www.liphatech.fr\/boutique\/wp-json\/wp\/v2\/comments?post=111023"}],"wp:featuredmedia":[{"embeddable":true,"href":"https:\/\/www.liphatech.fr\/boutique\/wp-json\/wp\/v2\/media\/112877"}],"wp:attachment":[{"href":"https:\/\/www.liphatech.fr\/boutique\/wp-json\/wp\/v2\/media?parent=111023"}],"wp:term":[{"taxonomy":"product_brand","embeddable":true,"href":"https:\/\/www.liphatech.fr\/boutique\/wp-json\/wp\/v2\/product_brand?post=111023"},{"taxonomy":"product_cat","embeddable":true,"href":"https:\/\/www.liphatech.fr\/boutique\/wp-json\/wp\/v2\/product_cat?post=111023"},{"taxonomy":"product_tag","embeddable":true,"href":"https:\/\/www.liphatech.fr\/boutique\/wp-json\/wp\/v2\/product_tag?post=111023"}],"curies":[{"name":"wp","href":"https:\/\/api.w.org\/{rel}","templated":true}]}}