{"id":111034,"date":"2023-12-20T11:10:24","date_gmt":"2023-12-20T10:10:24","guid":{"rendered":"https:\/\/boutique.desangosse.mywebstrategies.com\/?post_type=product&#038;p=111034"},"modified":"2026-03-20T12:04:45","modified_gmt":"2026-03-20T11:04:45","slug":"maki-block","status":"publish","type":"product","link":"https:\/\/www.liphatech.fr\/boutique\/produit\/maki-block\/","title":{"rendered":"MAKI\u00ae BLOCK"},"content":{"rendered":"<p><u>CARTON DE 10 kg &#8211; Bloc 40g perc\u00e9 :<\/u><\/p>\n<ul>\n<li>Dimensions carton : 29,7 x 38 x 28,3 cm \u2013 Poids Brut CDT\u00a0: 10,792 kg<\/li>\n<li>Demi palette : 20 cartons<\/li>\n<li>Palette de\u00a0: 40 cartons \u2013 Dimensions Pal\u00a0: 120 x 80 x 159,5 \u2013 Poids Pal Brut : 449,68 kg<\/li>\n<\/ul>\n<p><u>CARTON DE 13 kg &#8211; Bloc 100g perc\u00e9 &#8211; adapt\u00e9 \u00e9gouts :<\/u><\/p>\n<ul>\n<li>Dimensions carton : 29,7 x 38 x 28,3 cm \u2013 Poids Brut CDT\u00a0: 13,792 kg<\/li>\n<li>Demi palette : 20 cartons<\/li>\n<li>Palette de\u00a0: 40 cartons \u2013 Dimensions Pal\u00a0: 120 x 80 x 159,5 \u2013 Poids Pal Brut : 569,68 kg<\/li>\n<\/ul>\n","protected":false},"excerpt":{"rendered":"<p>Bloc, forte app\u00e9tence et longue dur\u00e9e d\u2019action. Tr\u00e8s r\u00e9sistant \u00e0 l\u2019humidit\u00e9, id\u00e9al lieux humides, d\u00e9charges et d\u00e9chetteries ainsi qu\u2019aux abords des infrastructures<\/p>\n<div id=\"row-process\"><img decoding=\"async\" src=\"https:\/\/www.liphatech.fr\/boutique\/\/\/wp-content\/uploads\/2024\/09\/picto-youtube.png\" alt=\"\" \/><br \/>\n<a class=\"cta_process\" href=\"https:\/\/youtu.be\/5bcNTRjUZ4Q?si=h3CddfsNzFRauOZs\" target=\"_blank\" rel=\"noopener\">Voir le Process de fabrication<\/a><\/div>\n<div id=\"picto-produit\"><img decoding=\"async\" src=\"https:\/\/www.liphatech.fr\/boutique\/\/\/wp-content\/uploads\/2024\/08\/turbo-extrusion-logo.png\" alt=\"\" \/><br \/>\n<img decoding=\"async\" src=\"https:\/\/www.liphatech.fr\/boutique\/\/\/wp-content\/uploads\/2024\/08\/Fabrique-en-france-logo.webp\" alt=\"\" \/><\/div>\n<p><strong>Bloc 100g <\/strong>: adapt\u00e9 pour le traitement des rats dans les \u00e9gouts, per\u00e7age sp\u00e9cial permettant sa fixation avec un crochet.<\/p>\n<div id=\"col2\">\n<p><img loading=\"lazy\" decoding=\"async\" class=\"alignnone size-full wp-image-112440\" src=\"https:\/\/www.liphatech.fr\/boutique\/\/\/wp-content\/uploads\/2024\/08\/icone-rats.png\" alt=\"\" width=\"66\" height=\"66\" \/><\/p>\n<div id=\"mentions-obligatoires\">Nom homologu\u00e9 : MAKI\u00ae BLOCK AMM N\u00b0FR-2013-0015<br \/>\nComposition : Bromadiolone 0.005%<br \/>\nUsage : Rats<br \/>\nClassement : Toxicit\u00e9 pour la reproduction (cat\u00e9gorie 1B), Toxicit\u00e9 sp\u00e9cifique pour certains organes cibles \u2013 Exposition r\u00e9p\u00e9t\u00e9e (cat\u00e9gorie 1)<br \/>\nUtilisation : En lieux humides (autour des b\u00e2timents, caves, entrep\u00f4ts, sous-sols, etc.)<\/div>\n<\/div>\n\n","protected":false},"featured_media":111077,"comment_status":"open","ping_status":"closed","template":"","meta":{"_acf_changed":false,"_et_pb_use_builder":"","_et_pb_old_content":"","_et_gb_content_width":""},"product_brand":[],"product_cat":[149,126,165,121,143,142],"product_tag":[],"class_list":{"0":"post-111034","1":"product","2":"type-product","3":"status-publish","4":"has-post-thumbnail","6":"product_cat-bloc-rats-souris","7":"product_cat-bromadiolone","8":"product_cat-je-traite-curatif","9":"product_cat-maki","10":"product_cat-rats","11":"product_cat-rats-souris","13":"first","14":"instock","15":"taxable","16":"shipping-taxable","17":"purchasable","18":"product-type-variable"},"acf":[],"yoast_head":"<!-- This site is optimized with the Yoast SEO plugin v26.5 - https:\/\/yoast.com\/wordpress\/plugins\/seo\/ -->\n<title>MAKI\u00ae BLOCK - La Boutique LIPHATECH<\/title>\n<meta name=\"robots\" content=\"index, follow, max-snippet:-1, max-image-preview:large, max-video-preview:-1\" \/>\n<link rel=\"canonical\" href=\"https:\/\/www.liphatech.fr\/boutique\/produit\/maki-block\/\" \/>\n<meta property=\"og:locale\" content=\"fr_FR\" \/>\n<meta property=\"og:type\" content=\"article\" \/>\n<meta property=\"og:title\" content=\"MAKI\u00ae BLOCK - La Boutique LIPHATECH\" \/>\n<meta property=\"og:description\" content=\"Bloc, forte app\u00e9tence et longue dur\u00e9e d\u2019action. Tr\u00e8s r\u00e9sistant \u00e0 l\u2019humidit\u00e9, id\u00e9al lieux humides, d\u00e9charges et d\u00e9chetteries ainsi qu\u2019aux abords des infrastructures  Voir le Process de fabrication   Bloc 100g : adapt\u00e9 pour le traitement des rats dans les \u00e9gouts, per\u00e7age sp\u00e9cial permettant sa fixation avec un crochet.    Nom homologu\u00e9 : MAKI\u00ae BLOCK AMM N\u00b0FR-2013-0015 Composition : Bromadiolone 0.005% Usage : Rats Classement : Toxicit\u00e9 pour la reproduction (cat\u00e9gorie 1B), Toxicit\u00e9 sp\u00e9cifique pour certains organes cibles \u2013 Exposition r\u00e9p\u00e9t\u00e9e (cat\u00e9gorie 1) Utilisation : En lieux humides (autour des b\u00e2timents, caves, entrep\u00f4ts, sous-sols, etc.)\" \/>\n<meta property=\"og:url\" content=\"https:\/\/www.liphatech.fr\/boutique\/produit\/maki-block\/\" \/>\n<meta property=\"og:site_name\" content=\"La Boutique LIPHATECH\" \/>\n<meta property=\"article:modified_time\" content=\"2026-03-20T11:04:45+00:00\" \/>\n<meta property=\"og:image\" content=\"https:\/\/www.liphatech.fr\/boutique\/wp-content\/uploads\/2023\/12\/80000448-MAKI-BLOCK-CARTON-10KG-GAUCHE.webp\" \/>\n\t<meta property=\"og:image:width\" content=\"500\" \/>\n\t<meta property=\"og:image:height\" content=\"500\" \/>\n\t<meta property=\"og:image:type\" content=\"image\/webp\" \/>\n<meta name=\"twitter:card\" content=\"summary_large_image\" \/>\n<meta name=\"twitter:label1\" content=\"Dur\u00e9e de lecture estim\u00e9e\" \/>\n\t<meta name=\"twitter:data1\" content=\"1 minute\" \/>\n<script type=\"application\/ld+json\" class=\"yoast-schema-graph\">{\"@context\":\"https:\/\/schema.org\",\"@graph\":[{\"@type\":\"WebPage\",\"@id\":\"https:\/\/www.liphatech.fr\/boutique\/produit\/maki-block\/\",\"url\":\"https:\/\/www.liphatech.fr\/boutique\/produit\/maki-block\/\",\"name\":\"MAKI\u00ae BLOCK - La Boutique LIPHATECH\",\"isPartOf\":{\"@id\":\"https:\/\/www.liphatech.fr\/boutique\/#website\"},\"primaryImageOfPage\":{\"@id\":\"https:\/\/www.liphatech.fr\/boutique\/produit\/maki-block\/#primaryimage\"},\"image\":{\"@id\":\"https:\/\/www.liphatech.fr\/boutique\/produit\/maki-block\/#primaryimage\"},\"thumbnailUrl\":\"https:\/\/www.liphatech.fr\/boutique\/wp-content\/uploads\/2023\/12\/80000448-MAKI-BLOCK-CARTON-10KG-GAUCHE.webp\",\"datePublished\":\"2023-12-20T10:10:24+00:00\",\"dateModified\":\"2026-03-20T11:04:45+00:00\",\"breadcrumb\":{\"@id\":\"https:\/\/www.liphatech.fr\/boutique\/produit\/maki-block\/#breadcrumb\"},\"inLanguage\":\"fr-FR\",\"potentialAction\":[{\"@type\":\"ReadAction\",\"target\":[\"https:\/\/www.liphatech.fr\/boutique\/produit\/maki-block\/\"]}]},{\"@type\":\"ImageObject\",\"inLanguage\":\"fr-FR\",\"@id\":\"https:\/\/www.liphatech.fr\/boutique\/produit\/maki-block\/#primaryimage\",\"url\":\"https:\/\/www.liphatech.fr\/boutique\/wp-content\/uploads\/2023\/12\/80000448-MAKI-BLOCK-CARTON-10KG-GAUCHE.webp\",\"contentUrl\":\"https:\/\/www.liphatech.fr\/boutique\/wp-content\/uploads\/2023\/12\/80000448-MAKI-BLOCK-CARTON-10KG-GAUCHE.webp\",\"width\":500,\"height\":500},{\"@type\":\"BreadcrumbList\",\"@id\":\"https:\/\/www.liphatech.fr\/boutique\/produit\/maki-block\/#breadcrumb\",\"itemListElement\":[{\"@type\":\"ListItem\",\"position\":1,\"name\":\"Accueil\",\"item\":\"https:\/\/www.liphatech.fr\/boutique\/\"},{\"@type\":\"ListItem\",\"position\":2,\"name\":\"Boutique\",\"item\":\"https:\/\/www.liphatech.fr\/boutique\/boutique\/\"},{\"@type\":\"ListItem\",\"position\":3,\"name\":\"MAKI\u00ae BLOCK\"}]},{\"@type\":\"WebSite\",\"@id\":\"https:\/\/www.liphatech.fr\/boutique\/#website\",\"url\":\"https:\/\/www.liphatech.fr\/boutique\/\",\"name\":\"La Boutique LIPHATECH\",\"description\":\"\",\"potentialAction\":[{\"@type\":\"SearchAction\",\"target\":{\"@type\":\"EntryPoint\",\"urlTemplate\":\"https:\/\/www.liphatech.fr\/boutique\/?s={search_term_string}\"},\"query-input\":{\"@type\":\"PropertyValueSpecification\",\"valueRequired\":true,\"valueName\":\"search_term_string\"}}],\"inLanguage\":\"fr-FR\"}]}<\/script>\n<!-- \/ Yoast SEO plugin. -->","yoast_head_json":{"title":"MAKI\u00ae BLOCK - La Boutique LIPHATECH","robots":{"index":"index","follow":"follow","max-snippet":"max-snippet:-1","max-image-preview":"max-image-preview:large","max-video-preview":"max-video-preview:-1"},"canonical":"https:\/\/www.liphatech.fr\/boutique\/produit\/maki-block\/","og_locale":"fr_FR","og_type":"article","og_title":"MAKI\u00ae BLOCK - La Boutique LIPHATECH","og_description":"Bloc, forte app\u00e9tence et longue dur\u00e9e d\u2019action. Tr\u00e8s r\u00e9sistant \u00e0 l\u2019humidit\u00e9, id\u00e9al lieux humides, d\u00e9charges et d\u00e9chetteries ainsi qu\u2019aux abords des infrastructures  Voir le Process de fabrication   Bloc 100g : adapt\u00e9 pour le traitement des rats dans les \u00e9gouts, per\u00e7age sp\u00e9cial permettant sa fixation avec un crochet.    Nom homologu\u00e9 : MAKI\u00ae BLOCK AMM N\u00b0FR-2013-0015 Composition : Bromadiolone 0.005% Usage : Rats Classement : Toxicit\u00e9 pour la reproduction (cat\u00e9gorie 1B), Toxicit\u00e9 sp\u00e9cifique pour certains organes cibles \u2013 Exposition r\u00e9p\u00e9t\u00e9e (cat\u00e9gorie 1) Utilisation : En lieux humides (autour des b\u00e2timents, caves, entrep\u00f4ts, sous-sols, etc.)","og_url":"https:\/\/www.liphatech.fr\/boutique\/produit\/maki-block\/","og_site_name":"La Boutique LIPHATECH","article_modified_time":"2026-03-20T11:04:45+00:00","og_image":[{"width":500,"height":500,"url":"https:\/\/www.liphatech.fr\/boutique\/wp-content\/uploads\/2023\/12\/80000448-MAKI-BLOCK-CARTON-10KG-GAUCHE.webp","type":"image\/webp"}],"twitter_card":"summary_large_image","twitter_misc":{"Dur\u00e9e de lecture estim\u00e9e":"1 minute"},"schema":{"@context":"https:\/\/schema.org","@graph":[{"@type":"WebPage","@id":"https:\/\/www.liphatech.fr\/boutique\/produit\/maki-block\/","url":"https:\/\/www.liphatech.fr\/boutique\/produit\/maki-block\/","name":"MAKI\u00ae BLOCK - La Boutique LIPHATECH","isPartOf":{"@id":"https:\/\/www.liphatech.fr\/boutique\/#website"},"primaryImageOfPage":{"@id":"https:\/\/www.liphatech.fr\/boutique\/produit\/maki-block\/#primaryimage"},"image":{"@id":"https:\/\/www.liphatech.fr\/boutique\/produit\/maki-block\/#primaryimage"},"thumbnailUrl":"https:\/\/www.liphatech.fr\/boutique\/wp-content\/uploads\/2023\/12\/80000448-MAKI-BLOCK-CARTON-10KG-GAUCHE.webp","datePublished":"2023-12-20T10:10:24+00:00","dateModified":"2026-03-20T11:04:45+00:00","breadcrumb":{"@id":"https:\/\/www.liphatech.fr\/boutique\/produit\/maki-block\/#breadcrumb"},"inLanguage":"fr-FR","potentialAction":[{"@type":"ReadAction","target":["https:\/\/www.liphatech.fr\/boutique\/produit\/maki-block\/"]}]},{"@type":"ImageObject","inLanguage":"fr-FR","@id":"https:\/\/www.liphatech.fr\/boutique\/produit\/maki-block\/#primaryimage","url":"https:\/\/www.liphatech.fr\/boutique\/wp-content\/uploads\/2023\/12\/80000448-MAKI-BLOCK-CARTON-10KG-GAUCHE.webp","contentUrl":"https:\/\/www.liphatech.fr\/boutique\/wp-content\/uploads\/2023\/12\/80000448-MAKI-BLOCK-CARTON-10KG-GAUCHE.webp","width":500,"height":500},{"@type":"BreadcrumbList","@id":"https:\/\/www.liphatech.fr\/boutique\/produit\/maki-block\/#breadcrumb","itemListElement":[{"@type":"ListItem","position":1,"name":"Accueil","item":"https:\/\/www.liphatech.fr\/boutique\/"},{"@type":"ListItem","position":2,"name":"Boutique","item":"https:\/\/www.liphatech.fr\/boutique\/boutique\/"},{"@type":"ListItem","position":3,"name":"MAKI\u00ae BLOCK"}]},{"@type":"WebSite","@id":"https:\/\/www.liphatech.fr\/boutique\/#website","url":"https:\/\/www.liphatech.fr\/boutique\/","name":"La Boutique LIPHATECH","description":"","potentialAction":[{"@type":"SearchAction","target":{"@type":"EntryPoint","urlTemplate":"https:\/\/www.liphatech.fr\/boutique\/?s={search_term_string}"},"query-input":{"@type":"PropertyValueSpecification","valueRequired":true,"valueName":"search_term_string"}}],"inLanguage":"fr-FR"}]}},"_links":{"self":[{"href":"https:\/\/www.liphatech.fr\/boutique\/wp-json\/wp\/v2\/product\/111034","targetHints":{"allow":["GET"]}}],"collection":[{"href":"https:\/\/www.liphatech.fr\/boutique\/wp-json\/wp\/v2\/product"}],"about":[{"href":"https:\/\/www.liphatech.fr\/boutique\/wp-json\/wp\/v2\/types\/product"}],"replies":[{"embeddable":true,"href":"https:\/\/www.liphatech.fr\/boutique\/wp-json\/wp\/v2\/comments?post=111034"}],"wp:featuredmedia":[{"embeddable":true,"href":"https:\/\/www.liphatech.fr\/boutique\/wp-json\/wp\/v2\/media\/111077"}],"wp:attachment":[{"href":"https:\/\/www.liphatech.fr\/boutique\/wp-json\/wp\/v2\/media?parent=111034"}],"wp:term":[{"taxonomy":"product_brand","embeddable":true,"href":"https:\/\/www.liphatech.fr\/boutique\/wp-json\/wp\/v2\/product_brand?post=111034"},{"taxonomy":"product_cat","embeddable":true,"href":"https:\/\/www.liphatech.fr\/boutique\/wp-json\/wp\/v2\/product_cat?post=111034"},{"taxonomy":"product_tag","embeddable":true,"href":"https:\/\/www.liphatech.fr\/boutique\/wp-json\/wp\/v2\/product_tag?post=111034"}],"curies":[{"name":"wp","href":"https:\/\/api.w.org\/{rel}","templated":true}]}}