{"id":111040,"date":"2023-12-20T11:20:38","date_gmt":"2023-12-20T10:20:38","guid":{"rendered":"https:\/\/boutique.desangosse.mywebstrategies.com\/?post_type=product&#038;p=111040"},"modified":"2026-04-09T13:54:54","modified_gmt":"2026-04-09T11:54:54","slug":"lt-notox-pat","status":"publish","type":"product","link":"https:\/\/www.liphatech.fr\/boutique\/produit\/lt-notox-pat\/","title":{"rendered":"LT\u00ae NOTOX PAT&rsquo;"},"content":{"rendered":"<p><u>SEAU DE 5 kg &#8211; Sachet 10g :<\/u><\/p>\n<ul>\n<li>Dimensions Seau : 30 x 21 x 27 cm \u2013 Poids Brut CDT\u00a0: 5,4 kg<\/li>\n<li>Palette de\u00a0: 80 seaux \u2013 Dimensions Pal\u00a0: 120 x 80 x 153 \u2013 Poids Pal Brut : 447 kg<\/li>\n<\/ul>\n","protected":false},"excerpt":{"rendered":"<p>P\u00e2te plac\u00e9bo pour une d\u00e9tection efficace de pr\u00e9sence de rongeurs.<br \/>\n\u00c0 utiliser \u00e0 l\u2019int\u00e9rieur des b\u00e2timents, en lieux secs ou prot\u00e9g\u00e9s.<\/p>\n<div id=\"row-process\"><img decoding=\"async\" src=\"https:\/\/www.liphatech.fr\/boutique\/\/\/wp-content\/uploads\/2024\/09\/picto-youtube.png\" alt=\"\" \/><br \/>\n<a class=\"cta_process\" href=\"https:\/\/youtu.be\/Wj-q3U4KcTs?si=o_bku91H4KTHPpHq\" target=\"_blank\" rel=\"noopener\">Voir le Process de fabrication<\/a><\/div>\n<div id=\"picto-produit\"><img decoding=\"async\" src=\"https:\/\/www.liphatech.fr\/boutique\/\/\/wp-content\/uploads\/2024\/08\/turbo-petrissage-logo.png\" alt=\"\" \/><br \/>\n<img decoding=\"async\" src=\"https:\/\/www.liphatech.fr\/boutique\/\/\/wp-content\/uploads\/2024\/08\/Fabrique-en-france-logo.webp\" alt=\"\" \/><\/div>\n<p><strong>Notre conseil<\/strong> : Pour une transition r\u00e9ussie entre la phase de d\u00e9tection et la phase de traitement, utiliser les m\u00eames formulations d\u2019app\u00e2ts<\/p>\n","protected":false},"featured_media":111085,"comment_status":"open","ping_status":"closed","template":"","meta":{"_acf_changed":false,"_et_pb_use_builder":"","_et_pb_old_content":"","_et_gb_content_width":""},"product_brand":[],"product_cat":[166,120,152,142],"product_tag":[],"class_list":{"0":"post-111040","1":"product","2":"type-product","3":"status-publish","4":"has-post-thumbnail","6":"product_cat-je-surveille","7":"product_cat-lt-notox","8":"product_cat-placebo-pate","9":"product_cat-rats-souris","11":"first","12":"instock","13":"taxable","14":"shipping-taxable","15":"purchasable","16":"product-type-simple"},"acf":[],"yoast_head":"<!-- This site is optimized with the Yoast SEO plugin v26.5 - https:\/\/yoast.com\/wordpress\/plugins\/seo\/ -->\n<title>LT\u00ae NOTOX PAT&#039; - La Boutique LIPHATECH<\/title>\n<meta name=\"robots\" content=\"index, follow, max-snippet:-1, max-image-preview:large, max-video-preview:-1\" \/>\n<link rel=\"canonical\" href=\"https:\/\/www.liphatech.fr\/boutique\/produit\/lt-notox-pat\/\" \/>\n<meta property=\"og:locale\" content=\"fr_FR\" \/>\n<meta property=\"og:type\" content=\"article\" \/>\n<meta property=\"og:title\" content=\"LT\u00ae NOTOX PAT&#039; - La Boutique LIPHATECH\" \/>\n<meta property=\"og:description\" content=\"P\u00e2te plac\u00e9bo pour une d\u00e9tection efficace de pr\u00e9sence de rongeurs. \u00c0 utiliser \u00e0 l\u2019int\u00e9rieur des b\u00e2timents, en lieux secs ou prot\u00e9g\u00e9s.  Voir le Process de fabrication   Notre conseil : Pour une transition r\u00e9ussie entre la phase de d\u00e9tection et la phase de traitement, utiliser les m\u00eames formulations d\u2019app\u00e2ts\" \/>\n<meta property=\"og:url\" content=\"https:\/\/www.liphatech.fr\/boutique\/produit\/lt-notox-pat\/\" \/>\n<meta property=\"og:site_name\" content=\"La Boutique LIPHATECH\" \/>\n<meta property=\"article:modified_time\" content=\"2026-04-09T11:54:54+00:00\" \/>\n<meta property=\"og:image\" content=\"https:\/\/www.liphatech.fr\/boutique\/wp-content\/uploads\/2023\/12\/80000469-LT-NOTOX-PAT-SEAU-5KG-FACE.webp\" \/>\n\t<meta property=\"og:image:width\" content=\"500\" \/>\n\t<meta property=\"og:image:height\" content=\"500\" \/>\n\t<meta property=\"og:image:type\" content=\"image\/webp\" \/>\n<meta name=\"twitter:card\" content=\"summary_large_image\" \/>\n<meta name=\"twitter:label1\" content=\"Dur\u00e9e de lecture estim\u00e9e\" \/>\n\t<meta name=\"twitter:data1\" content=\"1 minute\" \/>\n<script type=\"application\/ld+json\" class=\"yoast-schema-graph\">{\"@context\":\"https:\/\/schema.org\",\"@graph\":[{\"@type\":\"WebPage\",\"@id\":\"https:\/\/www.liphatech.fr\/boutique\/produit\/lt-notox-pat\/\",\"url\":\"https:\/\/www.liphatech.fr\/boutique\/produit\/lt-notox-pat\/\",\"name\":\"LT\u00ae NOTOX PAT' - La Boutique LIPHATECH\",\"isPartOf\":{\"@id\":\"https:\/\/www.liphatech.fr\/boutique\/#website\"},\"primaryImageOfPage\":{\"@id\":\"https:\/\/www.liphatech.fr\/boutique\/produit\/lt-notox-pat\/#primaryimage\"},\"image\":{\"@id\":\"https:\/\/www.liphatech.fr\/boutique\/produit\/lt-notox-pat\/#primaryimage\"},\"thumbnailUrl\":\"https:\/\/www.liphatech.fr\/boutique\/wp-content\/uploads\/2023\/12\/80000469-LT-NOTOX-PAT-SEAU-5KG-FACE.webp\",\"datePublished\":\"2023-12-20T10:20:38+00:00\",\"dateModified\":\"2026-04-09T11:54:54+00:00\",\"breadcrumb\":{\"@id\":\"https:\/\/www.liphatech.fr\/boutique\/produit\/lt-notox-pat\/#breadcrumb\"},\"inLanguage\":\"fr-FR\",\"potentialAction\":[{\"@type\":\"ReadAction\",\"target\":[\"https:\/\/www.liphatech.fr\/boutique\/produit\/lt-notox-pat\/\"]}]},{\"@type\":\"ImageObject\",\"inLanguage\":\"fr-FR\",\"@id\":\"https:\/\/www.liphatech.fr\/boutique\/produit\/lt-notox-pat\/#primaryimage\",\"url\":\"https:\/\/www.liphatech.fr\/boutique\/wp-content\/uploads\/2023\/12\/80000469-LT-NOTOX-PAT-SEAU-5KG-FACE.webp\",\"contentUrl\":\"https:\/\/www.liphatech.fr\/boutique\/wp-content\/uploads\/2023\/12\/80000469-LT-NOTOX-PAT-SEAU-5KG-FACE.webp\",\"width\":500,\"height\":500},{\"@type\":\"BreadcrumbList\",\"@id\":\"https:\/\/www.liphatech.fr\/boutique\/produit\/lt-notox-pat\/#breadcrumb\",\"itemListElement\":[{\"@type\":\"ListItem\",\"position\":1,\"name\":\"Accueil\",\"item\":\"https:\/\/www.liphatech.fr\/boutique\/\"},{\"@type\":\"ListItem\",\"position\":2,\"name\":\"Boutique\",\"item\":\"https:\/\/www.liphatech.fr\/boutique\/boutique\/\"},{\"@type\":\"ListItem\",\"position\":3,\"name\":\"LT\u00ae NOTOX PAT&rsquo;\"}]},{\"@type\":\"WebSite\",\"@id\":\"https:\/\/www.liphatech.fr\/boutique\/#website\",\"url\":\"https:\/\/www.liphatech.fr\/boutique\/\",\"name\":\"La Boutique LIPHATECH\",\"description\":\"\",\"potentialAction\":[{\"@type\":\"SearchAction\",\"target\":{\"@type\":\"EntryPoint\",\"urlTemplate\":\"https:\/\/www.liphatech.fr\/boutique\/?s={search_term_string}\"},\"query-input\":{\"@type\":\"PropertyValueSpecification\",\"valueRequired\":true,\"valueName\":\"search_term_string\"}}],\"inLanguage\":\"fr-FR\"}]}<\/script>\n<!-- \/ Yoast SEO plugin. -->","yoast_head_json":{"title":"LT\u00ae NOTOX PAT' - La Boutique LIPHATECH","robots":{"index":"index","follow":"follow","max-snippet":"max-snippet:-1","max-image-preview":"max-image-preview:large","max-video-preview":"max-video-preview:-1"},"canonical":"https:\/\/www.liphatech.fr\/boutique\/produit\/lt-notox-pat\/","og_locale":"fr_FR","og_type":"article","og_title":"LT\u00ae NOTOX PAT' - La Boutique LIPHATECH","og_description":"P\u00e2te plac\u00e9bo pour une d\u00e9tection efficace de pr\u00e9sence de rongeurs. \u00c0 utiliser \u00e0 l\u2019int\u00e9rieur des b\u00e2timents, en lieux secs ou prot\u00e9g\u00e9s.  Voir le Process de fabrication   Notre conseil : Pour une transition r\u00e9ussie entre la phase de d\u00e9tection et la phase de traitement, utiliser les m\u00eames formulations d\u2019app\u00e2ts","og_url":"https:\/\/www.liphatech.fr\/boutique\/produit\/lt-notox-pat\/","og_site_name":"La Boutique LIPHATECH","article_modified_time":"2026-04-09T11:54:54+00:00","og_image":[{"width":500,"height":500,"url":"https:\/\/www.liphatech.fr\/boutique\/wp-content\/uploads\/2023\/12\/80000469-LT-NOTOX-PAT-SEAU-5KG-FACE.webp","type":"image\/webp"}],"twitter_card":"summary_large_image","twitter_misc":{"Dur\u00e9e de lecture estim\u00e9e":"1 minute"},"schema":{"@context":"https:\/\/schema.org","@graph":[{"@type":"WebPage","@id":"https:\/\/www.liphatech.fr\/boutique\/produit\/lt-notox-pat\/","url":"https:\/\/www.liphatech.fr\/boutique\/produit\/lt-notox-pat\/","name":"LT\u00ae NOTOX PAT' - La Boutique LIPHATECH","isPartOf":{"@id":"https:\/\/www.liphatech.fr\/boutique\/#website"},"primaryImageOfPage":{"@id":"https:\/\/www.liphatech.fr\/boutique\/produit\/lt-notox-pat\/#primaryimage"},"image":{"@id":"https:\/\/www.liphatech.fr\/boutique\/produit\/lt-notox-pat\/#primaryimage"},"thumbnailUrl":"https:\/\/www.liphatech.fr\/boutique\/wp-content\/uploads\/2023\/12\/80000469-LT-NOTOX-PAT-SEAU-5KG-FACE.webp","datePublished":"2023-12-20T10:20:38+00:00","dateModified":"2026-04-09T11:54:54+00:00","breadcrumb":{"@id":"https:\/\/www.liphatech.fr\/boutique\/produit\/lt-notox-pat\/#breadcrumb"},"inLanguage":"fr-FR","potentialAction":[{"@type":"ReadAction","target":["https:\/\/www.liphatech.fr\/boutique\/produit\/lt-notox-pat\/"]}]},{"@type":"ImageObject","inLanguage":"fr-FR","@id":"https:\/\/www.liphatech.fr\/boutique\/produit\/lt-notox-pat\/#primaryimage","url":"https:\/\/www.liphatech.fr\/boutique\/wp-content\/uploads\/2023\/12\/80000469-LT-NOTOX-PAT-SEAU-5KG-FACE.webp","contentUrl":"https:\/\/www.liphatech.fr\/boutique\/wp-content\/uploads\/2023\/12\/80000469-LT-NOTOX-PAT-SEAU-5KG-FACE.webp","width":500,"height":500},{"@type":"BreadcrumbList","@id":"https:\/\/www.liphatech.fr\/boutique\/produit\/lt-notox-pat\/#breadcrumb","itemListElement":[{"@type":"ListItem","position":1,"name":"Accueil","item":"https:\/\/www.liphatech.fr\/boutique\/"},{"@type":"ListItem","position":2,"name":"Boutique","item":"https:\/\/www.liphatech.fr\/boutique\/boutique\/"},{"@type":"ListItem","position":3,"name":"LT\u00ae NOTOX PAT&rsquo;"}]},{"@type":"WebSite","@id":"https:\/\/www.liphatech.fr\/boutique\/#website","url":"https:\/\/www.liphatech.fr\/boutique\/","name":"La Boutique LIPHATECH","description":"","potentialAction":[{"@type":"SearchAction","target":{"@type":"EntryPoint","urlTemplate":"https:\/\/www.liphatech.fr\/boutique\/?s={search_term_string}"},"query-input":{"@type":"PropertyValueSpecification","valueRequired":true,"valueName":"search_term_string"}}],"inLanguage":"fr-FR"}]}},"_links":{"self":[{"href":"https:\/\/www.liphatech.fr\/boutique\/wp-json\/wp\/v2\/product\/111040","targetHints":{"allow":["GET"]}}],"collection":[{"href":"https:\/\/www.liphatech.fr\/boutique\/wp-json\/wp\/v2\/product"}],"about":[{"href":"https:\/\/www.liphatech.fr\/boutique\/wp-json\/wp\/v2\/types\/product"}],"replies":[{"embeddable":true,"href":"https:\/\/www.liphatech.fr\/boutique\/wp-json\/wp\/v2\/comments?post=111040"}],"wp:featuredmedia":[{"embeddable":true,"href":"https:\/\/www.liphatech.fr\/boutique\/wp-json\/wp\/v2\/media\/111085"}],"wp:attachment":[{"href":"https:\/\/www.liphatech.fr\/boutique\/wp-json\/wp\/v2\/media?parent=111040"}],"wp:term":[{"taxonomy":"product_brand","embeddable":true,"href":"https:\/\/www.liphatech.fr\/boutique\/wp-json\/wp\/v2\/product_brand?post=111040"},{"taxonomy":"product_cat","embeddable":true,"href":"https:\/\/www.liphatech.fr\/boutique\/wp-json\/wp\/v2\/product_cat?post=111040"},{"taxonomy":"product_tag","embeddable":true,"href":"https:\/\/www.liphatech.fr\/boutique\/wp-json\/wp\/v2\/product_tag?post=111040"}],"curies":[{"name":"wp","href":"https:\/\/api.w.org\/{rel}","templated":true}]}}