{"id":111046,"date":"2023-12-20T11:42:21","date_gmt":"2023-12-20T10:42:21","guid":{"rendered":"https:\/\/boutique.desangosse.mywebstrategies.com\/?post_type=product&#038;p=111046"},"modified":"2026-03-31T14:01:04","modified_gmt":"2026-03-31T12:01:04","slug":"advion-gel-blattes","status":"publish","type":"product","link":"https:\/\/www.liphatech.fr\/boutique\/produit\/advion-gel-blattes\/","title":{"rendered":"ADVION\u00ae GEL Blattes"},"content":{"rendered":"<p><u>BLISTER DE 4 CARTOUCHES &#8211; 30g :<\/u><\/p>\n<ul>\n<li>Dimensions carton : 24 x 15,5 x 19 cm \u2013 Poids Brut CDT\u00a0: 1,29 kg<\/li>\n<li>Palette de\u00a0: 110 cartons \u2013 Dimensions Pal\u00a0: 120 x 100 x 205 \u2013 Poids Pal Brut : 161,9 kg<\/li>\n<\/ul>\n","protected":false},"excerpt":{"rendered":"<p>App\u00e9tence remarquable, pour un contr\u00f4le choc et durable de toutes les esp\u00e8ces de blattes, en int\u00e9rieur et en ext\u00e9rieur.<br \/>\nEfficacit\u00e9 de la substance \u00ab\u00a0bio-activ\u00e9e\u00a0\u00bb : mode d&rsquo;action cibl\u00e9 pour un contr\u00f4le sp\u00e9cifique des blattes.<\/p>\n<p>&nbsp;<\/p>\n<ul>\n<li>Tr\u00e8s bonne adh\u00e9rence sur tout support.<\/li>\n<li>Efficacit\u00e9 exceptionnelle gr\u00e2ce aux mortalit\u00e9s secondaires et tertiaires.<\/li>\n<li>Gel propre, ne coule pas, facile \u00e0 positionner.<\/li>\n<\/ul>\n<div id=\"picto-produit\"><img decoding=\"async\" src=\"https:\/\/www.liphatech.fr\/boutique\/\/\/wp-content\/uploads\/2024\/08\/logo-je-traite.png\" alt=\"\" \/><br \/>\n<img decoding=\"async\" src=\"https:\/\/www.liphatech.fr\/boutique\/\/\/wp-content\/uploads\/2024\/08\/icone-insectes.png\" alt=\"\" \/><\/div>\n<div><\/div>\n<div>Nom homologu\u00e9 : ADVION\u00ae GEL Blattes AMM N\u00b0FR-2011-0001<br \/>\nComposition : Indoxacarbe 0,6%<br \/>\nUsage : tous types de blattes<br \/>\nClassement : H412<br \/>\nUtilisation : en int\u00e9rieur et ext\u00e9rieur, en industries agro-alimentaires, \u00e9coles et h\u00f4pitaux<\/div>\n<div><\/div>\n","protected":false},"featured_media":111089,"comment_status":"open","ping_status":"closed","template":"","meta":{"_acf_changed":false,"_et_pb_use_builder":"","_et_pb_old_content":"","_et_gb_content_width":""},"product_brand":[],"product_cat":[115,138,129,165],"product_tag":[],"class_list":{"0":"post-111046","1":"product","2":"type-product","3":"status-publish","4":"has-post-thumbnail","6":"product_cat-advion","7":"product_cat-blattes","8":"product_cat-indoxacarbe","9":"product_cat-je-traite-curatif","11":"first","12":"instock","13":"taxable","14":"shipping-taxable","15":"purchasable","16":"product-type-simple"},"acf":[],"yoast_head":"<!-- This site is optimized with the Yoast SEO plugin v26.5 - https:\/\/yoast.com\/wordpress\/plugins\/seo\/ -->\n<title>ADVION\u00ae GEL Blattes - La Boutique LIPHATECH<\/title>\n<meta name=\"robots\" content=\"index, follow, max-snippet:-1, max-image-preview:large, max-video-preview:-1\" \/>\n<link rel=\"canonical\" href=\"https:\/\/www.liphatech.fr\/boutique\/produit\/advion-gel-blattes\/\" \/>\n<meta property=\"og:locale\" content=\"fr_FR\" \/>\n<meta property=\"og:type\" content=\"article\" \/>\n<meta property=\"og:title\" content=\"ADVION\u00ae GEL Blattes - La Boutique LIPHATECH\" \/>\n<meta property=\"og:description\" content=\"App\u00e9tence remarquable, pour un contr\u00f4le choc et durable de toutes les esp\u00e8ces de blattes, en int\u00e9rieur et en ext\u00e9rieur. Efficacit\u00e9 de la substance &quot;bio-activ\u00e9e&quot; : mode d&#039;action cibl\u00e9 pour un contr\u00f4le sp\u00e9cifique des blattes.  &nbsp;   Tr\u00e8s bonne adh\u00e9rence sur tout support.  Efficacit\u00e9 exceptionnelle gr\u00e2ce aux mortalit\u00e9s secondaires et tertiaires.  Gel propre, ne coule pas, facile \u00e0 positionner.     Nom homologu\u00e9 : ADVION\u00ae GEL Blattes AMM N\u00b0FR-2011-0001 Composition : Indoxacarbe 0,6% Usage : tous types de blattes Classement : H412 Utilisation : en int\u00e9rieur et ext\u00e9rieur, en industries agro-alimentaires, \u00e9coles et h\u00f4pitaux\" \/>\n<meta property=\"og:url\" content=\"https:\/\/www.liphatech.fr\/boutique\/produit\/advion-gel-blattes\/\" \/>\n<meta property=\"og:site_name\" content=\"La Boutique LIPHATECH\" \/>\n<meta property=\"article:modified_time\" content=\"2026-03-31T12:01:04+00:00\" \/>\n<meta property=\"og:image\" content=\"https:\/\/www.liphatech.fr\/boutique\/wp-content\/uploads\/2023\/12\/80000472-ADVION-GEL-BLATTES-FACE.webp\" \/>\n\t<meta property=\"og:image:width\" content=\"500\" \/>\n\t<meta property=\"og:image:height\" content=\"500\" \/>\n\t<meta property=\"og:image:type\" content=\"image\/webp\" \/>\n<meta name=\"twitter:card\" content=\"summary_large_image\" \/>\n<meta name=\"twitter:label1\" content=\"Dur\u00e9e de lecture estim\u00e9e\" \/>\n\t<meta name=\"twitter:data1\" content=\"1 minute\" \/>\n<script type=\"application\/ld+json\" class=\"yoast-schema-graph\">{\"@context\":\"https:\/\/schema.org\",\"@graph\":[{\"@type\":\"WebPage\",\"@id\":\"https:\/\/www.liphatech.fr\/boutique\/produit\/advion-gel-blattes\/\",\"url\":\"https:\/\/www.liphatech.fr\/boutique\/produit\/advion-gel-blattes\/\",\"name\":\"ADVION\u00ae GEL Blattes - La Boutique LIPHATECH\",\"isPartOf\":{\"@id\":\"https:\/\/www.liphatech.fr\/boutique\/#website\"},\"primaryImageOfPage\":{\"@id\":\"https:\/\/www.liphatech.fr\/boutique\/produit\/advion-gel-blattes\/#primaryimage\"},\"image\":{\"@id\":\"https:\/\/www.liphatech.fr\/boutique\/produit\/advion-gel-blattes\/#primaryimage\"},\"thumbnailUrl\":\"https:\/\/www.liphatech.fr\/boutique\/wp-content\/uploads\/2023\/12\/80000472-ADVION-GEL-BLATTES-FACE.webp\",\"datePublished\":\"2023-12-20T10:42:21+00:00\",\"dateModified\":\"2026-03-31T12:01:04+00:00\",\"breadcrumb\":{\"@id\":\"https:\/\/www.liphatech.fr\/boutique\/produit\/advion-gel-blattes\/#breadcrumb\"},\"inLanguage\":\"fr-FR\",\"potentialAction\":[{\"@type\":\"ReadAction\",\"target\":[\"https:\/\/www.liphatech.fr\/boutique\/produit\/advion-gel-blattes\/\"]}]},{\"@type\":\"ImageObject\",\"inLanguage\":\"fr-FR\",\"@id\":\"https:\/\/www.liphatech.fr\/boutique\/produit\/advion-gel-blattes\/#primaryimage\",\"url\":\"https:\/\/www.liphatech.fr\/boutique\/wp-content\/uploads\/2023\/12\/80000472-ADVION-GEL-BLATTES-FACE.webp\",\"contentUrl\":\"https:\/\/www.liphatech.fr\/boutique\/wp-content\/uploads\/2023\/12\/80000472-ADVION-GEL-BLATTES-FACE.webp\",\"width\":500,\"height\":500},{\"@type\":\"BreadcrumbList\",\"@id\":\"https:\/\/www.liphatech.fr\/boutique\/produit\/advion-gel-blattes\/#breadcrumb\",\"itemListElement\":[{\"@type\":\"ListItem\",\"position\":1,\"name\":\"Accueil\",\"item\":\"https:\/\/www.liphatech.fr\/boutique\/\"},{\"@type\":\"ListItem\",\"position\":2,\"name\":\"Boutique\",\"item\":\"https:\/\/www.liphatech.fr\/boutique\/boutique\/\"},{\"@type\":\"ListItem\",\"position\":3,\"name\":\"ADVION\u00ae GEL Blattes\"}]},{\"@type\":\"WebSite\",\"@id\":\"https:\/\/www.liphatech.fr\/boutique\/#website\",\"url\":\"https:\/\/www.liphatech.fr\/boutique\/\",\"name\":\"La Boutique LIPHATECH\",\"description\":\"\",\"potentialAction\":[{\"@type\":\"SearchAction\",\"target\":{\"@type\":\"EntryPoint\",\"urlTemplate\":\"https:\/\/www.liphatech.fr\/boutique\/?s={search_term_string}\"},\"query-input\":{\"@type\":\"PropertyValueSpecification\",\"valueRequired\":true,\"valueName\":\"search_term_string\"}}],\"inLanguage\":\"fr-FR\"}]}<\/script>\n<!-- \/ Yoast SEO plugin. -->","yoast_head_json":{"title":"ADVION\u00ae GEL Blattes - La Boutique LIPHATECH","robots":{"index":"index","follow":"follow","max-snippet":"max-snippet:-1","max-image-preview":"max-image-preview:large","max-video-preview":"max-video-preview:-1"},"canonical":"https:\/\/www.liphatech.fr\/boutique\/produit\/advion-gel-blattes\/","og_locale":"fr_FR","og_type":"article","og_title":"ADVION\u00ae GEL Blattes - La Boutique LIPHATECH","og_description":"App\u00e9tence remarquable, pour un contr\u00f4le choc et durable de toutes les esp\u00e8ces de blattes, en int\u00e9rieur et en ext\u00e9rieur. Efficacit\u00e9 de la substance \"bio-activ\u00e9e\" : mode d'action cibl\u00e9 pour un contr\u00f4le sp\u00e9cifique des blattes.  &nbsp;   Tr\u00e8s bonne adh\u00e9rence sur tout support.  Efficacit\u00e9 exceptionnelle gr\u00e2ce aux mortalit\u00e9s secondaires et tertiaires.  Gel propre, ne coule pas, facile \u00e0 positionner.     Nom homologu\u00e9 : ADVION\u00ae GEL Blattes AMM N\u00b0FR-2011-0001 Composition : Indoxacarbe 0,6% Usage : tous types de blattes Classement : H412 Utilisation : en int\u00e9rieur et ext\u00e9rieur, en industries agro-alimentaires, \u00e9coles et h\u00f4pitaux","og_url":"https:\/\/www.liphatech.fr\/boutique\/produit\/advion-gel-blattes\/","og_site_name":"La Boutique LIPHATECH","article_modified_time":"2026-03-31T12:01:04+00:00","og_image":[{"width":500,"height":500,"url":"https:\/\/www.liphatech.fr\/boutique\/wp-content\/uploads\/2023\/12\/80000472-ADVION-GEL-BLATTES-FACE.webp","type":"image\/webp"}],"twitter_card":"summary_large_image","twitter_misc":{"Dur\u00e9e de lecture estim\u00e9e":"1 minute"},"schema":{"@context":"https:\/\/schema.org","@graph":[{"@type":"WebPage","@id":"https:\/\/www.liphatech.fr\/boutique\/produit\/advion-gel-blattes\/","url":"https:\/\/www.liphatech.fr\/boutique\/produit\/advion-gel-blattes\/","name":"ADVION\u00ae GEL Blattes - La Boutique LIPHATECH","isPartOf":{"@id":"https:\/\/www.liphatech.fr\/boutique\/#website"},"primaryImageOfPage":{"@id":"https:\/\/www.liphatech.fr\/boutique\/produit\/advion-gel-blattes\/#primaryimage"},"image":{"@id":"https:\/\/www.liphatech.fr\/boutique\/produit\/advion-gel-blattes\/#primaryimage"},"thumbnailUrl":"https:\/\/www.liphatech.fr\/boutique\/wp-content\/uploads\/2023\/12\/80000472-ADVION-GEL-BLATTES-FACE.webp","datePublished":"2023-12-20T10:42:21+00:00","dateModified":"2026-03-31T12:01:04+00:00","breadcrumb":{"@id":"https:\/\/www.liphatech.fr\/boutique\/produit\/advion-gel-blattes\/#breadcrumb"},"inLanguage":"fr-FR","potentialAction":[{"@type":"ReadAction","target":["https:\/\/www.liphatech.fr\/boutique\/produit\/advion-gel-blattes\/"]}]},{"@type":"ImageObject","inLanguage":"fr-FR","@id":"https:\/\/www.liphatech.fr\/boutique\/produit\/advion-gel-blattes\/#primaryimage","url":"https:\/\/www.liphatech.fr\/boutique\/wp-content\/uploads\/2023\/12\/80000472-ADVION-GEL-BLATTES-FACE.webp","contentUrl":"https:\/\/www.liphatech.fr\/boutique\/wp-content\/uploads\/2023\/12\/80000472-ADVION-GEL-BLATTES-FACE.webp","width":500,"height":500},{"@type":"BreadcrumbList","@id":"https:\/\/www.liphatech.fr\/boutique\/produit\/advion-gel-blattes\/#breadcrumb","itemListElement":[{"@type":"ListItem","position":1,"name":"Accueil","item":"https:\/\/www.liphatech.fr\/boutique\/"},{"@type":"ListItem","position":2,"name":"Boutique","item":"https:\/\/www.liphatech.fr\/boutique\/boutique\/"},{"@type":"ListItem","position":3,"name":"ADVION\u00ae GEL Blattes"}]},{"@type":"WebSite","@id":"https:\/\/www.liphatech.fr\/boutique\/#website","url":"https:\/\/www.liphatech.fr\/boutique\/","name":"La Boutique LIPHATECH","description":"","potentialAction":[{"@type":"SearchAction","target":{"@type":"EntryPoint","urlTemplate":"https:\/\/www.liphatech.fr\/boutique\/?s={search_term_string}"},"query-input":{"@type":"PropertyValueSpecification","valueRequired":true,"valueName":"search_term_string"}}],"inLanguage":"fr-FR"}]}},"_links":{"self":[{"href":"https:\/\/www.liphatech.fr\/boutique\/wp-json\/wp\/v2\/product\/111046","targetHints":{"allow":["GET"]}}],"collection":[{"href":"https:\/\/www.liphatech.fr\/boutique\/wp-json\/wp\/v2\/product"}],"about":[{"href":"https:\/\/www.liphatech.fr\/boutique\/wp-json\/wp\/v2\/types\/product"}],"replies":[{"embeddable":true,"href":"https:\/\/www.liphatech.fr\/boutique\/wp-json\/wp\/v2\/comments?post=111046"}],"wp:featuredmedia":[{"embeddable":true,"href":"https:\/\/www.liphatech.fr\/boutique\/wp-json\/wp\/v2\/media\/111089"}],"wp:attachment":[{"href":"https:\/\/www.liphatech.fr\/boutique\/wp-json\/wp\/v2\/media?parent=111046"}],"wp:term":[{"taxonomy":"product_brand","embeddable":true,"href":"https:\/\/www.liphatech.fr\/boutique\/wp-json\/wp\/v2\/product_brand?post=111046"},{"taxonomy":"product_cat","embeddable":true,"href":"https:\/\/www.liphatech.fr\/boutique\/wp-json\/wp\/v2\/product_cat?post=111046"},{"taxonomy":"product_tag","embeddable":true,"href":"https:\/\/www.liphatech.fr\/boutique\/wp-json\/wp\/v2\/product_tag?post=111046"}],"curies":[{"name":"wp","href":"https:\/\/api.w.org\/{rel}","templated":true}]}}