{"id":111103,"date":"2024-09-11T15:20:31","date_gmt":"2024-09-11T13:20:31","guid":{"rendered":"https:\/\/boutique.desangosse.mywebstrategies.com\/?post_type=product&#038;p=111103"},"modified":"2024-11-21T14:33:08","modified_gmt":"2024-11-21T13:33:08","slug":"fixappats","status":"publish","type":"product","link":"https:\/\/www.liphatech.fr\/boutique\/produit\/fixappats\/","title":{"rendered":"FIX&rsquo; APPATS AEGIS\u00ae"},"content":{"rendered":"<p><u>SACHET DE 100 TIGES :<\/u><\/p>\n<ul>\n<li>Dimensions Pal : 120 x 80 x 178 \u2013 Poids Pal Brut : 40 kg<\/li>\n<\/ul>\n","protected":false},"excerpt":{"rendered":"<p>Tiges biseaut\u00e9es permettant de brocher les app\u00e2ts entre eux (p\u00e2tes, blocs &#8230;) sans les d\u00e9chirer ou les casser.<\/p>\n<p>\u2022 Pas de d\u00e9chirure ou de cassure des app\u00e2ts<br \/>\n\u2022 Les app\u00e2ts ne peuvent pas \u00eatre extraits du poste<br \/>\n\u2022 Tiges s&rsquo; adaptent avec tous les postes AEGIS\u00ae et plus particuli\u00e8rement avec le poste d&rsquo;appatage AEGIS\u00ae Souris<\/p>\n","protected":false},"featured_media":113137,"comment_status":"closed","ping_status":"closed","template":"","meta":{"_acf_changed":false,"_et_pb_use_builder":"","_et_pb_old_content":"","_et_gb_content_width":""},"product_brand":[],"product_cat":[131,116,165,142],"product_tag":[],"class_list":{"0":"post-111103","1":"product","2":"type-product","3":"status-publish","4":"has-post-thumbnail","6":"product_cat-accessoires","7":"product_cat-aegis","8":"product_cat-je-traite-curatif","9":"product_cat-rats-souris","11":"first","12":"instock","13":"taxable","14":"shipping-taxable","15":"purchasable","16":"product-type-simple"},"acf":[],"yoast_head":"<!-- This site is optimized with the Yoast SEO plugin v26.5 - https:\/\/yoast.com\/wordpress\/plugins\/seo\/ -->\n<title>FIX&#039; APPATS AEGIS\u00ae - La Boutique LIPHATECH<\/title>\n<meta name=\"robots\" content=\"index, follow, max-snippet:-1, max-image-preview:large, max-video-preview:-1\" \/>\n<link rel=\"canonical\" href=\"https:\/\/www.liphatech.fr\/boutique\/produit\/fixappats\/\" \/>\n<meta property=\"og:locale\" content=\"fr_FR\" \/>\n<meta property=\"og:type\" content=\"article\" \/>\n<meta property=\"og:title\" content=\"FIX&#039; APPATS AEGIS\u00ae - La Boutique LIPHATECH\" \/>\n<meta property=\"og:description\" content=\"Tiges biseaut\u00e9es permettant de brocher les app\u00e2ts entre eux (p\u00e2tes, blocs ...) sans les d\u00e9chirer ou les casser.  \u2022 Pas de d\u00e9chirure ou de cassure des app\u00e2ts \u2022 Les app\u00e2ts ne peuvent pas \u00eatre extraits du poste \u2022 Tiges s&#039; adaptent avec tous les postes AEGIS\u00ae et plus particuli\u00e8rement avec le poste d&#039;appatage AEGIS\u00ae Souris\" \/>\n<meta property=\"og:url\" content=\"https:\/\/www.liphatech.fr\/boutique\/produit\/fixappats\/\" \/>\n<meta property=\"og:site_name\" content=\"La Boutique LIPHATECH\" \/>\n<meta property=\"article:modified_time\" content=\"2024-11-21T13:33:08+00:00\" \/>\n<meta property=\"og:image\" content=\"https:\/\/www.liphatech.fr\/boutique\/wp-content\/uploads\/2024\/09\/fix-appat-site-web.png\" \/>\n\t<meta property=\"og:image:width\" content=\"874\" \/>\n\t<meta property=\"og:image:height\" content=\"620\" \/>\n\t<meta property=\"og:image:type\" content=\"image\/png\" \/>\n<meta name=\"twitter:card\" content=\"summary_large_image\" \/>\n<meta name=\"twitter:label1\" content=\"Dur\u00e9e de lecture estim\u00e9e\" \/>\n\t<meta name=\"twitter:data1\" content=\"1 minute\" \/>\n<script type=\"application\/ld+json\" class=\"yoast-schema-graph\">{\"@context\":\"https:\/\/schema.org\",\"@graph\":[{\"@type\":\"WebPage\",\"@id\":\"https:\/\/www.liphatech.fr\/boutique\/produit\/fixappats\/\",\"url\":\"https:\/\/www.liphatech.fr\/boutique\/produit\/fixappats\/\",\"name\":\"FIX' APPATS AEGIS\u00ae - La Boutique LIPHATECH\",\"isPartOf\":{\"@id\":\"https:\/\/www.liphatech.fr\/boutique\/#website\"},\"primaryImageOfPage\":{\"@id\":\"https:\/\/www.liphatech.fr\/boutique\/produit\/fixappats\/#primaryimage\"},\"image\":{\"@id\":\"https:\/\/www.liphatech.fr\/boutique\/produit\/fixappats\/#primaryimage\"},\"thumbnailUrl\":\"https:\/\/www.liphatech.fr\/boutique\/wp-content\/uploads\/2024\/09\/fix-appat-site-web.png\",\"datePublished\":\"2024-09-11T13:20:31+00:00\",\"dateModified\":\"2024-11-21T13:33:08+00:00\",\"breadcrumb\":{\"@id\":\"https:\/\/www.liphatech.fr\/boutique\/produit\/fixappats\/#breadcrumb\"},\"inLanguage\":\"fr-FR\",\"potentialAction\":[{\"@type\":\"ReadAction\",\"target\":[\"https:\/\/www.liphatech.fr\/boutique\/produit\/fixappats\/\"]}]},{\"@type\":\"ImageObject\",\"inLanguage\":\"fr-FR\",\"@id\":\"https:\/\/www.liphatech.fr\/boutique\/produit\/fixappats\/#primaryimage\",\"url\":\"https:\/\/www.liphatech.fr\/boutique\/wp-content\/uploads\/2024\/09\/fix-appat-site-web.png\",\"contentUrl\":\"https:\/\/www.liphatech.fr\/boutique\/wp-content\/uploads\/2024\/09\/fix-appat-site-web.png\",\"width\":874,\"height\":620},{\"@type\":\"BreadcrumbList\",\"@id\":\"https:\/\/www.liphatech.fr\/boutique\/produit\/fixappats\/#breadcrumb\",\"itemListElement\":[{\"@type\":\"ListItem\",\"position\":1,\"name\":\"Accueil\",\"item\":\"https:\/\/www.liphatech.fr\/boutique\/\"},{\"@type\":\"ListItem\",\"position\":2,\"name\":\"Boutique\",\"item\":\"https:\/\/www.liphatech.fr\/boutique\/boutique\/\"},{\"@type\":\"ListItem\",\"position\":3,\"name\":\"FIX&rsquo; APPATS AEGIS\u00ae\"}]},{\"@type\":\"WebSite\",\"@id\":\"https:\/\/www.liphatech.fr\/boutique\/#website\",\"url\":\"https:\/\/www.liphatech.fr\/boutique\/\",\"name\":\"La Boutique LIPHATECH\",\"description\":\"\",\"potentialAction\":[{\"@type\":\"SearchAction\",\"target\":{\"@type\":\"EntryPoint\",\"urlTemplate\":\"https:\/\/www.liphatech.fr\/boutique\/?s={search_term_string}\"},\"query-input\":{\"@type\":\"PropertyValueSpecification\",\"valueRequired\":true,\"valueName\":\"search_term_string\"}}],\"inLanguage\":\"fr-FR\"}]}<\/script>\n<!-- \/ Yoast SEO plugin. -->","yoast_head_json":{"title":"FIX' APPATS AEGIS\u00ae - La Boutique LIPHATECH","robots":{"index":"index","follow":"follow","max-snippet":"max-snippet:-1","max-image-preview":"max-image-preview:large","max-video-preview":"max-video-preview:-1"},"canonical":"https:\/\/www.liphatech.fr\/boutique\/produit\/fixappats\/","og_locale":"fr_FR","og_type":"article","og_title":"FIX' APPATS AEGIS\u00ae - La Boutique LIPHATECH","og_description":"Tiges biseaut\u00e9es permettant de brocher les app\u00e2ts entre eux (p\u00e2tes, blocs ...) sans les d\u00e9chirer ou les casser.  \u2022 Pas de d\u00e9chirure ou de cassure des app\u00e2ts \u2022 Les app\u00e2ts ne peuvent pas \u00eatre extraits du poste \u2022 Tiges s' adaptent avec tous les postes AEGIS\u00ae et plus particuli\u00e8rement avec le poste d'appatage AEGIS\u00ae Souris","og_url":"https:\/\/www.liphatech.fr\/boutique\/produit\/fixappats\/","og_site_name":"La Boutique LIPHATECH","article_modified_time":"2024-11-21T13:33:08+00:00","og_image":[{"width":874,"height":620,"url":"https:\/\/www.liphatech.fr\/boutique\/wp-content\/uploads\/2024\/09\/fix-appat-site-web.png","type":"image\/png"}],"twitter_card":"summary_large_image","twitter_misc":{"Dur\u00e9e de lecture estim\u00e9e":"1 minute"},"schema":{"@context":"https:\/\/schema.org","@graph":[{"@type":"WebPage","@id":"https:\/\/www.liphatech.fr\/boutique\/produit\/fixappats\/","url":"https:\/\/www.liphatech.fr\/boutique\/produit\/fixappats\/","name":"FIX' APPATS AEGIS\u00ae - La Boutique LIPHATECH","isPartOf":{"@id":"https:\/\/www.liphatech.fr\/boutique\/#website"},"primaryImageOfPage":{"@id":"https:\/\/www.liphatech.fr\/boutique\/produit\/fixappats\/#primaryimage"},"image":{"@id":"https:\/\/www.liphatech.fr\/boutique\/produit\/fixappats\/#primaryimage"},"thumbnailUrl":"https:\/\/www.liphatech.fr\/boutique\/wp-content\/uploads\/2024\/09\/fix-appat-site-web.png","datePublished":"2024-09-11T13:20:31+00:00","dateModified":"2024-11-21T13:33:08+00:00","breadcrumb":{"@id":"https:\/\/www.liphatech.fr\/boutique\/produit\/fixappats\/#breadcrumb"},"inLanguage":"fr-FR","potentialAction":[{"@type":"ReadAction","target":["https:\/\/www.liphatech.fr\/boutique\/produit\/fixappats\/"]}]},{"@type":"ImageObject","inLanguage":"fr-FR","@id":"https:\/\/www.liphatech.fr\/boutique\/produit\/fixappats\/#primaryimage","url":"https:\/\/www.liphatech.fr\/boutique\/wp-content\/uploads\/2024\/09\/fix-appat-site-web.png","contentUrl":"https:\/\/www.liphatech.fr\/boutique\/wp-content\/uploads\/2024\/09\/fix-appat-site-web.png","width":874,"height":620},{"@type":"BreadcrumbList","@id":"https:\/\/www.liphatech.fr\/boutique\/produit\/fixappats\/#breadcrumb","itemListElement":[{"@type":"ListItem","position":1,"name":"Accueil","item":"https:\/\/www.liphatech.fr\/boutique\/"},{"@type":"ListItem","position":2,"name":"Boutique","item":"https:\/\/www.liphatech.fr\/boutique\/boutique\/"},{"@type":"ListItem","position":3,"name":"FIX&rsquo; APPATS AEGIS\u00ae"}]},{"@type":"WebSite","@id":"https:\/\/www.liphatech.fr\/boutique\/#website","url":"https:\/\/www.liphatech.fr\/boutique\/","name":"La Boutique LIPHATECH","description":"","potentialAction":[{"@type":"SearchAction","target":{"@type":"EntryPoint","urlTemplate":"https:\/\/www.liphatech.fr\/boutique\/?s={search_term_string}"},"query-input":{"@type":"PropertyValueSpecification","valueRequired":true,"valueName":"search_term_string"}}],"inLanguage":"fr-FR"}]}},"_links":{"self":[{"href":"https:\/\/www.liphatech.fr\/boutique\/wp-json\/wp\/v2\/product\/111103","targetHints":{"allow":["GET"]}}],"collection":[{"href":"https:\/\/www.liphatech.fr\/boutique\/wp-json\/wp\/v2\/product"}],"about":[{"href":"https:\/\/www.liphatech.fr\/boutique\/wp-json\/wp\/v2\/types\/product"}],"replies":[{"embeddable":true,"href":"https:\/\/www.liphatech.fr\/boutique\/wp-json\/wp\/v2\/comments?post=111103"}],"wp:featuredmedia":[{"embeddable":true,"href":"https:\/\/www.liphatech.fr\/boutique\/wp-json\/wp\/v2\/media\/113137"}],"wp:attachment":[{"href":"https:\/\/www.liphatech.fr\/boutique\/wp-json\/wp\/v2\/media?parent=111103"}],"wp:term":[{"taxonomy":"product_brand","embeddable":true,"href":"https:\/\/www.liphatech.fr\/boutique\/wp-json\/wp\/v2\/product_brand?post=111103"},{"taxonomy":"product_cat","embeddable":true,"href":"https:\/\/www.liphatech.fr\/boutique\/wp-json\/wp\/v2\/product_cat?post=111103"},{"taxonomy":"product_tag","embeddable":true,"href":"https:\/\/www.liphatech.fr\/boutique\/wp-json\/wp\/v2\/product_tag?post=111103"}],"curies":[{"name":"wp","href":"https:\/\/api.w.org\/{rel}","templated":true}]}}