{"id":111107,"date":"2024-09-12T15:29:14","date_gmt":"2024-09-12T13:29:14","guid":{"rendered":"https:\/\/boutique.desangosse.mywebstrategies.com\/?post_type=product&#038;p=111107"},"modified":"2024-10-31T12:11:59","modified_gmt":"2024-10-31T11:11:59","slug":"etiquettes-standard-poste","status":"publish","type":"product","link":"https:\/\/www.liphatech.fr\/boutique\/produit\/etiquettes-standard-poste\/","title":{"rendered":"ETIQUETTE STANDARD POSTE"},"content":{"rendered":"<p><u>ROULEAU DE 500 \u00e9tiquettes &#8211; Rat :<\/u><\/p>\n<ul>\n<li>Poids Brut CDT\u00a0: NC<\/li>\n<li>Palette de\u00a0: NC \u2013 Dimensions Pal\u00a0: 120 x 100 x 216<\/li>\n<\/ul>\n<p><u>ROULEAU DE 500 \u00e9tiquettes &#8211; Souris :<\/u><\/p>\n<ul>\n<li>Poids Brut CDT\u00a0: NC<\/li>\n<li>Palette de\u00a0: NC \u2013 Dimensions Pal\u00a0: 120 x 100 x 216<\/li>\n<\/ul>\n","protected":false},"excerpt":{"rendered":"<p>En polypropyl\u00e8ne, ces \u00e9tiquettes sont qualitatives et r\u00e9sistantes :\u00e0 la poussi\u00e8re, \u00e0 l&rsquo;humidit\u00e9, aux UV, \u00e0 la graisse et aux intemp\u00e9ries ; elles sont particuli\u00e8rement recommand\u00e9es pour une utilisation en industrie.<br \/>\nSupport sur lequel il est possible d&rsquo;\u00e9crire : nom homologu\u00e9, dates de passage, etc&#8230;<br \/>\nRouleau de 500 \u00e9tiquettes adh\u00e9sives en deux formats :<br \/>\nDimension 50x120mm pour les postes Aegis Rats<br \/>\nDimension 30x75mm pour les postes Aegis Souris<\/p>\n","protected":false},"featured_media":111112,"comment_status":"closed","ping_status":"closed","template":"","meta":{"_acf_changed":false,"_et_pb_use_builder":"","_et_pb_old_content":"","_et_gb_content_width":""},"product_brand":[],"product_cat":[131,116,165,142],"product_tag":[],"class_list":{"0":"post-111107","1":"product","2":"type-product","3":"status-publish","4":"has-post-thumbnail","6":"product_cat-accessoires","7":"product_cat-aegis","8":"product_cat-je-traite-curatif","9":"product_cat-rats-souris","11":"first","12":"instock","13":"taxable","14":"shipping-taxable","15":"purchasable","16":"product-type-variable"},"acf":[],"yoast_head":"<!-- This site is optimized with the Yoast SEO plugin v26.5 - https:\/\/yoast.com\/wordpress\/plugins\/seo\/ -->\n<title>ETIQUETTE STANDARD POSTE - La Boutique LIPHATECH<\/title>\n<meta name=\"robots\" content=\"index, follow, max-snippet:-1, max-image-preview:large, max-video-preview:-1\" \/>\n<link rel=\"canonical\" href=\"https:\/\/www.liphatech.fr\/boutique\/produit\/etiquettes-standard-poste\/\" \/>\n<meta property=\"og:locale\" content=\"fr_FR\" \/>\n<meta property=\"og:type\" content=\"article\" \/>\n<meta property=\"og:title\" content=\"ETIQUETTE STANDARD POSTE - La Boutique LIPHATECH\" \/>\n<meta property=\"og:description\" content=\"En polypropyl\u00e8ne, ces \u00e9tiquettes sont qualitatives et r\u00e9sistantes :\u00e0 la poussi\u00e8re, \u00e0 l&#039;humidit\u00e9, aux UV, \u00e0 la graisse et aux intemp\u00e9ries ; elles sont particuli\u00e8rement recommand\u00e9es pour une utilisation en industrie. Support sur lequel il est possible d&#039;\u00e9crire : nom homologu\u00e9, dates de passage, etc... Rouleau de 500 \u00e9tiquettes adh\u00e9sives en deux formats : Dimension 50x120mm pour les postes Aegis Rats Dimension 30x75mm pour les postes Aegis Souris\" \/>\n<meta property=\"og:url\" content=\"https:\/\/www.liphatech.fr\/boutique\/produit\/etiquettes-standard-poste\/\" \/>\n<meta property=\"og:site_name\" content=\"La Boutique LIPHATECH\" \/>\n<meta property=\"article:modified_time\" content=\"2024-10-31T11:11:59+00:00\" \/>\n<meta property=\"og:image\" content=\"https:\/\/www.liphatech.fr\/boutique\/wp-content\/uploads\/2024\/03\/80011409-Etiquettes-standard-poste-Souris-30-x-70-mm-FACE.webp\" \/>\n\t<meta property=\"og:image:width\" content=\"500\" \/>\n\t<meta property=\"og:image:height\" content=\"500\" \/>\n\t<meta property=\"og:image:type\" content=\"image\/webp\" \/>\n<meta name=\"twitter:card\" content=\"summary_large_image\" \/>\n<meta name=\"twitter:label1\" content=\"Dur\u00e9e de lecture estim\u00e9e\" \/>\n\t<meta name=\"twitter:data1\" content=\"1 minute\" \/>\n<script type=\"application\/ld+json\" class=\"yoast-schema-graph\">{\"@context\":\"https:\/\/schema.org\",\"@graph\":[{\"@type\":\"WebPage\",\"@id\":\"https:\/\/www.liphatech.fr\/boutique\/produit\/etiquettes-standard-poste\/\",\"url\":\"https:\/\/www.liphatech.fr\/boutique\/produit\/etiquettes-standard-poste\/\",\"name\":\"ETIQUETTE STANDARD POSTE - La Boutique LIPHATECH\",\"isPartOf\":{\"@id\":\"https:\/\/www.liphatech.fr\/boutique\/#website\"},\"primaryImageOfPage\":{\"@id\":\"https:\/\/www.liphatech.fr\/boutique\/produit\/etiquettes-standard-poste\/#primaryimage\"},\"image\":{\"@id\":\"https:\/\/www.liphatech.fr\/boutique\/produit\/etiquettes-standard-poste\/#primaryimage\"},\"thumbnailUrl\":\"https:\/\/www.liphatech.fr\/boutique\/wp-content\/uploads\/2024\/03\/80011409-Etiquettes-standard-poste-Souris-30-x-70-mm-FACE.webp\",\"datePublished\":\"2024-09-12T13:29:14+00:00\",\"dateModified\":\"2024-10-31T11:11:59+00:00\",\"breadcrumb\":{\"@id\":\"https:\/\/www.liphatech.fr\/boutique\/produit\/etiquettes-standard-poste\/#breadcrumb\"},\"inLanguage\":\"fr-FR\",\"potentialAction\":[{\"@type\":\"ReadAction\",\"target\":[\"https:\/\/www.liphatech.fr\/boutique\/produit\/etiquettes-standard-poste\/\"]}]},{\"@type\":\"ImageObject\",\"inLanguage\":\"fr-FR\",\"@id\":\"https:\/\/www.liphatech.fr\/boutique\/produit\/etiquettes-standard-poste\/#primaryimage\",\"url\":\"https:\/\/www.liphatech.fr\/boutique\/wp-content\/uploads\/2024\/03\/80011409-Etiquettes-standard-poste-Souris-30-x-70-mm-FACE.webp\",\"contentUrl\":\"https:\/\/www.liphatech.fr\/boutique\/wp-content\/uploads\/2024\/03\/80011409-Etiquettes-standard-poste-Souris-30-x-70-mm-FACE.webp\",\"width\":500,\"height\":500},{\"@type\":\"BreadcrumbList\",\"@id\":\"https:\/\/www.liphatech.fr\/boutique\/produit\/etiquettes-standard-poste\/#breadcrumb\",\"itemListElement\":[{\"@type\":\"ListItem\",\"position\":1,\"name\":\"Accueil\",\"item\":\"https:\/\/www.liphatech.fr\/boutique\/\"},{\"@type\":\"ListItem\",\"position\":2,\"name\":\"Boutique\",\"item\":\"https:\/\/www.liphatech.fr\/boutique\/boutique\/\"},{\"@type\":\"ListItem\",\"position\":3,\"name\":\"ETIQUETTE STANDARD POSTE\"}]},{\"@type\":\"WebSite\",\"@id\":\"https:\/\/www.liphatech.fr\/boutique\/#website\",\"url\":\"https:\/\/www.liphatech.fr\/boutique\/\",\"name\":\"La Boutique LIPHATECH\",\"description\":\"\",\"potentialAction\":[{\"@type\":\"SearchAction\",\"target\":{\"@type\":\"EntryPoint\",\"urlTemplate\":\"https:\/\/www.liphatech.fr\/boutique\/?s={search_term_string}\"},\"query-input\":{\"@type\":\"PropertyValueSpecification\",\"valueRequired\":true,\"valueName\":\"search_term_string\"}}],\"inLanguage\":\"fr-FR\"}]}<\/script>\n<!-- \/ Yoast SEO plugin. -->","yoast_head_json":{"title":"ETIQUETTE STANDARD POSTE - La Boutique LIPHATECH","robots":{"index":"index","follow":"follow","max-snippet":"max-snippet:-1","max-image-preview":"max-image-preview:large","max-video-preview":"max-video-preview:-1"},"canonical":"https:\/\/www.liphatech.fr\/boutique\/produit\/etiquettes-standard-poste\/","og_locale":"fr_FR","og_type":"article","og_title":"ETIQUETTE STANDARD POSTE - La Boutique LIPHATECH","og_description":"En polypropyl\u00e8ne, ces \u00e9tiquettes sont qualitatives et r\u00e9sistantes :\u00e0 la poussi\u00e8re, \u00e0 l'humidit\u00e9, aux UV, \u00e0 la graisse et aux intemp\u00e9ries ; elles sont particuli\u00e8rement recommand\u00e9es pour une utilisation en industrie. Support sur lequel il est possible d'\u00e9crire : nom homologu\u00e9, dates de passage, etc... Rouleau de 500 \u00e9tiquettes adh\u00e9sives en deux formats : Dimension 50x120mm pour les postes Aegis Rats Dimension 30x75mm pour les postes Aegis Souris","og_url":"https:\/\/www.liphatech.fr\/boutique\/produit\/etiquettes-standard-poste\/","og_site_name":"La Boutique LIPHATECH","article_modified_time":"2024-10-31T11:11:59+00:00","og_image":[{"width":500,"height":500,"url":"https:\/\/www.liphatech.fr\/boutique\/wp-content\/uploads\/2024\/03\/80011409-Etiquettes-standard-poste-Souris-30-x-70-mm-FACE.webp","type":"image\/webp"}],"twitter_card":"summary_large_image","twitter_misc":{"Dur\u00e9e de lecture estim\u00e9e":"1 minute"},"schema":{"@context":"https:\/\/schema.org","@graph":[{"@type":"WebPage","@id":"https:\/\/www.liphatech.fr\/boutique\/produit\/etiquettes-standard-poste\/","url":"https:\/\/www.liphatech.fr\/boutique\/produit\/etiquettes-standard-poste\/","name":"ETIQUETTE STANDARD POSTE - La Boutique LIPHATECH","isPartOf":{"@id":"https:\/\/www.liphatech.fr\/boutique\/#website"},"primaryImageOfPage":{"@id":"https:\/\/www.liphatech.fr\/boutique\/produit\/etiquettes-standard-poste\/#primaryimage"},"image":{"@id":"https:\/\/www.liphatech.fr\/boutique\/produit\/etiquettes-standard-poste\/#primaryimage"},"thumbnailUrl":"https:\/\/www.liphatech.fr\/boutique\/wp-content\/uploads\/2024\/03\/80011409-Etiquettes-standard-poste-Souris-30-x-70-mm-FACE.webp","datePublished":"2024-09-12T13:29:14+00:00","dateModified":"2024-10-31T11:11:59+00:00","breadcrumb":{"@id":"https:\/\/www.liphatech.fr\/boutique\/produit\/etiquettes-standard-poste\/#breadcrumb"},"inLanguage":"fr-FR","potentialAction":[{"@type":"ReadAction","target":["https:\/\/www.liphatech.fr\/boutique\/produit\/etiquettes-standard-poste\/"]}]},{"@type":"ImageObject","inLanguage":"fr-FR","@id":"https:\/\/www.liphatech.fr\/boutique\/produit\/etiquettes-standard-poste\/#primaryimage","url":"https:\/\/www.liphatech.fr\/boutique\/wp-content\/uploads\/2024\/03\/80011409-Etiquettes-standard-poste-Souris-30-x-70-mm-FACE.webp","contentUrl":"https:\/\/www.liphatech.fr\/boutique\/wp-content\/uploads\/2024\/03\/80011409-Etiquettes-standard-poste-Souris-30-x-70-mm-FACE.webp","width":500,"height":500},{"@type":"BreadcrumbList","@id":"https:\/\/www.liphatech.fr\/boutique\/produit\/etiquettes-standard-poste\/#breadcrumb","itemListElement":[{"@type":"ListItem","position":1,"name":"Accueil","item":"https:\/\/www.liphatech.fr\/boutique\/"},{"@type":"ListItem","position":2,"name":"Boutique","item":"https:\/\/www.liphatech.fr\/boutique\/boutique\/"},{"@type":"ListItem","position":3,"name":"ETIQUETTE STANDARD POSTE"}]},{"@type":"WebSite","@id":"https:\/\/www.liphatech.fr\/boutique\/#website","url":"https:\/\/www.liphatech.fr\/boutique\/","name":"La Boutique LIPHATECH","description":"","potentialAction":[{"@type":"SearchAction","target":{"@type":"EntryPoint","urlTemplate":"https:\/\/www.liphatech.fr\/boutique\/?s={search_term_string}"},"query-input":{"@type":"PropertyValueSpecification","valueRequired":true,"valueName":"search_term_string"}}],"inLanguage":"fr-FR"}]}},"_links":{"self":[{"href":"https:\/\/www.liphatech.fr\/boutique\/wp-json\/wp\/v2\/product\/111107","targetHints":{"allow":["GET"]}}],"collection":[{"href":"https:\/\/www.liphatech.fr\/boutique\/wp-json\/wp\/v2\/product"}],"about":[{"href":"https:\/\/www.liphatech.fr\/boutique\/wp-json\/wp\/v2\/types\/product"}],"replies":[{"embeddable":true,"href":"https:\/\/www.liphatech.fr\/boutique\/wp-json\/wp\/v2\/comments?post=111107"}],"wp:featuredmedia":[{"embeddable":true,"href":"https:\/\/www.liphatech.fr\/boutique\/wp-json\/wp\/v2\/media\/111112"}],"wp:attachment":[{"href":"https:\/\/www.liphatech.fr\/boutique\/wp-json\/wp\/v2\/media?parent=111107"}],"wp:term":[{"taxonomy":"product_brand","embeddable":true,"href":"https:\/\/www.liphatech.fr\/boutique\/wp-json\/wp\/v2\/product_brand?post=111107"},{"taxonomy":"product_cat","embeddable":true,"href":"https:\/\/www.liphatech.fr\/boutique\/wp-json\/wp\/v2\/product_cat?post=111107"},{"taxonomy":"product_tag","embeddable":true,"href":"https:\/\/www.liphatech.fr\/boutique\/wp-json\/wp\/v2\/product_tag?post=111107"}],"curies":[{"name":"wp","href":"https:\/\/api.w.org\/{rel}","templated":true}]}}