{"id":111118,"date":"2024-09-14T15:51:37","date_gmt":"2024-09-14T13:51:37","guid":{"rendered":"https:\/\/boutique.desangosse.mywebstrategies.com\/?post_type=product&#038;p=111118"},"modified":"2025-08-29T10:53:09","modified_gmt":"2025-08-29T08:53:09","slug":"aegis-all-in-box","status":"publish","type":"product","link":"https:\/\/www.liphatech.fr\/boutique\/produit\/aegis-all-in-box\/","title":{"rendered":"AEGIS ALL IN BOX\u00ae"},"content":{"rendered":"<p><u>CARTON DE 12 POSTES D\u2019APPATAGE Option Rat<\/u><\/p>\n<ul>\n<li>Dimensions Carton : 65 x 57,5 x 24 cm \u2013 Poids Brut CDT\u00a0: 8 kg<\/li>\n<li>Palette de\u00a0: 16 CARTONS \u2013 Dimensions Pal\u00a0: 120 x 100 x 111 \u2013 Poids Pal Brut : 148 kg<\/li>\n<\/ul>\n<p><u>CARTON DE 12 POSTES D\u2019APPATAGE Option Souris<\/u><\/p>\n<ul>\n<li>Dimensions Carton : 65 x 57,5 x 24 cm \u2013 Poids Brut CDT\u00a0: 8 kg<\/li>\n<li>Palette de\u00a0: 16 CARTONS \u2013 Dimensions Pal\u00a0: 120 x 100 x 111 \u2013 Poids Pal Brut : 148 kg<\/li>\n<\/ul>\n","protected":false},"excerpt":{"rendered":"<p><b>Le poste modulable \u00e0 l\u2019extr\u00eame ! en pi\u00e8ge m\u00e9canique ou en poste d\u2019<\/b><b>app\u00e2tage<\/b><\/p>\n<ul>\n<li>Pi\u00e8ge m\u00e9canique avec tapette(s) int\u00e9gr\u00e9e(s) KNESS selon la version choisie (rat ou souris)<\/li>\n<li>Poste d\u2019app\u00e2tage comprenant 5 broches de fixation, 1 mangeoire et 1 caillebotis pour limiter la dispersion d\u2019app\u00e2ts et en faciliter son nettoyage.<\/li>\n<\/ul>\n<p>Modulable et adaptable sans outil.<\/p>\n<div id=\"row-process\"><img decoding=\"async\" src=\"https:\/\/www.liphatech.fr\/boutique\/\/\/wp-content\/uploads\/2024\/09\/picto-youtube.png\" alt=\"\" \/><br \/>\n<a class=\"cta_process\" href=\"https:\/\/www.youtube.com\/watch?v=B9tuso6qc40\" target=\"_blank\" rel=\"noopener\">Voir la vid\u00e9o de pr\u00e9sentation<\/a><\/div>\n<p><img decoding=\"async\" src=\"https:\/\/www.liphatech.fr\/boutique\/\/\/wp-content\/uploads\/2024\/08\/Fabrique-en-france-logo.webp\" alt=\"\" \/><\/p>\n<p><img loading=\"lazy\" decoding=\"async\" class=\"alignnone wp-image-113412\" src=\"https:\/\/www.liphatech.fr\/boutique\/\/\/wp-content\/uploads\/2024\/09\/poste-recyclee2-100-300x243.jpg\" alt=\"\" width=\"151\" height=\"122\" srcset=\"https:\/\/www.liphatech.fr\/boutique\/wp-content\/uploads\/2024\/09\/poste-recyclee2-100-300x243.jpg 300w, https:\/\/www.liphatech.fr\/boutique\/wp-content\/uploads\/2024\/09\/poste-recyclee2-100.jpg 414w\" sizes=\"(max-width: 151px) 100vw, 151px\" \/><\/p>\n<ul>\n<li><strong>S\u00e9rigraphie personnalisable sur demande<\/strong><\/li>\n<li><strong>Garantie 12 mois<\/strong><\/li>\n<\/ul>\n","protected":false},"featured_media":111880,"comment_status":"open","ping_status":"closed","template":"","meta":{"_acf_changed":false,"_et_pb_use_builder":"","_et_pb_old_content":"","_et_gb_content_width":""},"product_brand":[],"product_cat":[116,165,135,142],"product_tag":[],"class_list":{"0":"post-111118","1":"product","2":"type-product","3":"status-publish","4":"has-post-thumbnail","6":"product_cat-aegis","7":"product_cat-je-traite-curatif","8":"product_cat-postes-d-appatage","9":"product_cat-rats-souris","11":"first","12":"instock","13":"taxable","14":"shipping-taxable","15":"purchasable","16":"product-type-variable"},"acf":[],"yoast_head":"<!-- This site is optimized with the Yoast SEO plugin v26.5 - https:\/\/yoast.com\/wordpress\/plugins\/seo\/ -->\n<title>AEGIS ALL IN BOX\u00ae - La Boutique LIPHATECH<\/title>\n<meta name=\"robots\" content=\"index, follow, max-snippet:-1, max-image-preview:large, max-video-preview:-1\" \/>\n<link rel=\"canonical\" href=\"https:\/\/www.liphatech.fr\/boutique\/produit\/aegis-all-in-box\/\" \/>\n<meta property=\"og:locale\" content=\"fr_FR\" \/>\n<meta property=\"og:type\" content=\"article\" \/>\n<meta property=\"og:title\" content=\"AEGIS ALL IN BOX\u00ae - La Boutique LIPHATECH\" \/>\n<meta property=\"og:description\" content=\"Le poste modulable \u00e0 l\u2019extr\u00eame ! en pi\u00e8ge m\u00e9canique ou en poste d\u2019app\u00e2tage   Pi\u00e8ge m\u00e9canique avec tapette(s) int\u00e9gr\u00e9e(s) KNESS selon la version choisie (rat ou souris)  Poste d\u2019app\u00e2tage comprenant 5 broches de fixation, 1 mangeoire et 1 caillebotis pour limiter la dispersion d\u2019app\u00e2ts et en faciliter son nettoyage.  Modulable et adaptable sans outil.  Voir la vid\u00e9o de pr\u00e9sentation      S\u00e9rigraphie personnalisable sur demande  Garantie 12 mois\" \/>\n<meta property=\"og:url\" content=\"https:\/\/www.liphatech.fr\/boutique\/produit\/aegis-all-in-box\/\" \/>\n<meta property=\"og:site_name\" content=\"La Boutique LIPHATECH\" \/>\n<meta property=\"article:modified_time\" content=\"2025-08-29T08:53:09+00:00\" \/>\n<meta property=\"og:image\" content=\"https:\/\/www.liphatech.fr\/boutique\/wp-content\/uploads\/2024\/03\/AEGIS-ALL-IN-BOX.webp\" \/>\n\t<meta property=\"og:image:width\" content=\"500\" \/>\n\t<meta property=\"og:image:height\" content=\"500\" \/>\n\t<meta property=\"og:image:type\" content=\"image\/webp\" \/>\n<meta name=\"twitter:card\" content=\"summary_large_image\" \/>\n<meta name=\"twitter:label1\" content=\"Dur\u00e9e de lecture estim\u00e9e\" \/>\n\t<meta name=\"twitter:data1\" content=\"1 minute\" \/>\n<script type=\"application\/ld+json\" class=\"yoast-schema-graph\">{\"@context\":\"https:\/\/schema.org\",\"@graph\":[{\"@type\":\"WebPage\",\"@id\":\"https:\/\/www.liphatech.fr\/boutique\/produit\/aegis-all-in-box\/\",\"url\":\"https:\/\/www.liphatech.fr\/boutique\/produit\/aegis-all-in-box\/\",\"name\":\"AEGIS ALL IN BOX\u00ae - La Boutique LIPHATECH\",\"isPartOf\":{\"@id\":\"https:\/\/www.liphatech.fr\/boutique\/#website\"},\"primaryImageOfPage\":{\"@id\":\"https:\/\/www.liphatech.fr\/boutique\/produit\/aegis-all-in-box\/#primaryimage\"},\"image\":{\"@id\":\"https:\/\/www.liphatech.fr\/boutique\/produit\/aegis-all-in-box\/#primaryimage\"},\"thumbnailUrl\":\"https:\/\/www.liphatech.fr\/boutique\/wp-content\/uploads\/2024\/03\/AEGIS-ALL-IN-BOX.webp\",\"datePublished\":\"2024-09-14T13:51:37+00:00\",\"dateModified\":\"2025-08-29T08:53:09+00:00\",\"breadcrumb\":{\"@id\":\"https:\/\/www.liphatech.fr\/boutique\/produit\/aegis-all-in-box\/#breadcrumb\"},\"inLanguage\":\"fr-FR\",\"potentialAction\":[{\"@type\":\"ReadAction\",\"target\":[\"https:\/\/www.liphatech.fr\/boutique\/produit\/aegis-all-in-box\/\"]}]},{\"@type\":\"ImageObject\",\"inLanguage\":\"fr-FR\",\"@id\":\"https:\/\/www.liphatech.fr\/boutique\/produit\/aegis-all-in-box\/#primaryimage\",\"url\":\"https:\/\/www.liphatech.fr\/boutique\/wp-content\/uploads\/2024\/03\/AEGIS-ALL-IN-BOX.webp\",\"contentUrl\":\"https:\/\/www.liphatech.fr\/boutique\/wp-content\/uploads\/2024\/03\/AEGIS-ALL-IN-BOX.webp\",\"width\":500,\"height\":500},{\"@type\":\"BreadcrumbList\",\"@id\":\"https:\/\/www.liphatech.fr\/boutique\/produit\/aegis-all-in-box\/#breadcrumb\",\"itemListElement\":[{\"@type\":\"ListItem\",\"position\":1,\"name\":\"Accueil\",\"item\":\"https:\/\/www.liphatech.fr\/boutique\/\"},{\"@type\":\"ListItem\",\"position\":2,\"name\":\"Boutique\",\"item\":\"https:\/\/www.liphatech.fr\/boutique\/boutique\/\"},{\"@type\":\"ListItem\",\"position\":3,\"name\":\"AEGIS ALL IN BOX\u00ae\"}]},{\"@type\":\"WebSite\",\"@id\":\"https:\/\/www.liphatech.fr\/boutique\/#website\",\"url\":\"https:\/\/www.liphatech.fr\/boutique\/\",\"name\":\"La Boutique LIPHATECH\",\"description\":\"\",\"potentialAction\":[{\"@type\":\"SearchAction\",\"target\":{\"@type\":\"EntryPoint\",\"urlTemplate\":\"https:\/\/www.liphatech.fr\/boutique\/?s={search_term_string}\"},\"query-input\":{\"@type\":\"PropertyValueSpecification\",\"valueRequired\":true,\"valueName\":\"search_term_string\"}}],\"inLanguage\":\"fr-FR\"}]}<\/script>\n<!-- \/ Yoast SEO plugin. -->","yoast_head_json":{"title":"AEGIS ALL IN BOX\u00ae - La Boutique LIPHATECH","robots":{"index":"index","follow":"follow","max-snippet":"max-snippet:-1","max-image-preview":"max-image-preview:large","max-video-preview":"max-video-preview:-1"},"canonical":"https:\/\/www.liphatech.fr\/boutique\/produit\/aegis-all-in-box\/","og_locale":"fr_FR","og_type":"article","og_title":"AEGIS ALL IN BOX\u00ae - La Boutique LIPHATECH","og_description":"Le poste modulable \u00e0 l\u2019extr\u00eame ! en pi\u00e8ge m\u00e9canique ou en poste d\u2019app\u00e2tage   Pi\u00e8ge m\u00e9canique avec tapette(s) int\u00e9gr\u00e9e(s) KNESS selon la version choisie (rat ou souris)  Poste d\u2019app\u00e2tage comprenant 5 broches de fixation, 1 mangeoire et 1 caillebotis pour limiter la dispersion d\u2019app\u00e2ts et en faciliter son nettoyage.  Modulable et adaptable sans outil.  Voir la vid\u00e9o de pr\u00e9sentation      S\u00e9rigraphie personnalisable sur demande  Garantie 12 mois","og_url":"https:\/\/www.liphatech.fr\/boutique\/produit\/aegis-all-in-box\/","og_site_name":"La Boutique LIPHATECH","article_modified_time":"2025-08-29T08:53:09+00:00","og_image":[{"width":500,"height":500,"url":"https:\/\/www.liphatech.fr\/boutique\/wp-content\/uploads\/2024\/03\/AEGIS-ALL-IN-BOX.webp","type":"image\/webp"}],"twitter_card":"summary_large_image","twitter_misc":{"Dur\u00e9e de lecture estim\u00e9e":"1 minute"},"schema":{"@context":"https:\/\/schema.org","@graph":[{"@type":"WebPage","@id":"https:\/\/www.liphatech.fr\/boutique\/produit\/aegis-all-in-box\/","url":"https:\/\/www.liphatech.fr\/boutique\/produit\/aegis-all-in-box\/","name":"AEGIS ALL IN BOX\u00ae - La Boutique LIPHATECH","isPartOf":{"@id":"https:\/\/www.liphatech.fr\/boutique\/#website"},"primaryImageOfPage":{"@id":"https:\/\/www.liphatech.fr\/boutique\/produit\/aegis-all-in-box\/#primaryimage"},"image":{"@id":"https:\/\/www.liphatech.fr\/boutique\/produit\/aegis-all-in-box\/#primaryimage"},"thumbnailUrl":"https:\/\/www.liphatech.fr\/boutique\/wp-content\/uploads\/2024\/03\/AEGIS-ALL-IN-BOX.webp","datePublished":"2024-09-14T13:51:37+00:00","dateModified":"2025-08-29T08:53:09+00:00","breadcrumb":{"@id":"https:\/\/www.liphatech.fr\/boutique\/produit\/aegis-all-in-box\/#breadcrumb"},"inLanguage":"fr-FR","potentialAction":[{"@type":"ReadAction","target":["https:\/\/www.liphatech.fr\/boutique\/produit\/aegis-all-in-box\/"]}]},{"@type":"ImageObject","inLanguage":"fr-FR","@id":"https:\/\/www.liphatech.fr\/boutique\/produit\/aegis-all-in-box\/#primaryimage","url":"https:\/\/www.liphatech.fr\/boutique\/wp-content\/uploads\/2024\/03\/AEGIS-ALL-IN-BOX.webp","contentUrl":"https:\/\/www.liphatech.fr\/boutique\/wp-content\/uploads\/2024\/03\/AEGIS-ALL-IN-BOX.webp","width":500,"height":500},{"@type":"BreadcrumbList","@id":"https:\/\/www.liphatech.fr\/boutique\/produit\/aegis-all-in-box\/#breadcrumb","itemListElement":[{"@type":"ListItem","position":1,"name":"Accueil","item":"https:\/\/www.liphatech.fr\/boutique\/"},{"@type":"ListItem","position":2,"name":"Boutique","item":"https:\/\/www.liphatech.fr\/boutique\/boutique\/"},{"@type":"ListItem","position":3,"name":"AEGIS ALL IN BOX\u00ae"}]},{"@type":"WebSite","@id":"https:\/\/www.liphatech.fr\/boutique\/#website","url":"https:\/\/www.liphatech.fr\/boutique\/","name":"La Boutique LIPHATECH","description":"","potentialAction":[{"@type":"SearchAction","target":{"@type":"EntryPoint","urlTemplate":"https:\/\/www.liphatech.fr\/boutique\/?s={search_term_string}"},"query-input":{"@type":"PropertyValueSpecification","valueRequired":true,"valueName":"search_term_string"}}],"inLanguage":"fr-FR"}]}},"_links":{"self":[{"href":"https:\/\/www.liphatech.fr\/boutique\/wp-json\/wp\/v2\/product\/111118","targetHints":{"allow":["GET"]}}],"collection":[{"href":"https:\/\/www.liphatech.fr\/boutique\/wp-json\/wp\/v2\/product"}],"about":[{"href":"https:\/\/www.liphatech.fr\/boutique\/wp-json\/wp\/v2\/types\/product"}],"replies":[{"embeddable":true,"href":"https:\/\/www.liphatech.fr\/boutique\/wp-json\/wp\/v2\/comments?post=111118"}],"wp:featuredmedia":[{"embeddable":true,"href":"https:\/\/www.liphatech.fr\/boutique\/wp-json\/wp\/v2\/media\/111880"}],"wp:attachment":[{"href":"https:\/\/www.liphatech.fr\/boutique\/wp-json\/wp\/v2\/media?parent=111118"}],"wp:term":[{"taxonomy":"product_brand","embeddable":true,"href":"https:\/\/www.liphatech.fr\/boutique\/wp-json\/wp\/v2\/product_brand?post=111118"},{"taxonomy":"product_cat","embeddable":true,"href":"https:\/\/www.liphatech.fr\/boutique\/wp-json\/wp\/v2\/product_cat?post=111118"},{"taxonomy":"product_tag","embeddable":true,"href":"https:\/\/www.liphatech.fr\/boutique\/wp-json\/wp\/v2\/product_tag?post=111118"}],"curies":[{"name":"wp","href":"https:\/\/api.w.org\/{rel}","templated":true}]}}