{"id":111125,"date":"2024-03-15T16:08:11","date_gmt":"2024-03-15T15:08:11","guid":{"rendered":"https:\/\/boutique.desangosse.mywebstrategies.com\/?post_type=product&#038;p=111125"},"modified":"2025-11-05T14:24:21","modified_gmt":"2025-11-05T13:24:21","slug":"aegis-all-in-box-connecte","status":"publish","type":"product","link":"https:\/\/www.liphatech.fr\/boutique\/produit\/aegis-all-in-box-connecte\/","title":{"rendered":"AEGIS ALL IN BOX\u00ae Connect\u00e9"},"content":{"rendered":"<p><u> CARTON DE 6 POSTES CONNECTES<\/u><\/p>\n<ul>\n<li>Dimensions Carton : 39,1 x 33,2 x 34,1 cm \u2013 Poids Brut CDT\u00a0: 4,42 kg<\/li>\n<li>Palette de\u00a0: 18 CARTONS \u2013 Dimensions Pal\u00a0: 120 x 80 x 116,7 \u2013 Poids Pal Brut : 106,635 kg<\/li>\n<\/ul>\n","protected":false},"excerpt":{"rendered":"<p>Poste modulable, suivi de la consommation ou suivi des prises souris gr\u00e2ce \u00e0 une technologie unique d&rsquo;analyse photos.<\/p>\n<p>Mod\u00e8le connect\u00e9 livr\u00e9 avec mangeoire, broches de fixation pour app\u00e2ts et caillebotis int\u00e9gr\u00e9.<\/p>\n<ul>\n<li>Alerte fiable (pas de \u00ab faux positifs \u00bb)<\/li>\n<li>Autonomie de 2 ans et batterie rempla\u00e7able<\/li>\n<li>Abonnement unique par site<\/li>\n<li>Longue port\u00e9e de transmission entre les postes et la centrale<\/li>\n<li>Surveillance \u00e0 distance pour optimiser les d\u00e9placements<\/li>\n<\/ul>\n<p>S\u2019utilise avec une centrale et un abonnement \u00e0 la plateforme <b>aegis.connect.liphatech.fr<\/b><\/p>\n<div id=\"row-process\"><img decoding=\"async\" src=\"https:\/\/www.liphatech.fr\/boutique\/\/\/wp-content\/uploads\/2024\/09\/picto-youtube.png\" alt=\"\" \/><br \/>\n<a class=\"cta_process\" href=\"https:\/\/www.youtube.com\/watch?v=B9tuso6qc40\" target=\"_blank\" rel=\"noopener\">Voir la vid\u00e9o de pr\u00e9sentation<\/a><\/div>\n<div id=\"picto-produit\"><img decoding=\"async\" src=\"&lt;img src=\" alt=\"\" \/><br \/>\n<img decoding=\"async\" src=\"https:\/\/www.liphatech.fr\/boutique\/\/\/wp-content\/uploads\/2024\/08\/Fabrique-en-france-logo.webp\" alt=\"\" \/><\/div>\n","protected":false},"featured_media":111128,"comment_status":"open","ping_status":"closed","template":"","meta":{"_acf_changed":false,"_et_pb_use_builder":"","_et_pb_old_content":"","_et_gb_content_width":""},"product_brand":[],"product_cat":[116,166,136,142],"product_tag":[],"class_list":{"0":"post-111125","1":"product","2":"type-product","3":"status-publish","4":"has-post-thumbnail","6":"product_cat-aegis","7":"product_cat-je-surveille","8":"product_cat-postes-d-appatage-connectes","9":"product_cat-rats-souris","11":"first","12":"instock","13":"taxable","14":"shipping-taxable","15":"purchasable","16":"product-type-simple"},"acf":[],"yoast_head":"<!-- This site is optimized with the Yoast SEO plugin v26.5 - https:\/\/yoast.com\/wordpress\/plugins\/seo\/ -->\n<title>AEGIS ALL IN BOX\u00ae Connect\u00e9 - La Boutique LIPHATECH<\/title>\n<meta name=\"robots\" content=\"index, follow, max-snippet:-1, max-image-preview:large, max-video-preview:-1\" \/>\n<link rel=\"canonical\" href=\"https:\/\/www.liphatech.fr\/boutique\/produit\/aegis-all-in-box-connecte\/\" \/>\n<meta property=\"og:locale\" content=\"fr_FR\" \/>\n<meta property=\"og:type\" content=\"article\" \/>\n<meta property=\"og:title\" content=\"AEGIS ALL IN BOX\u00ae Connect\u00e9 - La Boutique LIPHATECH\" \/>\n<meta property=\"og:description\" content=\"Poste modulable, suivi de la consommation ou suivi des prises souris gr\u00e2ce \u00e0 une technologie unique d&#039;analyse photos.  Mod\u00e8le connect\u00e9 livr\u00e9 avec mangeoire, broches de fixation pour app\u00e2ts et caillebotis int\u00e9gr\u00e9.   Alerte fiable (pas de \u00ab faux positifs \u00bb)  Autonomie de 2 ans et batterie rempla\u00e7able  Abonnement unique par site  Longue port\u00e9e de transmission entre les postes et la centrale  Surveillance \u00e0 distance pour optimiser les d\u00e9placements  S\u2019utilise avec une centrale et un abonnement \u00e0 la plateforme aegis.connect.liphatech.fr  Voir la vid\u00e9o de pr\u00e9sentation\" \/>\n<meta property=\"og:url\" content=\"https:\/\/www.liphatech.fr\/boutique\/produit\/aegis-all-in-box-connecte\/\" \/>\n<meta property=\"og:site_name\" content=\"La Boutique LIPHATECH\" \/>\n<meta property=\"article:modified_time\" content=\"2025-11-05T13:24:21+00:00\" \/>\n<meta property=\"og:image\" content=\"https:\/\/www.liphatech.fr\/boutique\/wp-content\/uploads\/2024\/03\/80016655-AEGIS-ALL-IN-BOX-CONNECTE-FACE.webp\" \/>\n\t<meta property=\"og:image:width\" content=\"500\" \/>\n\t<meta property=\"og:image:height\" content=\"500\" \/>\n\t<meta property=\"og:image:type\" content=\"image\/webp\" \/>\n<meta name=\"twitter:card\" content=\"summary_large_image\" \/>\n<meta name=\"twitter:label1\" content=\"Dur\u00e9e de lecture estim\u00e9e\" \/>\n\t<meta name=\"twitter:data1\" content=\"1 minute\" \/>\n<script type=\"application\/ld+json\" class=\"yoast-schema-graph\">{\"@context\":\"https:\/\/schema.org\",\"@graph\":[{\"@type\":\"WebPage\",\"@id\":\"https:\/\/www.liphatech.fr\/boutique\/produit\/aegis-all-in-box-connecte\/\",\"url\":\"https:\/\/www.liphatech.fr\/boutique\/produit\/aegis-all-in-box-connecte\/\",\"name\":\"AEGIS ALL IN BOX\u00ae Connect\u00e9 - La Boutique LIPHATECH\",\"isPartOf\":{\"@id\":\"https:\/\/www.liphatech.fr\/boutique\/#website\"},\"primaryImageOfPage\":{\"@id\":\"https:\/\/www.liphatech.fr\/boutique\/produit\/aegis-all-in-box-connecte\/#primaryimage\"},\"image\":{\"@id\":\"https:\/\/www.liphatech.fr\/boutique\/produit\/aegis-all-in-box-connecte\/#primaryimage\"},\"thumbnailUrl\":\"https:\/\/www.liphatech.fr\/boutique\/wp-content\/uploads\/2024\/03\/80016655-AEGIS-ALL-IN-BOX-CONNECTE-FACE.webp\",\"datePublished\":\"2024-03-15T15:08:11+00:00\",\"dateModified\":\"2025-11-05T13:24:21+00:00\",\"breadcrumb\":{\"@id\":\"https:\/\/www.liphatech.fr\/boutique\/produit\/aegis-all-in-box-connecte\/#breadcrumb\"},\"inLanguage\":\"fr-FR\",\"potentialAction\":[{\"@type\":\"ReadAction\",\"target\":[\"https:\/\/www.liphatech.fr\/boutique\/produit\/aegis-all-in-box-connecte\/\"]}]},{\"@type\":\"ImageObject\",\"inLanguage\":\"fr-FR\",\"@id\":\"https:\/\/www.liphatech.fr\/boutique\/produit\/aegis-all-in-box-connecte\/#primaryimage\",\"url\":\"https:\/\/www.liphatech.fr\/boutique\/wp-content\/uploads\/2024\/03\/80016655-AEGIS-ALL-IN-BOX-CONNECTE-FACE.webp\",\"contentUrl\":\"https:\/\/www.liphatech.fr\/boutique\/wp-content\/uploads\/2024\/03\/80016655-AEGIS-ALL-IN-BOX-CONNECTE-FACE.webp\",\"width\":500,\"height\":500},{\"@type\":\"BreadcrumbList\",\"@id\":\"https:\/\/www.liphatech.fr\/boutique\/produit\/aegis-all-in-box-connecte\/#breadcrumb\",\"itemListElement\":[{\"@type\":\"ListItem\",\"position\":1,\"name\":\"Accueil\",\"item\":\"https:\/\/www.liphatech.fr\/boutique\/\"},{\"@type\":\"ListItem\",\"position\":2,\"name\":\"Boutique\",\"item\":\"https:\/\/www.liphatech.fr\/boutique\/boutique\/\"},{\"@type\":\"ListItem\",\"position\":3,\"name\":\"AEGIS ALL IN BOX\u00ae Connect\u00e9\"}]},{\"@type\":\"WebSite\",\"@id\":\"https:\/\/www.liphatech.fr\/boutique\/#website\",\"url\":\"https:\/\/www.liphatech.fr\/boutique\/\",\"name\":\"La Boutique LIPHATECH\",\"description\":\"\",\"potentialAction\":[{\"@type\":\"SearchAction\",\"target\":{\"@type\":\"EntryPoint\",\"urlTemplate\":\"https:\/\/www.liphatech.fr\/boutique\/?s={search_term_string}\"},\"query-input\":{\"@type\":\"PropertyValueSpecification\",\"valueRequired\":true,\"valueName\":\"search_term_string\"}}],\"inLanguage\":\"fr-FR\"}]}<\/script>\n<!-- \/ Yoast SEO plugin. -->","yoast_head_json":{"title":"AEGIS ALL IN BOX\u00ae Connect\u00e9 - La Boutique LIPHATECH","robots":{"index":"index","follow":"follow","max-snippet":"max-snippet:-1","max-image-preview":"max-image-preview:large","max-video-preview":"max-video-preview:-1"},"canonical":"https:\/\/www.liphatech.fr\/boutique\/produit\/aegis-all-in-box-connecte\/","og_locale":"fr_FR","og_type":"article","og_title":"AEGIS ALL IN BOX\u00ae Connect\u00e9 - La Boutique LIPHATECH","og_description":"Poste modulable, suivi de la consommation ou suivi des prises souris gr\u00e2ce \u00e0 une technologie unique d'analyse photos.  Mod\u00e8le connect\u00e9 livr\u00e9 avec mangeoire, broches de fixation pour app\u00e2ts et caillebotis int\u00e9gr\u00e9.   Alerte fiable (pas de \u00ab faux positifs \u00bb)  Autonomie de 2 ans et batterie rempla\u00e7able  Abonnement unique par site  Longue port\u00e9e de transmission entre les postes et la centrale  Surveillance \u00e0 distance pour optimiser les d\u00e9placements  S\u2019utilise avec une centrale et un abonnement \u00e0 la plateforme aegis.connect.liphatech.fr  Voir la vid\u00e9o de pr\u00e9sentation","og_url":"https:\/\/www.liphatech.fr\/boutique\/produit\/aegis-all-in-box-connecte\/","og_site_name":"La Boutique LIPHATECH","article_modified_time":"2025-11-05T13:24:21+00:00","og_image":[{"width":500,"height":500,"url":"https:\/\/www.liphatech.fr\/boutique\/wp-content\/uploads\/2024\/03\/80016655-AEGIS-ALL-IN-BOX-CONNECTE-FACE.webp","type":"image\/webp"}],"twitter_card":"summary_large_image","twitter_misc":{"Dur\u00e9e de lecture estim\u00e9e":"1 minute"},"schema":{"@context":"https:\/\/schema.org","@graph":[{"@type":"WebPage","@id":"https:\/\/www.liphatech.fr\/boutique\/produit\/aegis-all-in-box-connecte\/","url":"https:\/\/www.liphatech.fr\/boutique\/produit\/aegis-all-in-box-connecte\/","name":"AEGIS ALL IN BOX\u00ae Connect\u00e9 - La Boutique LIPHATECH","isPartOf":{"@id":"https:\/\/www.liphatech.fr\/boutique\/#website"},"primaryImageOfPage":{"@id":"https:\/\/www.liphatech.fr\/boutique\/produit\/aegis-all-in-box-connecte\/#primaryimage"},"image":{"@id":"https:\/\/www.liphatech.fr\/boutique\/produit\/aegis-all-in-box-connecte\/#primaryimage"},"thumbnailUrl":"https:\/\/www.liphatech.fr\/boutique\/wp-content\/uploads\/2024\/03\/80016655-AEGIS-ALL-IN-BOX-CONNECTE-FACE.webp","datePublished":"2024-03-15T15:08:11+00:00","dateModified":"2025-11-05T13:24:21+00:00","breadcrumb":{"@id":"https:\/\/www.liphatech.fr\/boutique\/produit\/aegis-all-in-box-connecte\/#breadcrumb"},"inLanguage":"fr-FR","potentialAction":[{"@type":"ReadAction","target":["https:\/\/www.liphatech.fr\/boutique\/produit\/aegis-all-in-box-connecte\/"]}]},{"@type":"ImageObject","inLanguage":"fr-FR","@id":"https:\/\/www.liphatech.fr\/boutique\/produit\/aegis-all-in-box-connecte\/#primaryimage","url":"https:\/\/www.liphatech.fr\/boutique\/wp-content\/uploads\/2024\/03\/80016655-AEGIS-ALL-IN-BOX-CONNECTE-FACE.webp","contentUrl":"https:\/\/www.liphatech.fr\/boutique\/wp-content\/uploads\/2024\/03\/80016655-AEGIS-ALL-IN-BOX-CONNECTE-FACE.webp","width":500,"height":500},{"@type":"BreadcrumbList","@id":"https:\/\/www.liphatech.fr\/boutique\/produit\/aegis-all-in-box-connecte\/#breadcrumb","itemListElement":[{"@type":"ListItem","position":1,"name":"Accueil","item":"https:\/\/www.liphatech.fr\/boutique\/"},{"@type":"ListItem","position":2,"name":"Boutique","item":"https:\/\/www.liphatech.fr\/boutique\/boutique\/"},{"@type":"ListItem","position":3,"name":"AEGIS ALL IN BOX\u00ae Connect\u00e9"}]},{"@type":"WebSite","@id":"https:\/\/www.liphatech.fr\/boutique\/#website","url":"https:\/\/www.liphatech.fr\/boutique\/","name":"La Boutique LIPHATECH","description":"","potentialAction":[{"@type":"SearchAction","target":{"@type":"EntryPoint","urlTemplate":"https:\/\/www.liphatech.fr\/boutique\/?s={search_term_string}"},"query-input":{"@type":"PropertyValueSpecification","valueRequired":true,"valueName":"search_term_string"}}],"inLanguage":"fr-FR"}]}},"_links":{"self":[{"href":"https:\/\/www.liphatech.fr\/boutique\/wp-json\/wp\/v2\/product\/111125","targetHints":{"allow":["GET"]}}],"collection":[{"href":"https:\/\/www.liphatech.fr\/boutique\/wp-json\/wp\/v2\/product"}],"about":[{"href":"https:\/\/www.liphatech.fr\/boutique\/wp-json\/wp\/v2\/types\/product"}],"replies":[{"embeddable":true,"href":"https:\/\/www.liphatech.fr\/boutique\/wp-json\/wp\/v2\/comments?post=111125"}],"wp:featuredmedia":[{"embeddable":true,"href":"https:\/\/www.liphatech.fr\/boutique\/wp-json\/wp\/v2\/media\/111128"}],"wp:attachment":[{"href":"https:\/\/www.liphatech.fr\/boutique\/wp-json\/wp\/v2\/media?parent=111125"}],"wp:term":[{"taxonomy":"product_brand","embeddable":true,"href":"https:\/\/www.liphatech.fr\/boutique\/wp-json\/wp\/v2\/product_brand?post=111125"},{"taxonomy":"product_cat","embeddable":true,"href":"https:\/\/www.liphatech.fr\/boutique\/wp-json\/wp\/v2\/product_cat?post=111125"},{"taxonomy":"product_tag","embeddable":true,"href":"https:\/\/www.liphatech.fr\/boutique\/wp-json\/wp\/v2\/product_tag?post=111125"}],"curies":[{"name":"wp","href":"https:\/\/api.w.org\/{rel}","templated":true}]}}