{"id":111129,"date":"2025-09-16T16:17:46","date_gmt":"2025-09-16T14:17:46","guid":{"rendered":"https:\/\/boutique.desangosse.mywebstrategies.com\/?post_type=product&#038;p=111129"},"modified":"2025-12-05T15:37:48","modified_gmt":"2025-12-05T14:37:48","slug":"aegis-clash","status":"publish","type":"product","link":"https:\/\/www.liphatech.fr\/boutique\/produit\/aegis-clash\/","title":{"rendered":"CLASH!\u00ae"},"content":{"rendered":"<p><u>CARTON D&rsquo; UN PIEGE :<br \/>\n<\/u><\/p>\n<ul>\n<li>Dimensions Pi\u00e8ge\u00a0: 29 x 29 x 27,8 cm \u2013 Poids Brut CDT\u00a0: 3.6 kg<\/li>\n<li>Palette de\u00a0: 480 CARTONS \u2013 Dimensions Pal\u00a0: 100 x 120 x 135 \u2013 Poids Pal Brut : 191 kg<\/li>\n<\/ul>\n","protected":false},"excerpt":{"rendered":"<p>Un pi\u00e8ge \u00e9lectrom\u00e9canique multi-capture de souris, pour une \u00e9limination rapide d\u2019infestation de souris.<\/p>\n<p><img loading=\"lazy\" decoding=\"async\" class=\"alignleft\" src=\"https:\/\/www.liphatech.fr\/boutique\/\/\/wp-content\/uploads\/2024\/09\/picto-youtube.png\" alt=\"\" width=\"34\" height=\"33\" \/><a class=\"cta_process\" href=\"https:\/\/youtu.be\/ToH8Yj73CXk?si=5fhFDeVETaLEGTeW\" target=\"_blank\" rel=\"noopener\">Voir la pr\u00e9sentation du produit<\/a><\/p>\n<ul>\n<li>Le pi\u00e8ge est ergonomique et discret<\/li>\n<li>Fermeture herm\u00e9tique avec indicateur LED pour toutes les informations et donn\u00e9es techniques<\/li>\n<li>Utilisation simple et efficace<\/li>\n<\/ul>\n<p>Utilisable en version connect\u00e9e sur la plateforme <strong>aegis.connect.liphatech.fr<\/strong><\/p>\n<div id=\"row-process\">\n<p><img decoding=\"async\" src=\"https:\/\/www.liphatech.fr\/boutique\/\/\/wp-content\/uploads\/2024\/08\/picto-produit-connecte.png\" alt=\"\" \/><\/p>\n<p><img decoding=\"async\" src=\"https:\/\/www.liphatech.fr\/boutique\/\/\/wp-content\/uploads\/2024\/08\/Fabrique-en-france-logo.webp\" alt=\"\" \/><\/p>\n<p><img loading=\"lazy\" decoding=\"async\" class=\"alignnone wp-image-113412\" src=\"https:\/\/www.liphatech.fr\/boutique\/\/\/wp-content\/uploads\/2024\/09\/poste-recyclee2-100-300x243.jpg\" alt=\"\" width=\"151\" height=\"122\" srcset=\"https:\/\/www.liphatech.fr\/boutique\/wp-content\/uploads\/2024\/09\/poste-recyclee2-100-300x243.jpg 300w, https:\/\/www.liphatech.fr\/boutique\/wp-content\/uploads\/2024\/09\/poste-recyclee2-100.jpg 414w\" sizes=\"(max-width: 151px) 100vw, 151px\" \/><\/p>\n<\/div>\n","protected":false},"featured_media":113044,"comment_status":"open","ping_status":"closed","template":"","meta":{"_acf_changed":false,"_et_pb_use_builder":"","_et_pb_old_content":"","_et_gb_content_width":""},"product_brand":[],"product_cat":[116,166,165,134,168],"product_tag":[],"class_list":{"0":"post-111129","1":"product","2":"type-product","3":"status-publish","4":"has-post-thumbnail","6":"product_cat-aegis","7":"product_cat-je-surveille","8":"product_cat-je-traite-curatif","9":"product_cat-pieges-connectes","10":"product_cat-souris","12":"first","13":"instock","14":"taxable","15":"shipping-taxable","16":"purchasable","17":"product-type-simple"},"acf":[],"yoast_head":"<!-- This site is optimized with the Yoast SEO plugin v26.5 - https:\/\/yoast.com\/wordpress\/plugins\/seo\/ -->\n<title>CLASH!\u00ae - La Boutique LIPHATECH<\/title>\n<meta name=\"robots\" content=\"index, follow, max-snippet:-1, max-image-preview:large, max-video-preview:-1\" \/>\n<link rel=\"canonical\" href=\"https:\/\/www.liphatech.fr\/boutique\/produit\/aegis-clash\/\" \/>\n<meta property=\"og:locale\" content=\"fr_FR\" \/>\n<meta property=\"og:type\" content=\"article\" \/>\n<meta property=\"og:title\" content=\"CLASH!\u00ae - La Boutique LIPHATECH\" \/>\n<meta property=\"og:description\" content=\"Un pi\u00e8ge \u00e9lectrom\u00e9canique multi-capture de souris, pour une \u00e9limination rapide d\u2019infestation de souris.  Voir la pr\u00e9sentation du produit   Le pi\u00e8ge est ergonomique et discret  Fermeture herm\u00e9tique avec indicateur LED pour toutes les informations et donn\u00e9es techniques  Utilisation simple et efficace  Utilisable en version connect\u00e9e sur la plateforme aegis.connect.liphatech.fr\" \/>\n<meta property=\"og:url\" content=\"https:\/\/www.liphatech.fr\/boutique\/produit\/aegis-clash\/\" \/>\n<meta property=\"og:site_name\" content=\"La Boutique LIPHATECH\" \/>\n<meta property=\"article:modified_time\" content=\"2025-12-05T14:37:48+00:00\" \/>\n<meta property=\"og:image\" content=\"https:\/\/www.liphatech.fr\/boutique\/wp-content\/uploads\/2024\/09\/image-produit-clash.webp\" \/>\n\t<meta property=\"og:image:width\" content=\"500\" \/>\n\t<meta property=\"og:image:height\" content=\"500\" \/>\n\t<meta property=\"og:image:type\" content=\"image\/webp\" \/>\n<meta name=\"twitter:card\" content=\"summary_large_image\" \/>\n<meta name=\"twitter:label1\" content=\"Dur\u00e9e de lecture estim\u00e9e\" \/>\n\t<meta name=\"twitter:data1\" content=\"1 minute\" \/>\n<script type=\"application\/ld+json\" class=\"yoast-schema-graph\">{\"@context\":\"https:\/\/schema.org\",\"@graph\":[{\"@type\":\"WebPage\",\"@id\":\"https:\/\/www.liphatech.fr\/boutique\/produit\/aegis-clash\/\",\"url\":\"https:\/\/www.liphatech.fr\/boutique\/produit\/aegis-clash\/\",\"name\":\"CLASH!\u00ae - La Boutique LIPHATECH\",\"isPartOf\":{\"@id\":\"https:\/\/www.liphatech.fr\/boutique\/#website\"},\"primaryImageOfPage\":{\"@id\":\"https:\/\/www.liphatech.fr\/boutique\/produit\/aegis-clash\/#primaryimage\"},\"image\":{\"@id\":\"https:\/\/www.liphatech.fr\/boutique\/produit\/aegis-clash\/#primaryimage\"},\"thumbnailUrl\":\"https:\/\/www.liphatech.fr\/boutique\/wp-content\/uploads\/2024\/09\/image-produit-clash.webp\",\"datePublished\":\"2025-09-16T14:17:46+00:00\",\"dateModified\":\"2025-12-05T14:37:48+00:00\",\"breadcrumb\":{\"@id\":\"https:\/\/www.liphatech.fr\/boutique\/produit\/aegis-clash\/#breadcrumb\"},\"inLanguage\":\"fr-FR\",\"potentialAction\":[{\"@type\":\"ReadAction\",\"target\":[\"https:\/\/www.liphatech.fr\/boutique\/produit\/aegis-clash\/\"]}]},{\"@type\":\"ImageObject\",\"inLanguage\":\"fr-FR\",\"@id\":\"https:\/\/www.liphatech.fr\/boutique\/produit\/aegis-clash\/#primaryimage\",\"url\":\"https:\/\/www.liphatech.fr\/boutique\/wp-content\/uploads\/2024\/09\/image-produit-clash.webp\",\"contentUrl\":\"https:\/\/www.liphatech.fr\/boutique\/wp-content\/uploads\/2024\/09\/image-produit-clash.webp\",\"width\":500,\"height\":500},{\"@type\":\"BreadcrumbList\",\"@id\":\"https:\/\/www.liphatech.fr\/boutique\/produit\/aegis-clash\/#breadcrumb\",\"itemListElement\":[{\"@type\":\"ListItem\",\"position\":1,\"name\":\"Accueil\",\"item\":\"https:\/\/www.liphatech.fr\/boutique\/\"},{\"@type\":\"ListItem\",\"position\":2,\"name\":\"Boutique\",\"item\":\"https:\/\/www.liphatech.fr\/boutique\/boutique\/\"},{\"@type\":\"ListItem\",\"position\":3,\"name\":\"CLASH!\u00ae\"}]},{\"@type\":\"WebSite\",\"@id\":\"https:\/\/www.liphatech.fr\/boutique\/#website\",\"url\":\"https:\/\/www.liphatech.fr\/boutique\/\",\"name\":\"La Boutique LIPHATECH\",\"description\":\"\",\"potentialAction\":[{\"@type\":\"SearchAction\",\"target\":{\"@type\":\"EntryPoint\",\"urlTemplate\":\"https:\/\/www.liphatech.fr\/boutique\/?s={search_term_string}\"},\"query-input\":{\"@type\":\"PropertyValueSpecification\",\"valueRequired\":true,\"valueName\":\"search_term_string\"}}],\"inLanguage\":\"fr-FR\"}]}<\/script>\n<!-- \/ Yoast SEO plugin. -->","yoast_head_json":{"title":"CLASH!\u00ae - La Boutique LIPHATECH","robots":{"index":"index","follow":"follow","max-snippet":"max-snippet:-1","max-image-preview":"max-image-preview:large","max-video-preview":"max-video-preview:-1"},"canonical":"https:\/\/www.liphatech.fr\/boutique\/produit\/aegis-clash\/","og_locale":"fr_FR","og_type":"article","og_title":"CLASH!\u00ae - La Boutique LIPHATECH","og_description":"Un pi\u00e8ge \u00e9lectrom\u00e9canique multi-capture de souris, pour une \u00e9limination rapide d\u2019infestation de souris.  Voir la pr\u00e9sentation du produit   Le pi\u00e8ge est ergonomique et discret  Fermeture herm\u00e9tique avec indicateur LED pour toutes les informations et donn\u00e9es techniques  Utilisation simple et efficace  Utilisable en version connect\u00e9e sur la plateforme aegis.connect.liphatech.fr","og_url":"https:\/\/www.liphatech.fr\/boutique\/produit\/aegis-clash\/","og_site_name":"La Boutique LIPHATECH","article_modified_time":"2025-12-05T14:37:48+00:00","og_image":[{"width":500,"height":500,"url":"https:\/\/www.liphatech.fr\/boutique\/wp-content\/uploads\/2024\/09\/image-produit-clash.webp","type":"image\/webp"}],"twitter_card":"summary_large_image","twitter_misc":{"Dur\u00e9e de lecture estim\u00e9e":"1 minute"},"schema":{"@context":"https:\/\/schema.org","@graph":[{"@type":"WebPage","@id":"https:\/\/www.liphatech.fr\/boutique\/produit\/aegis-clash\/","url":"https:\/\/www.liphatech.fr\/boutique\/produit\/aegis-clash\/","name":"CLASH!\u00ae - La Boutique LIPHATECH","isPartOf":{"@id":"https:\/\/www.liphatech.fr\/boutique\/#website"},"primaryImageOfPage":{"@id":"https:\/\/www.liphatech.fr\/boutique\/produit\/aegis-clash\/#primaryimage"},"image":{"@id":"https:\/\/www.liphatech.fr\/boutique\/produit\/aegis-clash\/#primaryimage"},"thumbnailUrl":"https:\/\/www.liphatech.fr\/boutique\/wp-content\/uploads\/2024\/09\/image-produit-clash.webp","datePublished":"2025-09-16T14:17:46+00:00","dateModified":"2025-12-05T14:37:48+00:00","breadcrumb":{"@id":"https:\/\/www.liphatech.fr\/boutique\/produit\/aegis-clash\/#breadcrumb"},"inLanguage":"fr-FR","potentialAction":[{"@type":"ReadAction","target":["https:\/\/www.liphatech.fr\/boutique\/produit\/aegis-clash\/"]}]},{"@type":"ImageObject","inLanguage":"fr-FR","@id":"https:\/\/www.liphatech.fr\/boutique\/produit\/aegis-clash\/#primaryimage","url":"https:\/\/www.liphatech.fr\/boutique\/wp-content\/uploads\/2024\/09\/image-produit-clash.webp","contentUrl":"https:\/\/www.liphatech.fr\/boutique\/wp-content\/uploads\/2024\/09\/image-produit-clash.webp","width":500,"height":500},{"@type":"BreadcrumbList","@id":"https:\/\/www.liphatech.fr\/boutique\/produit\/aegis-clash\/#breadcrumb","itemListElement":[{"@type":"ListItem","position":1,"name":"Accueil","item":"https:\/\/www.liphatech.fr\/boutique\/"},{"@type":"ListItem","position":2,"name":"Boutique","item":"https:\/\/www.liphatech.fr\/boutique\/boutique\/"},{"@type":"ListItem","position":3,"name":"CLASH!\u00ae"}]},{"@type":"WebSite","@id":"https:\/\/www.liphatech.fr\/boutique\/#website","url":"https:\/\/www.liphatech.fr\/boutique\/","name":"La Boutique LIPHATECH","description":"","potentialAction":[{"@type":"SearchAction","target":{"@type":"EntryPoint","urlTemplate":"https:\/\/www.liphatech.fr\/boutique\/?s={search_term_string}"},"query-input":{"@type":"PropertyValueSpecification","valueRequired":true,"valueName":"search_term_string"}}],"inLanguage":"fr-FR"}]}},"_links":{"self":[{"href":"https:\/\/www.liphatech.fr\/boutique\/wp-json\/wp\/v2\/product\/111129","targetHints":{"allow":["GET"]}}],"collection":[{"href":"https:\/\/www.liphatech.fr\/boutique\/wp-json\/wp\/v2\/product"}],"about":[{"href":"https:\/\/www.liphatech.fr\/boutique\/wp-json\/wp\/v2\/types\/product"}],"replies":[{"embeddable":true,"href":"https:\/\/www.liphatech.fr\/boutique\/wp-json\/wp\/v2\/comments?post=111129"}],"wp:featuredmedia":[{"embeddable":true,"href":"https:\/\/www.liphatech.fr\/boutique\/wp-json\/wp\/v2\/media\/113044"}],"wp:attachment":[{"href":"https:\/\/www.liphatech.fr\/boutique\/wp-json\/wp\/v2\/media?parent=111129"}],"wp:term":[{"taxonomy":"product_brand","embeddable":true,"href":"https:\/\/www.liphatech.fr\/boutique\/wp-json\/wp\/v2\/product_brand?post=111129"},{"taxonomy":"product_cat","embeddable":true,"href":"https:\/\/www.liphatech.fr\/boutique\/wp-json\/wp\/v2\/product_cat?post=111129"},{"taxonomy":"product_tag","embeddable":true,"href":"https:\/\/www.liphatech.fr\/boutique\/wp-json\/wp\/v2\/product_tag?post=111129"}],"curies":[{"name":"wp","href":"https:\/\/api.w.org\/{rel}","templated":true}]}}