{"id":111151,"date":"2024-09-18T10:10:14","date_gmt":"2024-09-18T08:10:14","guid":{"rendered":"https:\/\/boutique.desangosse.mywebstrategies.com\/?post_type=product&#038;p=111151"},"modified":"2025-08-29T11:11:06","modified_gmt":"2025-08-29T09:11:06","slug":"aegis-souris-2-cles","status":"publish","type":"product","link":"https:\/\/www.liphatech.fr\/boutique\/produit\/aegis-souris-2-cles\/","title":{"rendered":"AEGIS\u00ae SOURIS"},"content":{"rendered":"<p><u>CARTON DE 20 POSTES + 2 CLES :<\/u><\/p>\n<ul>\n<li>Dimensions carton : 38 x 26,2 x 10,5 cm \u2013 Poids Brut CDT\u00a0: 1.6 kg<\/li>\n<li>Palette de\u00a0: 240 cartons \u2013 Dimensions Pal\u00a0: 120 x 100 x 238 \u2013 Poids Pal Brut : 207,6 kg<\/li>\n<\/ul>\n","protected":false},"excerpt":{"rendered":"<p>Poste d\u2019app\u00e2tage sp\u00e9cial souris<\/p>\n<p>Poste tr\u00e8s robuste, r\u00e9sistant et s\u00e9curis\u00e9 avec une cl\u00e9 universelle Aegis<\/p>\n<ul>\n<li>1 seul point d&rsquo;ouverture\/fermeture<\/li>\n<li>1 double r\u00e9servoir pour les app\u00e2ts<\/li>\n<li>Poste id\u00e9al pour les endroits exigus<\/li>\n<\/ul>\n<p>&nbsp;<\/p>\n<div id=\"picto-produit\"><img decoding=\"async\" src=\"https:\/\/www.liphatech.fr\/boutique\/\/\/wp-content\/uploads\/2024\/08\/Fabrique-en-france-logo.webp\" alt=\"\" \/><\/div>\n<div><\/div>\n<div><img loading=\"lazy\" decoding=\"async\" class=\"alignnone wp-image-113412\" src=\"https:\/\/www.liphatech.fr\/boutique\/\/\/wp-content\/uploads\/2024\/09\/poste-recyclee2-100-300x243.jpg\" alt=\"\" width=\"144\" height=\"117\" srcset=\"https:\/\/www.liphatech.fr\/boutique\/wp-content\/uploads\/2024\/09\/poste-recyclee2-100-300x243.jpg 300w, https:\/\/www.liphatech.fr\/boutique\/wp-content\/uploads\/2024\/09\/poste-recyclee2-100.jpg 414w\" sizes=\"(max-width: 144px) 100vw, 144px\" \/><\/div>\n<div>\n<ul>\n<li><strong>S\u00e9rigraphie personnalisable sur demande<\/strong><\/li>\n<li><strong>Garantie 12 mois<\/strong><\/li>\n<\/ul>\n<\/div>\n","protected":false},"featured_media":113182,"comment_status":"open","ping_status":"closed","template":"","meta":{"_acf_changed":false,"_et_pb_use_builder":"","_et_pb_old_content":"","_et_gb_content_width":"","footnotes":""},"product_brand":[],"product_cat":[116,165,135],"product_tag":[],"class_list":{"0":"post-111151","1":"product","2":"type-product","3":"status-publish","4":"has-post-thumbnail","6":"product_cat-aegis","7":"product_cat-je-traite-curatif","8":"product_cat-postes-d-appatage","10":"first","11":"instock","12":"taxable","13":"shipping-taxable","14":"purchasable","15":"product-type-simple"},"acf":[],"yoast_head":"<!-- This site is optimized with the Yoast SEO plugin v27.5 - https:\/\/yoast.com\/product\/yoast-seo-wordpress\/ -->\n<title>AEGIS\u00ae SOURIS - La Boutique LIPHATECH<\/title>\n<meta name=\"robots\" content=\"index, follow, max-snippet:-1, max-image-preview:large, max-video-preview:-1\" \/>\n<link rel=\"canonical\" href=\"https:\/\/www.liphatech.fr\/boutique\/produit\/aegis-souris-2-cles\/\" \/>\n<meta property=\"og:locale\" content=\"fr_FR\" \/>\n<meta property=\"og:type\" content=\"article\" \/>\n<meta property=\"og:title\" content=\"AEGIS\u00ae SOURIS - La Boutique LIPHATECH\" \/>\n<meta property=\"og:description\" content=\"Poste d\u2019app\u00e2tage sp\u00e9cial souris  Poste tr\u00e8s robuste, r\u00e9sistant et s\u00e9curis\u00e9 avec une cl\u00e9 universelle Aegis   1 seul point d&#039;ouverture\/fermeture  1 double r\u00e9servoir pour les app\u00e2ts  Poste id\u00e9al pour les endroits exigus  &nbsp;       S\u00e9rigraphie personnalisable sur demande  Garantie 12 mois\" \/>\n<meta property=\"og:url\" content=\"https:\/\/www.liphatech.fr\/boutique\/produit\/aegis-souris-2-cles\/\" \/>\n<meta property=\"og:site_name\" content=\"La Boutique LIPHATECH\" \/>\n<meta property=\"article:modified_time\" content=\"2025-08-29T09:11:06+00:00\" \/>\n<meta property=\"og:image\" content=\"https:\/\/www.liphatech.fr\/boutique\/wp-content\/uploads\/2024\/09\/aegis-souris-1.png\" \/>\n\t<meta property=\"og:image:width\" content=\"500\" \/>\n\t<meta property=\"og:image:height\" content=\"500\" \/>\n\t<meta property=\"og:image:type\" content=\"image\/png\" \/>\n<meta name=\"twitter:card\" content=\"summary_large_image\" \/>\n<meta name=\"twitter:label1\" content=\"Dur\u00e9e de lecture estim\u00e9e\" \/>\n\t<meta name=\"twitter:data1\" content=\"1 minute\" \/>\n<script type=\"application\/ld+json\" class=\"yoast-schema-graph\">{\"@context\":\"https:\\\/\\\/schema.org\",\"@graph\":[{\"@type\":\"WebPage\",\"@id\":\"https:\\\/\\\/www.liphatech.fr\\\/boutique\\\/produit\\\/aegis-souris-2-cles\\\/\",\"url\":\"https:\\\/\\\/www.liphatech.fr\\\/boutique\\\/produit\\\/aegis-souris-2-cles\\\/\",\"name\":\"AEGIS\u00ae SOURIS - La Boutique LIPHATECH\",\"isPartOf\":{\"@id\":\"https:\\\/\\\/www.liphatech.fr\\\/boutique\\\/#website\"},\"primaryImageOfPage\":{\"@id\":\"https:\\\/\\\/www.liphatech.fr\\\/boutique\\\/produit\\\/aegis-souris-2-cles\\\/#primaryimage\"},\"image\":{\"@id\":\"https:\\\/\\\/www.liphatech.fr\\\/boutique\\\/produit\\\/aegis-souris-2-cles\\\/#primaryimage\"},\"thumbnailUrl\":\"https:\\\/\\\/www.liphatech.fr\\\/boutique\\\/wp-content\\\/uploads\\\/2024\\\/09\\\/aegis-souris-1.png\",\"datePublished\":\"2024-09-18T08:10:14+00:00\",\"dateModified\":\"2025-08-29T09:11:06+00:00\",\"breadcrumb\":{\"@id\":\"https:\\\/\\\/www.liphatech.fr\\\/boutique\\\/produit\\\/aegis-souris-2-cles\\\/#breadcrumb\"},\"inLanguage\":\"fr-FR\",\"potentialAction\":[{\"@type\":\"ReadAction\",\"target\":[\"https:\\\/\\\/www.liphatech.fr\\\/boutique\\\/produit\\\/aegis-souris-2-cles\\\/\"]}]},{\"@type\":\"ImageObject\",\"inLanguage\":\"fr-FR\",\"@id\":\"https:\\\/\\\/www.liphatech.fr\\\/boutique\\\/produit\\\/aegis-souris-2-cles\\\/#primaryimage\",\"url\":\"https:\\\/\\\/www.liphatech.fr\\\/boutique\\\/wp-content\\\/uploads\\\/2024\\\/09\\\/aegis-souris-1.png\",\"contentUrl\":\"https:\\\/\\\/www.liphatech.fr\\\/boutique\\\/wp-content\\\/uploads\\\/2024\\\/09\\\/aegis-souris-1.png\",\"width\":500,\"height\":500},{\"@type\":\"BreadcrumbList\",\"@id\":\"https:\\\/\\\/www.liphatech.fr\\\/boutique\\\/produit\\\/aegis-souris-2-cles\\\/#breadcrumb\",\"itemListElement\":[{\"@type\":\"ListItem\",\"position\":1,\"name\":\"Accueil\",\"item\":\"https:\\\/\\\/www.liphatech.fr\\\/boutique\\\/\"},{\"@type\":\"ListItem\",\"position\":2,\"name\":\"Boutique\",\"item\":\"https:\\\/\\\/www.liphatech.fr\\\/boutique\\\/boutique\\\/\"},{\"@type\":\"ListItem\",\"position\":3,\"name\":\"AEGIS\u00ae SOURIS\"}]},{\"@type\":\"WebSite\",\"@id\":\"https:\\\/\\\/www.liphatech.fr\\\/boutique\\\/#website\",\"url\":\"https:\\\/\\\/www.liphatech.fr\\\/boutique\\\/\",\"name\":\"La Boutique LIPHATECH\",\"description\":\"\",\"potentialAction\":[{\"@type\":\"SearchAction\",\"target\":{\"@type\":\"EntryPoint\",\"urlTemplate\":\"https:\\\/\\\/www.liphatech.fr\\\/boutique\\\/?s={search_term_string}\"},\"query-input\":{\"@type\":\"PropertyValueSpecification\",\"valueRequired\":true,\"valueName\":\"search_term_string\"}}],\"inLanguage\":\"fr-FR\"}]}<\/script>\n<!-- \/ Yoast SEO plugin. -->","yoast_head_json":{"title":"AEGIS\u00ae SOURIS - La Boutique LIPHATECH","robots":{"index":"index","follow":"follow","max-snippet":"max-snippet:-1","max-image-preview":"max-image-preview:large","max-video-preview":"max-video-preview:-1"},"canonical":"https:\/\/www.liphatech.fr\/boutique\/produit\/aegis-souris-2-cles\/","og_locale":"fr_FR","og_type":"article","og_title":"AEGIS\u00ae SOURIS - La Boutique LIPHATECH","og_description":"Poste d\u2019app\u00e2tage sp\u00e9cial souris  Poste tr\u00e8s robuste, r\u00e9sistant et s\u00e9curis\u00e9 avec une cl\u00e9 universelle Aegis   1 seul point d'ouverture\/fermeture  1 double r\u00e9servoir pour les app\u00e2ts  Poste id\u00e9al pour les endroits exigus  &nbsp;       S\u00e9rigraphie personnalisable sur demande  Garantie 12 mois","og_url":"https:\/\/www.liphatech.fr\/boutique\/produit\/aegis-souris-2-cles\/","og_site_name":"La Boutique LIPHATECH","article_modified_time":"2025-08-29T09:11:06+00:00","og_image":[{"width":500,"height":500,"url":"https:\/\/www.liphatech.fr\/boutique\/wp-content\/uploads\/2024\/09\/aegis-souris-1.png","type":"image\/png"}],"twitter_card":"summary_large_image","twitter_misc":{"Dur\u00e9e de lecture estim\u00e9e":"1 minute"},"schema":{"@context":"https:\/\/schema.org","@graph":[{"@type":"WebPage","@id":"https:\/\/www.liphatech.fr\/boutique\/produit\/aegis-souris-2-cles\/","url":"https:\/\/www.liphatech.fr\/boutique\/produit\/aegis-souris-2-cles\/","name":"AEGIS\u00ae SOURIS - La Boutique LIPHATECH","isPartOf":{"@id":"https:\/\/www.liphatech.fr\/boutique\/#website"},"primaryImageOfPage":{"@id":"https:\/\/www.liphatech.fr\/boutique\/produit\/aegis-souris-2-cles\/#primaryimage"},"image":{"@id":"https:\/\/www.liphatech.fr\/boutique\/produit\/aegis-souris-2-cles\/#primaryimage"},"thumbnailUrl":"https:\/\/www.liphatech.fr\/boutique\/wp-content\/uploads\/2024\/09\/aegis-souris-1.png","datePublished":"2024-09-18T08:10:14+00:00","dateModified":"2025-08-29T09:11:06+00:00","breadcrumb":{"@id":"https:\/\/www.liphatech.fr\/boutique\/produit\/aegis-souris-2-cles\/#breadcrumb"},"inLanguage":"fr-FR","potentialAction":[{"@type":"ReadAction","target":["https:\/\/www.liphatech.fr\/boutique\/produit\/aegis-souris-2-cles\/"]}]},{"@type":"ImageObject","inLanguage":"fr-FR","@id":"https:\/\/www.liphatech.fr\/boutique\/produit\/aegis-souris-2-cles\/#primaryimage","url":"https:\/\/www.liphatech.fr\/boutique\/wp-content\/uploads\/2024\/09\/aegis-souris-1.png","contentUrl":"https:\/\/www.liphatech.fr\/boutique\/wp-content\/uploads\/2024\/09\/aegis-souris-1.png","width":500,"height":500},{"@type":"BreadcrumbList","@id":"https:\/\/www.liphatech.fr\/boutique\/produit\/aegis-souris-2-cles\/#breadcrumb","itemListElement":[{"@type":"ListItem","position":1,"name":"Accueil","item":"https:\/\/www.liphatech.fr\/boutique\/"},{"@type":"ListItem","position":2,"name":"Boutique","item":"https:\/\/www.liphatech.fr\/boutique\/boutique\/"},{"@type":"ListItem","position":3,"name":"AEGIS\u00ae SOURIS"}]},{"@type":"WebSite","@id":"https:\/\/www.liphatech.fr\/boutique\/#website","url":"https:\/\/www.liphatech.fr\/boutique\/","name":"La Boutique LIPHATECH","description":"","potentialAction":[{"@type":"SearchAction","target":{"@type":"EntryPoint","urlTemplate":"https:\/\/www.liphatech.fr\/boutique\/?s={search_term_string}"},"query-input":{"@type":"PropertyValueSpecification","valueRequired":true,"valueName":"search_term_string"}}],"inLanguage":"fr-FR"}]}},"tiered_pricing_type":"fixed","tiered_pricing_fixed_rules":[],"tiered_pricing_product_settings":{"layout":"default","base_unit_name":{"singular":null,"plural":null},"default_variation":null},"tiered_pricing_minimum_quantity":null,"tiered_pricing_roles_data":[],"tiered_pricing_percentage_rules":[],"_links":{"self":[{"href":"https:\/\/www.liphatech.fr\/boutique\/wp-json\/wp\/v2\/product\/111151","targetHints":{"allow":["GET"]}}],"collection":[{"href":"https:\/\/www.liphatech.fr\/boutique\/wp-json\/wp\/v2\/product"}],"about":[{"href":"https:\/\/www.liphatech.fr\/boutique\/wp-json\/wp\/v2\/types\/product"}],"replies":[{"embeddable":true,"href":"https:\/\/www.liphatech.fr\/boutique\/wp-json\/wp\/v2\/comments?post=111151"}],"version-history":[{"count":2,"href":"https:\/\/www.liphatech.fr\/boutique\/wp-json\/wp\/v2\/product\/111151\/revisions"}],"predecessor-version":[{"id":113177,"href":"https:\/\/www.liphatech.fr\/boutique\/wp-json\/wp\/v2\/product\/111151\/revisions\/113177"}],"wp:featuredmedia":[{"embeddable":true,"href":"https:\/\/www.liphatech.fr\/boutique\/wp-json\/wp\/v2\/media\/113182"}],"wp:attachment":[{"href":"https:\/\/www.liphatech.fr\/boutique\/wp-json\/wp\/v2\/media?parent=111151"}],"wp:term":[{"taxonomy":"product_brand","embeddable":true,"href":"https:\/\/www.liphatech.fr\/boutique\/wp-json\/wp\/v2\/product_brand?post=111151"},{"taxonomy":"product_cat","embeddable":true,"href":"https:\/\/www.liphatech.fr\/boutique\/wp-json\/wp\/v2\/product_cat?post=111151"},{"taxonomy":"product_tag","embeddable":true,"href":"https:\/\/www.liphatech.fr\/boutique\/wp-json\/wp\/v2\/product_tag?post=111151"}],"curies":[{"name":"wp","href":"https:\/\/api.w.org\/{rel}","templated":true}]}}