{"id":111174,"date":"2024-09-08T11:27:53","date_gmt":"2024-09-08T09:27:53","guid":{"rendered":"https:\/\/boutique.desangosse.mywebstrategies.com\/?post_type=product&#038;p=111174"},"modified":"2026-03-31T14:02:21","modified_gmt":"2026-03-31T12:02:21","slug":"piege-a-glu-souris-96m","status":"publish","type":"product","link":"https:\/\/www.liphatech.fr\/boutique\/produit\/piege-a-glu-souris-96m\/","title":{"rendered":"PIEGE A GLU SOURIS 96M"},"content":{"rendered":"<p><u>CARTON DE 96 plaques :<\/u><\/p>\n<ul>\n<li>Dimensions carton : 27,5 x 19,5 x 20,5 cm \u2013 Poids Brut CDT : 2,21 kg<\/li>\n<li>Palette de : 120 cartons \u2013 Dimensions Pal : 120 x 100 x 188 \u2013 Poids Pal Brut : 270 kg<\/li>\n<\/ul>\n","protected":false},"excerpt":{"rendered":"<p>Pi\u00e8ge \u00e0 glu pour souris \u00e0 base plastique<\/p>\n<p>CE QUI FAIT LA DIFF\u00c9RENCE :<\/p>\n<ul>\n<li>compatible avec les postes d&rsquo;app\u00e2tage ALL IN BOX\u00ae et AEGIS\u00ae BOX<\/li>\n<\/ul>\n<div id=\"picto-produit\"><img decoding=\"async\" src=\"https:\/\/www.liphatech.fr\/boutique\/\/\/wp-content\/uploads\/2024\/08\/icone-souris.png\" alt=\"\" \/><\/div>\n","protected":false},"featured_media":111177,"comment_status":"open","ping_status":"closed","template":"","meta":{"_acf_changed":false,"_et_pb_use_builder":"","_et_pb_old_content":"","_et_gb_content_width":""},"product_brand":[],"product_cat":[166,170,133,168],"product_tag":[],"class_list":{"0":"post-111174","1":"product","2":"type-product","3":"status-publish","4":"has-post-thumbnail","6":"product_cat-je-surveille","7":"product_cat-pdts-accessoires","8":"product_cat-pieges","9":"product_cat-souris","11":"first","12":"instock","13":"taxable","14":"shipping-taxable","15":"purchasable","16":"product-type-simple"},"acf":[],"yoast_head":"<!-- This site is optimized with the Yoast SEO plugin v26.5 - https:\/\/yoast.com\/wordpress\/plugins\/seo\/ -->\n<title>PIEGE A GLU SOURIS 96M - La Boutique LIPHATECH<\/title>\n<meta name=\"robots\" content=\"index, follow, max-snippet:-1, max-image-preview:large, max-video-preview:-1\" \/>\n<link rel=\"canonical\" href=\"https:\/\/www.liphatech.fr\/boutique\/produit\/piege-a-glu-souris-96m\/\" \/>\n<meta property=\"og:locale\" content=\"fr_FR\" \/>\n<meta property=\"og:type\" content=\"article\" \/>\n<meta property=\"og:title\" content=\"PIEGE A GLU SOURIS 96M - La Boutique LIPHATECH\" \/>\n<meta property=\"og:description\" content=\"Pi\u00e8ge \u00e0 glu pour souris \u00e0 base plastique  CE QUI FAIT LA DIFF\u00c9RENCE :   compatible avec les postes d&#039;app\u00e2tage ALL IN BOX\u00ae et AEGIS\u00ae BOX\" \/>\n<meta property=\"og:url\" content=\"https:\/\/www.liphatech.fr\/boutique\/produit\/piege-a-glu-souris-96m\/\" \/>\n<meta property=\"og:site_name\" content=\"La Boutique LIPHATECH\" \/>\n<meta property=\"article:modified_time\" content=\"2026-03-31T12:02:21+00:00\" \/>\n<meta property=\"og:image\" content=\"https:\/\/www.liphatech.fr\/boutique\/wp-content\/uploads\/2024\/03\/80000014-PIEGE-A-GLU-SOURIS-96M-FACE.webp\" \/>\n\t<meta property=\"og:image:width\" content=\"500\" \/>\n\t<meta property=\"og:image:height\" content=\"500\" \/>\n\t<meta property=\"og:image:type\" content=\"image\/webp\" \/>\n<meta name=\"twitter:card\" content=\"summary_large_image\" \/>\n<meta name=\"twitter:label1\" content=\"Dur\u00e9e de lecture estim\u00e9e\" \/>\n\t<meta name=\"twitter:data1\" content=\"1 minute\" \/>\n<script type=\"application\/ld+json\" class=\"yoast-schema-graph\">{\"@context\":\"https:\/\/schema.org\",\"@graph\":[{\"@type\":\"WebPage\",\"@id\":\"https:\/\/www.liphatech.fr\/boutique\/produit\/piege-a-glu-souris-96m\/\",\"url\":\"https:\/\/www.liphatech.fr\/boutique\/produit\/piege-a-glu-souris-96m\/\",\"name\":\"PIEGE A GLU SOURIS 96M - La Boutique LIPHATECH\",\"isPartOf\":{\"@id\":\"https:\/\/www.liphatech.fr\/boutique\/#website\"},\"primaryImageOfPage\":{\"@id\":\"https:\/\/www.liphatech.fr\/boutique\/produit\/piege-a-glu-souris-96m\/#primaryimage\"},\"image\":{\"@id\":\"https:\/\/www.liphatech.fr\/boutique\/produit\/piege-a-glu-souris-96m\/#primaryimage\"},\"thumbnailUrl\":\"https:\/\/www.liphatech.fr\/boutique\/wp-content\/uploads\/2024\/03\/80000014-PIEGE-A-GLU-SOURIS-96M-FACE.webp\",\"datePublished\":\"2024-09-08T09:27:53+00:00\",\"dateModified\":\"2026-03-31T12:02:21+00:00\",\"breadcrumb\":{\"@id\":\"https:\/\/www.liphatech.fr\/boutique\/produit\/piege-a-glu-souris-96m\/#breadcrumb\"},\"inLanguage\":\"fr-FR\",\"potentialAction\":[{\"@type\":\"ReadAction\",\"target\":[\"https:\/\/www.liphatech.fr\/boutique\/produit\/piege-a-glu-souris-96m\/\"]}]},{\"@type\":\"ImageObject\",\"inLanguage\":\"fr-FR\",\"@id\":\"https:\/\/www.liphatech.fr\/boutique\/produit\/piege-a-glu-souris-96m\/#primaryimage\",\"url\":\"https:\/\/www.liphatech.fr\/boutique\/wp-content\/uploads\/2024\/03\/80000014-PIEGE-A-GLU-SOURIS-96M-FACE.webp\",\"contentUrl\":\"https:\/\/www.liphatech.fr\/boutique\/wp-content\/uploads\/2024\/03\/80000014-PIEGE-A-GLU-SOURIS-96M-FACE.webp\",\"width\":500,\"height\":500},{\"@type\":\"BreadcrumbList\",\"@id\":\"https:\/\/www.liphatech.fr\/boutique\/produit\/piege-a-glu-souris-96m\/#breadcrumb\",\"itemListElement\":[{\"@type\":\"ListItem\",\"position\":1,\"name\":\"Accueil\",\"item\":\"https:\/\/www.liphatech.fr\/boutique\/\"},{\"@type\":\"ListItem\",\"position\":2,\"name\":\"Boutique\",\"item\":\"https:\/\/www.liphatech.fr\/boutique\/boutique\/\"},{\"@type\":\"ListItem\",\"position\":3,\"name\":\"PIEGE A GLU SOURIS 96M\"}]},{\"@type\":\"WebSite\",\"@id\":\"https:\/\/www.liphatech.fr\/boutique\/#website\",\"url\":\"https:\/\/www.liphatech.fr\/boutique\/\",\"name\":\"La Boutique LIPHATECH\",\"description\":\"\",\"potentialAction\":[{\"@type\":\"SearchAction\",\"target\":{\"@type\":\"EntryPoint\",\"urlTemplate\":\"https:\/\/www.liphatech.fr\/boutique\/?s={search_term_string}\"},\"query-input\":{\"@type\":\"PropertyValueSpecification\",\"valueRequired\":true,\"valueName\":\"search_term_string\"}}],\"inLanguage\":\"fr-FR\"}]}<\/script>\n<!-- \/ Yoast SEO plugin. -->","yoast_head_json":{"title":"PIEGE A GLU SOURIS 96M - La Boutique LIPHATECH","robots":{"index":"index","follow":"follow","max-snippet":"max-snippet:-1","max-image-preview":"max-image-preview:large","max-video-preview":"max-video-preview:-1"},"canonical":"https:\/\/www.liphatech.fr\/boutique\/produit\/piege-a-glu-souris-96m\/","og_locale":"fr_FR","og_type":"article","og_title":"PIEGE A GLU SOURIS 96M - La Boutique LIPHATECH","og_description":"Pi\u00e8ge \u00e0 glu pour souris \u00e0 base plastique  CE QUI FAIT LA DIFF\u00c9RENCE :   compatible avec les postes d'app\u00e2tage ALL IN BOX\u00ae et AEGIS\u00ae BOX","og_url":"https:\/\/www.liphatech.fr\/boutique\/produit\/piege-a-glu-souris-96m\/","og_site_name":"La Boutique LIPHATECH","article_modified_time":"2026-03-31T12:02:21+00:00","og_image":[{"width":500,"height":500,"url":"https:\/\/www.liphatech.fr\/boutique\/wp-content\/uploads\/2024\/03\/80000014-PIEGE-A-GLU-SOURIS-96M-FACE.webp","type":"image\/webp"}],"twitter_card":"summary_large_image","twitter_misc":{"Dur\u00e9e de lecture estim\u00e9e":"1 minute"},"schema":{"@context":"https:\/\/schema.org","@graph":[{"@type":"WebPage","@id":"https:\/\/www.liphatech.fr\/boutique\/produit\/piege-a-glu-souris-96m\/","url":"https:\/\/www.liphatech.fr\/boutique\/produit\/piege-a-glu-souris-96m\/","name":"PIEGE A GLU SOURIS 96M - La Boutique LIPHATECH","isPartOf":{"@id":"https:\/\/www.liphatech.fr\/boutique\/#website"},"primaryImageOfPage":{"@id":"https:\/\/www.liphatech.fr\/boutique\/produit\/piege-a-glu-souris-96m\/#primaryimage"},"image":{"@id":"https:\/\/www.liphatech.fr\/boutique\/produit\/piege-a-glu-souris-96m\/#primaryimage"},"thumbnailUrl":"https:\/\/www.liphatech.fr\/boutique\/wp-content\/uploads\/2024\/03\/80000014-PIEGE-A-GLU-SOURIS-96M-FACE.webp","datePublished":"2024-09-08T09:27:53+00:00","dateModified":"2026-03-31T12:02:21+00:00","breadcrumb":{"@id":"https:\/\/www.liphatech.fr\/boutique\/produit\/piege-a-glu-souris-96m\/#breadcrumb"},"inLanguage":"fr-FR","potentialAction":[{"@type":"ReadAction","target":["https:\/\/www.liphatech.fr\/boutique\/produit\/piege-a-glu-souris-96m\/"]}]},{"@type":"ImageObject","inLanguage":"fr-FR","@id":"https:\/\/www.liphatech.fr\/boutique\/produit\/piege-a-glu-souris-96m\/#primaryimage","url":"https:\/\/www.liphatech.fr\/boutique\/wp-content\/uploads\/2024\/03\/80000014-PIEGE-A-GLU-SOURIS-96M-FACE.webp","contentUrl":"https:\/\/www.liphatech.fr\/boutique\/wp-content\/uploads\/2024\/03\/80000014-PIEGE-A-GLU-SOURIS-96M-FACE.webp","width":500,"height":500},{"@type":"BreadcrumbList","@id":"https:\/\/www.liphatech.fr\/boutique\/produit\/piege-a-glu-souris-96m\/#breadcrumb","itemListElement":[{"@type":"ListItem","position":1,"name":"Accueil","item":"https:\/\/www.liphatech.fr\/boutique\/"},{"@type":"ListItem","position":2,"name":"Boutique","item":"https:\/\/www.liphatech.fr\/boutique\/boutique\/"},{"@type":"ListItem","position":3,"name":"PIEGE A GLU SOURIS 96M"}]},{"@type":"WebSite","@id":"https:\/\/www.liphatech.fr\/boutique\/#website","url":"https:\/\/www.liphatech.fr\/boutique\/","name":"La Boutique LIPHATECH","description":"","potentialAction":[{"@type":"SearchAction","target":{"@type":"EntryPoint","urlTemplate":"https:\/\/www.liphatech.fr\/boutique\/?s={search_term_string}"},"query-input":{"@type":"PropertyValueSpecification","valueRequired":true,"valueName":"search_term_string"}}],"inLanguage":"fr-FR"}]}},"_links":{"self":[{"href":"https:\/\/www.liphatech.fr\/boutique\/wp-json\/wp\/v2\/product\/111174","targetHints":{"allow":["GET"]}}],"collection":[{"href":"https:\/\/www.liphatech.fr\/boutique\/wp-json\/wp\/v2\/product"}],"about":[{"href":"https:\/\/www.liphatech.fr\/boutique\/wp-json\/wp\/v2\/types\/product"}],"replies":[{"embeddable":true,"href":"https:\/\/www.liphatech.fr\/boutique\/wp-json\/wp\/v2\/comments?post=111174"}],"wp:featuredmedia":[{"embeddable":true,"href":"https:\/\/www.liphatech.fr\/boutique\/wp-json\/wp\/v2\/media\/111177"}],"wp:attachment":[{"href":"https:\/\/www.liphatech.fr\/boutique\/wp-json\/wp\/v2\/media?parent=111174"}],"wp:term":[{"taxonomy":"product_brand","embeddable":true,"href":"https:\/\/www.liphatech.fr\/boutique\/wp-json\/wp\/v2\/product_brand?post=111174"},{"taxonomy":"product_cat","embeddable":true,"href":"https:\/\/www.liphatech.fr\/boutique\/wp-json\/wp\/v2\/product_cat?post=111174"},{"taxonomy":"product_tag","embeddable":true,"href":"https:\/\/www.liphatech.fr\/boutique\/wp-json\/wp\/v2\/product_tag?post=111174"}],"curies":[{"name":"wp","href":"https:\/\/api.w.org\/{rel}","templated":true}]}}