{"id":111199,"date":"2024-03-12T12:34:27","date_gmt":"2024-03-12T11:34:27","guid":{"rendered":"https:\/\/boutique.desangosse.mywebstrategies.com\/?post_type=product&#038;p=111199"},"modified":"2026-03-31T13:56:42","modified_gmt":"2026-03-31T11:56:42","slug":"brossol-rod","status":"publish","type":"product","link":"https:\/\/www.liphatech.fr\/boutique\/produit\/brossol-rod\/","title":{"rendered":"BROSSOL\u00ae ROD"},"content":{"rendered":"<p><u>CARTON DE 3 BARRES DE 2 M : <\/u><\/p>\n<ul>\n<li>Dimensions Carton : 201 x 10 x 10 cm \u2013 Poids Brut CDT\u00a0: 3 kg<\/li>\n<li>Palette de\u00a0: 42 CARTONS \u2013 Dimensions Pal\u00a0: 120 x 80 x 80 \u2013 Poids Pal Brut : 153,72 kg<\/li>\n<\/ul>\n","protected":false},"excerpt":{"rendered":"<p>Barre-brosse en aluminium qui obstrue l&rsquo;espace entre le sol et la porte (si l&rsquo;espace est sup\u00e9rieur \u00e0 5mm) pour emp\u00eacher toutes intrusions de rongeurs. Couper le rail d&rsquo; aluminium \u00e0 l&rsquo;aide d&rsquo;une scie \u00e0 m\u00e9taux.<\/p>\n<p>CE QUI FAIT LA DIFF\u00c9RENCE :<\/p>\n<ul>\n<li>Facile \u00e0 visser ou \u00e0 riveter<\/li>\n<li>Obturation entre le sol et la porte<\/li>\n<li>Adaptable \u00e0 chaque porte avec d\u00e9coupe sur mesure<\/li>\n<li>R\u00e9siste aux intemp\u00e9ries et r\u00e9siste dans le temps<\/li>\n<\/ul>\n<div id=\"picto-produit\"><img decoding=\"async\" src=\"https:\/\/www.liphatech.fr\/boutique\/\/\/wp-content\/uploads\/2024\/08\/logo-je-traite.png\" alt=\"\" \/><br \/>\n<img decoding=\"async\" src=\"https:\/\/www.liphatech.fr\/boutique\/\/\/wp-content\/uploads\/2024\/08\/icone-rats-souris.png\" alt=\"\" \/><\/div>\n","protected":false},"featured_media":111202,"comment_status":"open","ping_status":"closed","template":"","meta":{"_acf_changed":false,"_et_pb_use_builder":"off","_et_pb_old_content":"<u>CARTON DE 3 BARRES DE 2 m : <\/u>\r\n<ul>\r\n \t<li>Dimensions Carton : 201 x 10 x 10 cm \u2013 Poids Brut CDT\u00a0: 3 kg<\/li>\r\n \t<li>Palette de\u00a0: 42 CARTONS \u2013 Dimensions Pal\u00a0: 120 x 80 x 80 \u2013 Poids Pal Brut : 153,72 kg<\/li>\r\n<\/ul>","_et_gb_content_width":""},"product_brand":[],"product_cat":[132,117,164,142],"product_tag":[],"class_list":{"0":"post-111199","1":"product","2":"type-product","3":"status-publish","4":"has-post-thumbnail","6":"product_cat-anti-intrusion","7":"product_cat-bernatom","8":"product_cat-je-traite-preventif","9":"product_cat-rats-souris","11":"first","12":"instock","13":"taxable","14":"shipping-taxable","15":"purchasable","16":"product-type-simple"},"acf":[],"yoast_head":"<!-- This site is optimized with the Yoast SEO plugin v26.5 - https:\/\/yoast.com\/wordpress\/plugins\/seo\/ -->\n<title>BROSSOL\u00ae ROD - La Boutique LIPHATECH<\/title>\n<meta name=\"robots\" content=\"index, follow, max-snippet:-1, max-image-preview:large, max-video-preview:-1\" \/>\n<link rel=\"canonical\" href=\"https:\/\/www.liphatech.fr\/boutique\/produit\/brossol-rod\/\" \/>\n<meta property=\"og:locale\" content=\"fr_FR\" \/>\n<meta property=\"og:type\" content=\"article\" \/>\n<meta property=\"og:title\" content=\"BROSSOL\u00ae ROD - La Boutique LIPHATECH\" \/>\n<meta property=\"og:description\" content=\"Barre-brosse en aluminium qui obstrue l&#039;espace entre le sol et la porte (si l&#039;espace est sup\u00e9rieur \u00e0 5mm) pour emp\u00eacher toutes intrusions de rongeurs. Couper le rail d&#039; aluminium \u00e0 l&#039;aide d&#039;une scie \u00e0 m\u00e9taux.  CE QUI FAIT LA DIFF\u00c9RENCE :   Facile \u00e0 visser ou \u00e0 riveter  Obturation entre le sol et la porte  Adaptable \u00e0 chaque porte avec d\u00e9coupe sur mesure  R\u00e9siste aux intemp\u00e9ries et r\u00e9siste dans le temps\" \/>\n<meta property=\"og:url\" content=\"https:\/\/www.liphatech.fr\/boutique\/produit\/brossol-rod\/\" \/>\n<meta property=\"og:site_name\" content=\"La Boutique LIPHATECH\" \/>\n<meta property=\"article:modified_time\" content=\"2026-03-31T11:56:42+00:00\" \/>\n<meta property=\"og:image\" content=\"https:\/\/www.liphatech.fr\/boutique\/wp-content\/uploads\/2024\/03\/80015507-BERNATOM-BROSSOL-ROD3m-20-BARRES-BROSSES-x3m6-PROFIL.webp\" \/>\n\t<meta property=\"og:image:width\" content=\"500\" \/>\n\t<meta property=\"og:image:height\" content=\"500\" \/>\n\t<meta property=\"og:image:type\" content=\"image\/webp\" \/>\n<meta name=\"twitter:card\" content=\"summary_large_image\" \/>\n<meta name=\"twitter:label1\" content=\"Dur\u00e9e de lecture estim\u00e9e\" \/>\n\t<meta name=\"twitter:data1\" content=\"1 minute\" \/>\n<script type=\"application\/ld+json\" class=\"yoast-schema-graph\">{\"@context\":\"https:\/\/schema.org\",\"@graph\":[{\"@type\":\"WebPage\",\"@id\":\"https:\/\/www.liphatech.fr\/boutique\/produit\/brossol-rod\/\",\"url\":\"https:\/\/www.liphatech.fr\/boutique\/produit\/brossol-rod\/\",\"name\":\"BROSSOL\u00ae ROD - La Boutique LIPHATECH\",\"isPartOf\":{\"@id\":\"https:\/\/www.liphatech.fr\/boutique\/#website\"},\"primaryImageOfPage\":{\"@id\":\"https:\/\/www.liphatech.fr\/boutique\/produit\/brossol-rod\/#primaryimage\"},\"image\":{\"@id\":\"https:\/\/www.liphatech.fr\/boutique\/produit\/brossol-rod\/#primaryimage\"},\"thumbnailUrl\":\"https:\/\/www.liphatech.fr\/boutique\/wp-content\/uploads\/2024\/03\/80015507-BERNATOM-BROSSOL-ROD3m-20-BARRES-BROSSES-x3m6-PROFIL.webp\",\"datePublished\":\"2024-03-12T11:34:27+00:00\",\"dateModified\":\"2026-03-31T11:56:42+00:00\",\"breadcrumb\":{\"@id\":\"https:\/\/www.liphatech.fr\/boutique\/produit\/brossol-rod\/#breadcrumb\"},\"inLanguage\":\"fr-FR\",\"potentialAction\":[{\"@type\":\"ReadAction\",\"target\":[\"https:\/\/www.liphatech.fr\/boutique\/produit\/brossol-rod\/\"]}]},{\"@type\":\"ImageObject\",\"inLanguage\":\"fr-FR\",\"@id\":\"https:\/\/www.liphatech.fr\/boutique\/produit\/brossol-rod\/#primaryimage\",\"url\":\"https:\/\/www.liphatech.fr\/boutique\/wp-content\/uploads\/2024\/03\/80015507-BERNATOM-BROSSOL-ROD3m-20-BARRES-BROSSES-x3m6-PROFIL.webp\",\"contentUrl\":\"https:\/\/www.liphatech.fr\/boutique\/wp-content\/uploads\/2024\/03\/80015507-BERNATOM-BROSSOL-ROD3m-20-BARRES-BROSSES-x3m6-PROFIL.webp\",\"width\":500,\"height\":500},{\"@type\":\"BreadcrumbList\",\"@id\":\"https:\/\/www.liphatech.fr\/boutique\/produit\/brossol-rod\/#breadcrumb\",\"itemListElement\":[{\"@type\":\"ListItem\",\"position\":1,\"name\":\"Accueil\",\"item\":\"https:\/\/www.liphatech.fr\/boutique\/\"},{\"@type\":\"ListItem\",\"position\":2,\"name\":\"Boutique\",\"item\":\"https:\/\/www.liphatech.fr\/boutique\/boutique\/\"},{\"@type\":\"ListItem\",\"position\":3,\"name\":\"BROSSOL\u00ae ROD\"}]},{\"@type\":\"WebSite\",\"@id\":\"https:\/\/www.liphatech.fr\/boutique\/#website\",\"url\":\"https:\/\/www.liphatech.fr\/boutique\/\",\"name\":\"La Boutique LIPHATECH\",\"description\":\"\",\"potentialAction\":[{\"@type\":\"SearchAction\",\"target\":{\"@type\":\"EntryPoint\",\"urlTemplate\":\"https:\/\/www.liphatech.fr\/boutique\/?s={search_term_string}\"},\"query-input\":{\"@type\":\"PropertyValueSpecification\",\"valueRequired\":true,\"valueName\":\"search_term_string\"}}],\"inLanguage\":\"fr-FR\"}]}<\/script>\n<!-- \/ Yoast SEO plugin. -->","yoast_head_json":{"title":"BROSSOL\u00ae ROD - La Boutique LIPHATECH","robots":{"index":"index","follow":"follow","max-snippet":"max-snippet:-1","max-image-preview":"max-image-preview:large","max-video-preview":"max-video-preview:-1"},"canonical":"https:\/\/www.liphatech.fr\/boutique\/produit\/brossol-rod\/","og_locale":"fr_FR","og_type":"article","og_title":"BROSSOL\u00ae ROD - La Boutique LIPHATECH","og_description":"Barre-brosse en aluminium qui obstrue l'espace entre le sol et la porte (si l'espace est sup\u00e9rieur \u00e0 5mm) pour emp\u00eacher toutes intrusions de rongeurs. Couper le rail d' aluminium \u00e0 l'aide d'une scie \u00e0 m\u00e9taux.  CE QUI FAIT LA DIFF\u00c9RENCE :   Facile \u00e0 visser ou \u00e0 riveter  Obturation entre le sol et la porte  Adaptable \u00e0 chaque porte avec d\u00e9coupe sur mesure  R\u00e9siste aux intemp\u00e9ries et r\u00e9siste dans le temps","og_url":"https:\/\/www.liphatech.fr\/boutique\/produit\/brossol-rod\/","og_site_name":"La Boutique LIPHATECH","article_modified_time":"2026-03-31T11:56:42+00:00","og_image":[{"width":500,"height":500,"url":"https:\/\/www.liphatech.fr\/boutique\/wp-content\/uploads\/2024\/03\/80015507-BERNATOM-BROSSOL-ROD3m-20-BARRES-BROSSES-x3m6-PROFIL.webp","type":"image\/webp"}],"twitter_card":"summary_large_image","twitter_misc":{"Dur\u00e9e de lecture estim\u00e9e":"1 minute"},"schema":{"@context":"https:\/\/schema.org","@graph":[{"@type":"WebPage","@id":"https:\/\/www.liphatech.fr\/boutique\/produit\/brossol-rod\/","url":"https:\/\/www.liphatech.fr\/boutique\/produit\/brossol-rod\/","name":"BROSSOL\u00ae ROD - La Boutique LIPHATECH","isPartOf":{"@id":"https:\/\/www.liphatech.fr\/boutique\/#website"},"primaryImageOfPage":{"@id":"https:\/\/www.liphatech.fr\/boutique\/produit\/brossol-rod\/#primaryimage"},"image":{"@id":"https:\/\/www.liphatech.fr\/boutique\/produit\/brossol-rod\/#primaryimage"},"thumbnailUrl":"https:\/\/www.liphatech.fr\/boutique\/wp-content\/uploads\/2024\/03\/80015507-BERNATOM-BROSSOL-ROD3m-20-BARRES-BROSSES-x3m6-PROFIL.webp","datePublished":"2024-03-12T11:34:27+00:00","dateModified":"2026-03-31T11:56:42+00:00","breadcrumb":{"@id":"https:\/\/www.liphatech.fr\/boutique\/produit\/brossol-rod\/#breadcrumb"},"inLanguage":"fr-FR","potentialAction":[{"@type":"ReadAction","target":["https:\/\/www.liphatech.fr\/boutique\/produit\/brossol-rod\/"]}]},{"@type":"ImageObject","inLanguage":"fr-FR","@id":"https:\/\/www.liphatech.fr\/boutique\/produit\/brossol-rod\/#primaryimage","url":"https:\/\/www.liphatech.fr\/boutique\/wp-content\/uploads\/2024\/03\/80015507-BERNATOM-BROSSOL-ROD3m-20-BARRES-BROSSES-x3m6-PROFIL.webp","contentUrl":"https:\/\/www.liphatech.fr\/boutique\/wp-content\/uploads\/2024\/03\/80015507-BERNATOM-BROSSOL-ROD3m-20-BARRES-BROSSES-x3m6-PROFIL.webp","width":500,"height":500},{"@type":"BreadcrumbList","@id":"https:\/\/www.liphatech.fr\/boutique\/produit\/brossol-rod\/#breadcrumb","itemListElement":[{"@type":"ListItem","position":1,"name":"Accueil","item":"https:\/\/www.liphatech.fr\/boutique\/"},{"@type":"ListItem","position":2,"name":"Boutique","item":"https:\/\/www.liphatech.fr\/boutique\/boutique\/"},{"@type":"ListItem","position":3,"name":"BROSSOL\u00ae ROD"}]},{"@type":"WebSite","@id":"https:\/\/www.liphatech.fr\/boutique\/#website","url":"https:\/\/www.liphatech.fr\/boutique\/","name":"La Boutique LIPHATECH","description":"","potentialAction":[{"@type":"SearchAction","target":{"@type":"EntryPoint","urlTemplate":"https:\/\/www.liphatech.fr\/boutique\/?s={search_term_string}"},"query-input":{"@type":"PropertyValueSpecification","valueRequired":true,"valueName":"search_term_string"}}],"inLanguage":"fr-FR"}]}},"_links":{"self":[{"href":"https:\/\/www.liphatech.fr\/boutique\/wp-json\/wp\/v2\/product\/111199","targetHints":{"allow":["GET"]}}],"collection":[{"href":"https:\/\/www.liphatech.fr\/boutique\/wp-json\/wp\/v2\/product"}],"about":[{"href":"https:\/\/www.liphatech.fr\/boutique\/wp-json\/wp\/v2\/types\/product"}],"replies":[{"embeddable":true,"href":"https:\/\/www.liphatech.fr\/boutique\/wp-json\/wp\/v2\/comments?post=111199"}],"wp:featuredmedia":[{"embeddable":true,"href":"https:\/\/www.liphatech.fr\/boutique\/wp-json\/wp\/v2\/media\/111202"}],"wp:attachment":[{"href":"https:\/\/www.liphatech.fr\/boutique\/wp-json\/wp\/v2\/media?parent=111199"}],"wp:term":[{"taxonomy":"product_brand","embeddable":true,"href":"https:\/\/www.liphatech.fr\/boutique\/wp-json\/wp\/v2\/product_brand?post=111199"},{"taxonomy":"product_cat","embeddable":true,"href":"https:\/\/www.liphatech.fr\/boutique\/wp-json\/wp\/v2\/product_cat?post=111199"},{"taxonomy":"product_tag","embeddable":true,"href":"https:\/\/www.liphatech.fr\/boutique\/wp-json\/wp\/v2\/product_tag?post=111199"}],"curies":[{"name":"wp","href":"https:\/\/api.w.org\/{rel}","templated":true}]}}