{"id":111203,"date":"2024-03-12T12:38:20","date_gmt":"2024-03-12T11:38:20","guid":{"rendered":"https:\/\/boutique.desangosse.mywebstrategies.com\/?post_type=product&#038;p=111203"},"modified":"2026-03-31T14:12:37","modified_gmt":"2026-03-31T12:12:37","slug":"warosol-t","status":"publish","type":"product","link":"https:\/\/www.liphatech.fr\/boutique\/produit\/warosol-t\/","title":{"rendered":"WAROSOL\u00ae T"},"content":{"rendered":"<p><u>CARTON DE 8 ROULEAUX DE 6 M x 6 CM :<\/u><\/p>\n<ul>\n<li>Dimensions Carton : 28 x 26 x 15 cm \u2013 Poids Brut CDT\u00a0: 2,304 kg<\/li>\n<li>Palette de\u00a0: 16 CARTONS \u2013 Dimensions Pal\u00a0: 120 x 80 x 170 \u2013 Poids Pal Brut : 245 kg<\/li>\n<\/ul>\n","protected":false},"excerpt":{"rendered":"<p>Tricot d&rsquo;acier inoxydable pour obturer les petits interstices, cavit\u00e9s et fissures sup\u00e9rieurs \u00e0 5mm. Emp\u00eache le passage des rongeurs et des autres nuisibles (reptiles, gu\u00eapes, \u2026).<br \/>\nCouper le tricot d&rsquo;acier avec la Warosol Cisaille<\/p>\n<p>CE QUI FAIT LA DIFF\u00c9RENCE :<\/p>\n<ul>\n<li>Id\u00e9al pour obturer les petits interstices, cavit\u00e9s et fissures sup\u00e9rieurs \u00e0 5 mm<\/li>\n<li>Fil inoxydable souple et r\u00e9sistant \u00e0 de tr\u00e8s hautes temp\u00e9ratures<\/li>\n<\/ul>\n<div id=\"picto-produit\"><img decoding=\"async\" src=\"https:\/\/www.liphatech.fr\/boutique\/\/\/wp-content\/uploads\/2024\/08\/logo-je-traite.png\" alt=\"\" \/><br \/>\n<img decoding=\"async\" src=\"https:\/\/www.liphatech.fr\/boutique\/\/\/wp-content\/uploads\/2024\/08\/icone-rats-souris.png\" alt=\"\" \/><\/div>\n","protected":false},"featured_media":113187,"comment_status":"open","ping_status":"closed","template":"","meta":{"_acf_changed":false,"_et_pb_use_builder":"","_et_pb_old_content":"","_et_gb_content_width":""},"product_brand":[],"product_cat":[132,117,164,142],"product_tag":[],"class_list":{"0":"post-111203","1":"product","2":"type-product","3":"status-publish","4":"has-post-thumbnail","6":"product_cat-anti-intrusion","7":"product_cat-bernatom","8":"product_cat-je-traite-preventif","9":"product_cat-rats-souris","11":"first","12":"instock","13":"taxable","14":"shipping-taxable","15":"purchasable","16":"product-type-simple"},"acf":[],"yoast_head":"<!-- This site is optimized with the Yoast SEO plugin v26.5 - https:\/\/yoast.com\/wordpress\/plugins\/seo\/ -->\n<title>WAROSOL\u00ae T - La Boutique LIPHATECH<\/title>\n<meta name=\"robots\" content=\"index, follow, max-snippet:-1, max-image-preview:large, max-video-preview:-1\" \/>\n<link rel=\"canonical\" href=\"https:\/\/www.liphatech.fr\/boutique\/produit\/warosol-t\/\" \/>\n<meta property=\"og:locale\" content=\"fr_FR\" \/>\n<meta property=\"og:type\" content=\"article\" \/>\n<meta property=\"og:title\" content=\"WAROSOL\u00ae T - La Boutique LIPHATECH\" \/>\n<meta property=\"og:description\" content=\"Tricot d&#039;acier inoxydable pour obturer les petits interstices, cavit\u00e9s et fissures sup\u00e9rieurs \u00e0 5mm. Emp\u00eache le passage des rongeurs et des autres nuisibles (reptiles, gu\u00eapes, \u2026). Couper le tricot d&#039;acier avec la Warosol Cisaille  CE QUI FAIT LA DIFF\u00c9RENCE :   Id\u00e9al pour obturer les petits interstices, cavit\u00e9s et fissures sup\u00e9rieurs \u00e0 5 mm  Fil inoxydable souple et r\u00e9sistant \u00e0 de tr\u00e8s hautes temp\u00e9ratures\" \/>\n<meta property=\"og:url\" content=\"https:\/\/www.liphatech.fr\/boutique\/produit\/warosol-t\/\" \/>\n<meta property=\"og:site_name\" content=\"La Boutique LIPHATECH\" \/>\n<meta property=\"article:modified_time\" content=\"2026-03-31T12:12:37+00:00\" \/>\n<meta property=\"og:image\" content=\"https:\/\/www.liphatech.fr\/boutique\/wp-content\/uploads\/2024\/03\/warosol-site.png\" \/>\n\t<meta property=\"og:image:width\" content=\"500\" \/>\n\t<meta property=\"og:image:height\" content=\"500\" \/>\n\t<meta property=\"og:image:type\" content=\"image\/png\" \/>\n<meta name=\"twitter:card\" content=\"summary_large_image\" \/>\n<meta name=\"twitter:label1\" content=\"Dur\u00e9e de lecture estim\u00e9e\" \/>\n\t<meta name=\"twitter:data1\" content=\"1 minute\" \/>\n<script type=\"application\/ld+json\" class=\"yoast-schema-graph\">{\"@context\":\"https:\/\/schema.org\",\"@graph\":[{\"@type\":\"WebPage\",\"@id\":\"https:\/\/www.liphatech.fr\/boutique\/produit\/warosol-t\/\",\"url\":\"https:\/\/www.liphatech.fr\/boutique\/produit\/warosol-t\/\",\"name\":\"WAROSOL\u00ae T - La Boutique LIPHATECH\",\"isPartOf\":{\"@id\":\"https:\/\/www.liphatech.fr\/boutique\/#website\"},\"primaryImageOfPage\":{\"@id\":\"https:\/\/www.liphatech.fr\/boutique\/produit\/warosol-t\/#primaryimage\"},\"image\":{\"@id\":\"https:\/\/www.liphatech.fr\/boutique\/produit\/warosol-t\/#primaryimage\"},\"thumbnailUrl\":\"https:\/\/www.liphatech.fr\/boutique\/wp-content\/uploads\/2024\/03\/warosol-site.png\",\"datePublished\":\"2024-03-12T11:38:20+00:00\",\"dateModified\":\"2026-03-31T12:12:37+00:00\",\"breadcrumb\":{\"@id\":\"https:\/\/www.liphatech.fr\/boutique\/produit\/warosol-t\/#breadcrumb\"},\"inLanguage\":\"fr-FR\",\"potentialAction\":[{\"@type\":\"ReadAction\",\"target\":[\"https:\/\/www.liphatech.fr\/boutique\/produit\/warosol-t\/\"]}]},{\"@type\":\"ImageObject\",\"inLanguage\":\"fr-FR\",\"@id\":\"https:\/\/www.liphatech.fr\/boutique\/produit\/warosol-t\/#primaryimage\",\"url\":\"https:\/\/www.liphatech.fr\/boutique\/wp-content\/uploads\/2024\/03\/warosol-site.png\",\"contentUrl\":\"https:\/\/www.liphatech.fr\/boutique\/wp-content\/uploads\/2024\/03\/warosol-site.png\",\"width\":500,\"height\":500},{\"@type\":\"BreadcrumbList\",\"@id\":\"https:\/\/www.liphatech.fr\/boutique\/produit\/warosol-t\/#breadcrumb\",\"itemListElement\":[{\"@type\":\"ListItem\",\"position\":1,\"name\":\"Accueil\",\"item\":\"https:\/\/www.liphatech.fr\/boutique\/\"},{\"@type\":\"ListItem\",\"position\":2,\"name\":\"Boutique\",\"item\":\"https:\/\/www.liphatech.fr\/boutique\/boutique\/\"},{\"@type\":\"ListItem\",\"position\":3,\"name\":\"WAROSOL\u00ae T\"}]},{\"@type\":\"WebSite\",\"@id\":\"https:\/\/www.liphatech.fr\/boutique\/#website\",\"url\":\"https:\/\/www.liphatech.fr\/boutique\/\",\"name\":\"La Boutique LIPHATECH\",\"description\":\"\",\"potentialAction\":[{\"@type\":\"SearchAction\",\"target\":{\"@type\":\"EntryPoint\",\"urlTemplate\":\"https:\/\/www.liphatech.fr\/boutique\/?s={search_term_string}\"},\"query-input\":{\"@type\":\"PropertyValueSpecification\",\"valueRequired\":true,\"valueName\":\"search_term_string\"}}],\"inLanguage\":\"fr-FR\"}]}<\/script>\n<!-- \/ Yoast SEO plugin. -->","yoast_head_json":{"title":"WAROSOL\u00ae T - La Boutique LIPHATECH","robots":{"index":"index","follow":"follow","max-snippet":"max-snippet:-1","max-image-preview":"max-image-preview:large","max-video-preview":"max-video-preview:-1"},"canonical":"https:\/\/www.liphatech.fr\/boutique\/produit\/warosol-t\/","og_locale":"fr_FR","og_type":"article","og_title":"WAROSOL\u00ae T - La Boutique LIPHATECH","og_description":"Tricot d'acier inoxydable pour obturer les petits interstices, cavit\u00e9s et fissures sup\u00e9rieurs \u00e0 5mm. Emp\u00eache le passage des rongeurs et des autres nuisibles (reptiles, gu\u00eapes, \u2026). Couper le tricot d'acier avec la Warosol Cisaille  CE QUI FAIT LA DIFF\u00c9RENCE :   Id\u00e9al pour obturer les petits interstices, cavit\u00e9s et fissures sup\u00e9rieurs \u00e0 5 mm  Fil inoxydable souple et r\u00e9sistant \u00e0 de tr\u00e8s hautes temp\u00e9ratures","og_url":"https:\/\/www.liphatech.fr\/boutique\/produit\/warosol-t\/","og_site_name":"La Boutique LIPHATECH","article_modified_time":"2026-03-31T12:12:37+00:00","og_image":[{"width":500,"height":500,"url":"https:\/\/www.liphatech.fr\/boutique\/wp-content\/uploads\/2024\/03\/warosol-site.png","type":"image\/png"}],"twitter_card":"summary_large_image","twitter_misc":{"Dur\u00e9e de lecture estim\u00e9e":"1 minute"},"schema":{"@context":"https:\/\/schema.org","@graph":[{"@type":"WebPage","@id":"https:\/\/www.liphatech.fr\/boutique\/produit\/warosol-t\/","url":"https:\/\/www.liphatech.fr\/boutique\/produit\/warosol-t\/","name":"WAROSOL\u00ae T - La Boutique LIPHATECH","isPartOf":{"@id":"https:\/\/www.liphatech.fr\/boutique\/#website"},"primaryImageOfPage":{"@id":"https:\/\/www.liphatech.fr\/boutique\/produit\/warosol-t\/#primaryimage"},"image":{"@id":"https:\/\/www.liphatech.fr\/boutique\/produit\/warosol-t\/#primaryimage"},"thumbnailUrl":"https:\/\/www.liphatech.fr\/boutique\/wp-content\/uploads\/2024\/03\/warosol-site.png","datePublished":"2024-03-12T11:38:20+00:00","dateModified":"2026-03-31T12:12:37+00:00","breadcrumb":{"@id":"https:\/\/www.liphatech.fr\/boutique\/produit\/warosol-t\/#breadcrumb"},"inLanguage":"fr-FR","potentialAction":[{"@type":"ReadAction","target":["https:\/\/www.liphatech.fr\/boutique\/produit\/warosol-t\/"]}]},{"@type":"ImageObject","inLanguage":"fr-FR","@id":"https:\/\/www.liphatech.fr\/boutique\/produit\/warosol-t\/#primaryimage","url":"https:\/\/www.liphatech.fr\/boutique\/wp-content\/uploads\/2024\/03\/warosol-site.png","contentUrl":"https:\/\/www.liphatech.fr\/boutique\/wp-content\/uploads\/2024\/03\/warosol-site.png","width":500,"height":500},{"@type":"BreadcrumbList","@id":"https:\/\/www.liphatech.fr\/boutique\/produit\/warosol-t\/#breadcrumb","itemListElement":[{"@type":"ListItem","position":1,"name":"Accueil","item":"https:\/\/www.liphatech.fr\/boutique\/"},{"@type":"ListItem","position":2,"name":"Boutique","item":"https:\/\/www.liphatech.fr\/boutique\/boutique\/"},{"@type":"ListItem","position":3,"name":"WAROSOL\u00ae T"}]},{"@type":"WebSite","@id":"https:\/\/www.liphatech.fr\/boutique\/#website","url":"https:\/\/www.liphatech.fr\/boutique\/","name":"La Boutique LIPHATECH","description":"","potentialAction":[{"@type":"SearchAction","target":{"@type":"EntryPoint","urlTemplate":"https:\/\/www.liphatech.fr\/boutique\/?s={search_term_string}"},"query-input":{"@type":"PropertyValueSpecification","valueRequired":true,"valueName":"search_term_string"}}],"inLanguage":"fr-FR"}]}},"_links":{"self":[{"href":"https:\/\/www.liphatech.fr\/boutique\/wp-json\/wp\/v2\/product\/111203","targetHints":{"allow":["GET"]}}],"collection":[{"href":"https:\/\/www.liphatech.fr\/boutique\/wp-json\/wp\/v2\/product"}],"about":[{"href":"https:\/\/www.liphatech.fr\/boutique\/wp-json\/wp\/v2\/types\/product"}],"replies":[{"embeddable":true,"href":"https:\/\/www.liphatech.fr\/boutique\/wp-json\/wp\/v2\/comments?post=111203"}],"wp:featuredmedia":[{"embeddable":true,"href":"https:\/\/www.liphatech.fr\/boutique\/wp-json\/wp\/v2\/media\/113187"}],"wp:attachment":[{"href":"https:\/\/www.liphatech.fr\/boutique\/wp-json\/wp\/v2\/media?parent=111203"}],"wp:term":[{"taxonomy":"product_brand","embeddable":true,"href":"https:\/\/www.liphatech.fr\/boutique\/wp-json\/wp\/v2\/product_brand?post=111203"},{"taxonomy":"product_cat","embeddable":true,"href":"https:\/\/www.liphatech.fr\/boutique\/wp-json\/wp\/v2\/product_cat?post=111203"},{"taxonomy":"product_tag","embeddable":true,"href":"https:\/\/www.liphatech.fr\/boutique\/wp-json\/wp\/v2\/product_tag?post=111203"}],"curies":[{"name":"wp","href":"https:\/\/api.w.org\/{rel}","templated":true}]}}