{"id":111225,"date":"2024-03-12T15:07:56","date_gmt":"2024-03-12T14:07:56","guid":{"rendered":"https:\/\/boutique.desangosse.mywebstrategies.com\/?post_type=product&#038;p=111225"},"modified":"2026-03-31T14:19:19","modified_gmt":"2026-03-31T12:19:19","slug":"mastisol","status":"publish","type":"product","link":"https:\/\/www.liphatech.fr\/boutique\/produit\/mastisol\/","title":{"rendered":"MASTISOL\u00ae"},"content":{"rendered":"<p><u>SEAU DE 7 KG :<\/u><\/p>\n<ul>\n<li>Dimensions Seau: 21,5 x 21,5 x 21,5 cm \u2013 Poids Brut CDT\u00a0: 7,2 kg<\/li>\n<li>Palette de\u00a0: 72 SEAUX \u2013 Dimensions Pal\u00a0: 120 x 80 x 120 \u2013 Poids Pal Brut : 519 kg<\/li>\n<\/ul>\n<p><u>CARTON DE 12 CARTOUCHES DE 310 ML :<\/u><\/p>\n<ul>\n<li>Dimensions Carton : 20 x 16 x 24 cm \u2013 Poids Brut CDT\u00a0: 6,504 kg<\/li>\n<li>Palette de\u00a0: 105 CARTONS \u2013 Dimensions Pal\u00a0: 120 x 80 x 1.6 \u2013 Poids Pal Brut : 697,5 kg<\/li>\n<\/ul>\n","protected":false},"excerpt":{"rendered":"<p>Mastic mono-composant ignifug\u00e9 pr\u00eat \u00e0 l&#8217;emploi. P\u00e2te \u00e0 base aqueuse contenant des substances olfactives et tactiles (grain de verre).<br \/>\nDestin\u00e9 \u00e0 l&rsquo;obturation de fissures ou de petites ouvertures dans la ma\u00e7onnerie.<br \/>\nSert \u00e9galement \u00e0 fixer le Panosol et reboucher la mousse Coversol apr\u00e8s suppression ou ajout de c\u00e2bles. Adh\u00e8re \u00e0 divers supports except\u00e9 les surfaces grasses.<br \/>\nCE QUI FAIT LA DIFF\u00c9RENCE :<br \/>\n\u2022 R\u00e9sistance \u00e0 l\u2019eau et au feu<br \/>\n\u2022 Facile \u00e0 appliquer<br \/>\n\u2022 Pas d\u2019alt\u00e9ration des c\u00e2bles \u00e9lectriques<\/p>\n<div id=\"picto-produit\"><img decoding=\"async\" src=\"https:\/\/www.liphatech.fr\/boutique\/\/\/wp-content\/uploads\/2024\/08\/logo-je-traite.png\" alt=\"\" \/><br \/>\n<img decoding=\"async\" src=\"https:\/\/www.liphatech.fr\/boutique\/\/\/wp-content\/uploads\/2024\/08\/icone-rats-souris.png\" alt=\"\" \/><\/div>\n","protected":false},"featured_media":112604,"comment_status":"open","ping_status":"closed","template":"","meta":{"_acf_changed":false,"_et_pb_use_builder":"","_et_pb_old_content":"","_et_gb_content_width":""},"product_brand":[],"product_cat":[132,117,164,142],"product_tag":[],"class_list":{"0":"post-111225","1":"product","2":"type-product","3":"status-publish","4":"has-post-thumbnail","6":"product_cat-anti-intrusion","7":"product_cat-bernatom","8":"product_cat-je-traite-preventif","9":"product_cat-rats-souris","11":"first","12":"instock","13":"taxable","14":"shipping-taxable","15":"purchasable","16":"product-type-variable"},"acf":[],"yoast_head":"<!-- This site is optimized with the Yoast SEO plugin v26.5 - https:\/\/yoast.com\/wordpress\/plugins\/seo\/ -->\n<title>MASTISOL\u00ae - La Boutique LIPHATECH<\/title>\n<meta name=\"robots\" content=\"index, follow, max-snippet:-1, max-image-preview:large, max-video-preview:-1\" \/>\n<link rel=\"canonical\" href=\"https:\/\/www.liphatech.fr\/boutique\/produit\/mastisol\/\" \/>\n<meta property=\"og:locale\" content=\"fr_FR\" \/>\n<meta property=\"og:type\" content=\"article\" \/>\n<meta property=\"og:title\" content=\"MASTISOL\u00ae - La Boutique LIPHATECH\" \/>\n<meta property=\"og:description\" content=\"Mastic mono-composant ignifug\u00e9 pr\u00eat \u00e0 l&#039;emploi. P\u00e2te \u00e0 base aqueuse contenant des substances olfactives et tactiles (grain de verre). Destin\u00e9 \u00e0 l&#039;obturation de fissures ou de petites ouvertures dans la ma\u00e7onnerie. Sert \u00e9galement \u00e0 fixer le Panosol et reboucher la mousse Coversol apr\u00e8s suppression ou ajout de c\u00e2bles. Adh\u00e8re \u00e0 divers supports except\u00e9 les surfaces grasses. CE QUI FAIT LA DIFF\u00c9RENCE : \u2022 R\u00e9sistance \u00e0 l\u2019eau et au feu \u2022 Facile \u00e0 appliquer \u2022 Pas d\u2019alt\u00e9ration des c\u00e2bles \u00e9lectriques\" \/>\n<meta property=\"og:url\" content=\"https:\/\/www.liphatech.fr\/boutique\/produit\/mastisol\/\" \/>\n<meta property=\"og:site_name\" content=\"La Boutique LIPHATECH\" \/>\n<meta property=\"article:modified_time\" content=\"2026-03-31T12:19:19+00:00\" \/>\n<meta property=\"og:image\" content=\"https:\/\/www.liphatech.fr\/boutique\/wp-content\/uploads\/2024\/09\/Mastissol_Cartouche_001.webp\" \/>\n\t<meta property=\"og:image:width\" content=\"500\" \/>\n\t<meta property=\"og:image:height\" content=\"500\" \/>\n\t<meta property=\"og:image:type\" content=\"image\/webp\" \/>\n<meta name=\"twitter:card\" content=\"summary_large_image\" \/>\n<meta name=\"twitter:label1\" content=\"Dur\u00e9e de lecture estim\u00e9e\" \/>\n\t<meta name=\"twitter:data1\" content=\"1 minute\" \/>\n<script type=\"application\/ld+json\" class=\"yoast-schema-graph\">{\"@context\":\"https:\/\/schema.org\",\"@graph\":[{\"@type\":\"WebPage\",\"@id\":\"https:\/\/www.liphatech.fr\/boutique\/produit\/mastisol\/\",\"url\":\"https:\/\/www.liphatech.fr\/boutique\/produit\/mastisol\/\",\"name\":\"MASTISOL\u00ae - La Boutique LIPHATECH\",\"isPartOf\":{\"@id\":\"https:\/\/www.liphatech.fr\/boutique\/#website\"},\"primaryImageOfPage\":{\"@id\":\"https:\/\/www.liphatech.fr\/boutique\/produit\/mastisol\/#primaryimage\"},\"image\":{\"@id\":\"https:\/\/www.liphatech.fr\/boutique\/produit\/mastisol\/#primaryimage\"},\"thumbnailUrl\":\"https:\/\/www.liphatech.fr\/boutique\/wp-content\/uploads\/2024\/09\/Mastissol_Cartouche_001.webp\",\"datePublished\":\"2024-03-12T14:07:56+00:00\",\"dateModified\":\"2026-03-31T12:19:19+00:00\",\"breadcrumb\":{\"@id\":\"https:\/\/www.liphatech.fr\/boutique\/produit\/mastisol\/#breadcrumb\"},\"inLanguage\":\"fr-FR\",\"potentialAction\":[{\"@type\":\"ReadAction\",\"target\":[\"https:\/\/www.liphatech.fr\/boutique\/produit\/mastisol\/\"]}]},{\"@type\":\"ImageObject\",\"inLanguage\":\"fr-FR\",\"@id\":\"https:\/\/www.liphatech.fr\/boutique\/produit\/mastisol\/#primaryimage\",\"url\":\"https:\/\/www.liphatech.fr\/boutique\/wp-content\/uploads\/2024\/09\/Mastissol_Cartouche_001.webp\",\"contentUrl\":\"https:\/\/www.liphatech.fr\/boutique\/wp-content\/uploads\/2024\/09\/Mastissol_Cartouche_001.webp\",\"width\":500,\"height\":500},{\"@type\":\"BreadcrumbList\",\"@id\":\"https:\/\/www.liphatech.fr\/boutique\/produit\/mastisol\/#breadcrumb\",\"itemListElement\":[{\"@type\":\"ListItem\",\"position\":1,\"name\":\"Accueil\",\"item\":\"https:\/\/www.liphatech.fr\/boutique\/\"},{\"@type\":\"ListItem\",\"position\":2,\"name\":\"Boutique\",\"item\":\"https:\/\/www.liphatech.fr\/boutique\/boutique\/\"},{\"@type\":\"ListItem\",\"position\":3,\"name\":\"MASTISOL\u00ae\"}]},{\"@type\":\"WebSite\",\"@id\":\"https:\/\/www.liphatech.fr\/boutique\/#website\",\"url\":\"https:\/\/www.liphatech.fr\/boutique\/\",\"name\":\"La Boutique LIPHATECH\",\"description\":\"\",\"potentialAction\":[{\"@type\":\"SearchAction\",\"target\":{\"@type\":\"EntryPoint\",\"urlTemplate\":\"https:\/\/www.liphatech.fr\/boutique\/?s={search_term_string}\"},\"query-input\":{\"@type\":\"PropertyValueSpecification\",\"valueRequired\":true,\"valueName\":\"search_term_string\"}}],\"inLanguage\":\"fr-FR\"}]}<\/script>\n<!-- \/ Yoast SEO plugin. -->","yoast_head_json":{"title":"MASTISOL\u00ae - La Boutique LIPHATECH","robots":{"index":"index","follow":"follow","max-snippet":"max-snippet:-1","max-image-preview":"max-image-preview:large","max-video-preview":"max-video-preview:-1"},"canonical":"https:\/\/www.liphatech.fr\/boutique\/produit\/mastisol\/","og_locale":"fr_FR","og_type":"article","og_title":"MASTISOL\u00ae - La Boutique LIPHATECH","og_description":"Mastic mono-composant ignifug\u00e9 pr\u00eat \u00e0 l'emploi. P\u00e2te \u00e0 base aqueuse contenant des substances olfactives et tactiles (grain de verre). Destin\u00e9 \u00e0 l'obturation de fissures ou de petites ouvertures dans la ma\u00e7onnerie. Sert \u00e9galement \u00e0 fixer le Panosol et reboucher la mousse Coversol apr\u00e8s suppression ou ajout de c\u00e2bles. Adh\u00e8re \u00e0 divers supports except\u00e9 les surfaces grasses. CE QUI FAIT LA DIFF\u00c9RENCE : \u2022 R\u00e9sistance \u00e0 l\u2019eau et au feu \u2022 Facile \u00e0 appliquer \u2022 Pas d\u2019alt\u00e9ration des c\u00e2bles \u00e9lectriques","og_url":"https:\/\/www.liphatech.fr\/boutique\/produit\/mastisol\/","og_site_name":"La Boutique LIPHATECH","article_modified_time":"2026-03-31T12:19:19+00:00","og_image":[{"width":500,"height":500,"url":"https:\/\/www.liphatech.fr\/boutique\/wp-content\/uploads\/2024\/09\/Mastissol_Cartouche_001.webp","type":"image\/webp"}],"twitter_card":"summary_large_image","twitter_misc":{"Dur\u00e9e de lecture estim\u00e9e":"1 minute"},"schema":{"@context":"https:\/\/schema.org","@graph":[{"@type":"WebPage","@id":"https:\/\/www.liphatech.fr\/boutique\/produit\/mastisol\/","url":"https:\/\/www.liphatech.fr\/boutique\/produit\/mastisol\/","name":"MASTISOL\u00ae - La Boutique LIPHATECH","isPartOf":{"@id":"https:\/\/www.liphatech.fr\/boutique\/#website"},"primaryImageOfPage":{"@id":"https:\/\/www.liphatech.fr\/boutique\/produit\/mastisol\/#primaryimage"},"image":{"@id":"https:\/\/www.liphatech.fr\/boutique\/produit\/mastisol\/#primaryimage"},"thumbnailUrl":"https:\/\/www.liphatech.fr\/boutique\/wp-content\/uploads\/2024\/09\/Mastissol_Cartouche_001.webp","datePublished":"2024-03-12T14:07:56+00:00","dateModified":"2026-03-31T12:19:19+00:00","breadcrumb":{"@id":"https:\/\/www.liphatech.fr\/boutique\/produit\/mastisol\/#breadcrumb"},"inLanguage":"fr-FR","potentialAction":[{"@type":"ReadAction","target":["https:\/\/www.liphatech.fr\/boutique\/produit\/mastisol\/"]}]},{"@type":"ImageObject","inLanguage":"fr-FR","@id":"https:\/\/www.liphatech.fr\/boutique\/produit\/mastisol\/#primaryimage","url":"https:\/\/www.liphatech.fr\/boutique\/wp-content\/uploads\/2024\/09\/Mastissol_Cartouche_001.webp","contentUrl":"https:\/\/www.liphatech.fr\/boutique\/wp-content\/uploads\/2024\/09\/Mastissol_Cartouche_001.webp","width":500,"height":500},{"@type":"BreadcrumbList","@id":"https:\/\/www.liphatech.fr\/boutique\/produit\/mastisol\/#breadcrumb","itemListElement":[{"@type":"ListItem","position":1,"name":"Accueil","item":"https:\/\/www.liphatech.fr\/boutique\/"},{"@type":"ListItem","position":2,"name":"Boutique","item":"https:\/\/www.liphatech.fr\/boutique\/boutique\/"},{"@type":"ListItem","position":3,"name":"MASTISOL\u00ae"}]},{"@type":"WebSite","@id":"https:\/\/www.liphatech.fr\/boutique\/#website","url":"https:\/\/www.liphatech.fr\/boutique\/","name":"La Boutique LIPHATECH","description":"","potentialAction":[{"@type":"SearchAction","target":{"@type":"EntryPoint","urlTemplate":"https:\/\/www.liphatech.fr\/boutique\/?s={search_term_string}"},"query-input":{"@type":"PropertyValueSpecification","valueRequired":true,"valueName":"search_term_string"}}],"inLanguage":"fr-FR"}]}},"_links":{"self":[{"href":"https:\/\/www.liphatech.fr\/boutique\/wp-json\/wp\/v2\/product\/111225","targetHints":{"allow":["GET"]}}],"collection":[{"href":"https:\/\/www.liphatech.fr\/boutique\/wp-json\/wp\/v2\/product"}],"about":[{"href":"https:\/\/www.liphatech.fr\/boutique\/wp-json\/wp\/v2\/types\/product"}],"replies":[{"embeddable":true,"href":"https:\/\/www.liphatech.fr\/boutique\/wp-json\/wp\/v2\/comments?post=111225"}],"wp:featuredmedia":[{"embeddable":true,"href":"https:\/\/www.liphatech.fr\/boutique\/wp-json\/wp\/v2\/media\/112604"}],"wp:attachment":[{"href":"https:\/\/www.liphatech.fr\/boutique\/wp-json\/wp\/v2\/media?parent=111225"}],"wp:term":[{"taxonomy":"product_brand","embeddable":true,"href":"https:\/\/www.liphatech.fr\/boutique\/wp-json\/wp\/v2\/product_brand?post=111225"},{"taxonomy":"product_cat","embeddable":true,"href":"https:\/\/www.liphatech.fr\/boutique\/wp-json\/wp\/v2\/product_cat?post=111225"},{"taxonomy":"product_tag","embeddable":true,"href":"https:\/\/www.liphatech.fr\/boutique\/wp-json\/wp\/v2\/product_tag?post=111225"}],"curies":[{"name":"wp","href":"https:\/\/api.w.org\/{rel}","templated":true}]}}