{"id":112470,"date":"2024-09-20T17:48:04","date_gmt":"2024-09-20T15:48:04","guid":{"rendered":"https:\/\/boutique.desangosse.mywebstrategies.com\/?post_type=product&#038;p=112470"},"modified":"2025-09-05T16:19:37","modified_gmt":"2025-09-05T14:19:37","slug":"eradex-bb","status":"publish","type":"product","link":"https:\/\/www.liphatech.fr\/boutique\/produit\/eradex-bb\/","title":{"rendered":"ERADEX\u00ae BB"},"content":{"rendered":"<p><u>BIDON DE 500 ML : <\/u><\/p>\n<ul>\n<li>Dimensions Bidon : 20,32 x 15,24 x 2 cm \u2013 Poids Brut Bidon : 0.622 kg<\/li>\n<li>Palette de : 1080 BIDONS \u2013 Dimensions Pal : 120 x 80 x 135 \u2013 Poids Pal Brut : 740 kg<\/li>\n<\/ul>\n","protected":false},"excerpt":{"rendered":"<p>Insecticide <strong>\u00e0 base de g\u00e9raniol, sp\u00e9cifique<\/strong> contre <strong>les punaises de lit<\/strong>.<br \/>\nSa formulation concentr\u00e9e \u00e0 31,5% de g\u00e9raniol dans une formulation unique lui donne une <strong>efficacit\u00e9<\/strong> sur <strong>tous les stades<\/strong> de punaise : \u0153uf, juv\u00e9nile et adulte avec <strong>une action choc<\/strong>. <strong>100% de mortalit\u00e9 10 min apr\u00e8s application.<\/strong><\/p>\n<p><b>Les + produit :\u00a0<\/b><\/p>\n<ul>\n<li>D\u00e9lai de rentr\u00e9e r\u00e9duit d\u00e8s s\u00e9chage complet<\/li>\n<li>Ingr\u00e9dient actif issu de d\u00e9riv\u00e9s de plantes<\/li>\n<li>Sans pyr\u00e9thrino\u00efdes<\/li>\n<li>Effet choc et d\u00e9busquant<\/li>\n<li>Double mode d\u2019action minimisant le risque d\u2019apparition de r\u00e9sistance<\/li>\n<\/ul>\n<div id=\"mentions-obligatoires\">Nom homologu\u00e9 : ERADEX\u00ae BB<br \/>\nBiocides \u2013 Insecticides TP 18<br \/>\nSubstance active : G\u00e9raniol \u00e0 31,5%<br \/>\nClassement : Irritation cutan\u00e9e, Cat\u00e9gorie 2 \/ L\u00e9sions oculaires graves, Cat\u00e9gorie 1 \/ Sensibilisation cutan\u00e9e, cat\u00e9gorie 1 \/ Toxicit\u00e9 pour certains organes cibles (Exposition unique), Cat\u00e9gorie 3 \/ Toxicit\u00e9 chronique pour le milieu aquatique, Cat\u00e9gorie 3.<\/div>\n","protected":false},"featured_media":112520,"comment_status":"open","ping_status":"closed","template":"","meta":{"_acf_changed":false,"_et_pb_use_builder":"","_et_pb_old_content":"","_et_gb_content_width":""},"product_brand":[],"product_cat":[118,128,165,141],"product_tag":[],"class_list":{"0":"post-112470","1":"product","2":"type-product","3":"status-publish","4":"has-post-thumbnail","6":"product_cat-eradex","7":"product_cat-geraniol","8":"product_cat-je-traite-curatif","9":"product_cat-punaises-de-lit","11":"first","12":"instock","13":"taxable","14":"shipping-taxable","15":"purchasable","16":"product-type-simple"},"acf":[],"yoast_head":"<!-- This site is optimized with the Yoast SEO plugin v26.5 - https:\/\/yoast.com\/wordpress\/plugins\/seo\/ -->\n<title>ERADEX\u00ae BB - La Boutique LIPHATECH<\/title>\n<meta name=\"robots\" content=\"index, follow, max-snippet:-1, max-image-preview:large, max-video-preview:-1\" \/>\n<link rel=\"canonical\" href=\"https:\/\/www.liphatech.fr\/boutique\/produit\/eradex-bb\/\" \/>\n<meta property=\"og:locale\" content=\"fr_FR\" \/>\n<meta property=\"og:type\" content=\"article\" \/>\n<meta property=\"og:title\" content=\"ERADEX\u00ae BB - La Boutique LIPHATECH\" \/>\n<meta property=\"og:description\" content=\"Insecticide \u00e0 base de g\u00e9raniol, sp\u00e9cifique contre les punaises de lit. Sa formulation concentr\u00e9e \u00e0 31,5% de g\u00e9raniol dans une formulation unique lui donne une efficacit\u00e9 sur tous les stades de punaise : \u0153uf, juv\u00e9nile et adulte avec une action choc. 100% de mortalit\u00e9 10 min apr\u00e8s application.  Les + produit :\u00a0   D\u00e9lai de rentr\u00e9e r\u00e9duit d\u00e8s s\u00e9chage complet  Ingr\u00e9dient actif issu de d\u00e9riv\u00e9s de plantes  Sans pyr\u00e9thrino\u00efdes  Effet choc et d\u00e9busquant  Double mode d\u2019action minimisant le risque d\u2019apparition de r\u00e9sistance  Nom homologu\u00e9 : ERADEX\u00ae BB Biocides \u2013 Insecticides TP 18 Substance active : G\u00e9raniol \u00e0 31,5% Classement : Irritation cutan\u00e9e, Cat\u00e9gorie 2 \/ L\u00e9sions oculaires graves, Cat\u00e9gorie 1 \/ Sensibilisation cutan\u00e9e, cat\u00e9gorie 1 \/ Toxicit\u00e9 pour certains organes cibles (Exposition unique), Cat\u00e9gorie 3 \/ Toxicit\u00e9 chronique pour le milieu aquatique, Cat\u00e9gorie 3.\" \/>\n<meta property=\"og:url\" content=\"https:\/\/www.liphatech.fr\/boutique\/produit\/eradex-bb\/\" \/>\n<meta property=\"og:site_name\" content=\"La Boutique LIPHATECH\" \/>\n<meta property=\"article:modified_time\" content=\"2025-09-05T14:19:37+00:00\" \/>\n<meta property=\"og:image\" content=\"https:\/\/www.liphatech.fr\/boutique\/wp-content\/uploads\/2024\/07\/Eradex-bb.webp\" \/>\n\t<meta property=\"og:image:width\" content=\"500\" \/>\n\t<meta property=\"og:image:height\" content=\"500\" \/>\n\t<meta property=\"og:image:type\" content=\"image\/webp\" \/>\n<meta name=\"twitter:card\" content=\"summary_large_image\" \/>\n<meta name=\"twitter:label1\" content=\"Dur\u00e9e de lecture estim\u00e9e\" \/>\n\t<meta name=\"twitter:data1\" content=\"1 minute\" \/>\n<script type=\"application\/ld+json\" class=\"yoast-schema-graph\">{\"@context\":\"https:\/\/schema.org\",\"@graph\":[{\"@type\":\"WebPage\",\"@id\":\"https:\/\/www.liphatech.fr\/boutique\/produit\/eradex-bb\/\",\"url\":\"https:\/\/www.liphatech.fr\/boutique\/produit\/eradex-bb\/\",\"name\":\"ERADEX\u00ae BB - La Boutique LIPHATECH\",\"isPartOf\":{\"@id\":\"https:\/\/www.liphatech.fr\/boutique\/#website\"},\"primaryImageOfPage\":{\"@id\":\"https:\/\/www.liphatech.fr\/boutique\/produit\/eradex-bb\/#primaryimage\"},\"image\":{\"@id\":\"https:\/\/www.liphatech.fr\/boutique\/produit\/eradex-bb\/#primaryimage\"},\"thumbnailUrl\":\"https:\/\/www.liphatech.fr\/boutique\/wp-content\/uploads\/2024\/07\/Eradex-bb.webp\",\"datePublished\":\"2024-09-20T15:48:04+00:00\",\"dateModified\":\"2025-09-05T14:19:37+00:00\",\"breadcrumb\":{\"@id\":\"https:\/\/www.liphatech.fr\/boutique\/produit\/eradex-bb\/#breadcrumb\"},\"inLanguage\":\"fr-FR\",\"potentialAction\":[{\"@type\":\"ReadAction\",\"target\":[\"https:\/\/www.liphatech.fr\/boutique\/produit\/eradex-bb\/\"]}]},{\"@type\":\"ImageObject\",\"inLanguage\":\"fr-FR\",\"@id\":\"https:\/\/www.liphatech.fr\/boutique\/produit\/eradex-bb\/#primaryimage\",\"url\":\"https:\/\/www.liphatech.fr\/boutique\/wp-content\/uploads\/2024\/07\/Eradex-bb.webp\",\"contentUrl\":\"https:\/\/www.liphatech.fr\/boutique\/wp-content\/uploads\/2024\/07\/Eradex-bb.webp\",\"width\":500,\"height\":500},{\"@type\":\"BreadcrumbList\",\"@id\":\"https:\/\/www.liphatech.fr\/boutique\/produit\/eradex-bb\/#breadcrumb\",\"itemListElement\":[{\"@type\":\"ListItem\",\"position\":1,\"name\":\"Accueil\",\"item\":\"https:\/\/www.liphatech.fr\/boutique\/\"},{\"@type\":\"ListItem\",\"position\":2,\"name\":\"Boutique\",\"item\":\"https:\/\/www.liphatech.fr\/boutique\/boutique\/\"},{\"@type\":\"ListItem\",\"position\":3,\"name\":\"ERADEX\u00ae BB\"}]},{\"@type\":\"WebSite\",\"@id\":\"https:\/\/www.liphatech.fr\/boutique\/#website\",\"url\":\"https:\/\/www.liphatech.fr\/boutique\/\",\"name\":\"La Boutique LIPHATECH\",\"description\":\"\",\"potentialAction\":[{\"@type\":\"SearchAction\",\"target\":{\"@type\":\"EntryPoint\",\"urlTemplate\":\"https:\/\/www.liphatech.fr\/boutique\/?s={search_term_string}\"},\"query-input\":{\"@type\":\"PropertyValueSpecification\",\"valueRequired\":true,\"valueName\":\"search_term_string\"}}],\"inLanguage\":\"fr-FR\"}]}<\/script>\n<!-- \/ Yoast SEO plugin. -->","yoast_head_json":{"title":"ERADEX\u00ae BB - La Boutique LIPHATECH","robots":{"index":"index","follow":"follow","max-snippet":"max-snippet:-1","max-image-preview":"max-image-preview:large","max-video-preview":"max-video-preview:-1"},"canonical":"https:\/\/www.liphatech.fr\/boutique\/produit\/eradex-bb\/","og_locale":"fr_FR","og_type":"article","og_title":"ERADEX\u00ae BB - La Boutique LIPHATECH","og_description":"Insecticide \u00e0 base de g\u00e9raniol, sp\u00e9cifique contre les punaises de lit. Sa formulation concentr\u00e9e \u00e0 31,5% de g\u00e9raniol dans une formulation unique lui donne une efficacit\u00e9 sur tous les stades de punaise : \u0153uf, juv\u00e9nile et adulte avec une action choc. 100% de mortalit\u00e9 10 min apr\u00e8s application.  Les + produit :\u00a0   D\u00e9lai de rentr\u00e9e r\u00e9duit d\u00e8s s\u00e9chage complet  Ingr\u00e9dient actif issu de d\u00e9riv\u00e9s de plantes  Sans pyr\u00e9thrino\u00efdes  Effet choc et d\u00e9busquant  Double mode d\u2019action minimisant le risque d\u2019apparition de r\u00e9sistance  Nom homologu\u00e9 : ERADEX\u00ae BB Biocides \u2013 Insecticides TP 18 Substance active : G\u00e9raniol \u00e0 31,5% Classement : Irritation cutan\u00e9e, Cat\u00e9gorie 2 \/ L\u00e9sions oculaires graves, Cat\u00e9gorie 1 \/ Sensibilisation cutan\u00e9e, cat\u00e9gorie 1 \/ Toxicit\u00e9 pour certains organes cibles (Exposition unique), Cat\u00e9gorie 3 \/ Toxicit\u00e9 chronique pour le milieu aquatique, Cat\u00e9gorie 3.","og_url":"https:\/\/www.liphatech.fr\/boutique\/produit\/eradex-bb\/","og_site_name":"La Boutique LIPHATECH","article_modified_time":"2025-09-05T14:19:37+00:00","og_image":[{"width":500,"height":500,"url":"https:\/\/www.liphatech.fr\/boutique\/wp-content\/uploads\/2024\/07\/Eradex-bb.webp","type":"image\/webp"}],"twitter_card":"summary_large_image","twitter_misc":{"Dur\u00e9e de lecture estim\u00e9e":"1 minute"},"schema":{"@context":"https:\/\/schema.org","@graph":[{"@type":"WebPage","@id":"https:\/\/www.liphatech.fr\/boutique\/produit\/eradex-bb\/","url":"https:\/\/www.liphatech.fr\/boutique\/produit\/eradex-bb\/","name":"ERADEX\u00ae BB - La Boutique LIPHATECH","isPartOf":{"@id":"https:\/\/www.liphatech.fr\/boutique\/#website"},"primaryImageOfPage":{"@id":"https:\/\/www.liphatech.fr\/boutique\/produit\/eradex-bb\/#primaryimage"},"image":{"@id":"https:\/\/www.liphatech.fr\/boutique\/produit\/eradex-bb\/#primaryimage"},"thumbnailUrl":"https:\/\/www.liphatech.fr\/boutique\/wp-content\/uploads\/2024\/07\/Eradex-bb.webp","datePublished":"2024-09-20T15:48:04+00:00","dateModified":"2025-09-05T14:19:37+00:00","breadcrumb":{"@id":"https:\/\/www.liphatech.fr\/boutique\/produit\/eradex-bb\/#breadcrumb"},"inLanguage":"fr-FR","potentialAction":[{"@type":"ReadAction","target":["https:\/\/www.liphatech.fr\/boutique\/produit\/eradex-bb\/"]}]},{"@type":"ImageObject","inLanguage":"fr-FR","@id":"https:\/\/www.liphatech.fr\/boutique\/produit\/eradex-bb\/#primaryimage","url":"https:\/\/www.liphatech.fr\/boutique\/wp-content\/uploads\/2024\/07\/Eradex-bb.webp","contentUrl":"https:\/\/www.liphatech.fr\/boutique\/wp-content\/uploads\/2024\/07\/Eradex-bb.webp","width":500,"height":500},{"@type":"BreadcrumbList","@id":"https:\/\/www.liphatech.fr\/boutique\/produit\/eradex-bb\/#breadcrumb","itemListElement":[{"@type":"ListItem","position":1,"name":"Accueil","item":"https:\/\/www.liphatech.fr\/boutique\/"},{"@type":"ListItem","position":2,"name":"Boutique","item":"https:\/\/www.liphatech.fr\/boutique\/boutique\/"},{"@type":"ListItem","position":3,"name":"ERADEX\u00ae BB"}]},{"@type":"WebSite","@id":"https:\/\/www.liphatech.fr\/boutique\/#website","url":"https:\/\/www.liphatech.fr\/boutique\/","name":"La Boutique LIPHATECH","description":"","potentialAction":[{"@type":"SearchAction","target":{"@type":"EntryPoint","urlTemplate":"https:\/\/www.liphatech.fr\/boutique\/?s={search_term_string}"},"query-input":{"@type":"PropertyValueSpecification","valueRequired":true,"valueName":"search_term_string"}}],"inLanguage":"fr-FR"}]}},"_links":{"self":[{"href":"https:\/\/www.liphatech.fr\/boutique\/wp-json\/wp\/v2\/product\/112470","targetHints":{"allow":["GET"]}}],"collection":[{"href":"https:\/\/www.liphatech.fr\/boutique\/wp-json\/wp\/v2\/product"}],"about":[{"href":"https:\/\/www.liphatech.fr\/boutique\/wp-json\/wp\/v2\/types\/product"}],"replies":[{"embeddable":true,"href":"https:\/\/www.liphatech.fr\/boutique\/wp-json\/wp\/v2\/comments?post=112470"}],"wp:featuredmedia":[{"embeddable":true,"href":"https:\/\/www.liphatech.fr\/boutique\/wp-json\/wp\/v2\/media\/112520"}],"wp:attachment":[{"href":"https:\/\/www.liphatech.fr\/boutique\/wp-json\/wp\/v2\/media?parent=112470"}],"wp:term":[{"taxonomy":"product_brand","embeddable":true,"href":"https:\/\/www.liphatech.fr\/boutique\/wp-json\/wp\/v2\/product_brand?post=112470"},{"taxonomy":"product_cat","embeddable":true,"href":"https:\/\/www.liphatech.fr\/boutique\/wp-json\/wp\/v2\/product_cat?post=112470"},{"taxonomy":"product_tag","embeddable":true,"href":"https:\/\/www.liphatech.fr\/boutique\/wp-json\/wp\/v2\/product_tag?post=112470"}],"curies":[{"name":"wp","href":"https:\/\/api.w.org\/{rel}","templated":true}]}}