{"id":112485,"date":"2024-09-19T10:34:36","date_gmt":"2024-09-19T08:34:36","guid":{"rendered":"https:\/\/boutique.desangosse.mywebstrategies.com\/?post_type=product&#038;p=112485"},"modified":"2025-12-15T17:31:18","modified_gmt":"2025-12-15T16:31:18","slug":"aegis-xs","status":"publish","type":"product","link":"https:\/\/www.liphatech.fr\/boutique\/produit\/aegis-xs\/","title":{"rendered":"AEGIS\u00ae XS &#8211; carton de 10"},"content":{"rendered":"<p><u>CARTON DE 10 POSTES APPATAGES : <\/u><\/p>\n<ul>\n<li>Dimensions Carton : 50 x 40 x 20 cm \u2013 Poids Brut CDT\u00a0: 3,6 kg<\/li>\n<li>Palette de\u00a0: 38 CARTONS \u2013 Dimensions Pal\u00a0: 120 x 80 x 175 \u2013 Poids Pal Brut : 152 kg<\/li>\n<\/ul>\n","protected":false},"excerpt":{"rendered":"<p>Poste d\u2019app\u00e2tage pour rats et souris, excessivement pratique !<\/p>\n<ul>\n<li>Compact pour une utilisation dans les endroits exigus<\/li>\n<li>Tunnel large pour faciliter l\u2019entr\u00e9e des rongeurs<\/li>\n<li>4 broches m\u00e9tal rabattables<\/li>\n<li>1 plaque anti-dispersion<\/li>\n<li>Emboitable pour optimiser le volume<\/li>\n<li>Empilable pour faciliter la manutention<\/li>\n<\/ul>\n<p>Un point d\u2019ouverture avec cl\u00e9 int\u00e9gr\u00e9e au poste<\/p>\n<div id=\"row-process\"><img decoding=\"async\" src=\"https:\/\/www.liphatech.fr\/boutique\/\/\/wp-content\/uploads\/2024\/09\/picto-youtube.png\" alt=\"\" \/><br \/>\n<a class=\"cta_process\" href=\"https:\/\/youtu.be\/TWaEyGYjkOE?si=5VWMffhkpZxQ_VCv\" target=\"_blank\" rel=\"noopener\">Voir la vid\u00e9o de pr\u00e9sentation<\/a><\/div>\n<div id=\"picto-produit\"><img loading=\"lazy\" decoding=\"async\" class=\"\" src=\"https:\/\/www.liphatech.fr\/boutique\/\/\/wp-content\/uploads\/2024\/08\/Fabrique-en-france-logo.webp\" alt=\"\" width=\"142\" height=\"64\" \/><\/div>\n<div><img loading=\"lazy\" decoding=\"async\" class=\"alignnone wp-image-113412\" src=\"https:\/\/www.liphatech.fr\/boutique\/\/\/wp-content\/uploads\/2024\/09\/poste-recyclee2-100-300x243.jpg\" alt=\"\" width=\"151\" height=\"122\" srcset=\"https:\/\/www.liphatech.fr\/boutique\/wp-content\/uploads\/2024\/09\/poste-recyclee2-100-300x243.jpg 300w, https:\/\/www.liphatech.fr\/boutique\/wp-content\/uploads\/2024\/09\/poste-recyclee2-100.jpg 414w\" sizes=\"(max-width: 151px) 100vw, 151px\" \/><\/div>\n<ul>\n<li><strong>S\u00e9rigraphie personnalisable sur demande<\/strong><\/li>\n<li><strong>Garantie 12 mois<\/strong><\/li>\n<\/ul>\n","protected":false},"featured_media":112605,"comment_status":"open","ping_status":"closed","template":"","meta":{"_acf_changed":false,"_et_pb_use_builder":"","_et_pb_old_content":"","_et_gb_content_width":""},"product_brand":[],"product_cat":[116,165,130,135,142],"product_tag":[],"class_list":{"0":"post-112485","1":"product","2":"type-product","3":"status-publish","4":"has-post-thumbnail","6":"product_cat-aegis","7":"product_cat-je-traite-curatif","8":"product_cat-materiel","9":"product_cat-postes-d-appatage","10":"product_cat-rats-souris","12":"first","13":"instock","14":"taxable","15":"shipping-taxable","16":"purchasable","17":"product-type-simple"},"acf":[],"yoast_head":"<!-- This site is optimized with the Yoast SEO plugin v26.5 - https:\/\/yoast.com\/wordpress\/plugins\/seo\/ -->\n<title>AEGIS\u00ae XS - carton de 10 - La Boutique LIPHATECH<\/title>\n<meta name=\"robots\" content=\"index, follow, max-snippet:-1, max-image-preview:large, max-video-preview:-1\" \/>\n<link rel=\"canonical\" href=\"https:\/\/www.liphatech.fr\/boutique\/produit\/aegis-xs\/\" \/>\n<meta property=\"og:locale\" content=\"fr_FR\" \/>\n<meta property=\"og:type\" content=\"article\" \/>\n<meta property=\"og:title\" content=\"AEGIS\u00ae XS - carton de 10 - La Boutique LIPHATECH\" \/>\n<meta property=\"og:description\" content=\"Poste d\u2019app\u00e2tage pour rats et souris, excessivement pratique !   Compact pour une utilisation dans les endroits exigus  Tunnel large pour faciliter l\u2019entr\u00e9e des rongeurs  4 broches m\u00e9tal rabattables  1 plaque anti-dispersion  Emboitable pour optimiser le volume  Empilable pour faciliter la manutention  Un point d\u2019ouverture avec cl\u00e9 int\u00e9gr\u00e9e au poste  Voir la vid\u00e9o de pr\u00e9sentation     S\u00e9rigraphie personnalisable sur demande  Garantie 12 mois\" \/>\n<meta property=\"og:url\" content=\"https:\/\/www.liphatech.fr\/boutique\/produit\/aegis-xs\/\" \/>\n<meta property=\"og:site_name\" content=\"La Boutique LIPHATECH\" \/>\n<meta property=\"article:modified_time\" content=\"2025-12-15T16:31:18+00:00\" \/>\n<meta property=\"og:image\" content=\"https:\/\/www.liphatech.fr\/boutique\/wp-content\/uploads\/2024\/09\/AEGIS-XS-2.webp\" \/>\n\t<meta property=\"og:image:width\" content=\"500\" \/>\n\t<meta property=\"og:image:height\" content=\"500\" \/>\n\t<meta property=\"og:image:type\" content=\"image\/webp\" \/>\n<meta name=\"twitter:card\" content=\"summary_large_image\" \/>\n<meta name=\"twitter:label1\" content=\"Dur\u00e9e de lecture estim\u00e9e\" \/>\n\t<meta name=\"twitter:data1\" content=\"1 minute\" \/>\n<script type=\"application\/ld+json\" class=\"yoast-schema-graph\">{\"@context\":\"https:\/\/schema.org\",\"@graph\":[{\"@type\":\"WebPage\",\"@id\":\"https:\/\/www.liphatech.fr\/boutique\/produit\/aegis-xs\/\",\"url\":\"https:\/\/www.liphatech.fr\/boutique\/produit\/aegis-xs\/\",\"name\":\"AEGIS\u00ae XS - carton de 10 - La Boutique LIPHATECH\",\"isPartOf\":{\"@id\":\"https:\/\/www.liphatech.fr\/boutique\/#website\"},\"primaryImageOfPage\":{\"@id\":\"https:\/\/www.liphatech.fr\/boutique\/produit\/aegis-xs\/#primaryimage\"},\"image\":{\"@id\":\"https:\/\/www.liphatech.fr\/boutique\/produit\/aegis-xs\/#primaryimage\"},\"thumbnailUrl\":\"https:\/\/www.liphatech.fr\/boutique\/wp-content\/uploads\/2024\/09\/AEGIS-XS-2.webp\",\"datePublished\":\"2024-09-19T08:34:36+00:00\",\"dateModified\":\"2025-12-15T16:31:18+00:00\",\"breadcrumb\":{\"@id\":\"https:\/\/www.liphatech.fr\/boutique\/produit\/aegis-xs\/#breadcrumb\"},\"inLanguage\":\"fr-FR\",\"potentialAction\":[{\"@type\":\"ReadAction\",\"target\":[\"https:\/\/www.liphatech.fr\/boutique\/produit\/aegis-xs\/\"]}]},{\"@type\":\"ImageObject\",\"inLanguage\":\"fr-FR\",\"@id\":\"https:\/\/www.liphatech.fr\/boutique\/produit\/aegis-xs\/#primaryimage\",\"url\":\"https:\/\/www.liphatech.fr\/boutique\/wp-content\/uploads\/2024\/09\/AEGIS-XS-2.webp\",\"contentUrl\":\"https:\/\/www.liphatech.fr\/boutique\/wp-content\/uploads\/2024\/09\/AEGIS-XS-2.webp\",\"width\":500,\"height\":500},{\"@type\":\"BreadcrumbList\",\"@id\":\"https:\/\/www.liphatech.fr\/boutique\/produit\/aegis-xs\/#breadcrumb\",\"itemListElement\":[{\"@type\":\"ListItem\",\"position\":1,\"name\":\"Accueil\",\"item\":\"https:\/\/www.liphatech.fr\/boutique\/\"},{\"@type\":\"ListItem\",\"position\":2,\"name\":\"Boutique\",\"item\":\"https:\/\/www.liphatech.fr\/boutique\/boutique\/\"},{\"@type\":\"ListItem\",\"position\":3,\"name\":\"AEGIS\u00ae XS &#8211; carton de 10\"}]},{\"@type\":\"WebSite\",\"@id\":\"https:\/\/www.liphatech.fr\/boutique\/#website\",\"url\":\"https:\/\/www.liphatech.fr\/boutique\/\",\"name\":\"La Boutique LIPHATECH\",\"description\":\"\",\"potentialAction\":[{\"@type\":\"SearchAction\",\"target\":{\"@type\":\"EntryPoint\",\"urlTemplate\":\"https:\/\/www.liphatech.fr\/boutique\/?s={search_term_string}\"},\"query-input\":{\"@type\":\"PropertyValueSpecification\",\"valueRequired\":true,\"valueName\":\"search_term_string\"}}],\"inLanguage\":\"fr-FR\"}]}<\/script>\n<!-- \/ Yoast SEO plugin. -->","yoast_head_json":{"title":"AEGIS\u00ae XS - carton de 10 - La Boutique LIPHATECH","robots":{"index":"index","follow":"follow","max-snippet":"max-snippet:-1","max-image-preview":"max-image-preview:large","max-video-preview":"max-video-preview:-1"},"canonical":"https:\/\/www.liphatech.fr\/boutique\/produit\/aegis-xs\/","og_locale":"fr_FR","og_type":"article","og_title":"AEGIS\u00ae XS - carton de 10 - La Boutique LIPHATECH","og_description":"Poste d\u2019app\u00e2tage pour rats et souris, excessivement pratique !   Compact pour une utilisation dans les endroits exigus  Tunnel large pour faciliter l\u2019entr\u00e9e des rongeurs  4 broches m\u00e9tal rabattables  1 plaque anti-dispersion  Emboitable pour optimiser le volume  Empilable pour faciliter la manutention  Un point d\u2019ouverture avec cl\u00e9 int\u00e9gr\u00e9e au poste  Voir la vid\u00e9o de pr\u00e9sentation     S\u00e9rigraphie personnalisable sur demande  Garantie 12 mois","og_url":"https:\/\/www.liphatech.fr\/boutique\/produit\/aegis-xs\/","og_site_name":"La Boutique LIPHATECH","article_modified_time":"2025-12-15T16:31:18+00:00","og_image":[{"width":500,"height":500,"url":"https:\/\/www.liphatech.fr\/boutique\/wp-content\/uploads\/2024\/09\/AEGIS-XS-2.webp","type":"image\/webp"}],"twitter_card":"summary_large_image","twitter_misc":{"Dur\u00e9e de lecture estim\u00e9e":"1 minute"},"schema":{"@context":"https:\/\/schema.org","@graph":[{"@type":"WebPage","@id":"https:\/\/www.liphatech.fr\/boutique\/produit\/aegis-xs\/","url":"https:\/\/www.liphatech.fr\/boutique\/produit\/aegis-xs\/","name":"AEGIS\u00ae XS - carton de 10 - La Boutique LIPHATECH","isPartOf":{"@id":"https:\/\/www.liphatech.fr\/boutique\/#website"},"primaryImageOfPage":{"@id":"https:\/\/www.liphatech.fr\/boutique\/produit\/aegis-xs\/#primaryimage"},"image":{"@id":"https:\/\/www.liphatech.fr\/boutique\/produit\/aegis-xs\/#primaryimage"},"thumbnailUrl":"https:\/\/www.liphatech.fr\/boutique\/wp-content\/uploads\/2024\/09\/AEGIS-XS-2.webp","datePublished":"2024-09-19T08:34:36+00:00","dateModified":"2025-12-15T16:31:18+00:00","breadcrumb":{"@id":"https:\/\/www.liphatech.fr\/boutique\/produit\/aegis-xs\/#breadcrumb"},"inLanguage":"fr-FR","potentialAction":[{"@type":"ReadAction","target":["https:\/\/www.liphatech.fr\/boutique\/produit\/aegis-xs\/"]}]},{"@type":"ImageObject","inLanguage":"fr-FR","@id":"https:\/\/www.liphatech.fr\/boutique\/produit\/aegis-xs\/#primaryimage","url":"https:\/\/www.liphatech.fr\/boutique\/wp-content\/uploads\/2024\/09\/AEGIS-XS-2.webp","contentUrl":"https:\/\/www.liphatech.fr\/boutique\/wp-content\/uploads\/2024\/09\/AEGIS-XS-2.webp","width":500,"height":500},{"@type":"BreadcrumbList","@id":"https:\/\/www.liphatech.fr\/boutique\/produit\/aegis-xs\/#breadcrumb","itemListElement":[{"@type":"ListItem","position":1,"name":"Accueil","item":"https:\/\/www.liphatech.fr\/boutique\/"},{"@type":"ListItem","position":2,"name":"Boutique","item":"https:\/\/www.liphatech.fr\/boutique\/boutique\/"},{"@type":"ListItem","position":3,"name":"AEGIS\u00ae XS &#8211; carton de 10"}]},{"@type":"WebSite","@id":"https:\/\/www.liphatech.fr\/boutique\/#website","url":"https:\/\/www.liphatech.fr\/boutique\/","name":"La Boutique LIPHATECH","description":"","potentialAction":[{"@type":"SearchAction","target":{"@type":"EntryPoint","urlTemplate":"https:\/\/www.liphatech.fr\/boutique\/?s={search_term_string}"},"query-input":{"@type":"PropertyValueSpecification","valueRequired":true,"valueName":"search_term_string"}}],"inLanguage":"fr-FR"}]}},"_links":{"self":[{"href":"https:\/\/www.liphatech.fr\/boutique\/wp-json\/wp\/v2\/product\/112485","targetHints":{"allow":["GET"]}}],"collection":[{"href":"https:\/\/www.liphatech.fr\/boutique\/wp-json\/wp\/v2\/product"}],"about":[{"href":"https:\/\/www.liphatech.fr\/boutique\/wp-json\/wp\/v2\/types\/product"}],"replies":[{"embeddable":true,"href":"https:\/\/www.liphatech.fr\/boutique\/wp-json\/wp\/v2\/comments?post=112485"}],"wp:featuredmedia":[{"embeddable":true,"href":"https:\/\/www.liphatech.fr\/boutique\/wp-json\/wp\/v2\/media\/112605"}],"wp:attachment":[{"href":"https:\/\/www.liphatech.fr\/boutique\/wp-json\/wp\/v2\/media?parent=112485"}],"wp:term":[{"taxonomy":"product_brand","embeddable":true,"href":"https:\/\/www.liphatech.fr\/boutique\/wp-json\/wp\/v2\/product_brand?post=112485"},{"taxonomy":"product_cat","embeddable":true,"href":"https:\/\/www.liphatech.fr\/boutique\/wp-json\/wp\/v2\/product_cat?post=112485"},{"taxonomy":"product_tag","embeddable":true,"href":"https:\/\/www.liphatech.fr\/boutique\/wp-json\/wp\/v2\/product_tag?post=112485"}],"curies":[{"name":"wp","href":"https:\/\/api.w.org\/{rel}","templated":true}]}}