{"id":113114,"date":"2024-09-29T16:13:40","date_gmt":"2024-09-29T14:13:40","guid":{"rendered":"https:\/\/boutique.desangosse.mywebstrategies.com\/?post_type=product&#038;p=113114"},"modified":"2026-03-17T15:10:58","modified_gmt":"2026-03-17T14:10:58","slug":"izidiag-rongeurs","status":"publish","type":"product","link":"https:\/\/www.liphatech.fr\/boutique\/produit\/izidiag-rongeurs\/","title":{"rendered":"IZIDiag\u00ae Rongeurs"},"content":{"rendered":"<p><u>Le Kit de pr\u00e9l\u00e8vement<br \/>\n<\/u><\/p>\n<ul>\n<li>Dimensions du KIT : 12cm x 20cm &#8211; Poids : 50g<\/li>\n<\/ul>\n","protected":false},"excerpt":{"rendered":"<p>Est un outil innovant, con\u00e7u sp\u00e9cifiquement pour les professionnels du Pest Control. Il permet une prise de d\u00e9cision plus rapide et plus pr\u00e9cise gr\u00e2ce \u00e0 l&rsquo;analyse g\u00e9n\u00e9tique des excr\u00e9ments de rongeurs.<\/p>\n<p>Gr\u00e2ce \u00e0 notre kit de pr\u00e9l\u00e8vement facile d\u2019utilisation, le gestionnaire du Pest Control peut obtenir des informations cruciales sur :<\/p>\n<p><img loading=\"lazy\" decoding=\"async\" class=\"alignnone wp-image-112436\" src=\"https:\/\/www.liphatech.fr\/boutique\/\/\/wp-content\/uploads\/2024\/08\/logo-je-diagnostique.png\" alt=\"\" width=\"27\" height=\"27\" \/>\u00a0 L&rsquo;esp\u00e8ce exacte du rongeur (12 esp\u00e8ces de mammif\u00e8res couvertes)<\/p>\n<p><img loading=\"lazy\" decoding=\"async\" class=\"alignnone wp-image-112436\" src=\"https:\/\/www.liphatech.fr\/boutique\/\/\/wp-content\/uploads\/2024\/08\/logo-je-diagnostique.png\" alt=\"\" width=\"27\" height=\"27\" \/> La r\u00e9sistance aux anticoagulants (9 types de r\u00e9sistance d\u00e9tect\u00e9s)<\/p>\n<p><img loading=\"lazy\" decoding=\"async\" class=\"alignnone wp-image-112436\" src=\"https:\/\/www.liphatech.fr\/boutique\/\/\/wp-content\/uploads\/2024\/08\/logo-je-diagnostique.png\" alt=\"\" width=\"27\" height=\"27\" \/> La pr\u00e9sence de pathog\u00e8nes dangereux pour la sant\u00e9 (8 pathog\u00e8nes bact\u00e9riens identifi\u00e9s dont leptospirose, salmonelle, listeria).<\/p>\n<p><img loading=\"lazy\" decoding=\"async\" class=\"alignnone size-full wp-image-112437\" src=\"https:\/\/www.liphatech.fr\/boutique\/\/\/wp-content\/uploads\/2024\/08\/logo-je-traite.png\" alt=\"\" width=\"66\" height=\"66\" \/><\/p>\n<p>Ce kit de pr\u00e9l\u00e8vement comprend :<\/p>\n<ul>\n<li>Un sachet zip<\/li>\n<li>Un formulaire<\/li>\n<li>Un tube num\u00e9rot\u00e9 avec \u00e9thanol<\/li>\n<li>Une paire de gants<\/li>\n<li>Une petite enveloppe \u00e0 bulle<\/li>\n<\/ul>\n<p>&nbsp;<\/p>\n<p>&nbsp;<\/p>\n","protected":false},"featured_media":113657,"comment_status":"open","ping_status":"closed","template":"","meta":{"_acf_changed":false,"_et_pb_use_builder":"","_et_pb_old_content":"","_et_gb_content_width":""},"product_brand":[],"product_cat":[174,163,142],"product_tag":[],"class_list":{"0":"post-113114","1":"product","2":"type-product","3":"status-publish","4":"has-post-thumbnail","6":"product_cat-izidiag-rongeurs","7":"product_cat-je-diagnostique","8":"product_cat-rats-souris","10":"first","11":"instock","12":"taxable","13":"shipping-taxable","14":"purchasable","15":"product-type-simple"},"acf":[],"yoast_head":"<!-- This site is optimized with the Yoast SEO plugin v26.5 - https:\/\/yoast.com\/wordpress\/plugins\/seo\/ -->\n<title>IZIDiag\u00ae Rongeurs - La Boutique LIPHATECH<\/title>\n<meta name=\"robots\" content=\"index, follow, max-snippet:-1, max-image-preview:large, max-video-preview:-1\" \/>\n<link rel=\"canonical\" href=\"https:\/\/www.liphatech.fr\/boutique\/produit\/izidiag-rongeurs\/\" \/>\n<meta property=\"og:locale\" content=\"fr_FR\" \/>\n<meta property=\"og:type\" content=\"article\" \/>\n<meta property=\"og:title\" content=\"IZIDiag\u00ae Rongeurs - La Boutique LIPHATECH\" \/>\n<meta property=\"og:description\" content=\"Est un outil innovant, con\u00e7u sp\u00e9cifiquement pour les professionnels du Pest Control. Il permet une prise de d\u00e9cision plus rapide et plus pr\u00e9cise gr\u00e2ce \u00e0 l&#039;analyse g\u00e9n\u00e9tique des excr\u00e9ments de rongeurs.  Gr\u00e2ce \u00e0 notre kit de pr\u00e9l\u00e8vement facile d\u2019utilisation, le gestionnaire du Pest Control peut obtenir des informations cruciales sur :  \u00a0 L&#039;esp\u00e8ce exacte du rongeur (12 esp\u00e8ces de mammif\u00e8res couvertes)   La r\u00e9sistance aux anticoagulants (9 types de r\u00e9sistance d\u00e9tect\u00e9s)   La pr\u00e9sence de pathog\u00e8nes dangereux pour la sant\u00e9 (8 pathog\u00e8nes bact\u00e9riens identifi\u00e9s dont leptospirose, salmonelle, listeria).    Ce kit de pr\u00e9l\u00e8vement comprend :   Un sachet zip  Un formulaire  Un tube num\u00e9rot\u00e9 avec \u00e9thanol  Une paire de gants  Une petite enveloppe \u00e0 bulle  &nbsp;  &nbsp;\" \/>\n<meta property=\"og:url\" content=\"https:\/\/www.liphatech.fr\/boutique\/produit\/izidiag-rongeurs\/\" \/>\n<meta property=\"og:site_name\" content=\"La Boutique LIPHATECH\" \/>\n<meta property=\"article:modified_time\" content=\"2026-03-17T14:10:58+00:00\" \/>\n<meta property=\"og:image\" content=\"https:\/\/www.liphatech.fr\/boutique\/wp-content\/uploads\/2024\/09\/LOGO-IZIDIAG-SANS-LOGO-LT.png\" \/>\n\t<meta property=\"og:image:width\" content=\"1125\" \/>\n\t<meta property=\"og:image:height\" content=\"1125\" \/>\n\t<meta property=\"og:image:type\" content=\"image\/png\" \/>\n<meta name=\"twitter:card\" content=\"summary_large_image\" \/>\n<meta name=\"twitter:label1\" content=\"Dur\u00e9e de lecture estim\u00e9e\" \/>\n\t<meta name=\"twitter:data1\" content=\"1 minute\" \/>\n<script type=\"application\/ld+json\" class=\"yoast-schema-graph\">{\"@context\":\"https:\/\/schema.org\",\"@graph\":[{\"@type\":\"WebPage\",\"@id\":\"https:\/\/www.liphatech.fr\/boutique\/produit\/izidiag-rongeurs\/\",\"url\":\"https:\/\/www.liphatech.fr\/boutique\/produit\/izidiag-rongeurs\/\",\"name\":\"IZIDiag\u00ae Rongeurs - La Boutique LIPHATECH\",\"isPartOf\":{\"@id\":\"https:\/\/www.liphatech.fr\/boutique\/#website\"},\"primaryImageOfPage\":{\"@id\":\"https:\/\/www.liphatech.fr\/boutique\/produit\/izidiag-rongeurs\/#primaryimage\"},\"image\":{\"@id\":\"https:\/\/www.liphatech.fr\/boutique\/produit\/izidiag-rongeurs\/#primaryimage\"},\"thumbnailUrl\":\"https:\/\/www.liphatech.fr\/boutique\/wp-content\/uploads\/2024\/09\/LOGO-IZIDIAG-SANS-LOGO-LT.png\",\"datePublished\":\"2024-09-29T14:13:40+00:00\",\"dateModified\":\"2026-03-17T14:10:58+00:00\",\"breadcrumb\":{\"@id\":\"https:\/\/www.liphatech.fr\/boutique\/produit\/izidiag-rongeurs\/#breadcrumb\"},\"inLanguage\":\"fr-FR\",\"potentialAction\":[{\"@type\":\"ReadAction\",\"target\":[\"https:\/\/www.liphatech.fr\/boutique\/produit\/izidiag-rongeurs\/\"]}]},{\"@type\":\"ImageObject\",\"inLanguage\":\"fr-FR\",\"@id\":\"https:\/\/www.liphatech.fr\/boutique\/produit\/izidiag-rongeurs\/#primaryimage\",\"url\":\"https:\/\/www.liphatech.fr\/boutique\/wp-content\/uploads\/2024\/09\/LOGO-IZIDIAG-SANS-LOGO-LT.png\",\"contentUrl\":\"https:\/\/www.liphatech.fr\/boutique\/wp-content\/uploads\/2024\/09\/LOGO-IZIDIAG-SANS-LOGO-LT.png\",\"width\":1125,\"height\":1125},{\"@type\":\"BreadcrumbList\",\"@id\":\"https:\/\/www.liphatech.fr\/boutique\/produit\/izidiag-rongeurs\/#breadcrumb\",\"itemListElement\":[{\"@type\":\"ListItem\",\"position\":1,\"name\":\"Accueil\",\"item\":\"https:\/\/www.liphatech.fr\/boutique\/\"},{\"@type\":\"ListItem\",\"position\":2,\"name\":\"Boutique\",\"item\":\"https:\/\/www.liphatech.fr\/boutique\/boutique\/\"},{\"@type\":\"ListItem\",\"position\":3,\"name\":\"IZIDiag\u00ae Rongeurs\"}]},{\"@type\":\"WebSite\",\"@id\":\"https:\/\/www.liphatech.fr\/boutique\/#website\",\"url\":\"https:\/\/www.liphatech.fr\/boutique\/\",\"name\":\"La Boutique LIPHATECH\",\"description\":\"\",\"potentialAction\":[{\"@type\":\"SearchAction\",\"target\":{\"@type\":\"EntryPoint\",\"urlTemplate\":\"https:\/\/www.liphatech.fr\/boutique\/?s={search_term_string}\"},\"query-input\":{\"@type\":\"PropertyValueSpecification\",\"valueRequired\":true,\"valueName\":\"search_term_string\"}}],\"inLanguage\":\"fr-FR\"}]}<\/script>\n<!-- \/ Yoast SEO plugin. -->","yoast_head_json":{"title":"IZIDiag\u00ae Rongeurs - La Boutique LIPHATECH","robots":{"index":"index","follow":"follow","max-snippet":"max-snippet:-1","max-image-preview":"max-image-preview:large","max-video-preview":"max-video-preview:-1"},"canonical":"https:\/\/www.liphatech.fr\/boutique\/produit\/izidiag-rongeurs\/","og_locale":"fr_FR","og_type":"article","og_title":"IZIDiag\u00ae Rongeurs - La Boutique LIPHATECH","og_description":"Est un outil innovant, con\u00e7u sp\u00e9cifiquement pour les professionnels du Pest Control. Il permet une prise de d\u00e9cision plus rapide et plus pr\u00e9cise gr\u00e2ce \u00e0 l'analyse g\u00e9n\u00e9tique des excr\u00e9ments de rongeurs.  Gr\u00e2ce \u00e0 notre kit de pr\u00e9l\u00e8vement facile d\u2019utilisation, le gestionnaire du Pest Control peut obtenir des informations cruciales sur :  \u00a0 L'esp\u00e8ce exacte du rongeur (12 esp\u00e8ces de mammif\u00e8res couvertes)   La r\u00e9sistance aux anticoagulants (9 types de r\u00e9sistance d\u00e9tect\u00e9s)   La pr\u00e9sence de pathog\u00e8nes dangereux pour la sant\u00e9 (8 pathog\u00e8nes bact\u00e9riens identifi\u00e9s dont leptospirose, salmonelle, listeria).    Ce kit de pr\u00e9l\u00e8vement comprend :   Un sachet zip  Un formulaire  Un tube num\u00e9rot\u00e9 avec \u00e9thanol  Une paire de gants  Une petite enveloppe \u00e0 bulle  &nbsp;  &nbsp;","og_url":"https:\/\/www.liphatech.fr\/boutique\/produit\/izidiag-rongeurs\/","og_site_name":"La Boutique LIPHATECH","article_modified_time":"2026-03-17T14:10:58+00:00","og_image":[{"width":1125,"height":1125,"url":"https:\/\/www.liphatech.fr\/boutique\/wp-content\/uploads\/2024\/09\/LOGO-IZIDIAG-SANS-LOGO-LT.png","type":"image\/png"}],"twitter_card":"summary_large_image","twitter_misc":{"Dur\u00e9e de lecture estim\u00e9e":"1 minute"},"schema":{"@context":"https:\/\/schema.org","@graph":[{"@type":"WebPage","@id":"https:\/\/www.liphatech.fr\/boutique\/produit\/izidiag-rongeurs\/","url":"https:\/\/www.liphatech.fr\/boutique\/produit\/izidiag-rongeurs\/","name":"IZIDiag\u00ae Rongeurs - La Boutique LIPHATECH","isPartOf":{"@id":"https:\/\/www.liphatech.fr\/boutique\/#website"},"primaryImageOfPage":{"@id":"https:\/\/www.liphatech.fr\/boutique\/produit\/izidiag-rongeurs\/#primaryimage"},"image":{"@id":"https:\/\/www.liphatech.fr\/boutique\/produit\/izidiag-rongeurs\/#primaryimage"},"thumbnailUrl":"https:\/\/www.liphatech.fr\/boutique\/wp-content\/uploads\/2024\/09\/LOGO-IZIDIAG-SANS-LOGO-LT.png","datePublished":"2024-09-29T14:13:40+00:00","dateModified":"2026-03-17T14:10:58+00:00","breadcrumb":{"@id":"https:\/\/www.liphatech.fr\/boutique\/produit\/izidiag-rongeurs\/#breadcrumb"},"inLanguage":"fr-FR","potentialAction":[{"@type":"ReadAction","target":["https:\/\/www.liphatech.fr\/boutique\/produit\/izidiag-rongeurs\/"]}]},{"@type":"ImageObject","inLanguage":"fr-FR","@id":"https:\/\/www.liphatech.fr\/boutique\/produit\/izidiag-rongeurs\/#primaryimage","url":"https:\/\/www.liphatech.fr\/boutique\/wp-content\/uploads\/2024\/09\/LOGO-IZIDIAG-SANS-LOGO-LT.png","contentUrl":"https:\/\/www.liphatech.fr\/boutique\/wp-content\/uploads\/2024\/09\/LOGO-IZIDIAG-SANS-LOGO-LT.png","width":1125,"height":1125},{"@type":"BreadcrumbList","@id":"https:\/\/www.liphatech.fr\/boutique\/produit\/izidiag-rongeurs\/#breadcrumb","itemListElement":[{"@type":"ListItem","position":1,"name":"Accueil","item":"https:\/\/www.liphatech.fr\/boutique\/"},{"@type":"ListItem","position":2,"name":"Boutique","item":"https:\/\/www.liphatech.fr\/boutique\/boutique\/"},{"@type":"ListItem","position":3,"name":"IZIDiag\u00ae Rongeurs"}]},{"@type":"WebSite","@id":"https:\/\/www.liphatech.fr\/boutique\/#website","url":"https:\/\/www.liphatech.fr\/boutique\/","name":"La Boutique LIPHATECH","description":"","potentialAction":[{"@type":"SearchAction","target":{"@type":"EntryPoint","urlTemplate":"https:\/\/www.liphatech.fr\/boutique\/?s={search_term_string}"},"query-input":{"@type":"PropertyValueSpecification","valueRequired":true,"valueName":"search_term_string"}}],"inLanguage":"fr-FR"}]}},"_links":{"self":[{"href":"https:\/\/www.liphatech.fr\/boutique\/wp-json\/wp\/v2\/product\/113114","targetHints":{"allow":["GET"]}}],"collection":[{"href":"https:\/\/www.liphatech.fr\/boutique\/wp-json\/wp\/v2\/product"}],"about":[{"href":"https:\/\/www.liphatech.fr\/boutique\/wp-json\/wp\/v2\/types\/product"}],"replies":[{"embeddable":true,"href":"https:\/\/www.liphatech.fr\/boutique\/wp-json\/wp\/v2\/comments?post=113114"}],"wp:featuredmedia":[{"embeddable":true,"href":"https:\/\/www.liphatech.fr\/boutique\/wp-json\/wp\/v2\/media\/113657"}],"wp:attachment":[{"href":"https:\/\/www.liphatech.fr\/boutique\/wp-json\/wp\/v2\/media?parent=113114"}],"wp:term":[{"taxonomy":"product_brand","embeddable":true,"href":"https:\/\/www.liphatech.fr\/boutique\/wp-json\/wp\/v2\/product_brand?post=113114"},{"taxonomy":"product_cat","embeddable":true,"href":"https:\/\/www.liphatech.fr\/boutique\/wp-json\/wp\/v2\/product_cat?post=113114"},{"taxonomy":"product_tag","embeddable":true,"href":"https:\/\/www.liphatech.fr\/boutique\/wp-json\/wp\/v2\/product_tag?post=113114"}],"curies":[{"name":"wp","href":"https:\/\/api.w.org\/{rel}","templated":true}]}}