{"id":113192,"date":"2024-03-13T10:58:10","date_gmt":"2024-03-13T09:58:10","guid":{"rendered":"https:\/\/boutique.desangosse.mywebstrategies.com\/?post_type=product&#038;p=113192"},"modified":"2026-03-31T14:23:44","modified_gmt":"2026-03-31T12:23:44","slug":"wantisol","status":"publish","type":"product","link":"https:\/\/www.liphatech.fr\/boutique\/produit\/wantisol\/","title":{"rendered":"WANTISOL\u00ae"},"content":{"rendered":"<p><u>1 PLAQUE DE 100 x 66 x 0.2 cm :<\/u><\/p>\n<ul>\n<li>Dimensions Carton : 100 x 66 x 0.2 cm \u2013 Poids Brut CDT : 2 kg<\/li>\n<\/ul>\n","protected":false},"excerpt":{"rendered":"<p>Plaque perfor\u00e9e en polycarbonate anti-intrusion de nuisibles (rats, souris, insectes, moustiques tigres&#8230;).<br \/>\nId\u00e9al pour prot\u00e9ger et fermer les ouvertures n\u00e9cessitant une a\u00e9ration.<\/p>\n<p><strong>CE QUI FAIT LA DIFF\u00c9RENCE<\/strong> :<\/p>\n<ul>\n<li>Facile \u00e0 d\u00e9couper et \u00e0 installer<\/li>\n<li>Durable dans le temps<\/li>\n<li>R\u00e9sistante : au feu, aux UV, aux intemp\u00e9ries, aux chocs<\/li>\n<\/ul>\n<div id=\"picto-produit\">\n<p><img decoding=\"async\" src=\"https:\/\/www.liphatech.fr\/boutique\/\/\/wp-content\/uploads\/2024\/08\/logo-je-traite.png\" alt=\"\" \/><\/p>\n<\/div>\n","protected":false},"featured_media":113196,"comment_status":"open","ping_status":"closed","template":"","meta":{"_acf_changed":false,"_et_pb_use_builder":"off","_et_pb_old_content":"CE QUI FAIT LA DIFF\u00c9RENCE :\r\n<ul>\r\n \t<li>Id\u00e9al pour l\u2019obturation des ouvertures dans la ma\u00e7onnerie ou les entr\u00e9es de c\u00e2bles<\/li>\r\n \t<li>Collage parfait avec MASTISOL\u00ae<\/li>\r\n<\/ul>\r\n<u>Conditionnement :<\/u>\r\n\r\nCarton en CM : 120x596x10\r\nPalette en CM : 120x80x70\r\nPoids carton en KG : 18\r\nPoids palette en KG : 200","_et_gb_content_width":""},"product_brand":[],"product_cat":[132,117,164,142],"product_tag":[],"class_list":{"0":"post-113192","1":"product","2":"type-product","3":"status-publish","4":"has-post-thumbnail","6":"product_cat-anti-intrusion","7":"product_cat-bernatom","8":"product_cat-je-traite-preventif","9":"product_cat-rats-souris","11":"first","12":"instock","13":"taxable","14":"shipping-taxable","15":"purchasable","16":"product-type-simple"},"acf":[],"yoast_head":"<!-- This site is optimized with the Yoast SEO plugin v26.5 - https:\/\/yoast.com\/wordpress\/plugins\/seo\/ -->\n<title>WANTISOL\u00ae - La Boutique LIPHATECH<\/title>\n<meta name=\"robots\" content=\"index, follow, max-snippet:-1, max-image-preview:large, max-video-preview:-1\" \/>\n<link rel=\"canonical\" href=\"https:\/\/www.liphatech.fr\/boutique\/produit\/wantisol\/\" \/>\n<meta property=\"og:locale\" content=\"fr_FR\" \/>\n<meta property=\"og:type\" content=\"article\" \/>\n<meta property=\"og:title\" content=\"WANTISOL\u00ae - La Boutique LIPHATECH\" \/>\n<meta property=\"og:description\" content=\"Plaque perfor\u00e9e en polycarbonate anti-intrusion de nuisibles (rats, souris, insectes, moustiques tigres...). Id\u00e9al pour prot\u00e9ger et fermer les ouvertures n\u00e9cessitant une a\u00e9ration.  CE QUI FAIT LA DIFF\u00c9RENCE :   Facile \u00e0 d\u00e9couper et \u00e0 installer  Durable dans le temps  R\u00e9sistante : au feu, aux UV, aux intemp\u00e9ries, aux chocs\" \/>\n<meta property=\"og:url\" content=\"https:\/\/www.liphatech.fr\/boutique\/produit\/wantisol\/\" \/>\n<meta property=\"og:site_name\" content=\"La Boutique LIPHATECH\" \/>\n<meta property=\"article:modified_time\" content=\"2026-03-31T12:23:44+00:00\" \/>\n<meta property=\"og:image\" content=\"https:\/\/www.liphatech.fr\/boutique\/wp-content\/uploads\/2024\/11\/wantisol-site.png\" \/>\n\t<meta property=\"og:image:width\" content=\"500\" \/>\n\t<meta property=\"og:image:height\" content=\"500\" \/>\n\t<meta property=\"og:image:type\" content=\"image\/png\" \/>\n<meta name=\"twitter:card\" content=\"summary_large_image\" \/>\n<meta name=\"twitter:label1\" content=\"Dur\u00e9e de lecture estim\u00e9e\" \/>\n\t<meta name=\"twitter:data1\" content=\"1 minute\" \/>\n<script type=\"application\/ld+json\" class=\"yoast-schema-graph\">{\"@context\":\"https:\/\/schema.org\",\"@graph\":[{\"@type\":\"WebPage\",\"@id\":\"https:\/\/www.liphatech.fr\/boutique\/produit\/wantisol\/\",\"url\":\"https:\/\/www.liphatech.fr\/boutique\/produit\/wantisol\/\",\"name\":\"WANTISOL\u00ae - La Boutique LIPHATECH\",\"isPartOf\":{\"@id\":\"https:\/\/www.liphatech.fr\/boutique\/#website\"},\"primaryImageOfPage\":{\"@id\":\"https:\/\/www.liphatech.fr\/boutique\/produit\/wantisol\/#primaryimage\"},\"image\":{\"@id\":\"https:\/\/www.liphatech.fr\/boutique\/produit\/wantisol\/#primaryimage\"},\"thumbnailUrl\":\"https:\/\/www.liphatech.fr\/boutique\/wp-content\/uploads\/2024\/11\/wantisol-site.png\",\"datePublished\":\"2024-03-13T09:58:10+00:00\",\"dateModified\":\"2026-03-31T12:23:44+00:00\",\"breadcrumb\":{\"@id\":\"https:\/\/www.liphatech.fr\/boutique\/produit\/wantisol\/#breadcrumb\"},\"inLanguage\":\"fr-FR\",\"potentialAction\":[{\"@type\":\"ReadAction\",\"target\":[\"https:\/\/www.liphatech.fr\/boutique\/produit\/wantisol\/\"]}]},{\"@type\":\"ImageObject\",\"inLanguage\":\"fr-FR\",\"@id\":\"https:\/\/www.liphatech.fr\/boutique\/produit\/wantisol\/#primaryimage\",\"url\":\"https:\/\/www.liphatech.fr\/boutique\/wp-content\/uploads\/2024\/11\/wantisol-site.png\",\"contentUrl\":\"https:\/\/www.liphatech.fr\/boutique\/wp-content\/uploads\/2024\/11\/wantisol-site.png\",\"width\":500,\"height\":500},{\"@type\":\"BreadcrumbList\",\"@id\":\"https:\/\/www.liphatech.fr\/boutique\/produit\/wantisol\/#breadcrumb\",\"itemListElement\":[{\"@type\":\"ListItem\",\"position\":1,\"name\":\"Accueil\",\"item\":\"https:\/\/www.liphatech.fr\/boutique\/\"},{\"@type\":\"ListItem\",\"position\":2,\"name\":\"Boutique\",\"item\":\"https:\/\/www.liphatech.fr\/boutique\/boutique\/\"},{\"@type\":\"ListItem\",\"position\":3,\"name\":\"WANTISOL\u00ae\"}]},{\"@type\":\"WebSite\",\"@id\":\"https:\/\/www.liphatech.fr\/boutique\/#website\",\"url\":\"https:\/\/www.liphatech.fr\/boutique\/\",\"name\":\"La Boutique LIPHATECH\",\"description\":\"\",\"potentialAction\":[{\"@type\":\"SearchAction\",\"target\":{\"@type\":\"EntryPoint\",\"urlTemplate\":\"https:\/\/www.liphatech.fr\/boutique\/?s={search_term_string}\"},\"query-input\":{\"@type\":\"PropertyValueSpecification\",\"valueRequired\":true,\"valueName\":\"search_term_string\"}}],\"inLanguage\":\"fr-FR\"}]}<\/script>\n<!-- \/ Yoast SEO plugin. -->","yoast_head_json":{"title":"WANTISOL\u00ae - La Boutique LIPHATECH","robots":{"index":"index","follow":"follow","max-snippet":"max-snippet:-1","max-image-preview":"max-image-preview:large","max-video-preview":"max-video-preview:-1"},"canonical":"https:\/\/www.liphatech.fr\/boutique\/produit\/wantisol\/","og_locale":"fr_FR","og_type":"article","og_title":"WANTISOL\u00ae - La Boutique LIPHATECH","og_description":"Plaque perfor\u00e9e en polycarbonate anti-intrusion de nuisibles (rats, souris, insectes, moustiques tigres...). Id\u00e9al pour prot\u00e9ger et fermer les ouvertures n\u00e9cessitant une a\u00e9ration.  CE QUI FAIT LA DIFF\u00c9RENCE :   Facile \u00e0 d\u00e9couper et \u00e0 installer  Durable dans le temps  R\u00e9sistante : au feu, aux UV, aux intemp\u00e9ries, aux chocs","og_url":"https:\/\/www.liphatech.fr\/boutique\/produit\/wantisol\/","og_site_name":"La Boutique LIPHATECH","article_modified_time":"2026-03-31T12:23:44+00:00","og_image":[{"width":500,"height":500,"url":"https:\/\/www.liphatech.fr\/boutique\/wp-content\/uploads\/2024\/11\/wantisol-site.png","type":"image\/png"}],"twitter_card":"summary_large_image","twitter_misc":{"Dur\u00e9e de lecture estim\u00e9e":"1 minute"},"schema":{"@context":"https:\/\/schema.org","@graph":[{"@type":"WebPage","@id":"https:\/\/www.liphatech.fr\/boutique\/produit\/wantisol\/","url":"https:\/\/www.liphatech.fr\/boutique\/produit\/wantisol\/","name":"WANTISOL\u00ae - La Boutique LIPHATECH","isPartOf":{"@id":"https:\/\/www.liphatech.fr\/boutique\/#website"},"primaryImageOfPage":{"@id":"https:\/\/www.liphatech.fr\/boutique\/produit\/wantisol\/#primaryimage"},"image":{"@id":"https:\/\/www.liphatech.fr\/boutique\/produit\/wantisol\/#primaryimage"},"thumbnailUrl":"https:\/\/www.liphatech.fr\/boutique\/wp-content\/uploads\/2024\/11\/wantisol-site.png","datePublished":"2024-03-13T09:58:10+00:00","dateModified":"2026-03-31T12:23:44+00:00","breadcrumb":{"@id":"https:\/\/www.liphatech.fr\/boutique\/produit\/wantisol\/#breadcrumb"},"inLanguage":"fr-FR","potentialAction":[{"@type":"ReadAction","target":["https:\/\/www.liphatech.fr\/boutique\/produit\/wantisol\/"]}]},{"@type":"ImageObject","inLanguage":"fr-FR","@id":"https:\/\/www.liphatech.fr\/boutique\/produit\/wantisol\/#primaryimage","url":"https:\/\/www.liphatech.fr\/boutique\/wp-content\/uploads\/2024\/11\/wantisol-site.png","contentUrl":"https:\/\/www.liphatech.fr\/boutique\/wp-content\/uploads\/2024\/11\/wantisol-site.png","width":500,"height":500},{"@type":"BreadcrumbList","@id":"https:\/\/www.liphatech.fr\/boutique\/produit\/wantisol\/#breadcrumb","itemListElement":[{"@type":"ListItem","position":1,"name":"Accueil","item":"https:\/\/www.liphatech.fr\/boutique\/"},{"@type":"ListItem","position":2,"name":"Boutique","item":"https:\/\/www.liphatech.fr\/boutique\/boutique\/"},{"@type":"ListItem","position":3,"name":"WANTISOL\u00ae"}]},{"@type":"WebSite","@id":"https:\/\/www.liphatech.fr\/boutique\/#website","url":"https:\/\/www.liphatech.fr\/boutique\/","name":"La Boutique LIPHATECH","description":"","potentialAction":[{"@type":"SearchAction","target":{"@type":"EntryPoint","urlTemplate":"https:\/\/www.liphatech.fr\/boutique\/?s={search_term_string}"},"query-input":{"@type":"PropertyValueSpecification","valueRequired":true,"valueName":"search_term_string"}}],"inLanguage":"fr-FR"}]}},"_links":{"self":[{"href":"https:\/\/www.liphatech.fr\/boutique\/wp-json\/wp\/v2\/product\/113192","targetHints":{"allow":["GET"]}}],"collection":[{"href":"https:\/\/www.liphatech.fr\/boutique\/wp-json\/wp\/v2\/product"}],"about":[{"href":"https:\/\/www.liphatech.fr\/boutique\/wp-json\/wp\/v2\/types\/product"}],"replies":[{"embeddable":true,"href":"https:\/\/www.liphatech.fr\/boutique\/wp-json\/wp\/v2\/comments?post=113192"}],"wp:featuredmedia":[{"embeddable":true,"href":"https:\/\/www.liphatech.fr\/boutique\/wp-json\/wp\/v2\/media\/113196"}],"wp:attachment":[{"href":"https:\/\/www.liphatech.fr\/boutique\/wp-json\/wp\/v2\/media?parent=113192"}],"wp:term":[{"taxonomy":"product_brand","embeddable":true,"href":"https:\/\/www.liphatech.fr\/boutique\/wp-json\/wp\/v2\/product_brand?post=113192"},{"taxonomy":"product_cat","embeddable":true,"href":"https:\/\/www.liphatech.fr\/boutique\/wp-json\/wp\/v2\/product_cat?post=113192"},{"taxonomy":"product_tag","embeddable":true,"href":"https:\/\/www.liphatech.fr\/boutique\/wp-json\/wp\/v2\/product_tag?post=113192"}],"curies":[{"name":"wp","href":"https:\/\/api.w.org\/{rel}","templated":true}]}}