{"id":113273,"date":"2024-09-12T11:08:35","date_gmt":"2024-09-12T09:08:35","guid":{"rendered":"https:\/\/boutique.desangosse.mywebstrategies.com\/?post_type=product&#038;p=113273"},"modified":"2025-12-02T08:56:33","modified_gmt":"2025-12-02T07:56:33","slug":"charbon-actif-pour-aegis-clash-v2","status":"publish","type":"product","link":"https:\/\/www.liphatech.fr\/boutique\/produit\/charbon-actif-pour-aegis-clash-v2\/","title":{"rendered":"CHARBON ACTIF POUR CLASH\u00ae"},"content":{"rendered":"<p><u> CARTON DE 15 SACS<\/u><\/p>\n<ul>\n<li>Dimensions Carton : 29.5 x 19.5 x 18.5 cm \u2013 Poids Brut CDT : 3.35 kg<\/li>\n<li>Palette de : 10 cartons \u2013 Dimensions Pal : 120 x 80 x 180 \u2013 Poids Pal Brut : 53.50 kg<\/li>\n<\/ul>\n","protected":false},"excerpt":{"rendered":"<p>Sac de 200g d&rsquo;aero pellets pour utilisation avec le CLASH\u00ae<\/p>\n<ul>\n<li>A verser 200g dans le sac avant la 1\u00e8re utilisation<\/li>\n<li>Assure une meilleure performance du pi\u00e8ge Clash<\/li>\n<li>Facile \u00e0 mettre en place<\/li>\n<\/ul>\n<div id=\"picto-produit\"><img loading=\"lazy\" decoding=\"async\" class=\"alignnone size-full wp-image-112429\" src=\"https:\/\/www.liphatech.fr\/boutique\/\/\/wp-content\/uploads\/2024\/08\/icone-piege-multicapture.png\" alt=\"\" width=\"66\" height=\"66\" \/><\/div>\n","protected":false},"featured_media":113277,"comment_status":"closed","ping_status":"closed","template":"","meta":{"_acf_changed":false,"_et_pb_use_builder":"","_et_pb_old_content":"","_et_gb_content_width":""},"product_brand":[],"product_cat":[131,116,165,142],"product_tag":[],"class_list":{"0":"post-113273","1":"product","2":"type-product","3":"status-publish","4":"has-post-thumbnail","6":"product_cat-accessoires","7":"product_cat-aegis","8":"product_cat-je-traite-curatif","9":"product_cat-rats-souris","11":"first","12":"instock","13":"taxable","14":"shipping-taxable","15":"purchasable","16":"product-type-simple"},"acf":[],"yoast_head":"<!-- This site is optimized with the Yoast SEO plugin v26.5 - https:\/\/yoast.com\/wordpress\/plugins\/seo\/ -->\n<title>CHARBON ACTIF POUR CLASH\u00ae - La Boutique LIPHATECH<\/title>\n<meta name=\"robots\" content=\"index, follow, max-snippet:-1, max-image-preview:large, max-video-preview:-1\" \/>\n<link rel=\"canonical\" href=\"https:\/\/www.liphatech.fr\/boutique\/produit\/charbon-actif-pour-aegis-clash-v2\/\" \/>\n<meta property=\"og:locale\" content=\"fr_FR\" \/>\n<meta property=\"og:type\" content=\"article\" \/>\n<meta property=\"og:title\" content=\"CHARBON ACTIF POUR CLASH\u00ae - La Boutique LIPHATECH\" \/>\n<meta property=\"og:description\" content=\"Sac de 200g d&#039;aero pellets pour utilisation avec le CLASH\u00ae   A verser 200g dans le sac avant la 1\u00e8re utilisation  Assure une meilleure performance du pi\u00e8ge Clash  Facile \u00e0 mettre en place\" \/>\n<meta property=\"og:url\" content=\"https:\/\/www.liphatech.fr\/boutique\/produit\/charbon-actif-pour-aegis-clash-v2\/\" \/>\n<meta property=\"og:site_name\" content=\"La Boutique LIPHATECH\" \/>\n<meta property=\"article:modified_time\" content=\"2025-12-02T07:56:33+00:00\" \/>\n<meta property=\"og:image\" content=\"https:\/\/www.liphatech.fr\/boutique\/wp-content\/uploads\/2024\/10\/CHARBON-ACTIF-200G.png\" \/>\n\t<meta property=\"og:image:width\" content=\"500\" \/>\n\t<meta property=\"og:image:height\" content=\"500\" \/>\n\t<meta property=\"og:image:type\" content=\"image\/png\" \/>\n<meta name=\"twitter:card\" content=\"summary_large_image\" \/>\n<meta name=\"twitter:label1\" content=\"Dur\u00e9e de lecture estim\u00e9e\" \/>\n\t<meta name=\"twitter:data1\" content=\"1 minute\" \/>\n<script type=\"application\/ld+json\" class=\"yoast-schema-graph\">{\"@context\":\"https:\/\/schema.org\",\"@graph\":[{\"@type\":\"WebPage\",\"@id\":\"https:\/\/www.liphatech.fr\/boutique\/produit\/charbon-actif-pour-aegis-clash-v2\/\",\"url\":\"https:\/\/www.liphatech.fr\/boutique\/produit\/charbon-actif-pour-aegis-clash-v2\/\",\"name\":\"CHARBON ACTIF POUR CLASH\u00ae - La Boutique LIPHATECH\",\"isPartOf\":{\"@id\":\"https:\/\/www.liphatech.fr\/boutique\/#website\"},\"primaryImageOfPage\":{\"@id\":\"https:\/\/www.liphatech.fr\/boutique\/produit\/charbon-actif-pour-aegis-clash-v2\/#primaryimage\"},\"image\":{\"@id\":\"https:\/\/www.liphatech.fr\/boutique\/produit\/charbon-actif-pour-aegis-clash-v2\/#primaryimage\"},\"thumbnailUrl\":\"https:\/\/www.liphatech.fr\/boutique\/wp-content\/uploads\/2024\/10\/CHARBON-ACTIF-200G.png\",\"datePublished\":\"2024-09-12T09:08:35+00:00\",\"dateModified\":\"2025-12-02T07:56:33+00:00\",\"breadcrumb\":{\"@id\":\"https:\/\/www.liphatech.fr\/boutique\/produit\/charbon-actif-pour-aegis-clash-v2\/#breadcrumb\"},\"inLanguage\":\"fr-FR\",\"potentialAction\":[{\"@type\":\"ReadAction\",\"target\":[\"https:\/\/www.liphatech.fr\/boutique\/produit\/charbon-actif-pour-aegis-clash-v2\/\"]}]},{\"@type\":\"ImageObject\",\"inLanguage\":\"fr-FR\",\"@id\":\"https:\/\/www.liphatech.fr\/boutique\/produit\/charbon-actif-pour-aegis-clash-v2\/#primaryimage\",\"url\":\"https:\/\/www.liphatech.fr\/boutique\/wp-content\/uploads\/2024\/10\/CHARBON-ACTIF-200G.png\",\"contentUrl\":\"https:\/\/www.liphatech.fr\/boutique\/wp-content\/uploads\/2024\/10\/CHARBON-ACTIF-200G.png\",\"width\":500,\"height\":500},{\"@type\":\"BreadcrumbList\",\"@id\":\"https:\/\/www.liphatech.fr\/boutique\/produit\/charbon-actif-pour-aegis-clash-v2\/#breadcrumb\",\"itemListElement\":[{\"@type\":\"ListItem\",\"position\":1,\"name\":\"Accueil\",\"item\":\"https:\/\/www.liphatech.fr\/boutique\/\"},{\"@type\":\"ListItem\",\"position\":2,\"name\":\"Boutique\",\"item\":\"https:\/\/www.liphatech.fr\/boutique\/boutique\/\"},{\"@type\":\"ListItem\",\"position\":3,\"name\":\"CHARBON ACTIF POUR CLASH\u00ae\"}]},{\"@type\":\"WebSite\",\"@id\":\"https:\/\/www.liphatech.fr\/boutique\/#website\",\"url\":\"https:\/\/www.liphatech.fr\/boutique\/\",\"name\":\"La Boutique LIPHATECH\",\"description\":\"\",\"potentialAction\":[{\"@type\":\"SearchAction\",\"target\":{\"@type\":\"EntryPoint\",\"urlTemplate\":\"https:\/\/www.liphatech.fr\/boutique\/?s={search_term_string}\"},\"query-input\":{\"@type\":\"PropertyValueSpecification\",\"valueRequired\":true,\"valueName\":\"search_term_string\"}}],\"inLanguage\":\"fr-FR\"}]}<\/script>\n<!-- \/ Yoast SEO plugin. -->","yoast_head_json":{"title":"CHARBON ACTIF POUR CLASH\u00ae - La Boutique LIPHATECH","robots":{"index":"index","follow":"follow","max-snippet":"max-snippet:-1","max-image-preview":"max-image-preview:large","max-video-preview":"max-video-preview:-1"},"canonical":"https:\/\/www.liphatech.fr\/boutique\/produit\/charbon-actif-pour-aegis-clash-v2\/","og_locale":"fr_FR","og_type":"article","og_title":"CHARBON ACTIF POUR CLASH\u00ae - La Boutique LIPHATECH","og_description":"Sac de 200g d'aero pellets pour utilisation avec le CLASH\u00ae   A verser 200g dans le sac avant la 1\u00e8re utilisation  Assure une meilleure performance du pi\u00e8ge Clash  Facile \u00e0 mettre en place","og_url":"https:\/\/www.liphatech.fr\/boutique\/produit\/charbon-actif-pour-aegis-clash-v2\/","og_site_name":"La Boutique LIPHATECH","article_modified_time":"2025-12-02T07:56:33+00:00","og_image":[{"width":500,"height":500,"url":"https:\/\/www.liphatech.fr\/boutique\/wp-content\/uploads\/2024\/10\/CHARBON-ACTIF-200G.png","type":"image\/png"}],"twitter_card":"summary_large_image","twitter_misc":{"Dur\u00e9e de lecture estim\u00e9e":"1 minute"},"schema":{"@context":"https:\/\/schema.org","@graph":[{"@type":"WebPage","@id":"https:\/\/www.liphatech.fr\/boutique\/produit\/charbon-actif-pour-aegis-clash-v2\/","url":"https:\/\/www.liphatech.fr\/boutique\/produit\/charbon-actif-pour-aegis-clash-v2\/","name":"CHARBON ACTIF POUR CLASH\u00ae - La Boutique LIPHATECH","isPartOf":{"@id":"https:\/\/www.liphatech.fr\/boutique\/#website"},"primaryImageOfPage":{"@id":"https:\/\/www.liphatech.fr\/boutique\/produit\/charbon-actif-pour-aegis-clash-v2\/#primaryimage"},"image":{"@id":"https:\/\/www.liphatech.fr\/boutique\/produit\/charbon-actif-pour-aegis-clash-v2\/#primaryimage"},"thumbnailUrl":"https:\/\/www.liphatech.fr\/boutique\/wp-content\/uploads\/2024\/10\/CHARBON-ACTIF-200G.png","datePublished":"2024-09-12T09:08:35+00:00","dateModified":"2025-12-02T07:56:33+00:00","breadcrumb":{"@id":"https:\/\/www.liphatech.fr\/boutique\/produit\/charbon-actif-pour-aegis-clash-v2\/#breadcrumb"},"inLanguage":"fr-FR","potentialAction":[{"@type":"ReadAction","target":["https:\/\/www.liphatech.fr\/boutique\/produit\/charbon-actif-pour-aegis-clash-v2\/"]}]},{"@type":"ImageObject","inLanguage":"fr-FR","@id":"https:\/\/www.liphatech.fr\/boutique\/produit\/charbon-actif-pour-aegis-clash-v2\/#primaryimage","url":"https:\/\/www.liphatech.fr\/boutique\/wp-content\/uploads\/2024\/10\/CHARBON-ACTIF-200G.png","contentUrl":"https:\/\/www.liphatech.fr\/boutique\/wp-content\/uploads\/2024\/10\/CHARBON-ACTIF-200G.png","width":500,"height":500},{"@type":"BreadcrumbList","@id":"https:\/\/www.liphatech.fr\/boutique\/produit\/charbon-actif-pour-aegis-clash-v2\/#breadcrumb","itemListElement":[{"@type":"ListItem","position":1,"name":"Accueil","item":"https:\/\/www.liphatech.fr\/boutique\/"},{"@type":"ListItem","position":2,"name":"Boutique","item":"https:\/\/www.liphatech.fr\/boutique\/boutique\/"},{"@type":"ListItem","position":3,"name":"CHARBON ACTIF POUR CLASH\u00ae"}]},{"@type":"WebSite","@id":"https:\/\/www.liphatech.fr\/boutique\/#website","url":"https:\/\/www.liphatech.fr\/boutique\/","name":"La Boutique LIPHATECH","description":"","potentialAction":[{"@type":"SearchAction","target":{"@type":"EntryPoint","urlTemplate":"https:\/\/www.liphatech.fr\/boutique\/?s={search_term_string}"},"query-input":{"@type":"PropertyValueSpecification","valueRequired":true,"valueName":"search_term_string"}}],"inLanguage":"fr-FR"}]}},"_links":{"self":[{"href":"https:\/\/www.liphatech.fr\/boutique\/wp-json\/wp\/v2\/product\/113273","targetHints":{"allow":["GET"]}}],"collection":[{"href":"https:\/\/www.liphatech.fr\/boutique\/wp-json\/wp\/v2\/product"}],"about":[{"href":"https:\/\/www.liphatech.fr\/boutique\/wp-json\/wp\/v2\/types\/product"}],"replies":[{"embeddable":true,"href":"https:\/\/www.liphatech.fr\/boutique\/wp-json\/wp\/v2\/comments?post=113273"}],"wp:featuredmedia":[{"embeddable":true,"href":"https:\/\/www.liphatech.fr\/boutique\/wp-json\/wp\/v2\/media\/113277"}],"wp:attachment":[{"href":"https:\/\/www.liphatech.fr\/boutique\/wp-json\/wp\/v2\/media?parent=113273"}],"wp:term":[{"taxonomy":"product_brand","embeddable":true,"href":"https:\/\/www.liphatech.fr\/boutique\/wp-json\/wp\/v2\/product_brand?post=113273"},{"taxonomy":"product_cat","embeddable":true,"href":"https:\/\/www.liphatech.fr\/boutique\/wp-json\/wp\/v2\/product_cat?post=113273"},{"taxonomy":"product_tag","embeddable":true,"href":"https:\/\/www.liphatech.fr\/boutique\/wp-json\/wp\/v2\/product_tag?post=113273"}],"curies":[{"name":"wp","href":"https:\/\/api.w.org\/{rel}","templated":true}]}}