{"id":113688,"date":"2024-09-06T15:59:35","date_gmt":"2024-09-06T13:59:35","guid":{"rendered":"https:\/\/www.liphatech.fr\/boutique\/?post_type=product&#038;p=113688"},"modified":"2025-02-10T13:42:07","modified_gmt":"2025-02-10T12:42:07","slug":"raxit-seal","status":"publish","type":"product","link":"https:\/\/www.liphatech.fr\/boutique\/produit\/raxit-seal\/","title":{"rendered":"RAXIT SEAL"},"content":{"rendered":"<p><u>CARTON DE 1 ROULEAU DE 5 M : <\/u><\/p>\n<ul>\n<li>Dimensions Carton : 24.5 x 24.5 x 7.5 cm \u2013 Poids Brut CDT : 1.5 kg<\/li>\n<li>Palette de : 312 CARTONS \u2013 Dimensions Pal : 120 x 80 x 195 \u2013 Poids Pal Brut : 468 kg<\/li>\n<\/ul>\n","protected":false},"excerpt":{"rendered":"<p>La barri\u00e8re bi-mat\u00e9riaux anti-intrusion de rongeurs s&rsquo;adapte \u00e0 tous types de portes et de portails. Cette barri\u00e8re brevet\u00e9e allie un \u00e9lastom\u00e8re tr\u00e8s r\u00e9sistant, le Santopr\u00e8ne\u2122 et des fils d&rsquo;acier inoxydable sur toute la largeur du joint garantissant ainsi une \u00e9tanch\u00e9it\u00e9 unique et maximale.<\/p>\n<p>CE QUI FAIT LA DIFF\u00c9RENCE :<\/p>\n<ul>\n<li>Facile et rapide \u00e0 poser<\/li>\n<li>Economique : pas de chutes \u00e0 la d\u00e9coupe<\/li>\n<li>Facile \u00e0 nettoyer<\/li>\n<li>Polyvalent, utilisable dans des situations vari\u00e9es<\/li>\n<li>Mat\u00e9riaux non toxique et enti\u00e8rement recyclable<\/li>\n<li>R\u00e9sistant \u00e0 l&rsquo;usure et \u00e0 une utilisation intensive<\/li>\n<\/ul>\n<div id=\"picto-produit\"><img decoding=\"async\" src=\"https:\/\/www.liphatech.fr\/boutique\/\/wp-content\/uploads\/2024\/08\/logo-je-traite.png\" alt=\"\" \/><br \/>\n<img decoding=\"async\" src=\"https:\/\/www.liphatech.fr\/boutique\/\/wp-content\/uploads\/2024\/08\/icone-rats-souris.png\" alt=\"\" \/><\/div>\n","protected":false},"featured_media":113710,"comment_status":"open","ping_status":"closed","template":"","meta":{"_acf_changed":false,"_et_pb_use_builder":"off","_et_pb_old_content":"<u>CARTON DE 3 BARRES DE 2 m : <\/u>\r\n<ul>\r\n \t<li>Dimensions Carton : 201 x 10 x 10 cm \u2013 Poids Brut CDT\u00a0: 3 kg<\/li>\r\n \t<li>Palette de\u00a0: 42 CARTONS \u2013 Dimensions Pal\u00a0: 120 x 80 x 80 \u2013 Poids Pal Brut : 153,72 kg<\/li>\r\n<\/ul>","_et_gb_content_width":""},"product_brand":[],"product_cat":[132,164,142,178],"product_tag":[],"class_list":{"0":"post-113688","1":"product","2":"type-product","3":"status-publish","4":"has-post-thumbnail","6":"product_cat-anti-intrusion","7":"product_cat-je-traite-preventif","8":"product_cat-rats-souris","9":"product_cat-raxit","11":"first","12":"instock","13":"taxable","14":"shipping-taxable","15":"purchasable","16":"product-type-simple"},"acf":[],"yoast_head":"<!-- This site is optimized with the Yoast SEO plugin v26.5 - https:\/\/yoast.com\/wordpress\/plugins\/seo\/ -->\n<title>RAXIT SEAL - La Boutique LIPHATECH<\/title>\n<meta name=\"robots\" content=\"index, follow, max-snippet:-1, max-image-preview:large, max-video-preview:-1\" \/>\n<link rel=\"canonical\" href=\"https:\/\/www.liphatech.fr\/boutique\/produit\/raxit-seal\/\" \/>\n<meta property=\"og:locale\" content=\"fr_FR\" \/>\n<meta property=\"og:type\" content=\"article\" \/>\n<meta property=\"og:title\" content=\"RAXIT SEAL - La Boutique LIPHATECH\" \/>\n<meta property=\"og:description\" content=\"La barri\u00e8re bi-mat\u00e9riaux anti-intrusion de rongeurs s&#039;adapte \u00e0 tous types de portes et de portails. Cette barri\u00e8re brevet\u00e9e allie un \u00e9lastom\u00e8re tr\u00e8s r\u00e9sistant, le Santopr\u00e8ne\u2122 et des fils d&#039;acier inoxydable sur toute la largeur du joint garantissant ainsi une \u00e9tanch\u00e9it\u00e9 unique et maximale.  CE QUI FAIT LA DIFF\u00c9RENCE :   Facile et rapide \u00e0 poser  Economique : pas de chutes \u00e0 la d\u00e9coupe  Facile \u00e0 nettoyer  Polyvalent, utilisable dans des situations vari\u00e9es  Mat\u00e9riaux non toxique et enti\u00e8rement recyclable  R\u00e9sistant \u00e0 l&#039;usure et \u00e0 une utilisation intensive\" \/>\n<meta property=\"og:url\" content=\"https:\/\/www.liphatech.fr\/boutique\/produit\/raxit-seal\/\" \/>\n<meta property=\"og:site_name\" content=\"La Boutique LIPHATECH\" \/>\n<meta property=\"article:modified_time\" content=\"2025-02-10T12:42:07+00:00\" \/>\n<meta property=\"og:image\" content=\"https:\/\/www.liphatech.fr\/boutique\/wp-content\/uploads\/2025\/02\/RAXIT-SEAL-WEB.jpg\" \/>\n\t<meta property=\"og:image:width\" content=\"500\" \/>\n\t<meta property=\"og:image:height\" content=\"500\" \/>\n\t<meta property=\"og:image:type\" content=\"image\/jpeg\" \/>\n<meta name=\"twitter:card\" content=\"summary_large_image\" \/>\n<meta name=\"twitter:label1\" content=\"Dur\u00e9e de lecture estim\u00e9e\" \/>\n\t<meta name=\"twitter:data1\" content=\"1 minute\" \/>\n<script type=\"application\/ld+json\" class=\"yoast-schema-graph\">{\"@context\":\"https:\/\/schema.org\",\"@graph\":[{\"@type\":\"WebPage\",\"@id\":\"https:\/\/www.liphatech.fr\/boutique\/produit\/raxit-seal\/\",\"url\":\"https:\/\/www.liphatech.fr\/boutique\/produit\/raxit-seal\/\",\"name\":\"RAXIT SEAL - La Boutique LIPHATECH\",\"isPartOf\":{\"@id\":\"https:\/\/www.liphatech.fr\/boutique\/#website\"},\"primaryImageOfPage\":{\"@id\":\"https:\/\/www.liphatech.fr\/boutique\/produit\/raxit-seal\/#primaryimage\"},\"image\":{\"@id\":\"https:\/\/www.liphatech.fr\/boutique\/produit\/raxit-seal\/#primaryimage\"},\"thumbnailUrl\":\"https:\/\/www.liphatech.fr\/boutique\/wp-content\/uploads\/2025\/02\/RAXIT-SEAL-WEB.jpg\",\"datePublished\":\"2024-09-06T13:59:35+00:00\",\"dateModified\":\"2025-02-10T12:42:07+00:00\",\"breadcrumb\":{\"@id\":\"https:\/\/www.liphatech.fr\/boutique\/produit\/raxit-seal\/#breadcrumb\"},\"inLanguage\":\"fr-FR\",\"potentialAction\":[{\"@type\":\"ReadAction\",\"target\":[\"https:\/\/www.liphatech.fr\/boutique\/produit\/raxit-seal\/\"]}]},{\"@type\":\"ImageObject\",\"inLanguage\":\"fr-FR\",\"@id\":\"https:\/\/www.liphatech.fr\/boutique\/produit\/raxit-seal\/#primaryimage\",\"url\":\"https:\/\/www.liphatech.fr\/boutique\/wp-content\/uploads\/2025\/02\/RAXIT-SEAL-WEB.jpg\",\"contentUrl\":\"https:\/\/www.liphatech.fr\/boutique\/wp-content\/uploads\/2025\/02\/RAXIT-SEAL-WEB.jpg\",\"width\":500,\"height\":500},{\"@type\":\"BreadcrumbList\",\"@id\":\"https:\/\/www.liphatech.fr\/boutique\/produit\/raxit-seal\/#breadcrumb\",\"itemListElement\":[{\"@type\":\"ListItem\",\"position\":1,\"name\":\"Accueil\",\"item\":\"https:\/\/www.liphatech.fr\/boutique\/\"},{\"@type\":\"ListItem\",\"position\":2,\"name\":\"Boutique\",\"item\":\"https:\/\/www.liphatech.fr\/boutique\/boutique\/\"},{\"@type\":\"ListItem\",\"position\":3,\"name\":\"RAXIT SEAL\"}]},{\"@type\":\"WebSite\",\"@id\":\"https:\/\/www.liphatech.fr\/boutique\/#website\",\"url\":\"https:\/\/www.liphatech.fr\/boutique\/\",\"name\":\"La Boutique LIPHATECH\",\"description\":\"\",\"potentialAction\":[{\"@type\":\"SearchAction\",\"target\":{\"@type\":\"EntryPoint\",\"urlTemplate\":\"https:\/\/www.liphatech.fr\/boutique\/?s={search_term_string}\"},\"query-input\":{\"@type\":\"PropertyValueSpecification\",\"valueRequired\":true,\"valueName\":\"search_term_string\"}}],\"inLanguage\":\"fr-FR\"}]}<\/script>\n<!-- \/ Yoast SEO plugin. -->","yoast_head_json":{"title":"RAXIT SEAL - La Boutique LIPHATECH","robots":{"index":"index","follow":"follow","max-snippet":"max-snippet:-1","max-image-preview":"max-image-preview:large","max-video-preview":"max-video-preview:-1"},"canonical":"https:\/\/www.liphatech.fr\/boutique\/produit\/raxit-seal\/","og_locale":"fr_FR","og_type":"article","og_title":"RAXIT SEAL - La Boutique LIPHATECH","og_description":"La barri\u00e8re bi-mat\u00e9riaux anti-intrusion de rongeurs s'adapte \u00e0 tous types de portes et de portails. Cette barri\u00e8re brevet\u00e9e allie un \u00e9lastom\u00e8re tr\u00e8s r\u00e9sistant, le Santopr\u00e8ne\u2122 et des fils d'acier inoxydable sur toute la largeur du joint garantissant ainsi une \u00e9tanch\u00e9it\u00e9 unique et maximale.  CE QUI FAIT LA DIFF\u00c9RENCE :   Facile et rapide \u00e0 poser  Economique : pas de chutes \u00e0 la d\u00e9coupe  Facile \u00e0 nettoyer  Polyvalent, utilisable dans des situations vari\u00e9es  Mat\u00e9riaux non toxique et enti\u00e8rement recyclable  R\u00e9sistant \u00e0 l'usure et \u00e0 une utilisation intensive","og_url":"https:\/\/www.liphatech.fr\/boutique\/produit\/raxit-seal\/","og_site_name":"La Boutique LIPHATECH","article_modified_time":"2025-02-10T12:42:07+00:00","og_image":[{"width":500,"height":500,"url":"https:\/\/www.liphatech.fr\/boutique\/wp-content\/uploads\/2025\/02\/RAXIT-SEAL-WEB.jpg","type":"image\/jpeg"}],"twitter_card":"summary_large_image","twitter_misc":{"Dur\u00e9e de lecture estim\u00e9e":"1 minute"},"schema":{"@context":"https:\/\/schema.org","@graph":[{"@type":"WebPage","@id":"https:\/\/www.liphatech.fr\/boutique\/produit\/raxit-seal\/","url":"https:\/\/www.liphatech.fr\/boutique\/produit\/raxit-seal\/","name":"RAXIT SEAL - La Boutique LIPHATECH","isPartOf":{"@id":"https:\/\/www.liphatech.fr\/boutique\/#website"},"primaryImageOfPage":{"@id":"https:\/\/www.liphatech.fr\/boutique\/produit\/raxit-seal\/#primaryimage"},"image":{"@id":"https:\/\/www.liphatech.fr\/boutique\/produit\/raxit-seal\/#primaryimage"},"thumbnailUrl":"https:\/\/www.liphatech.fr\/boutique\/wp-content\/uploads\/2025\/02\/RAXIT-SEAL-WEB.jpg","datePublished":"2024-09-06T13:59:35+00:00","dateModified":"2025-02-10T12:42:07+00:00","breadcrumb":{"@id":"https:\/\/www.liphatech.fr\/boutique\/produit\/raxit-seal\/#breadcrumb"},"inLanguage":"fr-FR","potentialAction":[{"@type":"ReadAction","target":["https:\/\/www.liphatech.fr\/boutique\/produit\/raxit-seal\/"]}]},{"@type":"ImageObject","inLanguage":"fr-FR","@id":"https:\/\/www.liphatech.fr\/boutique\/produit\/raxit-seal\/#primaryimage","url":"https:\/\/www.liphatech.fr\/boutique\/wp-content\/uploads\/2025\/02\/RAXIT-SEAL-WEB.jpg","contentUrl":"https:\/\/www.liphatech.fr\/boutique\/wp-content\/uploads\/2025\/02\/RAXIT-SEAL-WEB.jpg","width":500,"height":500},{"@type":"BreadcrumbList","@id":"https:\/\/www.liphatech.fr\/boutique\/produit\/raxit-seal\/#breadcrumb","itemListElement":[{"@type":"ListItem","position":1,"name":"Accueil","item":"https:\/\/www.liphatech.fr\/boutique\/"},{"@type":"ListItem","position":2,"name":"Boutique","item":"https:\/\/www.liphatech.fr\/boutique\/boutique\/"},{"@type":"ListItem","position":3,"name":"RAXIT SEAL"}]},{"@type":"WebSite","@id":"https:\/\/www.liphatech.fr\/boutique\/#website","url":"https:\/\/www.liphatech.fr\/boutique\/","name":"La Boutique LIPHATECH","description":"","potentialAction":[{"@type":"SearchAction","target":{"@type":"EntryPoint","urlTemplate":"https:\/\/www.liphatech.fr\/boutique\/?s={search_term_string}"},"query-input":{"@type":"PropertyValueSpecification","valueRequired":true,"valueName":"search_term_string"}}],"inLanguage":"fr-FR"}]}},"_links":{"self":[{"href":"https:\/\/www.liphatech.fr\/boutique\/wp-json\/wp\/v2\/product\/113688","targetHints":{"allow":["GET"]}}],"collection":[{"href":"https:\/\/www.liphatech.fr\/boutique\/wp-json\/wp\/v2\/product"}],"about":[{"href":"https:\/\/www.liphatech.fr\/boutique\/wp-json\/wp\/v2\/types\/product"}],"replies":[{"embeddable":true,"href":"https:\/\/www.liphatech.fr\/boutique\/wp-json\/wp\/v2\/comments?post=113688"}],"wp:featuredmedia":[{"embeddable":true,"href":"https:\/\/www.liphatech.fr\/boutique\/wp-json\/wp\/v2\/media\/113710"}],"wp:attachment":[{"href":"https:\/\/www.liphatech.fr\/boutique\/wp-json\/wp\/v2\/media?parent=113688"}],"wp:term":[{"taxonomy":"product_brand","embeddable":true,"href":"https:\/\/www.liphatech.fr\/boutique\/wp-json\/wp\/v2\/product_brand?post=113688"},{"taxonomy":"product_cat","embeddable":true,"href":"https:\/\/www.liphatech.fr\/boutique\/wp-json\/wp\/v2\/product_cat?post=113688"},{"taxonomy":"product_tag","embeddable":true,"href":"https:\/\/www.liphatech.fr\/boutique\/wp-json\/wp\/v2\/product_tag?post=113688"}],"curies":[{"name":"wp","href":"https:\/\/api.w.org\/{rel}","templated":true}]}}