{"id":113712,"date":"2024-09-07T08:48:33","date_gmt":"2024-09-07T06:48:33","guid":{"rendered":"https:\/\/www.liphatech.fr\/boutique\/?post_type=product&#038;p=113712"},"modified":"2026-04-30T14:39:13","modified_gmt":"2026-04-30T12:39:13","slug":"raxit-ready-to-use","status":"publish","type":"product","link":"https:\/\/www.liphatech.fr\/boutique\/produit\/raxit-ready-to-use\/","title":{"rendered":"RAXIT READY TO USE"},"content":{"rendered":"<p><u>CARTON DE 5 BARRES DE 1 M : <\/u><\/p>\n<ul>\n<li>Dimensions Carton : 110 x 8 x 4 cm \u2013 Poids Brut CDT : 2.35 kg<\/li>\n<li>Palette de : 160 CARTONS \u2013 Dimensions Pal : 120 x 80 x 180 \u2013 Poids Pal Brut : 340 kg<\/li>\n<\/ul>\n","protected":false},"excerpt":{"rendered":"<p>La barri\u00e8re bi-mat\u00e9riaux anti-intrusion de rongeurs est pr\u00eat \u00e0 l&#8217;emploi gr\u00e2ce \u00e0 sa barre en aluminium (1 m) pr\u00e9-perc\u00e9e l&rsquo;installation est tr\u00e8s rapide. Cette barri\u00e8re brevet\u00e9e allie un \u00e9lastom\u00e8re tr\u00e8s r\u00e9sistant, le Santopr\u00e8ne\u2122 et des fils d\u2019acier inoxydable pour s&rsquo;adapter \u00e0 n&rsquo;importe quelle surface garantissant ainsi une \u00e9tanch\u00e9it\u00e9 maximale.<\/p>\n<p>CE QUI FAIT LA DIFF\u00c9RENCE :<\/p>\n<ul>\n<li>Pr\u00eat \u00e0 l&#8217;emploi pour une installation rapide<\/li>\n<li>Facile \u00e0 nettoyer<\/li>\n<li>Mat\u00e9riaux non toxique de 1\u00e8re qualit\u00e9<\/li>\n<li>Enti\u00e8rement recyclable<\/li>\n<li>R\u00e9sistant \u00e0 l&rsquo;usure et \u00e0 une utilisation intensive<\/li>\n<\/ul>\n<div id=\"picto-produit\"><img decoding=\"async\" src=\"https:\/\/www.liphatech.fr\/boutique\/\/wp-content\/uploads\/2024\/08\/logo-je-traite.png\" alt=\"\" \/><br \/>\n<img decoding=\"async\" src=\"https:\/\/www.liphatech.fr\/boutique\/\/wp-content\/uploads\/2024\/08\/icone-rats-souris.png\" alt=\"\" \/><\/div>\n","protected":false},"featured_media":113722,"comment_status":"open","ping_status":"closed","template":"","meta":{"_acf_changed":false,"_et_pb_use_builder":"off","_et_pb_old_content":"<u>CARTON DE 5 BARRES DE 1 M : <\/u>\r\n<ul>\r\n \t<li>Dimensions Carton : 110 x 8 x 4 cm \u2013 Poids Brut CDT : 2.35 kg<\/li>\r\n \t<li>Palette de : 160 CARTONS \u2013 Dimensions Pal : 120 x 80 x 180 \u2013 Poids Pal Brut : 340 kg<\/li>\r\n<\/ul>","_et_gb_content_width":"","footnotes":""},"product_brand":[],"product_cat":[132,164,142,178],"product_tag":[],"class_list":{"0":"post-113712","1":"product","2":"type-product","3":"status-publish","4":"has-post-thumbnail","6":"product_cat-anti-intrusion","7":"product_cat-je-traite-preventif","8":"product_cat-rats-souris","9":"product_cat-raxit","11":"first","12":"instock","13":"taxable","14":"shipping-taxable","15":"purchasable","16":"product-type-simple"},"acf":[],"yoast_head":"<!-- This site is optimized with the Yoast SEO plugin v26.5 - https:\/\/yoast.com\/wordpress\/plugins\/seo\/ -->\n<title>RAXIT READY TO USE - La Boutique LIPHATECH<\/title>\n<meta name=\"robots\" content=\"index, follow, max-snippet:-1, max-image-preview:large, max-video-preview:-1\" \/>\n<link rel=\"canonical\" href=\"https:\/\/www.liphatech.fr\/boutique\/produit\/raxit-ready-to-use\/\" \/>\n<meta property=\"og:locale\" content=\"fr_FR\" \/>\n<meta property=\"og:type\" content=\"article\" \/>\n<meta property=\"og:title\" content=\"RAXIT READY TO USE - La Boutique LIPHATECH\" \/>\n<meta property=\"og:description\" content=\"La barri\u00e8re bi-mat\u00e9riaux anti-intrusion de rongeurs est pr\u00eat \u00e0 l&#039;emploi gr\u00e2ce \u00e0 sa barre en aluminium (1 m) pr\u00e9-perc\u00e9e l&#039;installation est tr\u00e8s rapide. Cette barri\u00e8re brevet\u00e9e allie un \u00e9lastom\u00e8re tr\u00e8s r\u00e9sistant, le Santopr\u00e8ne\u2122 et des fils d\u2019acier inoxydable pour s&#039;adapter \u00e0 n&#039;importe quelle surface garantissant ainsi une \u00e9tanch\u00e9it\u00e9 maximale.  CE QUI FAIT LA DIFF\u00c9RENCE :   Pr\u00eat \u00e0 l&#039;emploi pour une installation rapide  Facile \u00e0 nettoyer  Mat\u00e9riaux non toxique de 1\u00e8re qualit\u00e9  Enti\u00e8rement recyclable  R\u00e9sistant \u00e0 l&#039;usure et \u00e0 une utilisation intensive\" \/>\n<meta property=\"og:url\" content=\"https:\/\/www.liphatech.fr\/boutique\/produit\/raxit-ready-to-use\/\" \/>\n<meta property=\"og:site_name\" content=\"La Boutique LIPHATECH\" \/>\n<meta property=\"article:modified_time\" content=\"2026-04-30T12:39:13+00:00\" \/>\n<meta property=\"og:image\" content=\"https:\/\/www.liphatech.fr\/boutique\/wp-content\/uploads\/2025\/02\/Ajouter-un-sous-titre3.png\" \/>\n\t<meta property=\"og:image:width\" content=\"500\" \/>\n\t<meta property=\"og:image:height\" content=\"500\" \/>\n\t<meta property=\"og:image:type\" content=\"image\/png\" \/>\n<meta name=\"twitter:card\" content=\"summary_large_image\" \/>\n<meta name=\"twitter:label1\" content=\"Dur\u00e9e de lecture estim\u00e9e\" \/>\n\t<meta name=\"twitter:data1\" content=\"1 minute\" \/>\n<script type=\"application\/ld+json\" class=\"yoast-schema-graph\">{\"@context\":\"https:\/\/schema.org\",\"@graph\":[{\"@type\":\"WebPage\",\"@id\":\"https:\/\/www.liphatech.fr\/boutique\/produit\/raxit-ready-to-use\/\",\"url\":\"https:\/\/www.liphatech.fr\/boutique\/produit\/raxit-ready-to-use\/\",\"name\":\"RAXIT READY TO USE - La Boutique LIPHATECH\",\"isPartOf\":{\"@id\":\"https:\/\/www.liphatech.fr\/boutique\/#website\"},\"primaryImageOfPage\":{\"@id\":\"https:\/\/www.liphatech.fr\/boutique\/produit\/raxit-ready-to-use\/#primaryimage\"},\"image\":{\"@id\":\"https:\/\/www.liphatech.fr\/boutique\/produit\/raxit-ready-to-use\/#primaryimage\"},\"thumbnailUrl\":\"https:\/\/www.liphatech.fr\/boutique\/wp-content\/uploads\/2025\/02\/Ajouter-un-sous-titre3.png\",\"datePublished\":\"2024-09-07T06:48:33+00:00\",\"dateModified\":\"2026-04-30T12:39:13+00:00\",\"breadcrumb\":{\"@id\":\"https:\/\/www.liphatech.fr\/boutique\/produit\/raxit-ready-to-use\/#breadcrumb\"},\"inLanguage\":\"fr-FR\",\"potentialAction\":[{\"@type\":\"ReadAction\",\"target\":[\"https:\/\/www.liphatech.fr\/boutique\/produit\/raxit-ready-to-use\/\"]}]},{\"@type\":\"ImageObject\",\"inLanguage\":\"fr-FR\",\"@id\":\"https:\/\/www.liphatech.fr\/boutique\/produit\/raxit-ready-to-use\/#primaryimage\",\"url\":\"https:\/\/www.liphatech.fr\/boutique\/wp-content\/uploads\/2025\/02\/Ajouter-un-sous-titre3.png\",\"contentUrl\":\"https:\/\/www.liphatech.fr\/boutique\/wp-content\/uploads\/2025\/02\/Ajouter-un-sous-titre3.png\",\"width\":500,\"height\":500},{\"@type\":\"BreadcrumbList\",\"@id\":\"https:\/\/www.liphatech.fr\/boutique\/produit\/raxit-ready-to-use\/#breadcrumb\",\"itemListElement\":[{\"@type\":\"ListItem\",\"position\":1,\"name\":\"Accueil\",\"item\":\"https:\/\/www.liphatech.fr\/boutique\/\"},{\"@type\":\"ListItem\",\"position\":2,\"name\":\"Boutique\",\"item\":\"https:\/\/www.liphatech.fr\/boutique\/boutique\/\"},{\"@type\":\"ListItem\",\"position\":3,\"name\":\"RAXIT READY TO USE\"}]},{\"@type\":\"WebSite\",\"@id\":\"https:\/\/www.liphatech.fr\/boutique\/#website\",\"url\":\"https:\/\/www.liphatech.fr\/boutique\/\",\"name\":\"La Boutique LIPHATECH\",\"description\":\"\",\"potentialAction\":[{\"@type\":\"SearchAction\",\"target\":{\"@type\":\"EntryPoint\",\"urlTemplate\":\"https:\/\/www.liphatech.fr\/boutique\/?s={search_term_string}\"},\"query-input\":{\"@type\":\"PropertyValueSpecification\",\"valueRequired\":true,\"valueName\":\"search_term_string\"}}],\"inLanguage\":\"fr-FR\"}]}<\/script>\n<!-- \/ Yoast SEO plugin. -->","yoast_head_json":{"title":"RAXIT READY TO USE - La Boutique LIPHATECH","robots":{"index":"index","follow":"follow","max-snippet":"max-snippet:-1","max-image-preview":"max-image-preview:large","max-video-preview":"max-video-preview:-1"},"canonical":"https:\/\/www.liphatech.fr\/boutique\/produit\/raxit-ready-to-use\/","og_locale":"fr_FR","og_type":"article","og_title":"RAXIT READY TO USE - La Boutique LIPHATECH","og_description":"La barri\u00e8re bi-mat\u00e9riaux anti-intrusion de rongeurs est pr\u00eat \u00e0 l'emploi gr\u00e2ce \u00e0 sa barre en aluminium (1 m) pr\u00e9-perc\u00e9e l'installation est tr\u00e8s rapide. Cette barri\u00e8re brevet\u00e9e allie un \u00e9lastom\u00e8re tr\u00e8s r\u00e9sistant, le Santopr\u00e8ne\u2122 et des fils d\u2019acier inoxydable pour s'adapter \u00e0 n'importe quelle surface garantissant ainsi une \u00e9tanch\u00e9it\u00e9 maximale.  CE QUI FAIT LA DIFF\u00c9RENCE :   Pr\u00eat \u00e0 l'emploi pour une installation rapide  Facile \u00e0 nettoyer  Mat\u00e9riaux non toxique de 1\u00e8re qualit\u00e9  Enti\u00e8rement recyclable  R\u00e9sistant \u00e0 l'usure et \u00e0 une utilisation intensive","og_url":"https:\/\/www.liphatech.fr\/boutique\/produit\/raxit-ready-to-use\/","og_site_name":"La Boutique LIPHATECH","article_modified_time":"2026-04-30T12:39:13+00:00","og_image":[{"width":500,"height":500,"url":"https:\/\/www.liphatech.fr\/boutique\/wp-content\/uploads\/2025\/02\/Ajouter-un-sous-titre3.png","type":"image\/png"}],"twitter_card":"summary_large_image","twitter_misc":{"Dur\u00e9e de lecture estim\u00e9e":"1 minute"},"schema":{"@context":"https:\/\/schema.org","@graph":[{"@type":"WebPage","@id":"https:\/\/www.liphatech.fr\/boutique\/produit\/raxit-ready-to-use\/","url":"https:\/\/www.liphatech.fr\/boutique\/produit\/raxit-ready-to-use\/","name":"RAXIT READY TO USE - La Boutique LIPHATECH","isPartOf":{"@id":"https:\/\/www.liphatech.fr\/boutique\/#website"},"primaryImageOfPage":{"@id":"https:\/\/www.liphatech.fr\/boutique\/produit\/raxit-ready-to-use\/#primaryimage"},"image":{"@id":"https:\/\/www.liphatech.fr\/boutique\/produit\/raxit-ready-to-use\/#primaryimage"},"thumbnailUrl":"https:\/\/www.liphatech.fr\/boutique\/wp-content\/uploads\/2025\/02\/Ajouter-un-sous-titre3.png","datePublished":"2024-09-07T06:48:33+00:00","dateModified":"2026-04-30T12:39:13+00:00","breadcrumb":{"@id":"https:\/\/www.liphatech.fr\/boutique\/produit\/raxit-ready-to-use\/#breadcrumb"},"inLanguage":"fr-FR","potentialAction":[{"@type":"ReadAction","target":["https:\/\/www.liphatech.fr\/boutique\/produit\/raxit-ready-to-use\/"]}]},{"@type":"ImageObject","inLanguage":"fr-FR","@id":"https:\/\/www.liphatech.fr\/boutique\/produit\/raxit-ready-to-use\/#primaryimage","url":"https:\/\/www.liphatech.fr\/boutique\/wp-content\/uploads\/2025\/02\/Ajouter-un-sous-titre3.png","contentUrl":"https:\/\/www.liphatech.fr\/boutique\/wp-content\/uploads\/2025\/02\/Ajouter-un-sous-titre3.png","width":500,"height":500},{"@type":"BreadcrumbList","@id":"https:\/\/www.liphatech.fr\/boutique\/produit\/raxit-ready-to-use\/#breadcrumb","itemListElement":[{"@type":"ListItem","position":1,"name":"Accueil","item":"https:\/\/www.liphatech.fr\/boutique\/"},{"@type":"ListItem","position":2,"name":"Boutique","item":"https:\/\/www.liphatech.fr\/boutique\/boutique\/"},{"@type":"ListItem","position":3,"name":"RAXIT READY TO USE"}]},{"@type":"WebSite","@id":"https:\/\/www.liphatech.fr\/boutique\/#website","url":"https:\/\/www.liphatech.fr\/boutique\/","name":"La Boutique LIPHATECH","description":"","potentialAction":[{"@type":"SearchAction","target":{"@type":"EntryPoint","urlTemplate":"https:\/\/www.liphatech.fr\/boutique\/?s={search_term_string}"},"query-input":{"@type":"PropertyValueSpecification","valueRequired":true,"valueName":"search_term_string"}}],"inLanguage":"fr-FR"}]}},"_links":{"self":[{"href":"https:\/\/www.liphatech.fr\/boutique\/wp-json\/wp\/v2\/product\/113712","targetHints":{"allow":["GET"]}}],"collection":[{"href":"https:\/\/www.liphatech.fr\/boutique\/wp-json\/wp\/v2\/product"}],"about":[{"href":"https:\/\/www.liphatech.fr\/boutique\/wp-json\/wp\/v2\/types\/product"}],"replies":[{"embeddable":true,"href":"https:\/\/www.liphatech.fr\/boutique\/wp-json\/wp\/v2\/comments?post=113712"}],"version-history":[{"count":2,"href":"https:\/\/www.liphatech.fr\/boutique\/wp-json\/wp\/v2\/product\/113712\/revisions"}],"predecessor-version":[{"id":115709,"href":"https:\/\/www.liphatech.fr\/boutique\/wp-json\/wp\/v2\/product\/113712\/revisions\/115709"}],"wp:featuredmedia":[{"embeddable":true,"href":"https:\/\/www.liphatech.fr\/boutique\/wp-json\/wp\/v2\/media\/113722"}],"wp:attachment":[{"href":"https:\/\/www.liphatech.fr\/boutique\/wp-json\/wp\/v2\/media?parent=113712"}],"wp:term":[{"taxonomy":"product_brand","embeddable":true,"href":"https:\/\/www.liphatech.fr\/boutique\/wp-json\/wp\/v2\/product_brand?post=113712"},{"taxonomy":"product_cat","embeddable":true,"href":"https:\/\/www.liphatech.fr\/boutique\/wp-json\/wp\/v2\/product_cat?post=113712"},{"taxonomy":"product_tag","embeddable":true,"href":"https:\/\/www.liphatech.fr\/boutique\/wp-json\/wp\/v2\/product_tag?post=113712"}],"curies":[{"name":"wp","href":"https:\/\/api.w.org\/{rel}","templated":true}]}}