{"id":113822,"date":"2024-02-12T11:06:14","date_gmt":"2024-02-12T10:06:14","guid":{"rendered":"https:\/\/www.liphatech.fr\/boutique\/?post_type=product&#038;p=113822"},"modified":"2025-10-15T11:11:03","modified_gmt":"2025-10-15T09:11:03","slug":"tapette-kness-rat","status":"publish","type":"product","link":"https:\/\/www.liphatech.fr\/boutique\/produit\/tapette-kness-rat\/","title":{"rendered":"TAPETTE KNESS RAT"},"content":{"rendered":"<p><u>CARTON DE 12 tapettes Rat :<\/u><\/p>\n<ul>\n<li>Dimensions carton : 36,1 x19,1 x 19,7 cm \u2013 Poids Brut CDT\u00a0: 1,44 kg<\/li>\n<li>Palette de\u00a0: 66 CARTONS \u2013 Dimensions Pal\u00a0: 120 x 80 x 143 \u2013 Poids Pal Brut : 115,04 kg<\/li>\n<\/ul>\n","protected":false},"excerpt":{"rendered":"<p>Tapette KNESS RAT, pr\u00eate \u00e0 l&#8217;emploi et compatible avec le poste ALL IN BOX\u00ae et AEGIS\u00ae BOX<\/p>\n<p>CE QUI FAIT LA DIFF\u00c9RENCE :<\/p>\n<ul>\n<li>Robuste (qualit\u00e9 Kness)<\/li>\n<li>Pr\u00eat \u00e0 l\u2019emploi<\/li>\n<li>Efficace<\/li>\n<\/ul>\n<div id=\"picto-produit\"><img decoding=\"async\" src=\"https:\/\/www.liphatech.fr\/boutique\/\/wp-content\/uploads\/2024\/08\/icone-rats.png\" alt=\"\" \/><\/div>\n","protected":false},"featured_media":111169,"comment_status":"open","ping_status":"closed","template":"","meta":{"_acf_changed":false,"_et_pb_use_builder":"","_et_pb_old_content":"","_et_gb_content_width":""},"product_brand":[],"product_cat":[166,165,170,133,142],"product_tag":[],"class_list":{"0":"post-113822","1":"product","2":"type-product","3":"status-publish","4":"has-post-thumbnail","6":"product_cat-je-surveille","7":"product_cat-je-traite-curatif","8":"product_cat-pdts-accessoires","9":"product_cat-pieges","10":"product_cat-rats-souris","12":"first","13":"instock","14":"taxable","15":"shipping-taxable","16":"purchasable","17":"product-type-simple"},"acf":[],"yoast_head":"<!-- This site is optimized with the Yoast SEO plugin v26.5 - https:\/\/yoast.com\/wordpress\/plugins\/seo\/ -->\n<title>TAPETTE KNESS RAT - La Boutique LIPHATECH<\/title>\n<meta name=\"robots\" content=\"index, follow, max-snippet:-1, max-image-preview:large, max-video-preview:-1\" \/>\n<link rel=\"canonical\" href=\"https:\/\/www.liphatech.fr\/boutique\/produit\/tapette-kness-rat\/\" \/>\n<meta property=\"og:locale\" content=\"fr_FR\" \/>\n<meta property=\"og:type\" content=\"article\" \/>\n<meta property=\"og:title\" content=\"TAPETTE KNESS RAT - La Boutique LIPHATECH\" \/>\n<meta property=\"og:description\" content=\"Tapette KNESS RAT, pr\u00eate \u00e0 l&#039;emploi et compatible avec le poste ALL IN BOX\u00ae et AEGIS\u00ae BOX  CE QUI FAIT LA DIFF\u00c9RENCE :   Robuste (qualit\u00e9 Kness)  Pr\u00eat \u00e0 l\u2019emploi  Efficace\" \/>\n<meta property=\"og:url\" content=\"https:\/\/www.liphatech.fr\/boutique\/produit\/tapette-kness-rat\/\" \/>\n<meta property=\"og:site_name\" content=\"La Boutique LIPHATECH\" \/>\n<meta property=\"article:modified_time\" content=\"2025-10-15T09:11:03+00:00\" \/>\n<meta property=\"og:image\" content=\"https:\/\/www.liphatech.fr\/boutique\/wp-content\/uploads\/2024\/03\/80006399-TAPETTE-RAT-KNESS-FACE.webp\" \/>\n\t<meta property=\"og:image:width\" content=\"500\" \/>\n\t<meta property=\"og:image:height\" content=\"500\" \/>\n\t<meta property=\"og:image:type\" content=\"image\/webp\" \/>\n<meta name=\"twitter:card\" content=\"summary_large_image\" \/>\n<meta name=\"twitter:label1\" content=\"Dur\u00e9e de lecture estim\u00e9e\" \/>\n\t<meta name=\"twitter:data1\" content=\"1 minute\" \/>\n<script type=\"application\/ld+json\" class=\"yoast-schema-graph\">{\"@context\":\"https:\/\/schema.org\",\"@graph\":[{\"@type\":\"WebPage\",\"@id\":\"https:\/\/www.liphatech.fr\/boutique\/produit\/tapette-kness-rat\/\",\"url\":\"https:\/\/www.liphatech.fr\/boutique\/produit\/tapette-kness-rat\/\",\"name\":\"TAPETTE KNESS RAT - La Boutique LIPHATECH\",\"isPartOf\":{\"@id\":\"https:\/\/www.liphatech.fr\/boutique\/#website\"},\"primaryImageOfPage\":{\"@id\":\"https:\/\/www.liphatech.fr\/boutique\/produit\/tapette-kness-rat\/#primaryimage\"},\"image\":{\"@id\":\"https:\/\/www.liphatech.fr\/boutique\/produit\/tapette-kness-rat\/#primaryimage\"},\"thumbnailUrl\":\"https:\/\/www.liphatech.fr\/boutique\/wp-content\/uploads\/2024\/03\/80006399-TAPETTE-RAT-KNESS-FACE.webp\",\"datePublished\":\"2024-02-12T10:06:14+00:00\",\"dateModified\":\"2025-10-15T09:11:03+00:00\",\"breadcrumb\":{\"@id\":\"https:\/\/www.liphatech.fr\/boutique\/produit\/tapette-kness-rat\/#breadcrumb\"},\"inLanguage\":\"fr-FR\",\"potentialAction\":[{\"@type\":\"ReadAction\",\"target\":[\"https:\/\/www.liphatech.fr\/boutique\/produit\/tapette-kness-rat\/\"]}]},{\"@type\":\"ImageObject\",\"inLanguage\":\"fr-FR\",\"@id\":\"https:\/\/www.liphatech.fr\/boutique\/produit\/tapette-kness-rat\/#primaryimage\",\"url\":\"https:\/\/www.liphatech.fr\/boutique\/wp-content\/uploads\/2024\/03\/80006399-TAPETTE-RAT-KNESS-FACE.webp\",\"contentUrl\":\"https:\/\/www.liphatech.fr\/boutique\/wp-content\/uploads\/2024\/03\/80006399-TAPETTE-RAT-KNESS-FACE.webp\",\"width\":500,\"height\":500},{\"@type\":\"BreadcrumbList\",\"@id\":\"https:\/\/www.liphatech.fr\/boutique\/produit\/tapette-kness-rat\/#breadcrumb\",\"itemListElement\":[{\"@type\":\"ListItem\",\"position\":1,\"name\":\"Accueil\",\"item\":\"https:\/\/www.liphatech.fr\/boutique\/\"},{\"@type\":\"ListItem\",\"position\":2,\"name\":\"Boutique\",\"item\":\"https:\/\/www.liphatech.fr\/boutique\/boutique\/\"},{\"@type\":\"ListItem\",\"position\":3,\"name\":\"TAPETTE KNESS RAT\"}]},{\"@type\":\"WebSite\",\"@id\":\"https:\/\/www.liphatech.fr\/boutique\/#website\",\"url\":\"https:\/\/www.liphatech.fr\/boutique\/\",\"name\":\"La Boutique LIPHATECH\",\"description\":\"\",\"potentialAction\":[{\"@type\":\"SearchAction\",\"target\":{\"@type\":\"EntryPoint\",\"urlTemplate\":\"https:\/\/www.liphatech.fr\/boutique\/?s={search_term_string}\"},\"query-input\":{\"@type\":\"PropertyValueSpecification\",\"valueRequired\":true,\"valueName\":\"search_term_string\"}}],\"inLanguage\":\"fr-FR\"}]}<\/script>\n<!-- \/ Yoast SEO plugin. -->","yoast_head_json":{"title":"TAPETTE KNESS RAT - La Boutique LIPHATECH","robots":{"index":"index","follow":"follow","max-snippet":"max-snippet:-1","max-image-preview":"max-image-preview:large","max-video-preview":"max-video-preview:-1"},"canonical":"https:\/\/www.liphatech.fr\/boutique\/produit\/tapette-kness-rat\/","og_locale":"fr_FR","og_type":"article","og_title":"TAPETTE KNESS RAT - La Boutique LIPHATECH","og_description":"Tapette KNESS RAT, pr\u00eate \u00e0 l'emploi et compatible avec le poste ALL IN BOX\u00ae et AEGIS\u00ae BOX  CE QUI FAIT LA DIFF\u00c9RENCE :   Robuste (qualit\u00e9 Kness)  Pr\u00eat \u00e0 l\u2019emploi  Efficace","og_url":"https:\/\/www.liphatech.fr\/boutique\/produit\/tapette-kness-rat\/","og_site_name":"La Boutique LIPHATECH","article_modified_time":"2025-10-15T09:11:03+00:00","og_image":[{"width":500,"height":500,"url":"https:\/\/www.liphatech.fr\/boutique\/wp-content\/uploads\/2024\/03\/80006399-TAPETTE-RAT-KNESS-FACE.webp","type":"image\/webp"}],"twitter_card":"summary_large_image","twitter_misc":{"Dur\u00e9e de lecture estim\u00e9e":"1 minute"},"schema":{"@context":"https:\/\/schema.org","@graph":[{"@type":"WebPage","@id":"https:\/\/www.liphatech.fr\/boutique\/produit\/tapette-kness-rat\/","url":"https:\/\/www.liphatech.fr\/boutique\/produit\/tapette-kness-rat\/","name":"TAPETTE KNESS RAT - La Boutique LIPHATECH","isPartOf":{"@id":"https:\/\/www.liphatech.fr\/boutique\/#website"},"primaryImageOfPage":{"@id":"https:\/\/www.liphatech.fr\/boutique\/produit\/tapette-kness-rat\/#primaryimage"},"image":{"@id":"https:\/\/www.liphatech.fr\/boutique\/produit\/tapette-kness-rat\/#primaryimage"},"thumbnailUrl":"https:\/\/www.liphatech.fr\/boutique\/wp-content\/uploads\/2024\/03\/80006399-TAPETTE-RAT-KNESS-FACE.webp","datePublished":"2024-02-12T10:06:14+00:00","dateModified":"2025-10-15T09:11:03+00:00","breadcrumb":{"@id":"https:\/\/www.liphatech.fr\/boutique\/produit\/tapette-kness-rat\/#breadcrumb"},"inLanguage":"fr-FR","potentialAction":[{"@type":"ReadAction","target":["https:\/\/www.liphatech.fr\/boutique\/produit\/tapette-kness-rat\/"]}]},{"@type":"ImageObject","inLanguage":"fr-FR","@id":"https:\/\/www.liphatech.fr\/boutique\/produit\/tapette-kness-rat\/#primaryimage","url":"https:\/\/www.liphatech.fr\/boutique\/wp-content\/uploads\/2024\/03\/80006399-TAPETTE-RAT-KNESS-FACE.webp","contentUrl":"https:\/\/www.liphatech.fr\/boutique\/wp-content\/uploads\/2024\/03\/80006399-TAPETTE-RAT-KNESS-FACE.webp","width":500,"height":500},{"@type":"BreadcrumbList","@id":"https:\/\/www.liphatech.fr\/boutique\/produit\/tapette-kness-rat\/#breadcrumb","itemListElement":[{"@type":"ListItem","position":1,"name":"Accueil","item":"https:\/\/www.liphatech.fr\/boutique\/"},{"@type":"ListItem","position":2,"name":"Boutique","item":"https:\/\/www.liphatech.fr\/boutique\/boutique\/"},{"@type":"ListItem","position":3,"name":"TAPETTE KNESS RAT"}]},{"@type":"WebSite","@id":"https:\/\/www.liphatech.fr\/boutique\/#website","url":"https:\/\/www.liphatech.fr\/boutique\/","name":"La Boutique LIPHATECH","description":"","potentialAction":[{"@type":"SearchAction","target":{"@type":"EntryPoint","urlTemplate":"https:\/\/www.liphatech.fr\/boutique\/?s={search_term_string}"},"query-input":{"@type":"PropertyValueSpecification","valueRequired":true,"valueName":"search_term_string"}}],"inLanguage":"fr-FR"}]}},"_links":{"self":[{"href":"https:\/\/www.liphatech.fr\/boutique\/wp-json\/wp\/v2\/product\/113822","targetHints":{"allow":["GET"]}}],"collection":[{"href":"https:\/\/www.liphatech.fr\/boutique\/wp-json\/wp\/v2\/product"}],"about":[{"href":"https:\/\/www.liphatech.fr\/boutique\/wp-json\/wp\/v2\/types\/product"}],"replies":[{"embeddable":true,"href":"https:\/\/www.liphatech.fr\/boutique\/wp-json\/wp\/v2\/comments?post=113822"}],"wp:featuredmedia":[{"embeddable":true,"href":"https:\/\/www.liphatech.fr\/boutique\/wp-json\/wp\/v2\/media\/111169"}],"wp:attachment":[{"href":"https:\/\/www.liphatech.fr\/boutique\/wp-json\/wp\/v2\/media?parent=113822"}],"wp:term":[{"taxonomy":"product_brand","embeddable":true,"href":"https:\/\/www.liphatech.fr\/boutique\/wp-json\/wp\/v2\/product_brand?post=113822"},{"taxonomy":"product_cat","embeddable":true,"href":"https:\/\/www.liphatech.fr\/boutique\/wp-json\/wp\/v2\/product_cat?post=113822"},{"taxonomy":"product_tag","embeddable":true,"href":"https:\/\/www.liphatech.fr\/boutique\/wp-json\/wp\/v2\/product_tag?post=113822"}],"curies":[{"name":"wp","href":"https:\/\/api.w.org\/{rel}","templated":true}]}}