{"id":114743,"date":"2024-12-05T16:01:28","date_gmt":"2024-12-05T15:01:28","guid":{"rendered":"https:\/\/www.liphatech.fr\/boutique\/?post_type=product&#038;p=114743"},"modified":"2026-03-31T14:25:17","modified_gmt":"2026-03-31T12:25:17","slug":"soltecv3300_9-36v","status":"publish","type":"product","link":"https:\/\/www.liphatech.fr\/boutique\/produit\/soltecv3300_9-36v\/","title":{"rendered":"SOLTEC\u00aeV3300_9 \/ 36V"},"content":{"rendered":"<p><u> SOLTEC\u00ae V3300_9 \/ 36V : 1 EMETTEUR<\/u><\/p>\n<ul>\n<li>Dimensions Carton : 15 x 14,5 x 12 cm \u2013 Poids Brut CDT\u00a0: 0,625 kg<\/li>\n<li>Palette de\u00a0: NC \u2013 Dimensions Pal\u00a0: 120 x 80 x 118 \u2013 Poids Pal Brut : NC<\/li>\n<\/ul>\n","protected":false},"excerpt":{"rendered":"<p>Appareils anti-rongeurs \u00e0 sons et ultrasons, branchement sur batterie 36V. Puissant \u00e9metteur avec spectre large de sons et d&rsquo;ultrasons.<br \/>\nIl indispose les rongeurs et emp\u00eache la nidification dans les zones prot\u00e9g\u00e9es.<\/p>\n<p><strong>CE QUI FAIT LA DIFFERENCE<\/strong> :<\/p>\n<ul>\n<li>Couverture optimale avec un balayage de fr\u00e9quences \u00e0 360\u00b0<\/li>\n<li>Aucune g\u00eane du personnel durant 1 heure gr\u00e2ce au bouton-pressoir<\/li>\n<li><strong>SOLTEC\u00ae V3300_9 \/ 36V <\/strong>\u00a0par bouton poussoir int\u00e9gr\u00e9 (1 c\u00e2ble x 2,95m)<\/li>\n<\/ul>\n<p>&nbsp;<\/p>\n<div id=\"picto-produit\"><img decoding=\"async\" src=\"https:\/\/www.liphatech.fr\/boutique\/\/\/wp-content\/uploads\/2024\/08\/logo-je-traite.png\" alt=\"\" \/><br \/>\n<img decoding=\"async\" src=\"https:\/\/www.liphatech.fr\/boutique\/\/\/wp-content\/uploads\/2024\/08\/icone-rats-souris.png\" alt=\"\" \/><\/div>\n","protected":false},"featured_media":114747,"comment_status":"open","ping_status":"closed","template":"","meta":{"_acf_changed":false,"_et_pb_use_builder":"","_et_pb_old_content":"","_et_gb_content_width":""},"product_brand":[],"product_cat":[132,117,164,142],"product_tag":[],"class_list":{"0":"post-114743","1":"product","2":"type-product","3":"status-publish","4":"has-post-thumbnail","6":"product_cat-anti-intrusion","7":"product_cat-bernatom","8":"product_cat-je-traite-preventif","9":"product_cat-rats-souris","11":"first","12":"instock","13":"taxable","14":"shipping-taxable","15":"purchasable","16":"product-type-simple"},"acf":[],"yoast_head":"<!-- This site is optimized with the Yoast SEO plugin v26.5 - https:\/\/yoast.com\/wordpress\/plugins\/seo\/ -->\n<title>SOLTEC\u00aeV3300_9 \/ 36V - La Boutique LIPHATECH<\/title>\n<meta name=\"robots\" content=\"index, follow, max-snippet:-1, max-image-preview:large, max-video-preview:-1\" \/>\n<link rel=\"canonical\" href=\"https:\/\/www.liphatech.fr\/boutique\/produit\/soltecv3300_9-36v\/\" \/>\n<meta property=\"og:locale\" content=\"fr_FR\" \/>\n<meta property=\"og:type\" content=\"article\" \/>\n<meta property=\"og:title\" content=\"SOLTEC\u00aeV3300_9 \/ 36V - La Boutique LIPHATECH\" \/>\n<meta property=\"og:description\" content=\"Appareils anti-rongeurs \u00e0 sons et ultrasons, branchement sur batterie 36V. Puissant \u00e9metteur avec spectre large de sons et d&#039;ultrasons. Il indispose les rongeurs et emp\u00eache la nidification dans les zones prot\u00e9g\u00e9es.  CE QUI FAIT LA DIFFERENCE :   Couverture optimale avec un balayage de fr\u00e9quences \u00e0 360\u00b0  Aucune g\u00eane du personnel durant 1 heure gr\u00e2ce au bouton-pressoir  SOLTEC\u00ae V3300_9 \/ 36V \u00a0par bouton poussoir int\u00e9gr\u00e9 (1 c\u00e2ble x 2,95m)  &nbsp;\" \/>\n<meta property=\"og:url\" content=\"https:\/\/www.liphatech.fr\/boutique\/produit\/soltecv3300_9-36v\/\" \/>\n<meta property=\"og:site_name\" content=\"La Boutique LIPHATECH\" \/>\n<meta property=\"article:modified_time\" content=\"2026-03-31T12:25:17+00:00\" \/>\n<meta property=\"og:image\" content=\"https:\/\/www.liphatech.fr\/boutique\/wp-content\/uploads\/2025\/09\/Soltec_3300_9_36V-Medium.jpg\" \/>\n\t<meta property=\"og:image:width\" content=\"1149\" \/>\n\t<meta property=\"og:image:height\" content=\"768\" \/>\n\t<meta property=\"og:image:type\" content=\"image\/jpeg\" \/>\n<meta name=\"twitter:card\" content=\"summary_large_image\" \/>\n<meta name=\"twitter:label1\" content=\"Dur\u00e9e de lecture estim\u00e9e\" \/>\n\t<meta name=\"twitter:data1\" content=\"1 minute\" \/>\n<script type=\"application\/ld+json\" class=\"yoast-schema-graph\">{\"@context\":\"https:\/\/schema.org\",\"@graph\":[{\"@type\":\"WebPage\",\"@id\":\"https:\/\/www.liphatech.fr\/boutique\/produit\/soltecv3300_9-36v\/\",\"url\":\"https:\/\/www.liphatech.fr\/boutique\/produit\/soltecv3300_9-36v\/\",\"name\":\"SOLTEC\u00aeV3300_9 \/ 36V - La Boutique LIPHATECH\",\"isPartOf\":{\"@id\":\"https:\/\/www.liphatech.fr\/boutique\/#website\"},\"primaryImageOfPage\":{\"@id\":\"https:\/\/www.liphatech.fr\/boutique\/produit\/soltecv3300_9-36v\/#primaryimage\"},\"image\":{\"@id\":\"https:\/\/www.liphatech.fr\/boutique\/produit\/soltecv3300_9-36v\/#primaryimage\"},\"thumbnailUrl\":\"https:\/\/www.liphatech.fr\/boutique\/wp-content\/uploads\/2025\/09\/Soltec_3300_9_36V-Medium.jpg\",\"datePublished\":\"2024-12-05T15:01:28+00:00\",\"dateModified\":\"2026-03-31T12:25:17+00:00\",\"breadcrumb\":{\"@id\":\"https:\/\/www.liphatech.fr\/boutique\/produit\/soltecv3300_9-36v\/#breadcrumb\"},\"inLanguage\":\"fr-FR\",\"potentialAction\":[{\"@type\":\"ReadAction\",\"target\":[\"https:\/\/www.liphatech.fr\/boutique\/produit\/soltecv3300_9-36v\/\"]}]},{\"@type\":\"ImageObject\",\"inLanguage\":\"fr-FR\",\"@id\":\"https:\/\/www.liphatech.fr\/boutique\/produit\/soltecv3300_9-36v\/#primaryimage\",\"url\":\"https:\/\/www.liphatech.fr\/boutique\/wp-content\/uploads\/2025\/09\/Soltec_3300_9_36V-Medium.jpg\",\"contentUrl\":\"https:\/\/www.liphatech.fr\/boutique\/wp-content\/uploads\/2025\/09\/Soltec_3300_9_36V-Medium.jpg\",\"width\":1149,\"height\":768},{\"@type\":\"BreadcrumbList\",\"@id\":\"https:\/\/www.liphatech.fr\/boutique\/produit\/soltecv3300_9-36v\/#breadcrumb\",\"itemListElement\":[{\"@type\":\"ListItem\",\"position\":1,\"name\":\"Accueil\",\"item\":\"https:\/\/www.liphatech.fr\/boutique\/\"},{\"@type\":\"ListItem\",\"position\":2,\"name\":\"Boutique\",\"item\":\"https:\/\/www.liphatech.fr\/boutique\/boutique\/\"},{\"@type\":\"ListItem\",\"position\":3,\"name\":\"SOLTEC\u00aeV3300_9 \/ 36V\"}]},{\"@type\":\"WebSite\",\"@id\":\"https:\/\/www.liphatech.fr\/boutique\/#website\",\"url\":\"https:\/\/www.liphatech.fr\/boutique\/\",\"name\":\"La Boutique LIPHATECH\",\"description\":\"\",\"potentialAction\":[{\"@type\":\"SearchAction\",\"target\":{\"@type\":\"EntryPoint\",\"urlTemplate\":\"https:\/\/www.liphatech.fr\/boutique\/?s={search_term_string}\"},\"query-input\":{\"@type\":\"PropertyValueSpecification\",\"valueRequired\":true,\"valueName\":\"search_term_string\"}}],\"inLanguage\":\"fr-FR\"}]}<\/script>\n<!-- \/ Yoast SEO plugin. -->","yoast_head_json":{"title":"SOLTEC\u00aeV3300_9 \/ 36V - La Boutique LIPHATECH","robots":{"index":"index","follow":"follow","max-snippet":"max-snippet:-1","max-image-preview":"max-image-preview:large","max-video-preview":"max-video-preview:-1"},"canonical":"https:\/\/www.liphatech.fr\/boutique\/produit\/soltecv3300_9-36v\/","og_locale":"fr_FR","og_type":"article","og_title":"SOLTEC\u00aeV3300_9 \/ 36V - La Boutique LIPHATECH","og_description":"Appareils anti-rongeurs \u00e0 sons et ultrasons, branchement sur batterie 36V. Puissant \u00e9metteur avec spectre large de sons et d'ultrasons. Il indispose les rongeurs et emp\u00eache la nidification dans les zones prot\u00e9g\u00e9es.  CE QUI FAIT LA DIFFERENCE :   Couverture optimale avec un balayage de fr\u00e9quences \u00e0 360\u00b0  Aucune g\u00eane du personnel durant 1 heure gr\u00e2ce au bouton-pressoir  SOLTEC\u00ae V3300_9 \/ 36V \u00a0par bouton poussoir int\u00e9gr\u00e9 (1 c\u00e2ble x 2,95m)  &nbsp;","og_url":"https:\/\/www.liphatech.fr\/boutique\/produit\/soltecv3300_9-36v\/","og_site_name":"La Boutique LIPHATECH","article_modified_time":"2026-03-31T12:25:17+00:00","og_image":[{"width":1149,"height":768,"url":"https:\/\/www.liphatech.fr\/boutique\/wp-content\/uploads\/2025\/09\/Soltec_3300_9_36V-Medium.jpg","type":"image\/jpeg"}],"twitter_card":"summary_large_image","twitter_misc":{"Dur\u00e9e de lecture estim\u00e9e":"1 minute"},"schema":{"@context":"https:\/\/schema.org","@graph":[{"@type":"WebPage","@id":"https:\/\/www.liphatech.fr\/boutique\/produit\/soltecv3300_9-36v\/","url":"https:\/\/www.liphatech.fr\/boutique\/produit\/soltecv3300_9-36v\/","name":"SOLTEC\u00aeV3300_9 \/ 36V - La Boutique LIPHATECH","isPartOf":{"@id":"https:\/\/www.liphatech.fr\/boutique\/#website"},"primaryImageOfPage":{"@id":"https:\/\/www.liphatech.fr\/boutique\/produit\/soltecv3300_9-36v\/#primaryimage"},"image":{"@id":"https:\/\/www.liphatech.fr\/boutique\/produit\/soltecv3300_9-36v\/#primaryimage"},"thumbnailUrl":"https:\/\/www.liphatech.fr\/boutique\/wp-content\/uploads\/2025\/09\/Soltec_3300_9_36V-Medium.jpg","datePublished":"2024-12-05T15:01:28+00:00","dateModified":"2026-03-31T12:25:17+00:00","breadcrumb":{"@id":"https:\/\/www.liphatech.fr\/boutique\/produit\/soltecv3300_9-36v\/#breadcrumb"},"inLanguage":"fr-FR","potentialAction":[{"@type":"ReadAction","target":["https:\/\/www.liphatech.fr\/boutique\/produit\/soltecv3300_9-36v\/"]}]},{"@type":"ImageObject","inLanguage":"fr-FR","@id":"https:\/\/www.liphatech.fr\/boutique\/produit\/soltecv3300_9-36v\/#primaryimage","url":"https:\/\/www.liphatech.fr\/boutique\/wp-content\/uploads\/2025\/09\/Soltec_3300_9_36V-Medium.jpg","contentUrl":"https:\/\/www.liphatech.fr\/boutique\/wp-content\/uploads\/2025\/09\/Soltec_3300_9_36V-Medium.jpg","width":1149,"height":768},{"@type":"BreadcrumbList","@id":"https:\/\/www.liphatech.fr\/boutique\/produit\/soltecv3300_9-36v\/#breadcrumb","itemListElement":[{"@type":"ListItem","position":1,"name":"Accueil","item":"https:\/\/www.liphatech.fr\/boutique\/"},{"@type":"ListItem","position":2,"name":"Boutique","item":"https:\/\/www.liphatech.fr\/boutique\/boutique\/"},{"@type":"ListItem","position":3,"name":"SOLTEC\u00aeV3300_9 \/ 36V"}]},{"@type":"WebSite","@id":"https:\/\/www.liphatech.fr\/boutique\/#website","url":"https:\/\/www.liphatech.fr\/boutique\/","name":"La Boutique LIPHATECH","description":"","potentialAction":[{"@type":"SearchAction","target":{"@type":"EntryPoint","urlTemplate":"https:\/\/www.liphatech.fr\/boutique\/?s={search_term_string}"},"query-input":{"@type":"PropertyValueSpecification","valueRequired":true,"valueName":"search_term_string"}}],"inLanguage":"fr-FR"}]}},"_links":{"self":[{"href":"https:\/\/www.liphatech.fr\/boutique\/wp-json\/wp\/v2\/product\/114743","targetHints":{"allow":["GET"]}}],"collection":[{"href":"https:\/\/www.liphatech.fr\/boutique\/wp-json\/wp\/v2\/product"}],"about":[{"href":"https:\/\/www.liphatech.fr\/boutique\/wp-json\/wp\/v2\/types\/product"}],"replies":[{"embeddable":true,"href":"https:\/\/www.liphatech.fr\/boutique\/wp-json\/wp\/v2\/comments?post=114743"}],"wp:featuredmedia":[{"embeddable":true,"href":"https:\/\/www.liphatech.fr\/boutique\/wp-json\/wp\/v2\/media\/114747"}],"wp:attachment":[{"href":"https:\/\/www.liphatech.fr\/boutique\/wp-json\/wp\/v2\/media?parent=114743"}],"wp:term":[{"taxonomy":"product_brand","embeddable":true,"href":"https:\/\/www.liphatech.fr\/boutique\/wp-json\/wp\/v2\/product_brand?post=114743"},{"taxonomy":"product_cat","embeddable":true,"href":"https:\/\/www.liphatech.fr\/boutique\/wp-json\/wp\/v2\/product_cat?post=114743"},{"taxonomy":"product_tag","embeddable":true,"href":"https:\/\/www.liphatech.fr\/boutique\/wp-json\/wp\/v2\/product_tag?post=114743"}],"curies":[{"name":"wp","href":"https:\/\/api.w.org\/{rel}","templated":true}]}}