{"id":114922,"date":"2025-11-01T08:00:39","date_gmt":"2025-11-01T07:00:39","guid":{"rendered":"https:\/\/www.liphatech.fr\/boutique\/?post_type=product&#038;p=114922"},"modified":"2025-11-12T18:07:16","modified_gmt":"2025-11-12T17:07:16","slug":"aurotrap-nature","status":"publish","type":"product","link":"https:\/\/www.liphatech.fr\/boutique\/produit\/aurotrap-nature\/","title":{"rendered":"AUROTRAP\u00ae NATURE"},"content":{"rendered":"<p><u>CARTON DU PIEGE :<br \/>\n<\/u><\/p>\n<ul>\n<li>Dimensions : 35 x 24 x 17,3 cm \u2013 Poids Brut CDT : 2.450 kg<\/li>\n<\/ul>\n","protected":false},"excerpt":{"rendered":"<p>Un pi\u00e8ge multicapture rats et souris, innovant, autonome et sans souffrance animale.<\/p>\n<p><img loading=\"lazy\" decoding=\"async\" class=\"alignleft\" src=\"https:\/\/www.liphatech.fr\/boutique\/\/\/wp-content\/uploads\/2024\/09\/picto-youtube.png\" alt=\"\" width=\"34\" height=\"33\" \/><a class=\"cta_process\" href=\"https:\/\/youtu.be\/UR5UP-Kx2H4?si=jQNbPYQce3Lk8hkr\" target=\"_blank\" rel=\"noopener\">Voir la pr\u00e9sentation du produit<\/a><\/p>\n<ul>\n<li>Le pi\u00e8ge est facile et rapide \u00e0 installer pour une utilisation en ext\u00e9rieur<\/li>\n<li>Elimination m\u00e9canique, d\u00e9clenchement du piston activ\u00e9 par cartouche CO2<\/li>\n<li>Sans souffrance animale &#8211; Certifi\u00e9 Animal Welfare<\/li>\n<\/ul>\n<p>Pi\u00e8ge connect\u00e9 \u00e0 une application mobile via la plateforme AUROCON : alertes en temps r\u00e9el et programmation des heures d&rsquo;activit\u00e9<\/p>\n<div id=\"row-process\">\n<p><img decoding=\"async\" src=\"https:\/\/www.liphatech.fr\/boutique\/\/\/wp-content\/uploads\/2024\/08\/picto-produit-connecte.png\" alt=\"\" \/><\/p>\n<p><img loading=\"lazy\" decoding=\"async\" class=\"alignnone wp-image-114929\" src=\"https:\/\/www.liphatech.fr\/boutique\/wp-content\/uploads\/2025\/10\/PICTO-RECYCLE_80-POSTE-300x243.jpg\" alt=\"\" width=\"157\" height=\"127\" srcset=\"https:\/\/www.liphatech.fr\/boutique\/wp-content\/uploads\/2025\/10\/PICTO-RECYCLE_80-POSTE-300x243.jpg 300w, https:\/\/www.liphatech.fr\/boutique\/wp-content\/uploads\/2025\/10\/PICTO-RECYCLE_80-POSTE.jpg 413w\" sizes=\"(max-width: 157px) 100vw, 157px\" \/><\/p>\n<\/div>\n","protected":false},"featured_media":114938,"comment_status":"open","ping_status":"closed","template":"","meta":{"_acf_changed":false,"_et_pb_use_builder":"","_et_pb_old_content":"","_et_gb_content_width":""},"product_brand":[],"product_cat":[189,166,165,114,134,142],"product_tag":[],"class_list":{"0":"post-114922","1":"product","2":"type-product","3":"status-publish","4":"has-post-thumbnail","6":"product_cat-aurotrap","7":"product_cat-je-surveille","8":"product_cat-je-traite-curatif","9":"product_cat-marques","10":"product_cat-pieges-connectes","11":"product_cat-rats-souris","13":"first","14":"instock","15":"taxable","16":"shipping-taxable","17":"purchasable","18":"product-type-simple"},"acf":[],"yoast_head":"<!-- This site is optimized with the Yoast SEO plugin v26.5 - https:\/\/yoast.com\/wordpress\/plugins\/seo\/ -->\n<title>AUROTRAP\u00ae NATURE - La Boutique LIPHATECH<\/title>\n<meta name=\"robots\" content=\"index, follow, max-snippet:-1, max-image-preview:large, max-video-preview:-1\" \/>\n<link rel=\"canonical\" href=\"https:\/\/www.liphatech.fr\/boutique\/produit\/aurotrap-nature\/\" \/>\n<meta property=\"og:locale\" content=\"fr_FR\" \/>\n<meta property=\"og:type\" content=\"article\" \/>\n<meta property=\"og:title\" content=\"AUROTRAP\u00ae NATURE - La Boutique LIPHATECH\" \/>\n<meta property=\"og:description\" content=\"Un pi\u00e8ge multicapture rats et souris, innovant, autonome et sans souffrance animale.  Voir la pr\u00e9sentation du produit   Le pi\u00e8ge est facile et rapide \u00e0 installer pour une utilisation en ext\u00e9rieur  Elimination m\u00e9canique, d\u00e9clenchement du piston activ\u00e9 par cartouche CO2  Sans souffrance animale - Certifi\u00e9 Animal Welfare  Pi\u00e8ge connect\u00e9 \u00e0 une application mobile via la plateforme AUROCON : alertes en temps r\u00e9el et programmation des heures d&#039;activit\u00e9\" \/>\n<meta property=\"og:url\" content=\"https:\/\/www.liphatech.fr\/boutique\/produit\/aurotrap-nature\/\" \/>\n<meta property=\"og:site_name\" content=\"La Boutique LIPHATECH\" \/>\n<meta property=\"article:modified_time\" content=\"2025-11-12T17:07:16+00:00\" \/>\n<meta property=\"og:image\" content=\"https:\/\/www.liphatech.fr\/boutique\/wp-content\/uploads\/2025\/11\/AUROTRAP-NATURE-boutique.jpg\" \/>\n\t<meta property=\"og:image:width\" content=\"500\" \/>\n\t<meta property=\"og:image:height\" content=\"500\" \/>\n\t<meta property=\"og:image:type\" content=\"image\/jpeg\" \/>\n<meta name=\"twitter:card\" content=\"summary_large_image\" \/>\n<meta name=\"twitter:label1\" content=\"Dur\u00e9e de lecture estim\u00e9e\" \/>\n\t<meta name=\"twitter:data1\" content=\"1 minute\" \/>\n<script type=\"application\/ld+json\" class=\"yoast-schema-graph\">{\"@context\":\"https:\/\/schema.org\",\"@graph\":[{\"@type\":\"WebPage\",\"@id\":\"https:\/\/www.liphatech.fr\/boutique\/produit\/aurotrap-nature\/\",\"url\":\"https:\/\/www.liphatech.fr\/boutique\/produit\/aurotrap-nature\/\",\"name\":\"AUROTRAP\u00ae NATURE - La Boutique LIPHATECH\",\"isPartOf\":{\"@id\":\"https:\/\/www.liphatech.fr\/boutique\/#website\"},\"primaryImageOfPage\":{\"@id\":\"https:\/\/www.liphatech.fr\/boutique\/produit\/aurotrap-nature\/#primaryimage\"},\"image\":{\"@id\":\"https:\/\/www.liphatech.fr\/boutique\/produit\/aurotrap-nature\/#primaryimage\"},\"thumbnailUrl\":\"https:\/\/www.liphatech.fr\/boutique\/wp-content\/uploads\/2025\/11\/AUROTRAP-NATURE-boutique.jpg\",\"datePublished\":\"2025-11-01T07:00:39+00:00\",\"dateModified\":\"2025-11-12T17:07:16+00:00\",\"breadcrumb\":{\"@id\":\"https:\/\/www.liphatech.fr\/boutique\/produit\/aurotrap-nature\/#breadcrumb\"},\"inLanguage\":\"fr-FR\",\"potentialAction\":[{\"@type\":\"ReadAction\",\"target\":[\"https:\/\/www.liphatech.fr\/boutique\/produit\/aurotrap-nature\/\"]}]},{\"@type\":\"ImageObject\",\"inLanguage\":\"fr-FR\",\"@id\":\"https:\/\/www.liphatech.fr\/boutique\/produit\/aurotrap-nature\/#primaryimage\",\"url\":\"https:\/\/www.liphatech.fr\/boutique\/wp-content\/uploads\/2025\/11\/AUROTRAP-NATURE-boutique.jpg\",\"contentUrl\":\"https:\/\/www.liphatech.fr\/boutique\/wp-content\/uploads\/2025\/11\/AUROTRAP-NATURE-boutique.jpg\",\"width\":500,\"height\":500},{\"@type\":\"BreadcrumbList\",\"@id\":\"https:\/\/www.liphatech.fr\/boutique\/produit\/aurotrap-nature\/#breadcrumb\",\"itemListElement\":[{\"@type\":\"ListItem\",\"position\":1,\"name\":\"Accueil\",\"item\":\"https:\/\/www.liphatech.fr\/boutique\/\"},{\"@type\":\"ListItem\",\"position\":2,\"name\":\"Boutique\",\"item\":\"https:\/\/www.liphatech.fr\/boutique\/boutique\/\"},{\"@type\":\"ListItem\",\"position\":3,\"name\":\"AUROTRAP\u00ae NATURE\"}]},{\"@type\":\"WebSite\",\"@id\":\"https:\/\/www.liphatech.fr\/boutique\/#website\",\"url\":\"https:\/\/www.liphatech.fr\/boutique\/\",\"name\":\"La Boutique LIPHATECH\",\"description\":\"\",\"potentialAction\":[{\"@type\":\"SearchAction\",\"target\":{\"@type\":\"EntryPoint\",\"urlTemplate\":\"https:\/\/www.liphatech.fr\/boutique\/?s={search_term_string}\"},\"query-input\":{\"@type\":\"PropertyValueSpecification\",\"valueRequired\":true,\"valueName\":\"search_term_string\"}}],\"inLanguage\":\"fr-FR\"}]}<\/script>\n<!-- \/ Yoast SEO plugin. -->","yoast_head_json":{"title":"AUROTRAP\u00ae NATURE - La Boutique LIPHATECH","robots":{"index":"index","follow":"follow","max-snippet":"max-snippet:-1","max-image-preview":"max-image-preview:large","max-video-preview":"max-video-preview:-1"},"canonical":"https:\/\/www.liphatech.fr\/boutique\/produit\/aurotrap-nature\/","og_locale":"fr_FR","og_type":"article","og_title":"AUROTRAP\u00ae NATURE - La Boutique LIPHATECH","og_description":"Un pi\u00e8ge multicapture rats et souris, innovant, autonome et sans souffrance animale.  Voir la pr\u00e9sentation du produit   Le pi\u00e8ge est facile et rapide \u00e0 installer pour une utilisation en ext\u00e9rieur  Elimination m\u00e9canique, d\u00e9clenchement du piston activ\u00e9 par cartouche CO2  Sans souffrance animale - Certifi\u00e9 Animal Welfare  Pi\u00e8ge connect\u00e9 \u00e0 une application mobile via la plateforme AUROCON : alertes en temps r\u00e9el et programmation des heures d'activit\u00e9","og_url":"https:\/\/www.liphatech.fr\/boutique\/produit\/aurotrap-nature\/","og_site_name":"La Boutique LIPHATECH","article_modified_time":"2025-11-12T17:07:16+00:00","og_image":[{"width":500,"height":500,"url":"https:\/\/www.liphatech.fr\/boutique\/wp-content\/uploads\/2025\/11\/AUROTRAP-NATURE-boutique.jpg","type":"image\/jpeg"}],"twitter_card":"summary_large_image","twitter_misc":{"Dur\u00e9e de lecture estim\u00e9e":"1 minute"},"schema":{"@context":"https:\/\/schema.org","@graph":[{"@type":"WebPage","@id":"https:\/\/www.liphatech.fr\/boutique\/produit\/aurotrap-nature\/","url":"https:\/\/www.liphatech.fr\/boutique\/produit\/aurotrap-nature\/","name":"AUROTRAP\u00ae NATURE - La Boutique LIPHATECH","isPartOf":{"@id":"https:\/\/www.liphatech.fr\/boutique\/#website"},"primaryImageOfPage":{"@id":"https:\/\/www.liphatech.fr\/boutique\/produit\/aurotrap-nature\/#primaryimage"},"image":{"@id":"https:\/\/www.liphatech.fr\/boutique\/produit\/aurotrap-nature\/#primaryimage"},"thumbnailUrl":"https:\/\/www.liphatech.fr\/boutique\/wp-content\/uploads\/2025\/11\/AUROTRAP-NATURE-boutique.jpg","datePublished":"2025-11-01T07:00:39+00:00","dateModified":"2025-11-12T17:07:16+00:00","breadcrumb":{"@id":"https:\/\/www.liphatech.fr\/boutique\/produit\/aurotrap-nature\/#breadcrumb"},"inLanguage":"fr-FR","potentialAction":[{"@type":"ReadAction","target":["https:\/\/www.liphatech.fr\/boutique\/produit\/aurotrap-nature\/"]}]},{"@type":"ImageObject","inLanguage":"fr-FR","@id":"https:\/\/www.liphatech.fr\/boutique\/produit\/aurotrap-nature\/#primaryimage","url":"https:\/\/www.liphatech.fr\/boutique\/wp-content\/uploads\/2025\/11\/AUROTRAP-NATURE-boutique.jpg","contentUrl":"https:\/\/www.liphatech.fr\/boutique\/wp-content\/uploads\/2025\/11\/AUROTRAP-NATURE-boutique.jpg","width":500,"height":500},{"@type":"BreadcrumbList","@id":"https:\/\/www.liphatech.fr\/boutique\/produit\/aurotrap-nature\/#breadcrumb","itemListElement":[{"@type":"ListItem","position":1,"name":"Accueil","item":"https:\/\/www.liphatech.fr\/boutique\/"},{"@type":"ListItem","position":2,"name":"Boutique","item":"https:\/\/www.liphatech.fr\/boutique\/boutique\/"},{"@type":"ListItem","position":3,"name":"AUROTRAP\u00ae NATURE"}]},{"@type":"WebSite","@id":"https:\/\/www.liphatech.fr\/boutique\/#website","url":"https:\/\/www.liphatech.fr\/boutique\/","name":"La Boutique LIPHATECH","description":"","potentialAction":[{"@type":"SearchAction","target":{"@type":"EntryPoint","urlTemplate":"https:\/\/www.liphatech.fr\/boutique\/?s={search_term_string}"},"query-input":{"@type":"PropertyValueSpecification","valueRequired":true,"valueName":"search_term_string"}}],"inLanguage":"fr-FR"}]}},"_links":{"self":[{"href":"https:\/\/www.liphatech.fr\/boutique\/wp-json\/wp\/v2\/product\/114922","targetHints":{"allow":["GET"]}}],"collection":[{"href":"https:\/\/www.liphatech.fr\/boutique\/wp-json\/wp\/v2\/product"}],"about":[{"href":"https:\/\/www.liphatech.fr\/boutique\/wp-json\/wp\/v2\/types\/product"}],"replies":[{"embeddable":true,"href":"https:\/\/www.liphatech.fr\/boutique\/wp-json\/wp\/v2\/comments?post=114922"}],"wp:featuredmedia":[{"embeddable":true,"href":"https:\/\/www.liphatech.fr\/boutique\/wp-json\/wp\/v2\/media\/114938"}],"wp:attachment":[{"href":"https:\/\/www.liphatech.fr\/boutique\/wp-json\/wp\/v2\/media?parent=114922"}],"wp:term":[{"taxonomy":"product_brand","embeddable":true,"href":"https:\/\/www.liphatech.fr\/boutique\/wp-json\/wp\/v2\/product_brand?post=114922"},{"taxonomy":"product_cat","embeddable":true,"href":"https:\/\/www.liphatech.fr\/boutique\/wp-json\/wp\/v2\/product_cat?post=114922"},{"taxonomy":"product_tag","embeddable":true,"href":"https:\/\/www.liphatech.fr\/boutique\/wp-json\/wp\/v2\/product_tag?post=114922"}],"curies":[{"name":"wp","href":"https:\/\/api.w.org\/{rel}","templated":true}]}}